{"id":2825,"date":"2019-04-23T20:14:32","date_gmt":"2019-04-23T20:14:32","guid":{"rendered":"http:\/\/apacame.org.br\/site\/?page_id=2825"},"modified":"2019-04-23T20:15:48","modified_gmt":"2019-04-23T20:15:48","slug":"artigo","status":"publish","type":"page","link":"https:\/\/apacame.org.br\/site\/revista\/mensagem-doce-n-150-marco-de-2019\/artigo\/","title":{"rendered":"Artigo"},"content":{"rendered":"<h1 style=\"text-align: center;\">MENSAGEM DOCE &#8211; O Informativo da APACAME &#8211; Sua Hist\u00f3ria<\/h1>\n<blockquote><p>Mario Isao Otsuka \u2013 Diretor Respons\u00e1vel<\/p><\/blockquote>\n<p><span style=\"font-size: large;\">A APACAME, Associa\u00e7\u00e3o Paulista de Criadores de Abelhas Melificas Europeias, foi fundada em 1979. Seu primeiro Presidente Executivo foi o Dr. Maur\u00edcio Bueno de Miranda.<a href=\"https:\/\/apacame.org.br\/site\/wp-content\/uploads\/2019\/04\/Quadro-1.jpg\"><img fetchpriority=\"high\" decoding=\"async\" class=\"alignright size-large wp-image-2826\" src=\"https:\/\/apacame.org.br\/site\/wp-content\/uploads\/2019\/04\/Quadro-1-441x1024.jpg\" alt=\"Quadro-1\" width=\"441\" height=\"1024\" srcset=\"https:\/\/apacame.org.br\/site\/wp-content\/uploads\/2019\/04\/Quadro-1-441x1024.jpg 441w, https:\/\/apacame.org.br\/site\/wp-content\/uploads\/2019\/04\/Quadro-1-129x300.jpg 129w, https:\/\/apacame.org.br\/site\/wp-content\/uploads\/2019\/04\/Quadro-1-150x348.jpg 150w, https:\/\/apacame.org.br\/site\/wp-content\/uploads\/2019\/04\/Quadro-1-215x500.jpg 215w, https:\/\/apacame.org.br\/site\/wp-content\/uploads\/2019\/04\/Quadro-1.jpg 623w\" sizes=\"(max-width: 441px) 100vw, 441px\" \/><\/a><\/span><\/p>\n<p><span style=\"font-size: large;\">Em agosto de 1981, quando circulou entre os associados o Boletim n\u00ba 1, o Presidente Executivo j\u00e1 era o Dr. Constantino Zara Filho. Aquele Boletim noticiava as atividades desenvolvidas pela APACAME, numa \u00e9poca de soerguimento da Apicultura Brasileira, depois da introdu\u00e7\u00e3o das abelhas africanas no Brasil, o que resultou no fim da apicultura de abelhas mansas. <\/span><\/p>\n<p><span style=\"font-size: large;\">A partir do Boletim n\u00ba 2, de novembro de 1981, o Boletim Informativo da APACAME passou a designar-se Mensagem Doce.<\/span><\/p>\n<p><span style=\"font-size: large;\">O Boletim foi idealizado pelo Diretor de Comunica\u00e7\u00f5es, o associado Antonio Cl\u00e1udio Nunes de Azevedo, e aprovado por toda a Diretoria, e circulou entre os associados sob a dire\u00e7\u00e3o daquele Diretor at\u00e9 o n 14, de fevereiro de 1987.<\/span><\/p>\n<p><span style=\"font-size: large;\">N\u00f3s que redigimos a Hist\u00f3ria da Mensagem Doce, viemos \u00e0 Diretoria da APACAME, eleito Diretor Jur\u00eddico nas elei\u00e7\u00f5es realizadas em dezembro de 1983, com mandato para o bi\u00eanio 1984\/1985, e desde ent\u00e3o fomos sempre reeleitos no mesmo cargo at\u00e9 a \u00faltima elei\u00e7\u00e3o. O Dr. Constantino tamb\u00e9m veio ocupando o cargo de Presidente Executivo, sempre reeleito, desde o seu primeiro mandato at\u00e9 o seu \u00faltimo, quando ocorreu o seu passamento para o plano espiritual em setembro de 2018.<\/span><\/p>\n<p><span style=\"font-size: large;\">Quando o Diretor de Comunica\u00e7\u00f5es Nunes de Azevedo viu se impossibilitado de continuar com o encargo de preparar e publicar o Mensagem Doce, o Dr. Constantino pediu-nos para que ocup\u00e1ssemos daquele encargo, o que acabamos aceitando embora com muita relut\u00e2ncia.<\/span><\/p>\n<p><span style=\"font-size: large;\">Os Boletins, at\u00e9 o seu n\u00ba 14, de fevereiro de 1987, foram impressos gratuitamente por uma ind\u00fastria gr\u00e1fica, em virtude das rela\u00e7\u00f5es profissionais mantidas pelo anterior Diretor de Comunica\u00e7\u00f5es com aquela empresa.<\/span><\/p>\n<p><span style=\"font-size: large;\">Assim, a partir do Mensagem Doce, ano 5, n\u00ba 15, maio de 1987, agora como respons\u00e1vel pela edi\u00e7\u00e3o passamos a solicitar aos associados o envio de mat\u00e9rias, assim como redigimos, n\u00f3s e o Constantino, o que fossem de interesse dos associados.<\/span><\/p>\n<p><span style=\"font-size: large;\">Quando j\u00e1 t\u00ednhamos mat\u00e9rias suficientes, pass\u00e1vamos \u00e0s m\u00e3os do Constantino que as providenciava a publica\u00e7\u00e3o. Para isso ele pr\u00f3prio datilografava as mat\u00e9rias, pois a era dos computadores ainda estava muito longe de todos n\u00f3s, os pobres mortais deste pa\u00eds. As mat\u00e9rias datilografadas ou eram impressas em gr\u00e1ficas, ou sen\u00e3o ele pr\u00f3prio as imprimia via mimeografia. E quantos que est\u00e3o agora a ler j\u00e1 ter\u00e3o ouvido o que era um mime\u00f3grafo?<\/span><\/p>\n<p><span style=\"font-size: large;\"><a href=\"https:\/\/apacame.org.br\/site\/wp-content\/uploads\/2019\/04\/Quadro-2.jpg\"><img decoding=\"async\" class=\"alignleft size-full wp-image-2827\" src=\"https:\/\/apacame.org.br\/site\/wp-content\/uploads\/2019\/04\/Quadro-2.jpg\" alt=\"Quadro-2\" width=\"342\" height=\"436\" srcset=\"https:\/\/apacame.org.br\/site\/wp-content\/uploads\/2019\/04\/Quadro-2.jpg 342w, https:\/\/apacame.org.br\/site\/wp-content\/uploads\/2019\/04\/Quadro-2-235x300.jpg 235w, https:\/\/apacame.org.br\/site\/wp-content\/uploads\/2019\/04\/Quadro-2-150x191.jpg 150w\" sizes=\"(max-width: 342px) 100vw, 342px\" \/><\/a>E desse modo, como se diz na g\u00edria, aos trancos e barrancos, de modo capenga, um tanto amadoristicamente, levamos adiante a publica\u00e7\u00e3o do Boletim Mensagem at\u00e9 o n\u00ba 25, de agosto de 1992. Mas, por outro lado, tamb\u00e9m havia algo de bom a se despontar no horizonte do Mensagem. Os colaboradores a enviar as mat\u00e9rias come\u00e7aram a surgir, embora ainda um tanto timidamente.<\/span><\/p>\n<p><span style=\"font-size: large;\"> A partir do Mensagem n\u00ba 26 de junho de 1994 houve um progresso na finaliza\u00e7\u00e3o das mat\u00e9rias a serem publicadas. Tomou o formato de, como se diz, de um tabloide, isto \u00e9 publica\u00e7\u00e3o em formato de meio jornal. As mat\u00e9rias eram enviadas a uma empresa gr\u00e1fica que as diagramava e imprimia, ap\u00f3s a nossa revis\u00e3o. A tiragem de 5.000 exemplares era agora bimensal e precis\u00e1vamos de mais mat\u00e9rias. <\/span><\/p>\n<p><span style=\"font-size: large;\">Transcrevemos a seguir alguns trechos do Editorial do n\u00ba 26, de lavra do Dr. Constantino, em nome da Diretoria: \u201cApresentamos a voc\u00ea Associado e ou p\u00fablico em geral, o nosso j\u00e1 conhecido Mensagem Doce, agora em nova roupagem, no formato Tabloide, em edi\u00e7\u00e3o bimestral&#8230; Mais uma vez a Diretoria da APACAME tem a coragem de assumir o compromisso de editar o MENSAGEM DOCE apoiada numa pesquisa mercadol\u00f3gica que aponta a necessidade de um ve\u00edculo de baixo custo, por\u00e9m, com tratamento profissional, s\u00e9rio, \u00e9tico com mat\u00e9rias de interesse do Apicultor e da Comunidade Ap\u00edcola, \u00e1gil nas informa\u00e7\u00f5es, com periodicidade rigorosa, buscando chegar ao nosso p\u00fablico alvo o mais r\u00e1pido diante dos acontecimentos do meio ap\u00edcola. O MENSAGEM DOCE coloca-se, de agora em diante totalmente aberto \u00e0 Confedera\u00e7\u00e3o Brasileira de Apicultura, \u00e0s Federa\u00e7\u00f5es e Associa\u00e7\u00f5es de Apicultores de todo o Brasil para divulgarem&#8230;, \u00e0s Universidades brasileiras para a publica\u00e7\u00e3o de seus trabalhos cient\u00edficos&#8230;\u201d<a href=\"https:\/\/apacame.org.br\/site\/wp-content\/uploads\/2019\/04\/Quadro-3.jpg\"><img decoding=\"async\" class=\"alignright size-full wp-image-2828\" src=\"https:\/\/apacame.org.br\/site\/wp-content\/uploads\/2019\/04\/Quadro-3.jpg\" alt=\"Quadro-3\" width=\"621\" height=\"762\" srcset=\"https:\/\/apacame.org.br\/site\/wp-content\/uploads\/2019\/04\/Quadro-3.jpg 621w, https:\/\/apacame.org.br\/site\/wp-content\/uploads\/2019\/04\/Quadro-3-244x300.jpg 244w, https:\/\/apacame.org.br\/site\/wp-content\/uploads\/2019\/04\/Quadro-3-150x184.jpg 150w, https:\/\/apacame.org.br\/site\/wp-content\/uploads\/2019\/04\/Quadro-3-407x500.jpg 407w\" sizes=\"(max-width: 621px) 100vw, 621px\" \/><\/a> <\/span><\/p>\n<p><span style=\"font-size: large;\">Come\u00e7aram a surgir, devido ao incessante empenho do Dr. Constantino, a colabora\u00e7\u00e3o de Professores e Pesquisadores das Universidades com as mat\u00e9rias de suas autorias. Fomos nomeados pela Diretoria para assumir o cargo de Diretor do Mensagem Doce, e o associado Arcenio Balduino das Chagas para o cargo de Diretor de Divulga\u00e7\u00e3o.<\/span><\/p>\n<p><span style=\"font-size: large;\">E assim, o que agora pod\u00edamos chamar de Jornal Mensagem Doce continuou a sua caminhada at\u00e9 o exemplar n\u00ba 38, de setembro de 1996. O Diretor de Divulga\u00e7\u00e3o Arcenio das Chagas que era \u00e0 \u00e9poca um empres\u00e1rio do ramo de propaganda e divulga\u00e7\u00e3o, depois de estudos, vislumbrou a viabilidade de transforma-lo em revista. O assunto foi amplamente discutido pela Diretoria e finalmente a ideia do Arcenio foi aprovada, e coube a ele apresentar a arte e o formato da Revista assim como ela se apresenta atualmente.<\/span><\/p>\n<p><span style=\"font-size: large;\">Destarte, como no Universo tudo tende ao progresso, com a Mensagem Doce n\u00e3o foi diferente. Caminhou mansamente por um caminho longo e trabalhoso, at\u00e9 culminar em forma de Revista MENSAGEM DOCE a partir do exemplar n 39, de novembro de 1996.<\/span><\/p>\n<p><span style=\"font-size: large;\">Transcrevemos a seguir trechos do Editorial do primeiro exemplar da Revista, tamb\u00e9m de lavra do saudoso Dr. Constantino: \u201cInegavelmente o MENSAGEM DOCE conquistou um espa\u00e7o dentro da Apicultura. &#8230;aberto \u00e0s Associa\u00e7\u00f5es, \u00e0s Universidades, aos Institutos de Pesquisa enfim a&#8230; Apenas a formata\u00e7\u00e3o \u00e9 Revista. No resto continuar\u00e1 dentro da mesma filosofia de ser um ve\u00edculo s\u00e9rio, t\u00e9cnico e din\u00e2mico enviado gratuitamente aos associados da APACAME e as entidades ligadas \u00e0 apicultura.\u201d <\/span><\/p>\n<p><span style=\"font-size: large;\">A partir de ent\u00e3o aumentaram a publica\u00e7\u00e3o dos trabalhos cient\u00edficos de uma maneira antes nunca vista, e a Revista praticamente passou a ser a divulgadora oficial da Ci\u00eancia Ap\u00edcola. A Revista MENSAGEM DOCE continua \u00e0 disposi\u00e7\u00e3o dos senhores Professores e Pesquisadores, assim como a todos que quiserem publicar artigos de interesses da apicultura.<\/span><\/p>\n<p><span style=\"font-size: large;\">No seu caminhar de 37 anos de sua exist\u00eancia o informativo Mensagem Doce, agora uma Revista, publicou em novembro de 2018 o seu exemplar de n\u00ba 149, e este agora \u00e9 o seu exemplar de n\u00ba 150 mar\u00e7o de 2019.<\/span><\/p>\n<p><span style=\"font-size: large;\">A exist\u00eancia da Revista Mensagem Doce tamb\u00e9m \u00e9 um legado de Homem de Bem, o saudoso Dr. Constantino Zara Filho a quem rendemos as nossas homenagens.<\/span><\/p>\n","protected":false},"excerpt":{"rendered":"<p>MENSAGEM DOCE &#8211; O Informativo da APACAME &#8211; Sua Hist\u00f3ria Mario Isao Otsuka \u2013 Diretor Respons\u00e1vel A APACAME, Associa\u00e7\u00e3o Paulista de Criadores de Abelhas Melificas Europeias, foi fundada em 1979. [&hellip;]<\/p>\n","protected":false},"author":20,"featured_media":0,"parent":2811,"menu_order":0,"comment_status":"open","ping_status":"open","template":"","meta":{"pmpro_default_level":"","_price":"","_stock":"","_tribe_ticket_header":"","_tribe_default_ticket_provider":"","_tribe_ticket_capacity":"0","_ticket_start_date":"","_ticket_end_date":"","_tribe_ticket_show_description":"","_tribe_ticket_show_not_going":false,"_tribe_ticket_use_global_stock":"","_tribe_ticket_global_stock_level":"","_global_stock_mode":"","_global_stock_cap":"","_tribe_rsvp_for_event":"","_tribe_ticket_going_count":"","_tribe_ticket_not_going_count":"","_tribe_tickets_list":"[]","_tribe_ticket_has_attendee_info_fields":false,"cybocfi_hide_featured_image":"","footnotes":""},"class_list":["post-2825","page","type-page","status-publish","hentry","pmpro-has-access"],"_links":{"self":[{"href":"https:\/\/apacame.org.br\/site\/wp-json\/wp\/v2\/pages\/2825"}],"collection":[{"href":"https:\/\/apacame.org.br\/site\/wp-json\/wp\/v2\/pages"}],"about":[{"href":"https:\/\/apacame.org.br\/site\/wp-json\/wp\/v2\/types\/page"}],"author":[{"embeddable":true,"href":"https:\/\/apacame.org.br\/site\/wp-json\/wp\/v2\/users\/20"}],"replies":[{"embeddable":true,"href":"https:\/\/apacame.org.br\/site\/wp-json\/wp\/v2\/comments?post=2825"}],"version-history":[{"count":3,"href":"https:\/\/apacame.org.br\/site\/wp-json\/wp\/v2\/pages\/2825\/revisions"}],"predecessor-version":[{"id":2830,"href":"https:\/\/apacame.org.br\/site\/wp-json\/wp\/v2\/pages\/2825\/revisions\/2830"}],"up":[{"embeddable":true,"href":"https:\/\/apacame.org.br\/site\/wp-json\/wp\/v2\/pages\/2811"}],"wp:attachment":[{"href":"https:\/\/apacame.org.br\/site\/wp-json\/wp\/v2\/media?parent=2825"}],"curies":[{"name":"wp","href":"https:\/\/api.w.org\/{rel}","templated":true}]}}