{"id":2811,"date":"2019-04-22T22:29:05","date_gmt":"2019-04-22T22:29:05","guid":{"rendered":"http:\/\/apacame.org.br\/site\/?page_id=2811"},"modified":"2023-08-13T04:01:28","modified_gmt":"2023-08-13T04:01:28","slug":"mensagem-doce-n-150-marco-de-2019","status":"publish","type":"page","link":"https:\/\/apacame.org.br\/site\/revista\/mensagem-doce-n-150-marco-de-2019\/","title":{"rendered":"Mensagem Doce  n\u00b0 150 Mar\u00e7o de 2019"},"content":{"rendered":"\n<p class=\"has-text-align-center\">Capa: Mais uma abelha voou em dire\u00e7\u00e3o ao sol, mas deixou sua sombra nos m\u00faltiplos trabalhos realizados em prol das abelhas. Agradecemos de cora\u00e7\u00e3o ao Constantino Zara Filho a sua passagem pelos caminhos ap\u00edcolas. foto: Nymphaea caerulea (ninf\u00e9ia azul) &#8211; Marilda Cortopassi-Laurino.<\/p>\n","protected":false},"excerpt":{"rendered":"<p>Capa: Mais uma abelha voou em dire\u00e7\u00e3o ao sol, mas deixou sua sombra nos m\u00faltiplos trabalhos realizados em prol das abelhas. Agradecemos de cora\u00e7\u00e3o ao Constantino Zara Filho a sua [&hellip;]<\/p>\n","protected":false},"author":20,"featured_media":2815,"parent":587,"menu_order":0,"comment_status":"open","ping_status":"open","template":"","meta":{"pmpro_default_level":"","_price":"","_stock":"","_tribe_ticket_header":"","_tribe_default_ticket_provider":"","_tribe_ticket_capacity":"0","_ticket_start_date":"","_ticket_end_date":"","_tribe_ticket_show_description":"","_tribe_ticket_show_not_going":false,"_tribe_ticket_use_global_stock":"","_tribe_ticket_global_stock_level":"","_global_stock_mode":"","_global_stock_cap":"","_tribe_rsvp_for_event":"","_tribe_ticket_going_count":"","_tribe_ticket_not_going_count":"","_tribe_tickets_list":"[]","_tribe_ticket_has_attendee_info_fields":false,"cybocfi_hide_featured_image":"","footnotes":""},"class_list":["post-2811","page","type-page","status-publish","has-post-thumbnail","hentry","pmpro-has-access"],"_links":{"self":[{"href":"https:\/\/apacame.org.br\/site\/wp-json\/wp\/v2\/pages\/2811"}],"collection":[{"href":"https:\/\/apacame.org.br\/site\/wp-json\/wp\/v2\/pages"}],"about":[{"href":"https:\/\/apacame.org.br\/site\/wp-json\/wp\/v2\/types\/page"}],"author":[{"embeddable":true,"href":"https:\/\/apacame.org.br\/site\/wp-json\/wp\/v2\/users\/20"}],"replies":[{"embeddable":true,"href":"https:\/\/apacame.org.br\/site\/wp-json\/wp\/v2\/comments?post=2811"}],"version-history":[{"count":4,"href":"https:\/\/apacame.org.br\/site\/wp-json\/wp\/v2\/pages\/2811\/revisions"}],"predecessor-version":[{"id":6137,"href":"https:\/\/apacame.org.br\/site\/wp-json\/wp\/v2\/pages\/2811\/revisions\/6137"}],"up":[{"embeddable":true,"href":"https:\/\/apacame.org.br\/site\/wp-json\/wp\/v2\/pages\/587"}],"wp:featuredmedia":[{"embeddable":true,"href":"https:\/\/apacame.org.br\/site\/wp-json\/wp\/v2\/media\/2815"}],"wp:attachment":[{"href":"https:\/\/apacame.org.br\/site\/wp-json\/wp\/v2\/media?parent=2811"}],"curies":[{"name":"wp","href":"https:\/\/api.w.org\/{rel}","templated":true}]}}