{"id":2670,"date":"2018-10-26T18:18:20","date_gmt":"2018-10-26T18:18:20","guid":{"rendered":"http:\/\/apacame.org.br\/site\/?page_id=2670"},"modified":"2018-10-26T18:18:20","modified_gmt":"2018-10-26T18:18:20","slug":"comentario","status":"publish","type":"page","link":"https:\/\/apacame.org.br\/site\/revista\/mensagem-doce-n-148-setembro-de-2018\/comentario\/","title":{"rendered":"Coment\u00e1rio"},"content":{"rendered":"<h1 style=\"text-align: center;\">Apicultura no Celular<\/h1>\n<blockquote><p>Radam\u00e9s Zovaro &#8211; Empres\u00e1rio e Diretor T\u00e9cnico da Apacame<\/p><\/blockquote>\n<p><a href=\"https:\/\/apacame.org.br\/site\/wp-content\/uploads\/2018\/10\/apicultua-no-celular.png\"><img fetchpriority=\"high\" decoding=\"async\" class=\"alignleft size-full wp-image-2671\" src=\"https:\/\/apacame.org.br\/site\/wp-content\/uploads\/2018\/10\/apicultua-no-celular.png\" alt=\"apicultura-no-celular\" width=\"350\" height=\"281\" srcset=\"https:\/\/apacame.org.br\/site\/wp-content\/uploads\/2018\/10\/apicultua-no-celular.png 350w, https:\/\/apacame.org.br\/site\/wp-content\/uploads\/2018\/10\/apicultua-no-celular-300x241.png 300w, https:\/\/apacame.org.br\/site\/wp-content\/uploads\/2018\/10\/apicultua-no-celular-150x120.png 150w\" sizes=\"(max-width: 350px) 100vw, 350px\" \/><\/a><span style=\"font-size: large;\">Hoje o celular \u00e9 uma ferramenta obrigat\u00f3ria do ser humano. As in\u00fameras fun\u00e7\u00f5es que possui fazem dele uma ferramenta necess\u00e1ria, pois at\u00e9 para pagamento que normalmente s\u00e3o realizados pela rede banc\u00e1ria, hoje podemos fazer simplesmente pelo celular sem necessidade de ter que se deslocar at\u00e9 o Banco para efetua-lo.<\/span><\/p>\n<p><span style=\"font-size: large;\">A Apicultura tamb\u00e9m esta aproveitando essa ferramenta e criando no WhatsApp uma forma de comunica\u00e7\u00e3o entre os apicultores. Aqui no Estado de S\u00e3o Paulo temos v\u00e1rios grupos onde o tema \u00e9 apicultura, entre eles podemos citar: GWM Ap\u00eds s\u00f3 Paulista; Produ\u00e7\u00e3o de Rainhas BR; Apicultores de SP; GAB \u2013 Cera de Abelha; GNU Veneno NAO \u2013 Abelha SIM; Apicultores x Agrot\u00f3xicos; CNAA Oficial 1 e com certeza, acredito deve ter outros, n\u00e3o s\u00f3 em S\u00e3o Paulo, mas em todo o Brasil.<\/span><\/p>\n<p><span style=\"font-size: large;\">\u00c9 sem duvida nenhuma uma for\u00e7a a mais para unir os apicultores, trazer conhecimento, di\u00e1logo, conhecer novos amigos, enfim ajudar a categoria a crescer e ocupar o seu espa\u00e7o no meio produtivo destes pais.<\/span><\/p>\n<p><span style=\"font-size: large;\">\u00c9 evidente que nem tudo \u00e9 favor\u00e1vel, os problemas s\u00e3o in\u00fameros, cada apicultor tem o seu problema, uns por falta de tempo de ir ao api\u00e1rio, outro por estarem em uma regi\u00e3o de poucas floradas, outros por mortandade de abelhas pelo uso de agrot\u00f3xicos, e outros que montam um acampamento ao lado do api\u00e1rio para se defender de poss\u00edveis roubos. Enfim \u00e9 a atividade que oferece muitas dificuldades e pouco reconhecida pelos \u00f3rg\u00e3os p\u00fablicos e muitas vezes tamb\u00e9m pela sociedade. <\/span><\/p>\n<p><span style=\"font-size: large;\">A verdade \u00e9 que a abelha \u00e9 um dos insetos mais importantes do planeta, sem ela, n\u00f3s ter\u00edamos defici\u00eancia em adquirir produtos aliment\u00edcios, pois \u00e9 a abelha que tem a fun\u00e7\u00e3o principal de polinizar as flores de muitas esp\u00e9cies de plantas que fornecem alimentos atrav\u00e9s do seu fruto. Albert Einstein j\u00e1 dizia na d\u00e9cada de 1950, \u201cO dia que as abelhas faltarem o ser humano ter\u00e1 mais 5 anos de sobreviv\u00eancia, pois haver\u00e1 falta de alimentos por defici\u00eancia de agente polinizadores\u201d.<\/span><\/p>\n<p><span style=\"font-size: large;\">\u00c9 importante a comunica\u00e7\u00e3o entre os seres humanos em beneficio da classe, e porque n\u00e3o dizer em beneficio da sociedade no seu todo, pois \u00e9 atrav\u00e9s da comunica\u00e7\u00e3o que conseguimos conhecimento para tocar a nossa vida dentro de uma sociedade que cada vez mais se fecha se isolando do contato pessoal. Abra\u00e7os<\/span><\/p>\n","protected":false},"excerpt":{"rendered":"<p>Apicultura no Celular Radam\u00e9s Zovaro &#8211; Empres\u00e1rio e Diretor T\u00e9cnico da Apacame Hoje o celular \u00e9 uma ferramenta obrigat\u00f3ria do ser humano. As in\u00fameras fun\u00e7\u00f5es que possui fazem dele uma [&hellip;]<\/p>\n","protected":false},"author":1,"featured_media":0,"parent":2642,"menu_order":0,"comment_status":"open","ping_status":"open","template":"","meta":{"pmpro_default_level":"","_price":"","_stock":"","_tribe_ticket_header":"","_tribe_default_ticket_provider":"","_tribe_ticket_capacity":"0","_ticket_start_date":"","_ticket_end_date":"","_tribe_ticket_show_description":"","_tribe_ticket_show_not_going":false,"_tribe_ticket_use_global_stock":"","_tribe_ticket_global_stock_level":"","_global_stock_mode":"","_global_stock_cap":"","_tribe_rsvp_for_event":"","_tribe_ticket_going_count":"","_tribe_ticket_not_going_count":"","_tribe_tickets_list":"[]","_tribe_ticket_has_attendee_info_fields":false,"cybocfi_hide_featured_image":"","footnotes":""},"class_list":["post-2670","page","type-page","status-publish","hentry","pmpro-has-access"],"_links":{"self":[{"href":"https:\/\/apacame.org.br\/site\/wp-json\/wp\/v2\/pages\/2670"}],"collection":[{"href":"https:\/\/apacame.org.br\/site\/wp-json\/wp\/v2\/pages"}],"about":[{"href":"https:\/\/apacame.org.br\/site\/wp-json\/wp\/v2\/types\/page"}],"author":[{"embeddable":true,"href":"https:\/\/apacame.org.br\/site\/wp-json\/wp\/v2\/users\/1"}],"replies":[{"embeddable":true,"href":"https:\/\/apacame.org.br\/site\/wp-json\/wp\/v2\/comments?post=2670"}],"version-history":[{"count":2,"href":"https:\/\/apacame.org.br\/site\/wp-json\/wp\/v2\/pages\/2670\/revisions"}],"predecessor-version":[{"id":2673,"href":"https:\/\/apacame.org.br\/site\/wp-json\/wp\/v2\/pages\/2670\/revisions\/2673"}],"up":[{"embeddable":true,"href":"https:\/\/apacame.org.br\/site\/wp-json\/wp\/v2\/pages\/2642"}],"wp:attachment":[{"href":"https:\/\/apacame.org.br\/site\/wp-json\/wp\/v2\/media?parent=2670"}],"curies":[{"name":"wp","href":"https:\/\/api.w.org\/{rel}","templated":true}]}}