{"id":2586,"date":"2018-08-07T22:31:16","date_gmt":"2018-08-07T22:31:16","guid":{"rendered":"http:\/\/apacame.org.br\/site\/?page_id=2586"},"modified":"2018-08-07T22:39:29","modified_gmt":"2018-08-07T22:39:29","slug":"artigo-3","status":"publish","type":"page","link":"https:\/\/apacame.org.br\/site\/revista\/mensagem-doce-n-147-julho-de-2018\/artigo-3\/","title":{"rendered":"Artigo"},"content":{"rendered":"<h1 style=\"text-align: center;\">Potencialidades e oportunidades da meliponicultura<\/h1>\n<blockquote><p>Harold Brand &#8211; Bi\u00f3logo, Meliponicultor e Consultor da APA. <a href=\"mailto:Profharoldbrand@gmail.com\">Profharoldbrand@gmail.com<\/a><\/p><\/blockquote>\n<figure id=\"attachment_2590\" aria-describedby=\"caption-attachment-2590\" style=\"width: 300px\" class=\"wp-caption alignright\"><a href=\"https:\/\/apacame.org.br\/site\/wp-content\/uploads\/2018\/08\/Potencialidade_Fig01.jpg\"><img fetchpriority=\"high\" decoding=\"async\" class=\"size-medium wp-image-2590\" src=\"https:\/\/apacame.org.br\/site\/wp-content\/uploads\/2018\/08\/Potencialidade_Fig01-300x169.jpg\" alt=\"Na foto do mel retirado de uma mesma fam\u00edlia de manda\u00e7aia de potes diferentes. Cada pote cont\u00e9m n\u00e9ctar de floradas de meados de agosto, setembro e outubro respectivamente. As colmeias guardam separadas nos seus potes verdadeiros universos gustativos. Aptas para um turismo gustativo?\" width=\"300\" height=\"169\" srcset=\"https:\/\/apacame.org.br\/site\/wp-content\/uploads\/2018\/08\/Potencialidade_Fig01-300x169.jpg 300w, https:\/\/apacame.org.br\/site\/wp-content\/uploads\/2018\/08\/Potencialidade_Fig01-570x322.jpg 570w, https:\/\/apacame.org.br\/site\/wp-content\/uploads\/2018\/08\/Potencialidade_Fig01-150x84.jpg 150w, https:\/\/apacame.org.br\/site\/wp-content\/uploads\/2018\/08\/Potencialidade_Fig01-500x281.jpg 500w, https:\/\/apacame.org.br\/site\/wp-content\/uploads\/2018\/08\/Potencialidade_Fig01.jpg 572w\" sizes=\"(max-width: 300px) 100vw, 300px\" \/><\/a><figcaption id=\"caption-attachment-2590\" class=\"wp-caption-text\">Na foto do mel retirado de uma mesma fam\u00edlia de manda\u00e7aia de potes diferentes. Cada pote<br \/>cont\u00e9m n\u00e9ctar de floradas de meados de agosto, setembro e outubro respectivamente. As<br \/>colmeias guardam separadas nos seus potes verdadeiros universos gustativos. Aptas para<br \/>um turismo gustativo?<\/figcaption><\/figure>\n<p><span style=\"font-size: large;\">A cria\u00e7\u00e3o de abelhas conhecidas no Brasil como abelhas sem ferr\u00e3o e na Austr\u00e1lia como abelhas produtoras de potes, deixam muitas vezes de serem Hobby ou mesmo no campo de pesquisa, para se tornar umas atividades lucrativas. Isso gra\u00e7as ao desenvolvimento das t\u00e9cnicas de manipula\u00e7\u00e3o, o que nos libertou da depend\u00eancia do processo extrativo no seu ambiente natural.<\/span><\/p>\n<p><span style=\"font-size: large;\">Os manejos como; a divis\u00e3o artificial das colm\u00e9ias, alimenta\u00e7\u00e3o artificial, aquecimento das caixas, interc\u00e2mbios de discos de cria, permitem ao meliponicultor passar da fase extrativista combatida pelos ecologistas, para a fase produtora e reposit\u00f3ria dessas abelhas no seu ambiente natural, uma vez que elas t\u00eam processo de enxamea\u00e7\u00e3o \u201csilenciosa\u201d.<\/span><\/p>\n<p><span style=\"font-size: large;\">As maneiras de obten\u00e7\u00e3o de remunera\u00e7\u00e3o com a meliponicultura:<\/span><\/p>\n<p><span style=\"font-size: large;\"><b>1) Venda de colm\u00e9ias<\/b><\/span><\/p>\n<p><span style=\"font-size: large;\">Muitas esp\u00e9cies de mel\u00edponas s\u00e3o relativamente f\u00e1ceis de multiplicar o que as torna rent\u00e1veis, para a venda. <\/span><\/p>\n<p><span style=\"font-size: large;\">Os seus valores variam em fun\u00e7\u00e3o:<\/span><\/p>\n<p><span style=\"font-size: large;\"><b><a href=\"https:\/\/apacame.org.br\/site\/wp-content\/uploads\/2018\/08\/Grafico-potencialidades.jpg\"><img decoding=\"async\" class=\"alignleft size-medium wp-image-2589\" src=\"https:\/\/apacame.org.br\/site\/wp-content\/uploads\/2018\/08\/Grafico-potencialidades-300x158.jpg\" alt=\"Grafico-potencialidades\" width=\"300\" height=\"158\" srcset=\"https:\/\/apacame.org.br\/site\/wp-content\/uploads\/2018\/08\/Grafico-potencialidades-300x158.jpg 300w, https:\/\/apacame.org.br\/site\/wp-content\/uploads\/2018\/08\/Grafico-potencialidades-150x79.jpg 150w, https:\/\/apacame.org.br\/site\/wp-content\/uploads\/2018\/08\/Grafico-potencialidades-500x263.jpg 500w, https:\/\/apacame.org.br\/site\/wp-content\/uploads\/2018\/08\/Grafico-potencialidades.jpg 748w\" sizes=\"(max-width: 300px) 100vw, 300px\" \/><\/a>a) Da esp\u00e9cie<\/b><\/span><\/p>\n<p><span style=\"font-size: large;\">Como regra, abelhas maiores como as Uru\u00e7us, Manda\u00e7aias, Guaraipo, etc.. tem valores mais elevados, entretanto como dentro de cada esp\u00e9cie existe muita variabilidade o que tamb\u00e9m influenciam os valores.<\/span><\/p>\n<p><span style=\"font-size: large;\"><b>Alguns exemplos:<\/b><\/span><\/p>\n<p><span style=\"font-size: large;\">&#8211; Manduri de abd\u00f4men amarelo tem o seu valor duplicado em rela\u00e7\u00e3o as outras Manduris.<br \/>\n<span style=\"font-size: large;\">&#8211; Manda\u00e7aia Yellow, contrasta das demais pelo abd\u00f4men com os an\u00e9is dourados mais largos<br \/>\n<span style=\"font-size: large;\">&#8211; As Guaraipos tem muitas vari\u00e1veis, as mais escuras s\u00e3o mais populosas e excelentes produtoras de mel.<\/span><\/span><\/span><\/p>\n<p><span style=\"font-size: large;\"><b>OBS<\/b>: Meliponas da mesma esp\u00e9cie de regi\u00f5es diferentes s\u00e3o freq\u00fcentes as variabilidades (cada grupo de popula\u00e7\u00f5es geneticamente distintas \u00e9 conhecido como um ec\u00f3tipo).<\/span><\/p>\n<p><span style=\"font-size: large;\"><b>b) As abelhas ex\u00f3ticas<\/b><\/span><\/p>\n<p><span style=\"font-size: large;\">As abelhas ex\u00f3ticas, mas bem adaptadas as condi\u00e7\u00f5es da regi\u00e3o sul e boas produtoras de mel s\u00e3o procuradas pelos meliponicultores, o exemplo \u00e9 a Uru\u00e7u Nordestina, bem adapt\u00e1vel e boa produtora de mel.<\/span><\/p>\n<p><span style=\"font-size: large;\"><b>c) Condi\u00e7\u00e3o de vitalidade das colmeias<\/b><\/span><\/p>\n<p><span style=\"font-size: large;\">O tamanho da popula\u00e7\u00e3o, a quantidade e tamanho dos potes e o n\u00famero de discos de cria.<\/span><\/p>\n<p><span style=\"font-size: large;\"><b>d) O visual da caixa e sua praticidade<\/b><\/span><\/p>\n<p><span style=\"font-size: large;\">O modelo, a madeira empregada e o acabamento s\u00e3o fatores avaliados na forma\u00e7\u00e3o do pre\u00e7o final.<\/span><\/p>\n<p><span style=\"font-size: large;\"><b>2) Venda de mel<\/b><\/span><\/p>\n<p><span style=\"font-size: large;\">O valor do mel das abelhas \u201csem ferr\u00e3o\u201d tem como refer\u00eancia o valor do mel da Apis, multiplicado por 8 ou mesmo por 10. O mel de Jata\u00ed \u00e9 o mais conhecido e divulgado na regi\u00e3o sul, o mel das outras esp\u00e9cies \u00e9 pouco conhecido, mas o pre\u00e7o refer\u00eancia \u00e9 o mesmo.<\/span><\/p>\n<p><span style=\"font-size: large;\">Testes gustativos realizados no Mercado Municipal de Curitiba com amostras de mel de v\u00e1rias esp\u00e9cies como: Mirins, Manda\u00e7aia, Uru\u00e7u, Manduri, Jata\u00ed, Tubuna, obtiveram destaque, com as maiores notas pelo aroma e sabor, o mel de Jata\u00ed e Tubuna.<\/span><\/p>\n<p><span style=\"font-size: large;\">Saborear o mel das nossas abelhas \u00e9 privil\u00e9gio de poucas pessoas, \u00e9 o \u201cNECTAR DOS DEUSES\u201d.<\/span><\/p>\n<p><span style=\"font-size: large;\"><b>3) Mel M\u00e9todo Expresso<\/b><\/span><\/p>\n<p><span style=\"font-size: large;\">\u00c9 uma t\u00e9cnica usada pelos pesquisadores russos com as abelhas Apis, mas que se presta muito bem com as nossas abelhas nativas, principalmente com a Uru\u00e7u que \u00e9 boa produtora de mel em potes grandes. Esse m\u00e9todo consiste em acrescentar na ra\u00e7\u00e3o alimentar das abelhas, subst\u00e2ncias biologicamente ativas que as abelhas metabolizam e acrescentam ao seu mel.<\/span><\/p>\n<p><span style=\"font-size: large;\">A vantagem de acrescentar subst\u00e2ncias do nosso interesse no substrato alimentar das abelhas \u00e9 aproveitar a capacidade inata que elas possuem, de equalizar e incorporar aos outros componentes qu\u00edmicos do mel. O mel promove a permeabilidade celular com baixa toxidade sist\u00eamica, o que facilita a absor\u00e7\u00e3o, difus\u00e3o e potencializa\u00e7\u00e3o das subst\u00e2ncias acrescentadas.<\/span><\/p>\n<p><span style=\"font-size: large;\">As subst\u00e2ncias administradas multiplicam os seus efeitos podendo ser usadas em fra\u00e7\u00f5es muito menores do que normalmente utilizadas como medicamentos. Devido \u00e0 multiplicidade de subst\u00e2ncias que podem ser usadas por esse m\u00e9todo fica dif\u00edcil quantificar qualquer valor monet\u00e1rio.<\/span><\/p>\n<p><span style=\"font-size: large;\"><b>4) Pr\u00f3polis<\/b><\/span><\/p>\n<p><span style=\"font-size: large;\">At\u00e9 recentemente as abelhas eram consideradas produtoras de subst\u00e2ncias formadoras da pr\u00f3polis, entretanto as an\u00e1lises comparativas entre as subst\u00e2ncias componentes da pr\u00f3polis das colm\u00e9ias, com os produtos tirados das plantas visitadas pelas mesmas, nos revelam praticamente a mesma identidade qu\u00edmica.<\/span><\/p>\n<p><span style=\"font-size: large;\">As an\u00e1lises cromatogr\u00e1ficas das pr\u00f3polis identificam enormes variabilidades de subst\u00e2ncias biologicamente ativas e que as mesmas est\u00e3o intimamente relacionadas com o \u201cPasto Floral\u201d, ou seja, das esp\u00e9cies bot\u00e2nicas onde as abelhas coletam as secre\u00e7\u00f5es do metabolismo vegetal.<\/span><\/p>\n<p><span style=\"font-size: large;\">Essas secre\u00e7\u00f5es s\u00e3o produzidas pelas plantas em resposta aos agentes agressivos do meio ambiente: v\u00edrus, bact\u00e9rias, fungos, insetos, raios ultravioletas, etc&#8230;.As mesmas s\u00e3o denominadas de resinas pelos qu\u00edmicos e metab\u00f3licos secund\u00e1rios pelos bot\u00e2nicos.<\/span><\/p>\n<p><span style=\"font-size: large;\">A qualidade da pr\u00f3polis depende da flora onde as abelhas est\u00e3o inseridas e tamb\u00e9m das esp\u00e9cies de abelhas que manipulam esse material. Como o Brasil \u00e9 o mais rico pa\u00eds em n\u00famero de esp\u00e9cies de abelhas nativas, \u00e9 f\u00e1cil entender a grande variedade de pr\u00f3polis.<\/span><\/p>\n<p><span style=\"font-size: large;\">A quantidade de pr\u00f3polis produzidas por esp\u00e9cie de abelha.<\/span><\/p>\n<p><span style=\"font-size: large;\">A Apis produz entre 250 a 800 gramas de pr\u00f3polis por ano, dependendo do manejo, as Tubunas e Manda\u00e7aias s\u00e3o campe\u00e3s em quantidade, um caso documentado de uma \u00fanica fam\u00edlia de Tubuna foi obtido 11.200 gramas de pr\u00f3polis de excelente qualidade.<\/span><\/p>\n<p><span style=\"font-size: large;\">No Estado do Paran\u00e1 \u00e9 poss\u00edvel identificar 5 tipos de pr\u00f3polis da abelha Jata\u00ed( Ver artigo: Jata\u00ed &#8211; abelha farmac\u00eautica I e II ).<\/span><\/p>\n<p><span style=\"font-size: large;\">Os componentes qu\u00edmicos podem ser empregados na elabora\u00e7\u00e3o de sabonetes, xampus, pomadas, protetores solares, cicatrizantes, conservantes de alimentos, bactericidas, anest\u00e9sicos, etc&#8230;<\/span><\/p>\n<p><span style=\"font-size: large;\">A grande quest\u00e3o dos derivados da pr\u00f3polis \u00e9 obten\u00e7\u00e3o de quantidades necess\u00e1rias para seu emprego comercial.<\/span><\/p>\n<figure id=\"attachment_2591\" aria-describedby=\"caption-attachment-2591\" style=\"width: 300px\" class=\"wp-caption alignright\"><a href=\"https:\/\/apacame.org.br\/site\/wp-content\/uploads\/2018\/08\/Potencialidade_Fig02.jpg\"><img decoding=\"async\" class=\"size-medium wp-image-2591\" src=\"https:\/\/apacame.org.br\/site\/wp-content\/uploads\/2018\/08\/Potencialidade_Fig02-300x135.jpg\" alt=\"Na foto as ceras obtidas das abelhas. Da esquerda para direita; V\u00e1rios bloquinhos de cera de jata\u00ed. Manda\u00e7aia e boca de renda. A cera bem escura uru\u00e7u nordestina. Cera amarela proveniente de op\u00e9rculos da Apis.\" width=\"300\" height=\"135\" srcset=\"https:\/\/apacame.org.br\/site\/wp-content\/uploads\/2018\/08\/Potencialidade_Fig02-300x135.jpg 300w, https:\/\/apacame.org.br\/site\/wp-content\/uploads\/2018\/08\/Potencialidade_Fig02-150x68.jpg 150w, https:\/\/apacame.org.br\/site\/wp-content\/uploads\/2018\/08\/Potencialidade_Fig02-500x225.jpg 500w, https:\/\/apacame.org.br\/site\/wp-content\/uploads\/2018\/08\/Potencialidade_Fig02.jpg 561w\" sizes=\"(max-width: 300px) 100vw, 300px\" \/><\/a><figcaption id=\"caption-attachment-2591\" class=\"wp-caption-text\">Na foto as ceras obtidas das abelhas. Da esquerda para direita; V\u00e1rios bloquinhos de cera de jata\u00ed.<br \/>Manda\u00e7aia e boca de renda. A cera bem escura uru\u00e7u nordestina. Cera amarela proveniente<br \/>de op\u00e9rculos da Apis.<\/figcaption><\/figure>\n<p><span style=\"font-size: large;\"><b>5) Cera<\/b><\/span><\/p>\n<p><span style=\"font-size: large;\"> A cera das nossas abelhas j\u00e1 foi muito usada na confec\u00e7\u00e3o de velas no tempo do Brasil imp\u00e9rio, antes da introdu\u00e7\u00e3o da Apis. E mais tarde usadas na agricultura em enxertia de plantas para evitar a perda de \u00e1gua e contamina\u00e7\u00e3o. <\/span><\/p>\n<p><span style=\"font-size: large;\"> Uma experi\u00eancia simples nos permite avaliar a diferen\u00e7a entre a cera de apis a das abelhas sem fer\u00e3o, para isso basta amassar pequena por\u00e7\u00e3o de cera de Apis entre os dedos e logo ap\u00f3s usar o mesmo procedimento com cera de jata\u00ed. F\u00e1cil sentir a diferen\u00e7a, a cera das nossas abelhas \u00e9 bem macia e arom\u00e1tica. Essa delicada maciez e as substancias arom\u00e1ticas agregadas \u00e0 torna um produto de alto valor na ind\u00fastria de cosm\u00e9ticos. <\/span><\/p>\n<p><span style=\"font-size: large;\"><b>6) Discos de cria<\/b><\/span><\/p>\n<figure id=\"attachment_2592\" aria-describedby=\"caption-attachment-2592\" style=\"width: 300px\" class=\"wp-caption alignleft\"><a href=\"https:\/\/apacame.org.br\/site\/wp-content\/uploads\/2018\/08\/Potencialidade_Fig03.jpg\"><img loading=\"lazy\" decoding=\"async\" class=\"size-medium wp-image-2592\" src=\"https:\/\/apacame.org.br\/site\/wp-content\/uploads\/2018\/08\/Potencialidade_Fig03-300x169.jpg\" alt=\"Em nosso pequeno laborat\u00f3rio produzimos experimentalmente v\u00e1rios produtos de beleza como sabonetes, xampu e pomadas hidratantes com m\u00e9is, cera e pr\u00f3polis das nossas abelhas e em particular os provenientes da abelha jata\u00ed. A pesquisa de mercado mostrou muito boa aceita\u00e7\u00e3o. A quest\u00e3o da industrializa\u00e7\u00e3o esta na quantidade da mat\u00e9ria prima. Qual o criador que conseguiria fornecer 500 K de cera de jata\u00ed a cada m\u00eas?\" width=\"300\" height=\"169\" srcset=\"https:\/\/apacame.org.br\/site\/wp-content\/uploads\/2018\/08\/Potencialidade_Fig03-300x169.jpg 300w, https:\/\/apacame.org.br\/site\/wp-content\/uploads\/2018\/08\/Potencialidade_Fig03-150x84.jpg 150w, https:\/\/apacame.org.br\/site\/wp-content\/uploads\/2018\/08\/Potencialidade_Fig03-500x282.jpg 500w, https:\/\/apacame.org.br\/site\/wp-content\/uploads\/2018\/08\/Potencialidade_Fig03.jpg 561w\" sizes=\"(max-width: 300px) 100vw, 300px\" \/><\/a><figcaption id=\"caption-attachment-2592\" class=\"wp-caption-text\">Em nosso pequeno laborat\u00f3rio produzimos experimentalmente v\u00e1rios produtos de beleza como<br \/>sabonetes, xampu e pomadas hidratantes com m\u00e9is, cera e pr\u00f3polis das nossas abelhas e em<br \/>particular os provenientes da abelha jata\u00ed. A pesquisa de mercado mostrou muito boa aceita\u00e7\u00e3o.<br \/>A quest\u00e3o da industrializa\u00e7\u00e3o esta na quantidade da mat\u00e9ria prima. Qual o criador que conseguiria<br \/>fornecer 500 K de cera de jata\u00ed a cada m\u00eas?<\/figcaption><\/figure>\n<p><span style=\"font-size: large;\">Um bom disco de cria com abelhas nascentes tem o seu pre\u00e7o em torno de 15% sobre os valores das fam\u00edlias.<\/span><\/p>\n<p><span style=\"font-size: large;\">Exemplo, pre\u00e7o da fam\u00edlia Uru\u00e7u &#8211; R$ 400,00.<\/span><\/p>\n<p><span style=\"font-size: large;\"> Pre\u00e7o de um disco R$ 60,00<\/span><\/p>\n<p><span style=\"font-size: large;\"><b>OBS<\/b>: Os discos da Tribo Trigonini devem estar acompanhados de realeira ou somente realeiras.<\/span><\/p>\n<p><span style=\"font-size: large;\"><b>7) Turismo Gustativo<\/b><\/span><\/p>\n<p><span style=\"font-size: large;\">As maiorias dessas abelhas se prestam ao turismo gustativo, pois as colm\u00e9ias podem ser abertas na presen\u00e7a de turistas para mostrar a estrutura social e a gusta\u00e7\u00e3o in loco do seu mel. O sabor do mel \u00e9 uma caracter\u00edstica da esp\u00e9cie como tamb\u00e9m reflete o pasto ap\u00edcola onde a abelha est\u00e1 inserida.<\/span><\/p>\n<p><span style=\"font-size: large;\"><b>8) Agentes de poliniza\u00e7\u00e3o<\/b><\/span><\/p>\n<p><span style=\"font-size: large;\">A grande variedade de gr\u00e3o de p\u00f3len contido nos potes \u00e9 indicativa da capacidade de poliniza\u00e7\u00e3o dessas abelhas. Muitas esp\u00e9cies t\u00eam adapta\u00e7\u00f5es especiais que facilitam a poliniza\u00e7\u00e3o, como ultra-som, estrutura anat\u00f4micas, que a Apis n\u00e3o tem.<\/span><\/p>\n<p><span style=\"font-size: large;\">Elas se prestam bem a projetos de poliniza\u00e7\u00e3o migrat\u00f3ria, f\u00e1ceis de deslocar de uma regi\u00e3o para outra sem riscos de acidentes s\u00e9rios como no manejo com a Apis.<\/span><\/p>\n<p><span style=\"font-size: large;\">A grande tend\u00eancia na agricultura moderna \u00e9 desenvolver culturas em estufas, onde os cultivares est\u00e1 abrigado dos insetos e pat\u00f3genos externos evitando o uso de defensivos qu\u00edmicos. A grande quest\u00e3o nesses ambientes fechados \u00e9 a poliniza\u00e7\u00e3o. Certamente n\u00e3o ser\u00e1 a Apis que ocupara esse espa\u00e7o, devido o seu potencial de agressividade. Um bom exemplo vem dos australianos, eles v\u00eam intensificando pesquisas com as suas abelhas ind\u00edgenas (Trigonini). Os japoneses nas suas culturas abrigadas j\u00e1 fazem uso das nossas abelhas como a irai.<\/span><\/p>\n","protected":false},"excerpt":{"rendered":"<p>Potencialidades e oportunidades da meliponicultura Harold Brand &#8211; Bi\u00f3logo, Meliponicultor e Consultor da APA. Profharoldbrand@gmail.com A cria\u00e7\u00e3o de abelhas conhecidas no Brasil como abelhas sem ferr\u00e3o e na Austr\u00e1lia como [&hellip;]<\/p>\n","protected":false},"author":1,"featured_media":0,"parent":2517,"menu_order":0,"comment_status":"open","ping_status":"open","template":"","meta":{"pmpro_default_level":"","_price":"","_stock":"","_tribe_ticket_header":"","_tribe_default_ticket_provider":"","_tribe_ticket_capacity":"0","_ticket_start_date":"","_ticket_end_date":"","_tribe_ticket_show_description":"","_tribe_ticket_show_not_going":false,"_tribe_ticket_use_global_stock":"","_tribe_ticket_global_stock_level":"","_global_stock_mode":"","_global_stock_cap":"","_tribe_rsvp_for_event":"","_tribe_ticket_going_count":"","_tribe_ticket_not_going_count":"","_tribe_tickets_list":"[]","_tribe_ticket_has_attendee_info_fields":false,"cybocfi_hide_featured_image":"","footnotes":""},"class_list":["post-2586","page","type-page","status-publish","hentry","pmpro-has-access"],"_links":{"self":[{"href":"https:\/\/apacame.org.br\/site\/wp-json\/wp\/v2\/pages\/2586"}],"collection":[{"href":"https:\/\/apacame.org.br\/site\/wp-json\/wp\/v2\/pages"}],"about":[{"href":"https:\/\/apacame.org.br\/site\/wp-json\/wp\/v2\/types\/page"}],"author":[{"embeddable":true,"href":"https:\/\/apacame.org.br\/site\/wp-json\/wp\/v2\/users\/1"}],"replies":[{"embeddable":true,"href":"https:\/\/apacame.org.br\/site\/wp-json\/wp\/v2\/comments?post=2586"}],"version-history":[{"count":4,"href":"https:\/\/apacame.org.br\/site\/wp-json\/wp\/v2\/pages\/2586\/revisions"}],"predecessor-version":[{"id":2593,"href":"https:\/\/apacame.org.br\/site\/wp-json\/wp\/v2\/pages\/2586\/revisions\/2593"}],"up":[{"embeddable":true,"href":"https:\/\/apacame.org.br\/site\/wp-json\/wp\/v2\/pages\/2517"}],"wp:attachment":[{"href":"https:\/\/apacame.org.br\/site\/wp-json\/wp\/v2\/media?parent=2586"}],"curies":[{"name":"wp","href":"https:\/\/api.w.org\/{rel}","templated":true}]}}