{"id":2526,"date":"2018-08-06T18:54:59","date_gmt":"2018-08-06T18:54:59","guid":{"rendered":"http:\/\/apacame.org.br\/site\/?page_id=2526"},"modified":"2018-08-06T18:54:59","modified_gmt":"2018-08-06T18:54:59","slug":"congresso","status":"publish","type":"page","link":"https:\/\/apacame.org.br\/site\/revista\/mensagem-doce-n-147-julho-de-2018\/congresso\/","title":{"rendered":"Congresso"},"content":{"rendered":"<h1 style=\"text-align: center;\">Estrutura e Programa\u00e7\u00e3o do Evento<\/h1>\n<p><a href=\"https:\/\/apacame.org.br\/site\/wp-content\/uploads\/2018\/08\/Foto-abertura.jpg\"><img fetchpriority=\"high\" decoding=\"async\" class=\"aligncenter size-full wp-image-2527\" src=\"https:\/\/apacame.org.br\/site\/wp-content\/uploads\/2018\/08\/Foto-abertura.jpg\" alt=\"Foto-abertura\" width=\"800\" height=\"369\" srcset=\"https:\/\/apacame.org.br\/site\/wp-content\/uploads\/2018\/08\/Foto-abertura.jpg 800w, https:\/\/apacame.org.br\/site\/wp-content\/uploads\/2018\/08\/Foto-abertura-300x138.jpg 300w, https:\/\/apacame.org.br\/site\/wp-content\/uploads\/2018\/08\/Foto-abertura-150x69.jpg 150w, https:\/\/apacame.org.br\/site\/wp-content\/uploads\/2018\/08\/Foto-abertura-500x231.jpg 500w\" sizes=\"(max-width: 800px) 100vw, 800px\" \/><\/a><\/p>\n<blockquote><p>Radam\u00e9s Zovaro &#8211; Empres\u00e1rio ap\u00edcola e Diretor T\u00e9cnico da Apacame<\/p><\/blockquote>\n<p><span style=\"font-size: large;\">Mais uma vez pudemos participar do Congresso de Apicultura, desta feita no XXII Congresso Brasileiro de Apicultura e VIII Congresso Brasileiro de Meliponicultura, que foram realizados na cidade de Joinville, localizada no estado de Santa Catarina entre os dias 16 e 19 de maio de 2018.<\/span><\/p>\n<p><span style=\"font-size: large;\">O Estado de Santa Catarina j\u00e1 promoveu quatro Congressos (incluindo este), sendo que, o primeiro doe stado, tamb\u00e9m foi o Primeiro Congresso Brasileiro e foi realizado em 1970, os outros foram realizados nos anos de 1984 e 2000, na cidade de Florian\u00f3polis\/SC e em todos marcamos presen\u00e7a. <\/span><\/p>\n<p><span style=\"font-size: large;\">Salientamos tamb\u00e9m que a organiza\u00e7\u00e3o deste Congresso, foi da FAASC \u2013 Federa\u00e7\u00e3o das Associa\u00e7\u00f5es de Apicultores e Meliponicultores de Santa Catarina e teve apoio do Governo do Estado, do Governo Municipal de Joinville e de outras entidades, como Instituto Federal Catarinense, UNITAU, Universidade Federal de Santa Catarina &#8211; UFSC, SEBRAE, SENAR, Minist\u00e9rio da Agricultura, Pecu\u00e1ria e Abastecimento, al\u00e9m da Associa\u00e7\u00e3o dos Apicultores de Joinville &#8211; APIVILLE. <\/span><\/p>\n<p><span style=\"font-size: large;\">Acreditamos que esse Congresso bateu o recorde de temas abordados, uma vez que foram realizadas13 (treze) Palestras; 28 (vinte e oito) Mesas Redondas; 28 (vinte e oito) Mini Curso; 14 (quatorze) Oficinas e 2 (duas) reuni\u00f5es Plen\u00e1rias, abordando todos os temas da apicultura brasileira.<\/span><\/p>\n<p><span style=\"font-size: large;\">A presen\u00e7a foi muito boa e acredito que todos os Estados estavam representados.<\/span><\/p>\n<p><span style=\"font-size: large;\">As palestras foram muito boas, infelizmente n\u00e3o \u00e9 poss\u00edvel assistir a todas, por\u00e9m, algumas me chamaram mais a aten\u00e7\u00e3o:<\/span><\/p>\n<p><span style=\"font-size: large;\">1 &#8211; Agrot\u00f3xicos e abelhas; <\/span><\/p>\n<p><span style=\"font-size: large;\">2 &#8211; Fatores que contribuem para a mortandade das abelhas em api\u00e1rios. <\/span><\/p>\n<p><span style=\"font-size: large;\">Outras palestras tamb\u00e9m foram importantes, mas essas duas ocuparam todos os assentos dispon\u00edveis, justamente porque o tema sobre agrot\u00f3xicos \u00e9 o que est\u00e1 mais presente em todas as reuni\u00f5es da \u00e1rea ap\u00edcola. Infelizmente a mortandade de abelhas por agrot\u00f3xicos \u00e9 um tema obrigat\u00f3rio em fun\u00e7\u00e3o do problema que causa e afeta, ou seja, a mortandade das abelhas, e consequentemente um preju\u00edzo enorme ao apicultor<\/span><\/p>\n<p><span style=\"font-size: large;\">A \u00e1rea da Exposi\u00e7\u00e3o tamb\u00e9m foi muito boa, um grande n\u00famero de empresas se apresentaram, chamando mais aten\u00e7\u00e3o os equipamentos de Inox, como Centrifugas para 120 quadros, desoperculador de favos, tamb\u00e9m automatizados, e outros equipamentos demonstrando que a ind\u00fastria brasileira esta se aprimorando e melhorando a qualidade dos equipamentos e materiais utilizados na apicultura. <\/span><\/p>\n<p><span style=\"font-size: large;\">O artesanato ap\u00edcola tamb\u00e9m se fez presente e um item que chamou a aten\u00e7\u00e3o foram as colmeias produzidas de cer\u00e2mica para as abelhas mel\u00edponas, bastante interessantes e bonitas, dando um toque especial ao melipon\u00e1rio.<\/span><\/p>\n<p><span style=\"font-size: large;\">No \u00faltimo dia, visitamos a empresa Breyer e Cia Ltda. \u2013 Entreposto de mel e cera de Abelhas, localizada em Uni\u00e3o da Vitoria \u2013 PR. Empresa exportadora de mel, al\u00e9m de produzir produtos \u00e0 base de pr\u00f3polis para atender o mercado interno. <\/span><\/p>\n<p><span style=\"font-size: large;\">Fomos recepcionados pelos propriet\u00e1rios, (Irm\u00e3os Breyer), e tivemos a possibilidade de conhecer toda a empresa e receber as explica\u00e7\u00f5es e informa\u00e7\u00f5es a respeito do mercado. <\/span><\/p>\n<p><span style=\"font-size: large;\">Na volta, passando pela cidade de Mafra\/SC e aproveitamos para visitar as instala\u00e7\u00f5es da fam\u00edlia Somer, de origem alem\u00e3 e com um grande trabalho com abelhas de longa data.<\/span><\/p>\n<p><span style=\"font-size: large;\">Foram apresentadas as instala\u00e7\u00f5es e tivemos uma pequena orienta\u00e7\u00e3o sobre a cria\u00e7\u00e3o de rainhas.<\/span><\/p>\n<p><span style=\"font-size: large;\">\u00c9 interessante notar que no Congresso havia uma \u00e1rea onde foi usado para montar um Museu da Hist\u00f3ria ap\u00edcola de Santa Catarina. Tamb\u00e9m nas 2 (duas) visitas que tivemos foi nos apresentado um museu de cada empresa, ou seja, de cada fam\u00edlia. Isso vem demonstrar a import\u00e2ncia do passado para viver no presente e futuro.<\/span><\/p>\n<p><span style=\"font-size: large;\">Finalizando devo dizer que foi um Congresso muito bem organizado, seguindo os hor\u00e1rios com rigidez, onde todos tiveram oportunidade de tirar suas d\u00favidas e com certeza os participantes receberam muitas informa\u00e7\u00f5es positivas, esperando que estas possam ser utilizadas em beneficio da Apicultura Brasileira para seu aprimoramento.<\/span><\/p>\n<p><span style=\"font-size: large;\"><b>UM POUCO DA HIST\u00d3RIA<\/b>\u00a0<\/span><\/p>\n<p><span style=\"font-size: large;\">A maior parte do territ\u00f3rio onde est\u00e1 localizado o munic\u00edpio de Joinville constava do dote que Fran\u00e7ois Ferdinand Phillipe, Pr\u00edncipe de Joinville e filho de Louis Phillipe, Rei da Fran\u00e7a, recebera em 1.834 por ocasi\u00e3o de seu casamento com a Princesa Francisca Carolina, irm\u00e3 de D. Pedro II. Assim quando \u00e0 9 de mar\u00e7o de 1.851 chegaram os primeiros imigrantes alem\u00e3es, su\u00ed\u00e7os e noruegueses a bordo da barca Colon, efetivou-se a funda\u00e7\u00e3o da nova comunidade com a denomina\u00e7\u00e3o de Col\u00f4nia Dona Francisca.<\/span><\/p>\n<p><span style=\"font-size: large;\">Em 1.852, a Col\u00f4nia passou a denominar-se Joinville, em homenagem ao Pr\u00edncipe que cedera parte das terras para a coloniza\u00e7\u00e3o. Essa \u00e9, portanto, a raz\u00e3o hist\u00f3rica pela qual Joinville \u00e9 tamb\u00e9m conhecida como a Cidade dos Pr\u00edncipes, o que lhe confere certa caracter\u00edstica de nobreza. Com um passado rico em valores culturais e guardando as marcas de sua origem, a cidade abriga hoje uma popula\u00e7\u00e3o de 500 mil habitantes e det\u00eam o maior parque fabril do estado, constituindo-se num dos mais importantes polos industriais do Pa\u00eds. No entanto, a cidade \u00e9 acolhedora e humana, com suas casas t\u00edpicas, seus verdes e suas flores. Centro cultural de grande import\u00e2ncia no cen\u00e1rio nacional, marca a sua presen\u00e7a nas Artes Pl\u00e1sticas, em seus museus, oferece um acervo dos mais valiosos. <\/span><\/p>\n<p><span style=\"font-size: large;\">A tradi\u00e7\u00e3o do trabalho herdada dos imigrantes constr\u00f3i a Manchester Catarinense.<\/span><\/p>\n<p><a href=\"https:\/\/apacame.org.br\/site\/wp-content\/uploads\/2018\/08\/Quadro-01.jpg\"><img decoding=\"async\" class=\"aligncenter size-full wp-image-2528\" src=\"https:\/\/apacame.org.br\/site\/wp-content\/uploads\/2018\/08\/Quadro-01.jpg\" alt=\"Quadro-01\" width=\"800\" height=\"595\" srcset=\"https:\/\/apacame.org.br\/site\/wp-content\/uploads\/2018\/08\/Quadro-01.jpg 800w, https:\/\/apacame.org.br\/site\/wp-content\/uploads\/2018\/08\/Quadro-01-300x223.jpg 300w, https:\/\/apacame.org.br\/site\/wp-content\/uploads\/2018\/08\/Quadro-01-150x112.jpg 150w, https:\/\/apacame.org.br\/site\/wp-content\/uploads\/2018\/08\/Quadro-01-500x372.jpg 500w\" sizes=\"(max-width: 800px) 100vw, 800px\" \/><\/a><\/p>\n","protected":false},"excerpt":{"rendered":"<p>Estrutura e Programa\u00e7\u00e3o do Evento Radam\u00e9s Zovaro &#8211; Empres\u00e1rio ap\u00edcola e Diretor T\u00e9cnico da Apacame Mais uma vez pudemos participar do Congresso de Apicultura, desta feita no XXII Congresso Brasileiro [&hellip;]<\/p>\n","protected":false},"author":1,"featured_media":0,"parent":2517,"menu_order":0,"comment_status":"open","ping_status":"open","template":"","meta":{"pmpro_default_level":"","_price":"","_stock":"","_tribe_ticket_header":"","_tribe_default_ticket_provider":"","_tribe_ticket_capacity":"0","_ticket_start_date":"","_ticket_end_date":"","_tribe_ticket_show_description":"","_tribe_ticket_show_not_going":false,"_tribe_ticket_use_global_stock":"","_tribe_ticket_global_stock_level":"","_global_stock_mode":"","_global_stock_cap":"","_tribe_rsvp_for_event":"","_tribe_ticket_going_count":"","_tribe_ticket_not_going_count":"","_tribe_tickets_list":"[]","_tribe_ticket_has_attendee_info_fields":false,"cybocfi_hide_featured_image":"","footnotes":""},"class_list":["post-2526","page","type-page","status-publish","hentry","pmpro-has-access"],"_links":{"self":[{"href":"https:\/\/apacame.org.br\/site\/wp-json\/wp\/v2\/pages\/2526"}],"collection":[{"href":"https:\/\/apacame.org.br\/site\/wp-json\/wp\/v2\/pages"}],"about":[{"href":"https:\/\/apacame.org.br\/site\/wp-json\/wp\/v2\/types\/page"}],"author":[{"embeddable":true,"href":"https:\/\/apacame.org.br\/site\/wp-json\/wp\/v2\/users\/1"}],"replies":[{"embeddable":true,"href":"https:\/\/apacame.org.br\/site\/wp-json\/wp\/v2\/comments?post=2526"}],"version-history":[{"count":2,"href":"https:\/\/apacame.org.br\/site\/wp-json\/wp\/v2\/pages\/2526\/revisions"}],"predecessor-version":[{"id":2530,"href":"https:\/\/apacame.org.br\/site\/wp-json\/wp\/v2\/pages\/2526\/revisions\/2530"}],"up":[{"embeddable":true,"href":"https:\/\/apacame.org.br\/site\/wp-json\/wp\/v2\/pages\/2517"}],"wp:attachment":[{"href":"https:\/\/apacame.org.br\/site\/wp-json\/wp\/v2\/media?parent=2526"}],"curies":[{"name":"wp","href":"https:\/\/api.w.org\/{rel}","templated":true}]}}