{"id":2522,"date":"2018-08-06T18:40:13","date_gmt":"2018-08-06T18:40:13","guid":{"rendered":"http:\/\/apacame.org.br\/site\/?page_id=2522"},"modified":"2018-08-06T18:40:37","modified_gmt":"2018-08-06T18:40:37","slug":"editorial","status":"publish","type":"page","link":"https:\/\/apacame.org.br\/site\/revista\/mensagem-doce-n-147-julho-de-2018\/editorial\/","title":{"rendered":"Editorial"},"content":{"rendered":"<h1 style=\"text-align: center;\">O XXII CONGRESSO BRASILEIRO DE APICULTURA E O VIII CONGRESSO BRASILEIRO DE MELIPONICULTURA<\/h1>\n<p><span style=\"font-size: large;\">Nesta edi\u00e7\u00e3o estamos destinando espa\u00e7o para comentar e mostrar, parcialmente, o que aconteceu durante o maior evento da apicultura e da meliponicultura brasileira.<\/span><\/p>\n<p><span style=\"font-size: large;\">Tivemos a oportunidade de participar do mais bem organizado congresso dos \u00faltimos tempos em que pese a situa\u00e7\u00e3o pol\u00edtica e econ\u00f4mica do Brasil.<\/span><\/p>\n<p><span style=\"font-size: large;\">Com uma programa\u00e7\u00e3o intensa e concentrada em apenas dois dias, o evento prendeu a aten\u00e7\u00e3o dos participantes que precisavam decidir os temas de maior interesse para cada um, j\u00e1 que era imposs\u00edvel assistir a todas as palestras, mesas redondas, minicursos e oficinas, as quais eram realizadas simultaneamente.<\/span><\/p>\n<p><span style=\"font-size: large;\">Se de um lado a Comiss\u00e3o Organizadora local n\u00e3o mediu esfor\u00e7os para atender da melhor forma poss\u00edvel os mais de 2.000 congressistas sentimos a Confedera\u00e7\u00e3o Brasileira de Apicultura acuada, tentando ficar bem com todos, o que \u00e9 imposs\u00edvel.<\/span><\/p>\n<p><span style=\"font-size: large;\">Infelizmente os congressos brasileiros de apicultura e meliponicultura continuam a ser uma grande festa de confraterniza\u00e7\u00e3o sem nenhum resultado que interfira na pol\u00edtica ap\u00edcola brasileira, em prol dos apicultores, dos meliponicultores e em especial em prol das abelhas.<\/span><\/p>\n<p><span style=\"font-size: large;\">Agora, segue-se dois anos de marasmo at\u00e9 o pr\u00f3ximo congresso a ser realizado em Bras\u00edlia \u2013 DF, no ano de 2020 e as entidades representativas dos apicultores, dos meliponicultores dependentes da ajuda financeira das empresas interessadas.<\/span><\/p>\n<p><span style=\"font-size: large;\"><i><b>Constantino Zara Filho \u2013 Presidente Executivo<\/b><\/i><\/span><\/p>\n","protected":false},"excerpt":{"rendered":"<p>O XXII CONGRESSO BRASILEIRO DE APICULTURA E O VIII CONGRESSO BRASILEIRO DE MELIPONICULTURA Nesta edi\u00e7\u00e3o estamos destinando espa\u00e7o para comentar e mostrar, parcialmente, o que aconteceu durante o maior evento [&hellip;]<\/p>\n","protected":false},"author":1,"featured_media":0,"parent":2517,"menu_order":0,"comment_status":"open","ping_status":"open","template":"","meta":{"pmpro_default_level":"","_price":"","_stock":"","_tribe_ticket_header":"","_tribe_default_ticket_provider":"","_tribe_ticket_capacity":"0","_ticket_start_date":"","_ticket_end_date":"","_tribe_ticket_show_description":"","_tribe_ticket_show_not_going":false,"_tribe_ticket_use_global_stock":"","_tribe_ticket_global_stock_level":"","_global_stock_mode":"","_global_stock_cap":"","_tribe_rsvp_for_event":"","_tribe_ticket_going_count":"","_tribe_ticket_not_going_count":"","_tribe_tickets_list":"[]","_tribe_ticket_has_attendee_info_fields":false,"cybocfi_hide_featured_image":"","footnotes":""},"class_list":["post-2522","page","type-page","status-publish","hentry","pmpro-has-access"],"_links":{"self":[{"href":"https:\/\/apacame.org.br\/site\/wp-json\/wp\/v2\/pages\/2522"}],"collection":[{"href":"https:\/\/apacame.org.br\/site\/wp-json\/wp\/v2\/pages"}],"about":[{"href":"https:\/\/apacame.org.br\/site\/wp-json\/wp\/v2\/types\/page"}],"author":[{"embeddable":true,"href":"https:\/\/apacame.org.br\/site\/wp-json\/wp\/v2\/users\/1"}],"replies":[{"embeddable":true,"href":"https:\/\/apacame.org.br\/site\/wp-json\/wp\/v2\/comments?post=2522"}],"version-history":[{"count":2,"href":"https:\/\/apacame.org.br\/site\/wp-json\/wp\/v2\/pages\/2522\/revisions"}],"predecessor-version":[{"id":2524,"href":"https:\/\/apacame.org.br\/site\/wp-json\/wp\/v2\/pages\/2522\/revisions\/2524"}],"up":[{"embeddable":true,"href":"https:\/\/apacame.org.br\/site\/wp-json\/wp\/v2\/pages\/2517"}],"wp:attachment":[{"href":"https:\/\/apacame.org.br\/site\/wp-json\/wp\/v2\/media?parent=2522"}],"curies":[{"name":"wp","href":"https:\/\/api.w.org\/{rel}","templated":true}]}}