{"id":2492,"date":"2018-06-19T23:55:05","date_gmt":"2018-06-19T23:55:05","guid":{"rendered":"http:\/\/apacame.org.br\/site\/?page_id=2492"},"modified":"2018-06-19T23:55:05","modified_gmt":"2018-06-19T23:55:05","slug":"noticia","status":"publish","type":"page","link":"https:\/\/apacame.org.br\/site\/revista\/mensagem-doce-n-146-maio-de-2018\/noticia\/","title":{"rendered":"Not\u00edcia"},"content":{"rendered":"<h1 style=\"text-align: center;\">A Uni\u00e3o Europeia bane<br \/>\nuso de pesticidas nocivos<br \/>\n\u00e0s abelhas<\/h1>\n<blockquote><p>Fonte: A Deutsche Welle.<\/p><\/blockquote>\n<p><span style=\"font-size: large;\">Estados-membros concordam em proibir neonicotinoides, que danificam sistema nervoso central de insetos. Usadas na agricultura, subst\u00e2ncias s\u00e3o apontadas como respons\u00e1veis por decl\u00ednio da popula\u00e7\u00e3o de abelhas.<\/span><\/p>\n<figure id=\"attachment_2493\" aria-describedby=\"caption-attachment-2493\" style=\"width: 409px\" class=\"wp-caption alignright\"><a href=\"https:\/\/apacame.org.br\/site\/wp-content\/uploads\/2018\/06\/EU-bane.jpg\"><img fetchpriority=\"high\" decoding=\"async\" class=\"size-full wp-image-2493\" src=\"https:\/\/apacame.org.br\/site\/wp-content\/uploads\/2018\/06\/EU-bane.jpg\" alt=\"Imagens da campanha dos apicultores na luta contra os neonicotin\u00f3ides na Uni\u00e3o Europeia.\" width=\"409\" height=\"256\" srcset=\"https:\/\/apacame.org.br\/site\/wp-content\/uploads\/2018\/06\/EU-bane.jpg 409w, https:\/\/apacame.org.br\/site\/wp-content\/uploads\/2018\/06\/EU-bane-300x188.jpg 300w, https:\/\/apacame.org.br\/site\/wp-content\/uploads\/2018\/06\/EU-bane-150x94.jpg 150w\" sizes=\"(max-width: 409px) 100vw, 409px\" \/><\/a><figcaption id=\"caption-attachment-2493\" class=\"wp-caption-text\">Imagens da campanha dos apicultores na luta<br \/>contra os neonicotin\u00f3ides na Uni\u00e3o Europeia.<\/figcaption><\/figure>\n<p><span style=\"font-size: large;\">Os 28 Estados-membros da Uni\u00e3o Europeia (UE) concordaram, nesta sexta-feira (27\/04), em proibir por completo o uso de tr\u00eas subst\u00e2ncias qu\u00edmicas usadas em pesticidas depois que um estudo cient\u00edfico descobriu que elas s\u00e3o prejudiciais \u00e0s abelhas.<\/span><\/p>\n<p><span style=\"font-size: large;\">A Comiss\u00e3o Europeia havia recomendado a proibi\u00e7\u00e3o depois de a Autoridade Europeia de Seguran\u00e7a Alimentar concluir que as tr\u00eas subst\u00e2ncias \u2013 clotianidina, imidacloprida e tiametoxam, coletivamente conhecidas como neonicotinoides \u2013 danificam o sistema nervoso central de insetos, incluindo as abelhas.<\/span><\/p>\n<p><span style=\"font-size: large;\">As abelhas ajudam a polinizar 90% das principais culturas agr\u00edcolas do mundo, mas, nos \u00faltimos anos, t\u00eam morrido devido a uma &#8220;desordem que leva ao colapso das colmeias&#8221;, um misterioso flagelo atribu\u00eddo a \u00e1caros, pesticidas, v\u00edrus, fungos ou uma combina\u00e7\u00e3o desses fatores. Qualquer diminui\u00e7\u00e3o na popula\u00e7\u00e3o leva a preocupa\u00e7\u00f5es econ\u00f4micas e no fornecimento de alimentos.<\/span><\/p>\n<p><span style=\"font-size: large;\"><a href=\"https:\/\/apacame.org.br\/site\/wp-content\/uploads\/2018\/06\/EU-bane2.jpg\"><img decoding=\"async\" class=\"alignleft size-full wp-image-2494\" src=\"https:\/\/apacame.org.br\/site\/wp-content\/uploads\/2018\/06\/EU-bane2.jpg\" alt=\"EU-bane2\" width=\"426\" height=\"240\" srcset=\"https:\/\/apacame.org.br\/site\/wp-content\/uploads\/2018\/06\/EU-bane2.jpg 426w, https:\/\/apacame.org.br\/site\/wp-content\/uploads\/2018\/06\/EU-bane2-300x169.jpg 300w, https:\/\/apacame.org.br\/site\/wp-content\/uploads\/2018\/06\/EU-bane2-150x85.jpg 150w\" sizes=\"(max-width: 426px) 100vw, 426px\" \/><\/a>&#8220;A sa\u00fade das abelhas continua sendo de extrema import\u00e2ncia, uma vez que diz respeito \u00e0 biodiversidade, \u00e0 produ\u00e7\u00e3o de alimentos e ao meio ambiente&#8221;, disse o Comiss\u00e1rio Europeu para Sa\u00fade e Seguran\u00e7a Alimentar, Vytenis Andriukaitis. &#8220;Estou feliz que os Estados-membros votaram a favor de nossa proposta.&#8221;<\/span><\/p>\n<p><span style=\"font-size: large;\">Os citados componentes qu\u00edmicos j\u00e1 tinham sido restringidos pela Uni\u00e3o Europeia em 2013, como parte dos esfor\u00e7os para proteger as abelhas, e Bruxelas encomendou um relat\u00f3rio mais abrangente sobre os efeitos com a compila\u00e7\u00e3o de v\u00e1rios estudos dispon\u00edveis sobre o tema.<\/span><\/p>\n<p><span style=\"font-size: large;\">&#8220;Tremenda vit\u00f3ria para o meio ambiente&#8221;.<\/span><\/p>\n<p><span style=\"font-size: large;\">Espera-se que a medida entre em vigor at\u00e9 o fim do ano. O uso das subst\u00e2ncias ser\u00e1 permitido em estufas, onde as abelhas n\u00e3o s\u00e3o expostas aos malef\u00edcios. A Pesticide Action Network (PAN), que \u00e9 um grupo de organiza\u00e7\u00f5es n\u00e3o governamentais que trabalham para minimizar os efeitos nocivos de pesticidas, afirmou que a decis\u00e3o marca um dia hist\u00f3rico para a Europa.<\/span><\/p>\n<p><span style=\"font-size: large;\">&#8220;Autorizar o uso de neonicotinoides durante um quarto de s\u00e9culo foi um erro e levou a um desastre ambiental&#8221;, disse Martin Dermine, diretor de pol\u00edticas de Sa\u00fade e Meio Ambiente da filial europeia da PAN.<\/span><\/p>\n<p><span style=\"font-size: large;\">Grupos ambientalistas, que h\u00e1 muito tempo faziam campanha pelo banimento dos neonicotinoides, enalteceram a decis\u00e3o. <\/span><\/p>\n<p><span style=\"font-size: large;\">&#8220;Esta proibi\u00e7\u00e3o completa dos neonicotinoides, em todas as culturas ao ar livre, \u00e9 uma tremenda vit\u00f3rias para nossas abelhas e para o meio ambiente&#8221;, celebrou a ativista Sandra Bell, da organiza\u00e7\u00e3o Friends of the Earth Europe.<\/span><\/p>\n<p><span style=\"font-size: large;\">A rede de mobiliza\u00e7\u00e3o social global Avaaz afirmou que &#8220;proibir esses pesticidas t\u00f3xicos \u00e9 um sinal de esperan\u00e7a para as abelhas&#8221; na Europa. &#8220;Finalmente, nossos governos deram ouvidos aos seus cidad\u00e3os, \u00e0s evid\u00eancias cient\u00edficas e aos agricultores que sabem que as abelhas n\u00e3o podem viver com esses produtos qu\u00edmicos&#8221;, disse a ativista Antonia Staats.<\/span><\/p>\n<p><span style=\"font-size: large;\">Ao contr\u00e1rio dos pesticidas de contato (que permanecem na superf\u00edcie da folhagem), os neonicotinoides s\u00e3o absorvidos pela planta na fase de semente a transportados para folhas, flores, ra\u00edzes e caule. Os neonicotinoides t\u00eam sido amplamente utilizados nos \u00faltimos anos e foram projetados para controlar insetos que se alimentam de seiva, como af\u00eddeos (piolhos-de-planta) e larvas que corroem ra\u00edzes.<\/span><\/p>\n","protected":false},"excerpt":{"rendered":"<p>A Uni\u00e3o Europeia bane uso de pesticidas nocivos \u00e0s abelhas Fonte: A Deutsche Welle. Estados-membros concordam em proibir neonicotinoides, que danificam sistema nervoso central de insetos. Usadas na agricultura, subst\u00e2ncias [&hellip;]<\/p>\n","protected":false},"author":1,"featured_media":0,"parent":2418,"menu_order":0,"comment_status":"open","ping_status":"open","template":"","meta":{"pmpro_default_level":"","_price":"","_stock":"","_tribe_ticket_header":"","_tribe_default_ticket_provider":"","_tribe_ticket_capacity":"0","_ticket_start_date":"","_ticket_end_date":"","_tribe_ticket_show_description":"","_tribe_ticket_show_not_going":false,"_tribe_ticket_use_global_stock":"","_tribe_ticket_global_stock_level":"","_global_stock_mode":"","_global_stock_cap":"","_tribe_rsvp_for_event":"","_tribe_ticket_going_count":"","_tribe_ticket_not_going_count":"","_tribe_tickets_list":"[]","_tribe_ticket_has_attendee_info_fields":false,"cybocfi_hide_featured_image":"","footnotes":""},"class_list":["post-2492","page","type-page","status-publish","hentry","pmpro-has-access"],"_links":{"self":[{"href":"https:\/\/apacame.org.br\/site\/wp-json\/wp\/v2\/pages\/2492"}],"collection":[{"href":"https:\/\/apacame.org.br\/site\/wp-json\/wp\/v2\/pages"}],"about":[{"href":"https:\/\/apacame.org.br\/site\/wp-json\/wp\/v2\/types\/page"}],"author":[{"embeddable":true,"href":"https:\/\/apacame.org.br\/site\/wp-json\/wp\/v2\/users\/1"}],"replies":[{"embeddable":true,"href":"https:\/\/apacame.org.br\/site\/wp-json\/wp\/v2\/comments?post=2492"}],"version-history":[{"count":2,"href":"https:\/\/apacame.org.br\/site\/wp-json\/wp\/v2\/pages\/2492\/revisions"}],"predecessor-version":[{"id":2496,"href":"https:\/\/apacame.org.br\/site\/wp-json\/wp\/v2\/pages\/2492\/revisions\/2496"}],"up":[{"embeddable":true,"href":"https:\/\/apacame.org.br\/site\/wp-json\/wp\/v2\/pages\/2418"}],"wp:attachment":[{"href":"https:\/\/apacame.org.br\/site\/wp-json\/wp\/v2\/media?parent=2492"}],"curies":[{"name":"wp","href":"https:\/\/api.w.org\/{rel}","templated":true}]}}