{"id":2475,"date":"2018-06-19T20:41:44","date_gmt":"2018-06-19T20:41:44","guid":{"rendered":"http:\/\/apacame.org.br\/site\/?page_id=2475"},"modified":"2018-06-19T20:43:54","modified_gmt":"2018-06-19T20:43:54","slug":"atividade-3","status":"publish","type":"page","link":"https:\/\/apacame.org.br\/site\/revista\/mensagem-doce-n-146-maio-de-2018\/atividade-3\/","title":{"rendered":"Atividade"},"content":{"rendered":"<h1 style=\"text-align: center;\">183\u00ba CURSO DE APICULTURA MINISTRADO PELA APACAME<\/h1>\n<p><span style=\"font-size: large;\"><a href=\"https:\/\/apacame.org.br\/site\/wp-content\/uploads\/2018\/06\/Foto-Curso.jpg\"><img fetchpriority=\"high\" decoding=\"async\" class=\"aligncenter size-full wp-image-2476\" src=\"https:\/\/apacame.org.br\/site\/wp-content\/uploads\/2018\/06\/Foto-Curso.jpg\" alt=\"Foto-Curso\" width=\"943\" height=\"348\" srcset=\"https:\/\/apacame.org.br\/site\/wp-content\/uploads\/2018\/06\/Foto-Curso.jpg 943w, https:\/\/apacame.org.br\/site\/wp-content\/uploads\/2018\/06\/Foto-Curso-300x111.jpg 300w, https:\/\/apacame.org.br\/site\/wp-content\/uploads\/2018\/06\/Foto-Curso-150x55.jpg 150w, https:\/\/apacame.org.br\/site\/wp-content\/uploads\/2018\/06\/Foto-Curso-500x185.jpg 500w\" sizes=\"(max-width: 943px) 100vw, 943px\" \/><\/a><\/span><\/p>\n<p><span style=\"font-size: large;\">Nos finais de Semana 17\/18 e 24\/25 de mar\u00e7o de 2018 a APACAME ministrou o 183\u00ba Curso de Apicultura, no Api\u00e1rio Escola, localizado no Munic\u00edpio de Santana de Parnaiba \u2013 SP, o qual contou com os monitores: Constantino Zara Filho, Alvaro de Oliveira Chaves e Eloi Viana da Silva.<\/span><\/p>\n<p><span style=\"font-size: large;\">Como sempre o curso transcorreu num ambiente de total harmonia com a participa\u00e7\u00e3o pr\u00f3-ativa dos alunos nas aulas pr\u00e1ticas e te\u00f3ricas.<\/span><\/p>\n<p><span style=\"font-size: large;\"><b>Alunos<\/b><\/span><\/p>\n<p><span style=\"font-size: large;\">Bruno Gon\u00e7alves Formaggio; Carlos Jos\u00e9 Spindola; Carlos Eduardo de Mura Lima; Claudio Nigri; Emerson dos Santos; Fabricio Zopello; Frederico Zopello; Felipe da Silva Assis; F\u00e1bio Eduardo Reis Di Nizo; Fabiano de Souza Jacob;Jos\u00e9 Carlos Soares; Miriam Demirsky; Patr\u00edcia Coelho Teixeira; Paulo Sirks; Pascoal de Camargo; Rodolfo Martino Bento de Souza; Silas Rodrigues da Costa Filho; Samuel Cassiano e Ta\u00eds Gasparian.<\/span><\/p>\n<p><span style=\"font-size: large;\">A APACAME agradece a participa\u00e7\u00e3o e deseja \u00e0 todos sucesso nos seus api\u00e1rios.<\/span><\/p>\n","protected":false},"excerpt":{"rendered":"<p>183\u00ba CURSO DE APICULTURA MINISTRADO PELA APACAME Nos finais de Semana 17\/18 e 24\/25 de mar\u00e7o de 2018 a APACAME ministrou o 183\u00ba Curso de Apicultura, no Api\u00e1rio Escola, localizado [&hellip;]<\/p>\n","protected":false},"author":1,"featured_media":0,"parent":2418,"menu_order":0,"comment_status":"open","ping_status":"open","template":"","meta":{"pmpro_default_level":"","_price":"","_stock":"","_tribe_ticket_header":"","_tribe_default_ticket_provider":"","_tribe_ticket_capacity":"0","_ticket_start_date":"","_ticket_end_date":"","_tribe_ticket_show_description":"","_tribe_ticket_show_not_going":false,"_tribe_ticket_use_global_stock":"","_tribe_ticket_global_stock_level":"","_global_stock_mode":"","_global_stock_cap":"","_tribe_rsvp_for_event":"","_tribe_ticket_going_count":"","_tribe_ticket_not_going_count":"","_tribe_tickets_list":"[]","_tribe_ticket_has_attendee_info_fields":false,"cybocfi_hide_featured_image":"","footnotes":""},"class_list":["post-2475","page","type-page","status-publish","hentry","pmpro-has-access"],"_links":{"self":[{"href":"https:\/\/apacame.org.br\/site\/wp-json\/wp\/v2\/pages\/2475"}],"collection":[{"href":"https:\/\/apacame.org.br\/site\/wp-json\/wp\/v2\/pages"}],"about":[{"href":"https:\/\/apacame.org.br\/site\/wp-json\/wp\/v2\/types\/page"}],"author":[{"embeddable":true,"href":"https:\/\/apacame.org.br\/site\/wp-json\/wp\/v2\/users\/1"}],"replies":[{"embeddable":true,"href":"https:\/\/apacame.org.br\/site\/wp-json\/wp\/v2\/comments?post=2475"}],"version-history":[{"count":3,"href":"https:\/\/apacame.org.br\/site\/wp-json\/wp\/v2\/pages\/2475\/revisions"}],"predecessor-version":[{"id":2478,"href":"https:\/\/apacame.org.br\/site\/wp-json\/wp\/v2\/pages\/2475\/revisions\/2478"}],"up":[{"embeddable":true,"href":"https:\/\/apacame.org.br\/site\/wp-json\/wp\/v2\/pages\/2418"}],"wp:attachment":[{"href":"https:\/\/apacame.org.br\/site\/wp-json\/wp\/v2\/media?parent=2475"}],"curies":[{"name":"wp","href":"https:\/\/api.w.org\/{rel}","templated":true}]}}