{"id":2469,"date":"2018-06-19T20:34:39","date_gmt":"2018-06-19T20:34:39","guid":{"rendered":"http:\/\/apacame.org.br\/site\/?page_id=2469"},"modified":"2018-06-19T20:34:39","modified_gmt":"2018-06-19T20:34:39","slug":"atividade-2","status":"publish","type":"page","link":"https:\/\/apacame.org.br\/site\/revista\/mensagem-doce-n-146-maio-de-2018\/atividade-2\/","title":{"rendered":"Atividade"},"content":{"rendered":"<h1 style=\"text-align: center;\">REUNI\u00c3O DOS APICULTORES E MELIPONICULTORES DE ABRIL<\/h1>\n<figure id=\"attachment_2470\" aria-describedby=\"caption-attachment-2470\" style=\"width: 560px\" class=\"wp-caption alignleft\"><a href=\"https:\/\/apacame.org.br\/site\/wp-content\/uploads\/2018\/06\/Reuniao-foto1.jpg\"><img fetchpriority=\"high\" decoding=\"async\" class=\"size-full wp-image-2470\" src=\"https:\/\/apacame.org.br\/site\/wp-content\/uploads\/2018\/06\/Reuniao-foto1.jpg\" alt=\"O Prof. Fernando Luis do Amaral durante a sua palestra, cujo tema despertou o interesse de todos os associados e convidados presentes ao evento.\" width=\"560\" height=\"388\" srcset=\"https:\/\/apacame.org.br\/site\/wp-content\/uploads\/2018\/06\/Reuniao-foto1.jpg 560w, https:\/\/apacame.org.br\/site\/wp-content\/uploads\/2018\/06\/Reuniao-foto1-300x208.jpg 300w, https:\/\/apacame.org.br\/site\/wp-content\/uploads\/2018\/06\/Reuniao-foto1-150x104.jpg 150w, https:\/\/apacame.org.br\/site\/wp-content\/uploads\/2018\/06\/Reuniao-foto1-500x346.jpg 500w\" sizes=\"(max-width: 560px) 100vw, 560px\" \/><\/a><figcaption id=\"caption-attachment-2470\" class=\"wp-caption-text\">O Prof. Fernando Luis do Amaral durante a sua palestra, cujo tema despertou o interesse de<br \/>todos os associados e convidados presentes ao evento.<\/figcaption><\/figure>\n<p><span style=\"font-size: large;\">Na nossa reuni\u00e3o de 04 de abril de 2018, \u00e0s 18h15m, no Audit\u00f3rio do Instituto de Pesca, localizado dentro do Parque Fernando Costa, Parque da \u00c1gua Branca, sito \u00e0 Av. Francisco Matarazzo, 455, bairro da \u00c1gua Branca, S\u00e3o Paulo \u2013 SP \u2013 Tel: 11 3864-9284, tivemos a honra de receber a visita do Professor Fernando Luis do Amaral que proferiu uma Palestra sobre o tema:<br \/>\n\u201cCinco Plantas Importantes e a Vis\u00e3o 360\u00ba Graus Entre Homem e Abelha, Que Interagem Entre Si\u201d.<br \/>\nO Palestrante \u00e9 Docente da Faculdade Oswaldo Cruz; CEO da World\u00b4s Natural Fragances; Presidente do Instituto de Osmologia e \u00d3leos Essenciais; Fundador da Fazenda das Lavandas; Autor do livro \u201cT\u00e9cnicas de Aplica\u00e7\u00e3o de \u00d3leos Essenciais\u201d (Ed. Cengage Learning).<\/span><\/p>\n<p><span style=\"font-size: large;\">O Prof. Fernando Luis do Amaral durante a sua palestra, cujo tema despertou o interesse de todos os associados e convidados presentes ao evento.<\/span><\/p>\n<p><span style=\"font-size: large;\">Ao final da Palestra o Prof. Fernando Amaral foi agraciado com um Diploma que registra a sua presen\u00e7a na nossa reuni\u00e3o, o qual foi entregue pelo nosso Diretor T\u00e9cnico Radam\u00e9s Zovaro, a esquerda do Prof. Fernando e pelo Vice-tesoureiro Eloi Viana da Silva.<\/span><\/p>\n<div id='gallery-1' class='gallery galleryid-2469 gallery-columns-2 gallery-size-medium'><figure class='gallery-item'>\n\t\t\t<div class='gallery-icon landscape'>\n\t\t\t\t<a href='https:\/\/apacame.org.br\/site\/wp-content\/uploads\/2018\/06\/Reuniao-foto-premio.jpg'><img decoding=\"async\" width=\"300\" height=\"230\" src=\"https:\/\/apacame.org.br\/site\/wp-content\/uploads\/2018\/06\/Reuniao-foto-premio-300x230.jpg\" class=\"attachment-medium size-medium\" alt=\"\" aria-describedby=\"gallery-1-2472\" srcset=\"https:\/\/apacame.org.br\/site\/wp-content\/uploads\/2018\/06\/Reuniao-foto-premio-300x230.jpg 300w, https:\/\/apacame.org.br\/site\/wp-content\/uploads\/2018\/06\/Reuniao-foto-premio-150x115.jpg 150w, https:\/\/apacame.org.br\/site\/wp-content\/uploads\/2018\/06\/Reuniao-foto-premio-500x384.jpg 500w, https:\/\/apacame.org.br\/site\/wp-content\/uploads\/2018\/06\/Reuniao-foto-premio.jpg 572w\" sizes=\"(max-width: 300px) 100vw, 300px\" \/><\/a>\n\t\t\t<\/div>\n\t\t\t\t<figcaption class='wp-caption-text gallery-caption' id='gallery-1-2472'>\n\t\t\t\tOlha os sortudos acompanhados pelo Prof. Fernando Luis do Amaral. Foi uma reuni\u00e3o\nmemor\u00e1vel.\n\t\t\t\t<\/figcaption><\/figure><figure class='gallery-item'>\n\t\t\t<div class='gallery-icon landscape'>\n\t\t\t\t<a href='https:\/\/apacame.org.br\/site\/wp-content\/uploads\/2018\/06\/Reuniao-foto2.jpg'><img decoding=\"async\" width=\"300\" height=\"200\" src=\"https:\/\/apacame.org.br\/site\/wp-content\/uploads\/2018\/06\/Reuniao-foto2-300x200.jpg\" class=\"attachment-medium size-medium\" alt=\"\" aria-describedby=\"gallery-1-2471\" srcset=\"https:\/\/apacame.org.br\/site\/wp-content\/uploads\/2018\/06\/Reuniao-foto2-300x200.jpg 300w, https:\/\/apacame.org.br\/site\/wp-content\/uploads\/2018\/06\/Reuniao-foto2-150x100.jpg 150w, https:\/\/apacame.org.br\/site\/wp-content\/uploads\/2018\/06\/Reuniao-foto2-500x334.jpg 500w, https:\/\/apacame.org.br\/site\/wp-content\/uploads\/2018\/06\/Reuniao-foto2.jpg 560w\" sizes=\"(max-width: 300px) 100vw, 300px\" \/><\/a>\n\t\t\t<\/div>\n\t\t\t\t<figcaption class='wp-caption-text gallery-caption' id='gallery-1-2471'>\n\t\t\t\tAo final da Palestra o Prof. Fernando Amaral foi agraciado com um Diploma que registra a sua\npresen\u00e7a na nossa reuni\u00e3o, o qual foi entregue pelo nosso Diretor T\u00e9cnico Radam\u00e9s Zovaro, a\nesquerda do Prof. Fernando e pelo Vice-tesoureiro Eloi Viana da Silva.\n\t\t\t\t<\/figcaption><\/figure>\n\t\t<\/div>\n\n","protected":false},"excerpt":{"rendered":"<p>REUNI\u00c3O DOS APICULTORES E MELIPONICULTORES DE ABRIL Na nossa reuni\u00e3o de 04 de abril de 2018, \u00e0s 18h15m, no Audit\u00f3rio do Instituto de Pesca, localizado dentro do Parque Fernando Costa, [&hellip;]<\/p>\n","protected":false},"author":1,"featured_media":0,"parent":2418,"menu_order":0,"comment_status":"open","ping_status":"open","template":"","meta":{"pmpro_default_level":"","_price":"","_stock":"","_tribe_ticket_header":"","_tribe_default_ticket_provider":"","_tribe_ticket_capacity":"0","_ticket_start_date":"","_ticket_end_date":"","_tribe_ticket_show_description":"","_tribe_ticket_show_not_going":false,"_tribe_ticket_use_global_stock":"","_tribe_ticket_global_stock_level":"","_global_stock_mode":"","_global_stock_cap":"","_tribe_rsvp_for_event":"","_tribe_ticket_going_count":"","_tribe_ticket_not_going_count":"","_tribe_tickets_list":"[]","_tribe_ticket_has_attendee_info_fields":false,"cybocfi_hide_featured_image":"","footnotes":""},"class_list":["post-2469","page","type-page","status-publish","hentry","pmpro-has-access"],"_links":{"self":[{"href":"https:\/\/apacame.org.br\/site\/wp-json\/wp\/v2\/pages\/2469"}],"collection":[{"href":"https:\/\/apacame.org.br\/site\/wp-json\/wp\/v2\/pages"}],"about":[{"href":"https:\/\/apacame.org.br\/site\/wp-json\/wp\/v2\/types\/page"}],"author":[{"embeddable":true,"href":"https:\/\/apacame.org.br\/site\/wp-json\/wp\/v2\/users\/1"}],"replies":[{"embeddable":true,"href":"https:\/\/apacame.org.br\/site\/wp-json\/wp\/v2\/comments?post=2469"}],"version-history":[{"count":2,"href":"https:\/\/apacame.org.br\/site\/wp-json\/wp\/v2\/pages\/2469\/revisions"}],"predecessor-version":[{"id":2474,"href":"https:\/\/apacame.org.br\/site\/wp-json\/wp\/v2\/pages\/2469\/revisions\/2474"}],"up":[{"embeddable":true,"href":"https:\/\/apacame.org.br\/site\/wp-json\/wp\/v2\/pages\/2418"}],"wp:attachment":[{"href":"https:\/\/apacame.org.br\/site\/wp-json\/wp\/v2\/media?parent=2469"}],"curies":[{"name":"wp","href":"https:\/\/api.w.org\/{rel}","templated":true}]}}