{"id":2462,"date":"2018-06-19T20:23:08","date_gmt":"2018-06-19T20:23:08","guid":{"rendered":"http:\/\/apacame.org.br\/site\/?page_id=2462"},"modified":"2018-06-19T20:23:08","modified_gmt":"2018-06-19T20:23:08","slug":"atividade","status":"publish","type":"page","link":"https:\/\/apacame.org.br\/site\/revista\/mensagem-doce-n-146-maio-de-2018\/atividade\/","title":{"rendered":"Atividade"},"content":{"rendered":"<h1 style=\"text-align: center;\">AUDI\u00caNCIA P\u00daBLICA PARA DISCUSS\u00c3O DA PULVERIZA\u00c7\u00c3O A\u00c9REA<br \/>\nE OS EFEITOS DOS AGROT\u00d3XICOS NO ESTADO DE S\u00c3O PAULO<\/h1>\n<figure id=\"attachment_2463\" aria-describedby=\"caption-attachment-2463\" style=\"width: 1024px\" class=\"wp-caption aligncenter\"><a href=\"https:\/\/apacame.org.br\/site\/wp-content\/uploads\/2018\/06\/Foto1-Audiencia.jpg\"><img fetchpriority=\"high\" decoding=\"async\" class=\"size-large wp-image-2463\" src=\"https:\/\/apacame.org.br\/site\/wp-content\/uploads\/2018\/06\/Foto1-Audiencia-1024x381.jpg\" alt=\"Constitui\u00e7\u00e3o da Mesa: Presidente: Deputado Estadual Roberto Tripoli, Presidente da Comiss\u00e3o de Meio Ambiente e Desenvolvimento Sustent\u00e1vel - Padre Afonso Lobato, Deputado Estadual e Proponente do Projeto de Lei 405\/2016 que pro\u00edbe a Pulveriza\u00e7\u00e3o A\u00e9rea de Agrot\u00f3xicos no Estado de S\u00e3o Paulo - Luiz Turco, Deputado Estadual - Marcos Martins, Deputado Estadual - Ed Thomas, Deputado Estadual - Itamar Borges, Deputado Estadual - Constantino Zara Filho, Presidente da APACAME \u2013 Associa\u00e7\u00e3o Paulista de Apicultores, Criadores de Abelhas Melificas Europeias - Marcelo Novaes, Defensor P\u00fablico do Estado de S\u00e3o Paulo - Pedro Serafim, Procurador do Minist\u00e9rio P\u00fabico do Trabalho - Ivan Carneiro, Promotor de Justi\u00e7a do GAEMA, Minist\u00e9rio P\u00fablico de Piracicaba; Ricardo Camargo, Pesquisador da EMBRAPA e Presidente da AMESAMPA \u2013 Associa\u00e7\u00e3o de Meliponicultores do Estado de S\u00e3o Paulo - Ricardo Villbrecht, Assessor Jur\u00eddico do SINDAG \u2013 Sindicato Nacional das Empresas de Via\u00e7\u00e3o Agr\u00edcola - Silvia Fagnani, Diretora Executiva do Sindicato Nacional da Ind\u00fastria de Produtos para Defesa Vegetal - SINDIVEG.\" width=\"1024\" height=\"381\" srcset=\"https:\/\/apacame.org.br\/site\/wp-content\/uploads\/2018\/06\/Foto1-Audiencia-1024x381.jpg 1024w, https:\/\/apacame.org.br\/site\/wp-content\/uploads\/2018\/06\/Foto1-Audiencia-300x112.jpg 300w, https:\/\/apacame.org.br\/site\/wp-content\/uploads\/2018\/06\/Foto1-Audiencia-150x56.jpg 150w, https:\/\/apacame.org.br\/site\/wp-content\/uploads\/2018\/06\/Foto1-Audiencia-500x186.jpg 500w, https:\/\/apacame.org.br\/site\/wp-content\/uploads\/2018\/06\/Foto1-Audiencia.jpg 1152w\" sizes=\"(max-width: 1024px) 100vw, 1024px\" \/><\/a><figcaption id=\"caption-attachment-2463\" class=\"wp-caption-text\">Constitui\u00e7\u00e3o da Mesa: Presidente: Deputado Estadual Roberto Tripoli, Presidente da Comiss\u00e3o de Meio Ambiente e Desenvolvimento Sustent\u00e1vel &#8211; Padre Afonso Lobato, Deputado Estadual e<br \/>Proponente do Projeto de Lei 405\/2016 que pro\u00edbe a Pulveriza\u00e7\u00e3o A\u00e9rea de Agrot\u00f3xicos no Estado de S\u00e3o Paulo &#8211; Luiz Turco, Deputado Estadual &#8211; Marcos Martins, Deputado Estadual &#8211; Ed Thomas,<br \/>Deputado Estadual &#8211; Itamar Borges, Deputado Estadual &#8211; Constantino Zara Filho, Presidente da APACAME \u2013 Associa\u00e7\u00e3o Paulista de Apicultores, Criadores de Abelhas Melificas Europeias &#8211; Marcelo<br \/>Novaes, Defensor P\u00fablico do Estado de S\u00e3o Paulo &#8211; Pedro Serafim, Procurador do Minist\u00e9rio P\u00fabico do Trabalho &#8211; Ivan Carneiro, Promotor de Justi\u00e7a do GAEMA, Minist\u00e9rio P\u00fablico de Piracicaba;<br \/>Ricardo Camargo, Pesquisador da EMBRAPA e Presidente da AMESAMPA \u2013 Associa\u00e7\u00e3o de Meliponicultores do Estado de S\u00e3o Paulo &#8211; Ricardo Villbrecht, Assessor Jur\u00eddico do SINDAG \u2013 Sindicato<br \/>Nacional das Empresas de Via\u00e7\u00e3o Agr\u00edcola &#8211; Silvia Fagnani, Diretora Executiva do Sindicato Nacional da Ind\u00fastria de Produtos para Defesa Vegetal &#8211; SINDIVEG.<\/figcaption><\/figure>\n<p><span style=\"font-size: large;\">A Comiss\u00e3o de Meio Ambiente e Desenvolvimento Sustent\u00e1vel da Alesp realizou encontro, na \u00faltima quarta-feira (25\/4), para debater a proibi\u00e7\u00e3o da pulveriza\u00e7\u00e3o a\u00e9rea de agrot\u00f3xicos no Estado. Essa foi a quarta audi\u00eancia em que o Poder P\u00fablico e a sociedade discutiram os efeitos prejudicias \u00e0 sa\u00fade dos animais, dos ecossistemas e do homem.\u00a0<\/span><\/p>\n<figure id=\"attachment_2465\" aria-describedby=\"caption-attachment-2465\" style=\"width: 561px\" class=\"wp-caption alignleft\"><a href=\"https:\/\/apacame.org.br\/site\/wp-content\/uploads\/2018\/06\/Foto21-Audiencia.jpg\"><img decoding=\"async\" class=\"size-full wp-image-2465\" src=\"https:\/\/apacame.org.br\/site\/wp-content\/uploads\/2018\/06\/Foto21-Audiencia.jpg\" alt=\"A esquerda Deputado Roberto Tripoli, Presidente da Comiss\u00e3o de Meio Ambiente e Desenvolvimento Sustent\u00e1vel, e a direita o Deputado Estadual Padre Afonso Lobato, Proponente do Projeto de Lei 405 que pro\u00edbe a Pulveriza\u00e7\u00e3o A\u00e9rea de Agrot\u00f3xicos no Estado de S\u00e3o Paulo, objeto desta Audi\u00eancia. O Deputado Afonso Lobato tamb\u00e9m \u00e9 autor do Projeto de Lei 406 que pro\u00edbe a comercializa\u00e7\u00e3o de Agrot\u00f3xicos no Estado de S\u00e3o Paulo.\" width=\"561\" height=\"302\" srcset=\"https:\/\/apacame.org.br\/site\/wp-content\/uploads\/2018\/06\/Foto21-Audiencia.jpg 561w, https:\/\/apacame.org.br\/site\/wp-content\/uploads\/2018\/06\/Foto21-Audiencia-300x161.jpg 300w, https:\/\/apacame.org.br\/site\/wp-content\/uploads\/2018\/06\/Foto21-Audiencia-150x81.jpg 150w, https:\/\/apacame.org.br\/site\/wp-content\/uploads\/2018\/06\/Foto21-Audiencia-500x269.jpg 500w\" sizes=\"(max-width: 561px) 100vw, 561px\" \/><\/a><figcaption id=\"caption-attachment-2465\" class=\"wp-caption-text\">A esquerda Deputado Roberto Tripoli, Presidente da Comiss\u00e3o de Meio Ambiente e<br \/>Desenvolvimento Sustent\u00e1vel, e a direita o Deputado Estadual Padre Afonso Lobato, Proponente<br \/>do Projeto de Lei 405 que pro\u00edbe a Pulveriza\u00e7\u00e3o A\u00e9rea de Agrot\u00f3xicos no Estado de S\u00e3o Paulo,<br \/>objeto desta Audi\u00eancia. O Deputado Afonso Lobato tamb\u00e9m \u00e9 autor do Projeto de Lei 406 que<br \/>pro\u00edbe a comercializa\u00e7\u00e3o de Agrot\u00f3xicos no Estado de S\u00e3o Paulo.<\/figcaption><\/figure>\n<p><span style=\"font-size: large;\">O Projeto de Lei 405\/2016, do deputado\u00a0Afonso Lobato\u00a0(PV), argumenta que a pr\u00e1tica, al\u00e9m de se mostrar ineficiente em diversos casos, traz riscos \u00e0 sa\u00fade humana e ao equil\u00edbrio do ecossistema. \u201cIsso compromete a qualidade de vida e a sobreviv\u00eancia de diversas esp\u00e9cies, principalmente das abelhas, que s\u00e3o as respons\u00e1veis pela poliniza\u00e7\u00e3o de uma grande parte dos nossos alimentos\u201d, declarou Lobato. Ele informou ainda que o Brasil \u00e9 o maior consumidor de agrot\u00f3xicos no mundo, e h\u00e1 pesquisas mostrando que cerca de 35% de todas as culturas agr\u00edcolas dependem dos polinizadores. O procurador do Minist\u00e9rio P\u00fablico do Trabalho e do F\u00f3rum Nacional de Combate aos Impactos dos Agrot\u00f3xicos, Pedro Serafim, participou da audi\u00eancia. \u201cO uso de agrot\u00f3xicos \u00e9 um problema, n\u00e3o existe uso nem aplica\u00e7\u00e3o segura. O produto evapora, vai para os rios e ingerimos a \u00e1gua. \u00c9 um problema econ\u00f4mico, social e ambiental e o Estado de S\u00e3o Paulo tem a oportunidade de buscar solu\u00e7\u00f5es e impulsionar o pa\u00eds\u201d, disse.\u00a0<\/span><\/p>\n<p><span style=\"font-size: large;\">Segundo Bruno Vasconcelos, diretor do Sindicato Nacional das Empresas de Avia\u00e7\u00e3o Agr\u00edcola (Sindag), \u00e9 necess\u00e1rio \u00e0 cria\u00e7\u00e3o de um cadastro de apicultores de todo o Estado. \u201cComo podemos trabalhar se nem temos conhecimento da exist\u00eancia dos api\u00e1rios?\u201d, indagou.\u00a0<\/span><\/p>\n<p><span style=\"font-size: large;\">A falta de agentes fiscais e de informa\u00e7\u00e3o sobre o consumo de agrot\u00f3xicos foi outro tema. A avia\u00e7\u00e3o agr\u00edcola afirma que h\u00e1 fiscaliza\u00e7\u00e3o. Por outro lado, h\u00e1 poucos fiscais destinados exclusivamente para o problema. \u201cPrecisamos de mais informa\u00e7\u00f5es e agendaremos uma nova audi\u00eancia p\u00fablica para que a Secretaria de Agricultura nos forne\u00e7a n\u00fameros e esclare\u00e7a sobre como \u00e9 feita a fiscaliza\u00e7\u00e3o\u201d, disse o deputado\u00a0Roberto Tripoli\u00a0(PV), presidente da comiss\u00e3o.\u00a0<\/span><\/p>\n<figure id=\"attachment_2464\" aria-describedby=\"caption-attachment-2464\" style=\"width: 561px\" class=\"wp-caption alignright\"><a href=\"https:\/\/apacame.org.br\/site\/wp-content\/uploads\/2018\/06\/Foto3-Audiencia.jpg\"><img decoding=\"async\" class=\"size-full wp-image-2464\" src=\"https:\/\/apacame.org.br\/site\/wp-content\/uploads\/2018\/06\/Foto3-Audiencia.jpg\" alt=\"A Audi\u00eancia P\u00fablica foi bastante concorrida com a manifesta\u00e7\u00e3o de diversos representantes dos segmentos atingidos pelos Agrot\u00f3xicos e de representantes de Entidades que defendem a manuten\u00e7\u00e3o da Pulveriza\u00e7\u00e3o A\u00e9rea dos Agrot\u00f3xicos.\" width=\"561\" height=\"336\" srcset=\"https:\/\/apacame.org.br\/site\/wp-content\/uploads\/2018\/06\/Foto3-Audiencia.jpg 561w, https:\/\/apacame.org.br\/site\/wp-content\/uploads\/2018\/06\/Foto3-Audiencia-300x180.jpg 300w, https:\/\/apacame.org.br\/site\/wp-content\/uploads\/2018\/06\/Foto3-Audiencia-150x90.jpg 150w, https:\/\/apacame.org.br\/site\/wp-content\/uploads\/2018\/06\/Foto3-Audiencia-500x299.jpg 500w\" sizes=\"(max-width: 561px) 100vw, 561px\" \/><\/a><figcaption id=\"caption-attachment-2464\" class=\"wp-caption-text\">A Audi\u00eancia P\u00fablica foi bastante concorrida com a manifesta\u00e7\u00e3o de diversos representantes<br \/>dos segmentos atingidos pelos Agrot\u00f3xicos e de representantes de Entidades que defendem a<br \/>manuten\u00e7\u00e3o da Pulveriza\u00e7\u00e3o A\u00e9rea dos Agrot\u00f3xicos.<\/figcaption><\/figure>\n<p><span style=\"font-size: large;\">\u201cQuando h\u00e1 abertura para ouvir os diversos setores, a compreens\u00e3o se amplia. \u00c9 necess\u00e1rio que a informa\u00e7\u00e3o correta chegue at\u00e9 \u00e0s pessoas e encontremos um caminho. Usaremos o bom senso\u201d, finalizou o deputado Lobato.\u00a0<\/span><\/p>\n<p><span style=\"font-size: large;\">A mesa foi composta pela diretora executiva do Sindicato Nacional da Ind\u00fastria de Produtos para Defesa Vegetal (Sindiveg) Silvia Fagnani, pelo presidente da Associa\u00e7\u00e3o Paulista de Apicultores Criadores de Abelhas Mel\u00edficas Europeias (Apacame) Constantino Zara, pelo promotor de justi\u00e7a do Grupo de Atua\u00e7\u00e3o Especial de Defesa do Meio Ambiente (Gaema) Ivan Carneiro e pelo defensor p\u00fablico Marcelo Novaes.\u00a0<\/span><\/p>\n<p><span style=\"font-size: large;\">Compareceram ao evento produtores rurais, bananicultores, citricultores, apicultores, pro\u00addutores de cana-de-a\u00e7\u00facar e suas associa\u00e7\u00f5es, universidades, integrantes da Secretaria de Agri\u00adcultura e p\u00fablico interessado.<\/span><\/p>\n<p><a href=\"https:\/\/apacame.org.br\/site\/wp-content\/uploads\/2018\/06\/Foto-flash-audiencia.jpg\"><img loading=\"lazy\" decoding=\"async\" class=\"aligncenter size-large wp-image-2466\" src=\"https:\/\/apacame.org.br\/site\/wp-content\/uploads\/2018\/06\/Foto-flash-audiencia-1024x662.jpg\" alt=\"Foto-flash-audiencia\" width=\"1024\" height=\"662\" srcset=\"https:\/\/apacame.org.br\/site\/wp-content\/uploads\/2018\/06\/Foto-flash-audiencia-1024x662.jpg 1024w, https:\/\/apacame.org.br\/site\/wp-content\/uploads\/2018\/06\/Foto-flash-audiencia-300x194.jpg 300w, https:\/\/apacame.org.br\/site\/wp-content\/uploads\/2018\/06\/Foto-flash-audiencia-150x97.jpg 150w, https:\/\/apacame.org.br\/site\/wp-content\/uploads\/2018\/06\/Foto-flash-audiencia-500x323.jpg 500w, https:\/\/apacame.org.br\/site\/wp-content\/uploads\/2018\/06\/Foto-flash-audiencia.jpg 1152w\" sizes=\"(max-width: 1024px) 100vw, 1024px\" \/><\/a><\/p>\n","protected":false},"excerpt":{"rendered":"<p>AUDI\u00caNCIA P\u00daBLICA PARA DISCUSS\u00c3O DA PULVERIZA\u00c7\u00c3O A\u00c9REA E OS EFEITOS DOS AGROT\u00d3XICOS NO ESTADO DE S\u00c3O PAULO A Comiss\u00e3o de Meio Ambiente e Desenvolvimento Sustent\u00e1vel da Alesp realizou encontro, na [&hellip;]<\/p>\n","protected":false},"author":1,"featured_media":0,"parent":2418,"menu_order":0,"comment_status":"open","ping_status":"open","template":"","meta":{"pmpro_default_level":"","_price":"","_stock":"","_tribe_ticket_header":"","_tribe_default_ticket_provider":"","_tribe_ticket_capacity":"0","_ticket_start_date":"","_ticket_end_date":"","_tribe_ticket_show_description":"","_tribe_ticket_show_not_going":false,"_tribe_ticket_use_global_stock":"","_tribe_ticket_global_stock_level":"","_global_stock_mode":"","_global_stock_cap":"","_tribe_rsvp_for_event":"","_tribe_ticket_going_count":"","_tribe_ticket_not_going_count":"","_tribe_tickets_list":"[]","_tribe_ticket_has_attendee_info_fields":false,"cybocfi_hide_featured_image":"","footnotes":""},"class_list":["post-2462","page","type-page","status-publish","hentry","pmpro-has-access"],"_links":{"self":[{"href":"https:\/\/apacame.org.br\/site\/wp-json\/wp\/v2\/pages\/2462"}],"collection":[{"href":"https:\/\/apacame.org.br\/site\/wp-json\/wp\/v2\/pages"}],"about":[{"href":"https:\/\/apacame.org.br\/site\/wp-json\/wp\/v2\/types\/page"}],"author":[{"embeddable":true,"href":"https:\/\/apacame.org.br\/site\/wp-json\/wp\/v2\/users\/1"}],"replies":[{"embeddable":true,"href":"https:\/\/apacame.org.br\/site\/wp-json\/wp\/v2\/comments?post=2462"}],"version-history":[{"count":1,"href":"https:\/\/apacame.org.br\/site\/wp-json\/wp\/v2\/pages\/2462\/revisions"}],"predecessor-version":[{"id":2467,"href":"https:\/\/apacame.org.br\/site\/wp-json\/wp\/v2\/pages\/2462\/revisions\/2467"}],"up":[{"embeddable":true,"href":"https:\/\/apacame.org.br\/site\/wp-json\/wp\/v2\/pages\/2418"}],"wp:attachment":[{"href":"https:\/\/apacame.org.br\/site\/wp-json\/wp\/v2\/media?parent=2462"}],"curies":[{"name":"wp","href":"https:\/\/api.w.org\/{rel}","templated":true}]}}