{"id":2432,"date":"2018-06-19T02:10:44","date_gmt":"2018-06-19T02:10:44","guid":{"rendered":"http:\/\/apacame.org.br\/site\/?page_id=2432"},"modified":"2018-06-19T02:14:03","modified_gmt":"2018-06-19T02:14:03","slug":"artigo-2","status":"publish","type":"page","link":"https:\/\/apacame.org.br\/site\/revista\/mensagem-doce-n-146-maio-de-2018\/artigo-2\/","title":{"rendered":"Artigo"},"content":{"rendered":"<h1 style=\"text-align: center;\">Alimenta\u00e7\u00e3o Ap\u00edcola<\/h1>\n<blockquote><p>Radam\u00e9s Zovaro &#8211; Empres\u00e1rio ap\u00edcola e Diretor T\u00e9cnico da Apacame<\/p><\/blockquote>\n<p><span style=\"font-size: large;\">O Brasil \u00e9 um pa\u00eds continental, portanto quando falamos sobre produtividade ap\u00edcola, temos que analisar cada regi\u00e3o, pois as variedades de vegeta\u00e7\u00e3o em nosso pais \u00e9 algo que impressiona qualquer especialista na \u00e1rea, seja no campo dos pesquisadores, dos estudiosos sobre o assunto bem como dos apicultores. <\/span><a href=\"https:\/\/apacame.org.br\/site\/wp-content\/uploads\/2018\/06\/alimentador2.jpg\"><img fetchpriority=\"high\" decoding=\"async\" class=\" size-full wp-image-2433 alignright\" src=\"https:\/\/apacame.org.br\/site\/wp-content\/uploads\/2018\/06\/alimentador2.jpg\" alt=\"alimentador\" width=\"266\" height=\"300\" srcset=\"https:\/\/apacame.org.br\/site\/wp-content\/uploads\/2018\/06\/alimentador2.jpg 266w, https:\/\/apacame.org.br\/site\/wp-content\/uploads\/2018\/06\/alimentador2-150x169.jpg 150w\" sizes=\"(max-width: 266px) 100vw, 266px\" \/><\/a><\/p>\n<p><span style=\"font-size: large;\">E \u00e9 exatamente nessa \u00e1rea que vamos comentar a import\u00e2ncia do conhecimento da vegeta\u00e7\u00e3o da regi\u00e3o onde esta instalado o api\u00e1rio.<\/span><\/p>\n<p><span style=\"font-size: large;\">As abelhas evolu\u00edram ao longo do tempo com as plantas superiores que florescem e produzem frutos e\/ou sementes (PROCTOR et al. 1996). Essa associa\u00e7\u00e3o trouxe benef\u00edcios m\u00fatuos. De um lado \u00e1s abelhas e de outro lado as plantas se beneficiam da poliniza\u00e7\u00e3o efetuada pelas abelhas. Adicionalmente as abelhas s\u00e3o respons\u00e1veis pelo fluxo de genes na popula\u00e7\u00e3o de muitas esp\u00e9cies vegetais, o que assegura a perfeita perpetua\u00e7\u00e3o das esp\u00e9cies. (Plantas Ap\u00edcolas e sua rela\u00e7\u00e3o com a poliniza\u00e7\u00e3o \u2013 Afonso In\u00e1cio Ofth e <\/span><\/p>\n<p><span style=\"font-size: large;\">Lineu Schneider \u2013 4\u00ba Congresso Catarinense de Apicultores \u2013 10 a 13\/07\/1997 \u2013 Mafra \u2013 SC) <\/span><\/p>\n<p><span style=\"font-size: large;\">A vida das abelhas esta voltada diretamente ao trabalho, desde o momento que ela nasce at\u00e9 a sua morte. A fun\u00e7\u00e3o \u00e9 o trabalho em sociedade, ou seja, de acordo com a idade a abelha tem uma fun\u00e7\u00e3o dentro da sua sociedade.<\/span><\/p>\n<p><span style=\"font-size: large;\">Praticamente o ciclo da vida das abelhas Apis mel\u00edfera \u00e9 de 40 a 45 dias podendo no inverno em regi\u00f5es mais frias durar mais tempo. A sua vida se resume no seguinte:<\/span><\/p>\n<p><span style=\"font-size: large;\">1 \u2013 postura dos ovos pela rainha, ovos que se transformam de acordo com a passagens dos dias em larvas, pr\u00e9 pupa, pupa e nascimento<\/span><\/p>\n<p><span style=\"font-size: large;\">2 \u2013 os tr\u00eas primeiros dias de vida efetuam a limpeza do alv\u00e9olo que nasceu deixando em condi\u00e7\u00f5es para nova postura pela rainha ou armazenamento do mel e p\u00f3len; do quarto ao d\u00e9cimo quarto dia desenvolvem a tarefa de preparar e cuidar das alimenta\u00e7\u00f5es das larvas., limpeza interna da colmeia, transforma\u00e7\u00e3o do n\u00e9ctar em mel, e outras fun\u00e7\u00f5es dentro da colmeia. Do d\u00e9cimo quarto ao vig\u00e9simo dia desenvolvem as gl\u00e2ndulas cerig\u00eanas para a produ\u00e7\u00e3o de cera e consequentemente a produ\u00e7\u00e3o dos favos. Do vig\u00e9simo dia at\u00e9 a morte vivem a procura de alimentos, como n\u00e9ctar, p\u00f3len, resina al\u00e9m do transporte de \u00e1gua para o interior da colmeia.<\/span><\/p>\n<p><span style=\"font-size: large;\">\u00c9 exatamente nesse per\u00edodo que o trabalho de procura de alimentos \u00e9 vital para o desenvolvimento do enxame. A abelha encontrando uma fonte de alimento ela volta a colmeia e atrav\u00e9s de movimentos que chamamos dan\u00e7a da abelha ela consegue orientar as colegas exatamente onde foi encontrada a fonte.<\/span><\/p>\n<p><span style=\"font-size: large;\">Por\u00e9m existe \u00e9pocas que falta esses alimentos e ai cabe ao apicultor ajuda-la no combate a fome, ou seja, a falta de alimentos para manter a vida da colmeia.<\/span><\/p>\n<p><span style=\"font-size: large;\">\u00c9 de suma import\u00e2ncia que o apicultor conhe\u00e7a a vegeta\u00e7\u00e3o que tem no entorno do api\u00e1rio e as \u00e9pocas de floradas dessa vegeta\u00e7\u00e3o. Tendo esse conhecimento ele pode e deve alimentar as colmeias com dois meses de anteced\u00eancia. Isso vai provocar um aumento de postura de ovos por parte da rainha, fazendo com que o numero de abelhas aumente, e quando a florada abrir o numero de abelhas campeiras ser\u00e1 bem maior e consequentemente a produtividade da colmeia ser\u00e1 o dobro ou triplo do que o apicultor colheria sem essa alimenta\u00e7\u00e3o.<\/span><\/p>\n<p><span style=\"font-size: large;\">Existem varias formas de alimenta\u00e7\u00e3o, sempre voltadas para manuten\u00e7\u00e3o e desenvolvimento dos enxames. Basicamente essas alimenta\u00e7\u00f5es s\u00e3o baseadas nos produtos: mel, a\u00e7\u00facar e \u00e1gua. E ai pode citar v\u00e1rias f\u00f3rmulas:<\/span><\/p>\n<p><span style=\"font-size: large;\"><b>Alimenta\u00e7\u00e3o de manuten\u00e7\u00e3o:<\/b><\/span><\/p>\n<p><span style=\"font-size: large;\">Mel ou a\u00e7\u00facar &#8211; 50 ou 60% &#8211; \u00c1gua &#8211; 50 ou 40%.<\/span><\/p>\n<p><span style=\"font-size: large;\">Para preparar aque\u00e7a a \u00e1gua sem chegar a ferver e misture o mel ou o a\u00e7\u00facar mexendo at\u00e9 dissolver completamente. Deixe esfriar e forne\u00e7a as abelhas \u2013 Observa\u00e7\u00e3o o a\u00e7\u00facar deve ser o granulado.<\/span><\/p>\n<p><span style=\"font-size: large;\">A quantidade a ser dada para a colmeia deve durar 2 (dois) dias e repetir a dose 1 a 2 vezes por semana<\/span><\/p>\n<p><span style=\"font-size: large;\"><b>Alimenta\u00e7\u00e3o Estimulante<\/b><\/span><\/p>\n<p><span style=\"font-size: large;\">A\u00e7\u00facar branco granulado &#8211; 1 parte &#8211; Mel &#8211; 1 parte \u00c1gua fervida &#8211; 1 parte.<\/span><\/p>\n<p><span style=\"font-size: large;\">O processo de produ\u00e7\u00e3o \u00e9 o mesmo usado na receita anterior.<\/span><\/p>\n<p><span style=\"font-size: large;\">Deve ser servido para as abelhas durante 15 dias de prefer\u00eancia morno espalhado ou borrifando sobre os quadros.<\/span><\/p>\n<p><span style=\"font-size: large;\">Obs:- os alimentos l\u00edquidos sempre devem ser aplicados ao entardecer, para evitar a pilhagem que \u00e9 muito comum em \u00e9pocas de falta de alimentos.<\/span><\/p>\n<p><span style=\"font-size: large;\"><b>C\u00e2ndi<\/b><\/span><\/p>\n<p><span style=\"font-size: large;\">A\u00e7\u00facar ou mel misturado com \u00e1gua.<\/span><\/p>\n<p><span style=\"font-size: large;\">O processo de produ\u00e7\u00e3o \u00e9 misturar o a\u00e7\u00facar ou mel com pequenas quantidades de \u00e1gua at\u00e9 formar uma massa, como se fosse uma massa de p\u00e3o e ficar totalmente compacta.<\/span><\/p>\n<p><span style=\"font-size: large;\">\u00c9 um alimento de forma s\u00f3lida, muito utilizado no transporte de rainhas, porem tamb\u00e9m pode ser utilizado na alimenta\u00e7\u00e3o das colmeias.<\/span><\/p>\n<p><span style=\"font-size: large;\">O C\u00e2ndi \u00e9 um produto utilizado muito no transporte de rainhas, na alimenta\u00e7\u00e3o de subsist\u00eancia da colmeia e em n\u00facleos de fecunda\u00e7\u00e3o (para quem cria rainhas).<\/span><\/p>\n<p><span style=\"font-size: large;\">N\u00e3o estimula a pilhagem por ser um alimento s\u00f3lido.<\/span><\/p>\n<p><span style=\"font-size: large;\"><b>P\u00f3len<\/b><\/span><\/p>\n<p><span style=\"font-size: large;\">O p\u00f3len \u00e9 um alimento importante, \u00e9 a prote\u00edna das crias e indispens\u00e1vel para o preparo da geleia real (alimento exclusivo da Rainha). N\u00e3o existe nada que o substitua, porem estudiosos do assunto descobriram que a uni\u00e3o da farinha de Soja, fermento de cerveja, leite desnatado em p\u00f3, albuminas de ovos e outros produtos possa ajudar na alimenta\u00e7\u00e3o das crias. <\/span><\/p>\n<p><span style=\"font-size: large;\">Nos EUA, os apicultores usam uma formula recomendada para substituir o p\u00f3len:<\/span><\/p>\n<p><span style=\"font-size: large;\">Farinha de soja &#8211; 20% &#8211; Case\u00edna &#8211; 30% &#8211; Fermento de cerveja &#8211; 20% &#8211; Leite Desnatado, em p\u00f3 &#8211; 20% &#8211; Gema de ovo, em p\u00f3- 10%.<\/span><\/p>\n<p><span style=\"font-size: large;\"><b>Alimentadores<\/b><\/span><\/p>\n<p><span style=\"font-size: large;\">Normalmente \u00e9 utilizado 2 (dois) tipos de alimentadores; o individual e o coletivo.<\/span><\/p>\n<p><span style=\"font-size: large;\">Individual s\u00e3o pequenos equipamentos destinado a alimenta\u00e7\u00e3o de cada colmeia. O alimento pode ser liquido ou s\u00f3lido e pode ser colocado no alvado, ou dentro da colmeia, o que permite ao apicultor definir a dosagem que cada colmeia dever\u00e1 ter. Exemplos desses alimentadores, Boardmann; Doolitle e Alexander.<\/span><\/p>\n<p><span style=\"font-size: large;\">Os alimentadores coletivos atende a demanda de todo o api\u00e1rio, al\u00e9m de abastecer exames que est\u00e3o ao redor do mesmo, consequentemente concorrentes. Pode ser utilizado um equipamento que armazena o alimento e que tenha um dispositivo que evita a abelha cair no alimento, pois se este for l\u00edquido poder\u00e1 matar muitas abelhas. A abelha caindo em um alimento l\u00edquido dificilmente ela consegue sair.<\/span><\/p>\n","protected":false},"excerpt":{"rendered":"<p>Alimenta\u00e7\u00e3o Ap\u00edcola Radam\u00e9s Zovaro &#8211; Empres\u00e1rio ap\u00edcola e Diretor T\u00e9cnico da Apacame O Brasil \u00e9 um pa\u00eds continental, portanto quando falamos sobre produtividade ap\u00edcola, temos que analisar cada regi\u00e3o, pois [&hellip;]<\/p>\n","protected":false},"author":1,"featured_media":0,"parent":2418,"menu_order":0,"comment_status":"open","ping_status":"open","template":"","meta":{"pmpro_default_level":"","_price":"","_stock":"","_tribe_ticket_header":"","_tribe_default_ticket_provider":"","_tribe_ticket_capacity":"0","_ticket_start_date":"","_ticket_end_date":"","_tribe_ticket_show_description":"","_tribe_ticket_show_not_going":false,"_tribe_ticket_use_global_stock":"","_tribe_ticket_global_stock_level":"","_global_stock_mode":"","_global_stock_cap":"","_tribe_rsvp_for_event":"","_tribe_ticket_going_count":"","_tribe_ticket_not_going_count":"","_tribe_tickets_list":"[]","_tribe_ticket_has_attendee_info_fields":false,"cybocfi_hide_featured_image":"","footnotes":""},"class_list":["post-2432","page","type-page","status-publish","hentry","pmpro-has-access"],"_links":{"self":[{"href":"https:\/\/apacame.org.br\/site\/wp-json\/wp\/v2\/pages\/2432"}],"collection":[{"href":"https:\/\/apacame.org.br\/site\/wp-json\/wp\/v2\/pages"}],"about":[{"href":"https:\/\/apacame.org.br\/site\/wp-json\/wp\/v2\/types\/page"}],"author":[{"embeddable":true,"href":"https:\/\/apacame.org.br\/site\/wp-json\/wp\/v2\/users\/1"}],"replies":[{"embeddable":true,"href":"https:\/\/apacame.org.br\/site\/wp-json\/wp\/v2\/comments?post=2432"}],"version-history":[{"count":3,"href":"https:\/\/apacame.org.br\/site\/wp-json\/wp\/v2\/pages\/2432\/revisions"}],"predecessor-version":[{"id":2437,"href":"https:\/\/apacame.org.br\/site\/wp-json\/wp\/v2\/pages\/2432\/revisions\/2437"}],"up":[{"embeddable":true,"href":"https:\/\/apacame.org.br\/site\/wp-json\/wp\/v2\/pages\/2418"}],"wp:attachment":[{"href":"https:\/\/apacame.org.br\/site\/wp-json\/wp\/v2\/media?parent=2432"}],"curies":[{"name":"wp","href":"https:\/\/api.w.org\/{rel}","templated":true}]}}