{"id":2422,"date":"2018-06-19T00:36:04","date_gmt":"2018-06-19T00:36:04","guid":{"rendered":"http:\/\/apacame.org.br\/site\/?page_id=2422"},"modified":"2018-06-19T00:36:04","modified_gmt":"2018-06-19T00:36:04","slug":"editorial","status":"publish","type":"page","link":"https:\/\/apacame.org.br\/site\/revista\/mensagem-doce-n-146-maio-de-2018\/editorial\/","title":{"rendered":"Editorial"},"content":{"rendered":"<h1 style=\"text-align: center;\">O AGROT\u00d3XICO \u00c9 UM PROBLEMA MUNDIAL?<\/h1>\n<p><span style=\"font-size: large;\">No \u00faltimo dia 25 de abril de 2018 ocorreu mais uma Audi\u00eancia P\u00fablica para Discuss\u00e3o da Pulveriza\u00e7\u00e3o A\u00e9rea e os Efeitos dos Agrot\u00f3xicos no Estado de S\u00e3o Paulo, conforme noticiado nas p\u00e1ginas 16 e 17 desta edi\u00e7\u00e3o.<\/span><\/p>\n<p><span style=\"font-size: large;\">Esta audi\u00eancia foi solicitada pela Comiss\u00e3o de Meio Ambiente e Desenvolvimento Sustent\u00e1vel da Assembleia Legislativa do Estado de S\u00e3o Paulo, a qual \u00e9 presidida pelo Deputado Estadual Roberto Tripoli, tendo como Proponente o Deputado Estadual Padre Afonso Lobato que \u00e9 o autor de dois Projetos de Lei em tramita\u00e7\u00e3o perante a Assembleia Legislativa: O Projeto de lei 405 que foi objeto da referida audi\u00eancia e que trata da proibi\u00e7\u00e3o da pulveriza\u00e7\u00e3o a\u00e9rea de Agrot\u00f3xicos no Estado de S\u00e3o Paulo e do Projeto de Lei 406 que trata da proibi\u00e7\u00e3o da comercializa\u00e7\u00e3o dos Agrot\u00f3xicos neonicotinoides no Estado de S\u00e3o Paulo.<\/span><\/p>\n<p><span style=\"font-size: large;\">Ambos os projetos de lei visam a prote\u00e7\u00e3o das abelhas e, no decorrer do encaminhamento ganharam a ades\u00e3o da Defensoria P\u00fablica do Estado de S\u00e3oPaulo, da Procuradoria do Minist\u00e9rio do Trabalho, do Promotor P\u00fablico do Grupo de Atua\u00e7\u00e3o Especial de Defesa do Meio Ambiente, os quais tem enriquecido as reuni\u00f5es e a audi\u00eancia p\u00fablica com informa\u00e7\u00f5es fundamentadas sobre o preju\u00edzo causados pelos Agrot\u00f3xicos na Biodiversadade, nos rios, nos trabalhadores rurais e moradores do entorno onde ocorrem as pulveriza\u00e7\u00f5es.<\/span><\/p>\n<p><span style=\"font-size: large;\">E, como prova de que o Agrot\u00f3xico \u00e9 um problema mundial, no dia 27 de abril de 2018 28 (vinte e oito) Estados-Membros da Uni\u00e3o Europeia concordaram em proibir por completo o uso de tr\u00eas subst\u00e2ncias qu\u00edmicas usadas em pesticidas: Clotianidina; Imidacloprida e Tiametoxam, coletivamente conhecidas como neonicotinoides, tendo em vista que tais produtos danificam o sistema nervoso dos insetos, incluindo as abelhas.<\/span><\/p>\n<p><span style=\"font-size: large;\">Alias, o Projeto de Lei 406, proposto pelo Deputado Estadual Padre Afonso Lobato pro\u00edbe a comercializa\u00e7\u00e3o justamente dos neonicotinoides referidos no par\u00e1grafo anterior.<\/span><\/p>\n<p><span style=\"font-size: large;\">Portanto, mais do que nunca referidos projetos devem ser aprovados e transformados em Lei para prote\u00e7\u00e3o do Meio Ambiente e da Biodiversidade.<\/span><\/p>\n<p><span style=\"font-size: large;\">Agora podemos responder a pergunta objeto deste Editorial: O Agrot\u00f3xico \u00e9 um problema mundial e n\u00f3s estamos fazendo a nossa parte.<\/span><\/p>\n<p><span style=\"font-size: large;\"><i><b>Constantino Zara Filho \u2013 Presidente Executivo<\/b><\/i><\/span><\/p>\n","protected":false},"excerpt":{"rendered":"<p>O AGROT\u00d3XICO \u00c9 UM PROBLEMA MUNDIAL? No \u00faltimo dia 25 de abril de 2018 ocorreu mais uma Audi\u00eancia P\u00fablica para Discuss\u00e3o da Pulveriza\u00e7\u00e3o A\u00e9rea e os Efeitos dos Agrot\u00f3xicos no [&hellip;]<\/p>\n","protected":false},"author":1,"featured_media":0,"parent":2418,"menu_order":0,"comment_status":"open","ping_status":"open","template":"","meta":{"pmpro_default_level":"","_price":"","_stock":"","_tribe_ticket_header":"","_tribe_default_ticket_provider":"","_tribe_ticket_capacity":"0","_ticket_start_date":"","_ticket_end_date":"","_tribe_ticket_show_description":"","_tribe_ticket_show_not_going":false,"_tribe_ticket_use_global_stock":"","_tribe_ticket_global_stock_level":"","_global_stock_mode":"","_global_stock_cap":"","_tribe_rsvp_for_event":"","_tribe_ticket_going_count":"","_tribe_ticket_not_going_count":"","_tribe_tickets_list":"[]","_tribe_ticket_has_attendee_info_fields":false,"cybocfi_hide_featured_image":"","footnotes":""},"class_list":["post-2422","page","type-page","status-publish","hentry","pmpro-has-access"],"_links":{"self":[{"href":"https:\/\/apacame.org.br\/site\/wp-json\/wp\/v2\/pages\/2422"}],"collection":[{"href":"https:\/\/apacame.org.br\/site\/wp-json\/wp\/v2\/pages"}],"about":[{"href":"https:\/\/apacame.org.br\/site\/wp-json\/wp\/v2\/types\/page"}],"author":[{"embeddable":true,"href":"https:\/\/apacame.org.br\/site\/wp-json\/wp\/v2\/users\/1"}],"replies":[{"embeddable":true,"href":"https:\/\/apacame.org.br\/site\/wp-json\/wp\/v2\/comments?post=2422"}],"version-history":[{"count":1,"href":"https:\/\/apacame.org.br\/site\/wp-json\/wp\/v2\/pages\/2422\/revisions"}],"predecessor-version":[{"id":2423,"href":"https:\/\/apacame.org.br\/site\/wp-json\/wp\/v2\/pages\/2422\/revisions\/2423"}],"up":[{"embeddable":true,"href":"https:\/\/apacame.org.br\/site\/wp-json\/wp\/v2\/pages\/2418"}],"wp:attachment":[{"href":"https:\/\/apacame.org.br\/site\/wp-json\/wp\/v2\/media?parent=2422"}],"curies":[{"name":"wp","href":"https:\/\/api.w.org\/{rel}","templated":true}]}}