{"id":2346,"date":"2018-04-04T19:01:30","date_gmt":"2018-04-04T19:01:30","guid":{"rendered":"http:\/\/apacame.org.br\/site\/?page_id=2346"},"modified":"2018-04-04T19:01:30","modified_gmt":"2018-04-04T19:01:30","slug":"homenagem","status":"publish","type":"page","link":"https:\/\/apacame.org.br\/site\/revista\/mensagem-doce-n-145-marco-de-2018\/homenagem\/","title":{"rendered":"Homenagem"},"content":{"rendered":"<h1 style=\"text-align: center;\">O que \u00e9 ser um apicultor<\/h1>\n<figure id=\"attachment_2347\" aria-describedby=\"caption-attachment-2347\" style=\"width: 300px\" class=\"wp-caption alignleft\"><a href=\"https:\/\/apacame.org.br\/site\/wp-content\/uploads\/2018\/04\/Figura-1-o-que.jpg\"><img fetchpriority=\"high\" decoding=\"async\" class=\"wp-image-2347 size-medium\" src=\"https:\/\/apacame.org.br\/site\/wp-content\/uploads\/2018\/04\/Figura-1-o-que-300x283.jpg\" alt=\"A febre das abelhas nos faz am\u00e1-las e proteg\u00ea-las. imagem: Flickr Creative Commons group aussiegall.\" width=\"300\" height=\"283\" srcset=\"https:\/\/apacame.org.br\/site\/wp-content\/uploads\/2018\/04\/Figura-1-o-que-300x283.jpg 300w, https:\/\/apacame.org.br\/site\/wp-content\/uploads\/2018\/04\/Figura-1-o-que-150x142.jpg 150w, https:\/\/apacame.org.br\/site\/wp-content\/uploads\/2018\/04\/Figura-1-o-que-500x472.jpg 500w, https:\/\/apacame.org.br\/site\/wp-content\/uploads\/2018\/04\/Figura-1-o-que.jpg 747w\" sizes=\"(max-width: 300px) 100vw, 300px\" \/><\/a><figcaption id=\"caption-attachment-2347\" class=\"wp-caption-text\">A febre das abelhas nos faz am\u00e1-las e proteg\u00ea-las. imagem: Flickr Creative Commons group<br \/> aussiegall.<\/figcaption><\/figure>\n<p><span style=\"font-size: large;\">N\u00f3s apicultores temos o que alguns chamam de \u201cFebre das abelhas\u201d uma atra\u00e7\u00e3o que nos faz cuid\u00e1-las, proteg\u00ea-las e ensinar aos demais a sua grande import\u00e2ncia para a vida.<\/span><\/p>\n<p><span style=\"font-size: large;\">Em tempos de grande dificuldade para a apicultura, quando fraquejam nossas for\u00e7as, quando morrem nossas colmeias e em outras situa\u00e7\u00f5es onde cessa o zumbido das abelhas, recordamos as palavras de Dorothy Bruster extra\u00eddas do livro \u201cWhat is a Beekeeper\u201d apesar de terem sido escritas na primeira metade do s\u00e9culo XX ainda mantem intacta sua atualidade. <\/span><\/p>\n<p><span style=\"font-size: large;\"><b>O texto de Dorothy Bruster<\/b><\/span><\/p>\n<p><span style=\"font-size: large;\">Em nenhuma profiss\u00e3o existem pessoas como os apicultores. Somos uma classe avan\u00e7ada de especialistas que realizamos muitas coisas bem. N\u00e3o importa nossa estatura, forma, cor, idade ou sexo. Al\u00e9m de ser apicultor, devemos ser carpinteiro, pintor e cuidar de tudo. Temos que estar capacitados para construir, pintar, esfregar, raspar, ferver e fumigar.<\/span><\/p>\n<figure id=\"attachment_2348\" aria-describedby=\"caption-attachment-2348\" style=\"width: 300px\" class=\"wp-caption alignright\"><a href=\"https:\/\/apacame.org.br\/site\/wp-content\/uploads\/2018\/04\/Figura-2-o-que.jpg\"><img decoding=\"async\" class=\"size-medium wp-image-2348\" src=\"https:\/\/apacame.org.br\/site\/wp-content\/uploads\/2018\/04\/Figura-2-o-que-300x229.jpg\" alt=\"Um apicultor \u00e9 um pouco de tudo, carpinteiro, pintor, professor!\" width=\"300\" height=\"229\" srcset=\"https:\/\/apacame.org.br\/site\/wp-content\/uploads\/2018\/04\/Figura-2-o-que-300x229.jpg 300w, https:\/\/apacame.org.br\/site\/wp-content\/uploads\/2018\/04\/Figura-2-o-que-150x114.jpg 150w, https:\/\/apacame.org.br\/site\/wp-content\/uploads\/2018\/04\/Figura-2-o-que-500x381.jpg 500w, https:\/\/apacame.org.br\/site\/wp-content\/uploads\/2018\/04\/Figura-2-o-que.jpg 747w\" sizes=\"(max-width: 300px) 100vw, 300px\" \/><\/a><figcaption id=\"caption-attachment-2348\" class=\"wp-caption-text\">Um apicultor \u00e9 um pouco de tudo, carpinteiro, pintor, professor!<\/figcaption><\/figure>\n<p><span style=\"font-size: large;\">Somos otimistas de nascimento. Pensamos j\u00e1 na pr\u00f3xima colheita, quando tratamos de recuperar o fracasso da \u00faltima. Nos apicultores somos testemunhas das maravilhas da natureza, o milagre do nascimento, a certeza da morte, a sensa\u00e7\u00e3o de uma ordem dentro do todo. Um apicultor \u00e9 a paci\u00eancia personificada enquanto espera o nascimento de uma nova rainha, a sa\u00edda de um enxame, a colheita do mel. Sabemos o desespero quando uma colmeia revela uma enfermidade ou quando nos deparamos com a morte das colmeias.<\/span><\/p>\n<p><span style=\"font-size: large;\">Nos apicultores temos a fama de sermos l\u00edderes, conferencistas, professores. Devemos estar dispostos a manter a mente aberta para absorver toda a informa\u00e7\u00e3o que se possa conseguir e dispostos tamb\u00e9m a passar todos os conhecimentos adquiridos a outros colegas.<\/span><\/p>\n<p><span style=\"font-size: large;\">Resumindo: Nos apicultores somos todas essas coisas e muito mais. <\/span><\/p>\n<p><span style=\"font-size: large;\">Aprendemos a aceitar as perdas, as dificuldades e os contratempos \u2013 e ainda assim nos sentimos satisfeitos, felizes e orgulhosos de nossa profiss\u00e3o \u2013 ent\u00e3o sim, somos Apicultures!<\/span><\/p>\n","protected":false},"excerpt":{"rendered":"<p>O que \u00e9 ser um apicultor N\u00f3s apicultores temos o que alguns chamam de \u201cFebre das abelhas\u201d uma atra\u00e7\u00e3o que nos faz cuid\u00e1-las, proteg\u00ea-las e ensinar aos demais a sua [&hellip;]<\/p>\n","protected":false},"author":1,"featured_media":0,"parent":2305,"menu_order":0,"comment_status":"open","ping_status":"open","template":"","meta":{"pmpro_default_level":"","_price":"","_stock":"","_tribe_ticket_header":"","_tribe_default_ticket_provider":"","_tribe_ticket_capacity":"0","_ticket_start_date":"","_ticket_end_date":"","_tribe_ticket_show_description":"","_tribe_ticket_show_not_going":false,"_tribe_ticket_use_global_stock":"","_tribe_ticket_global_stock_level":"","_global_stock_mode":"","_global_stock_cap":"","_tribe_rsvp_for_event":"","_tribe_ticket_going_count":"","_tribe_ticket_not_going_count":"","_tribe_tickets_list":"[]","_tribe_ticket_has_attendee_info_fields":false,"cybocfi_hide_featured_image":"","footnotes":""},"class_list":["post-2346","page","type-page","status-publish","hentry","pmpro-has-access"],"_links":{"self":[{"href":"https:\/\/apacame.org.br\/site\/wp-json\/wp\/v2\/pages\/2346"}],"collection":[{"href":"https:\/\/apacame.org.br\/site\/wp-json\/wp\/v2\/pages"}],"about":[{"href":"https:\/\/apacame.org.br\/site\/wp-json\/wp\/v2\/types\/page"}],"author":[{"embeddable":true,"href":"https:\/\/apacame.org.br\/site\/wp-json\/wp\/v2\/users\/1"}],"replies":[{"embeddable":true,"href":"https:\/\/apacame.org.br\/site\/wp-json\/wp\/v2\/comments?post=2346"}],"version-history":[{"count":2,"href":"https:\/\/apacame.org.br\/site\/wp-json\/wp\/v2\/pages\/2346\/revisions"}],"predecessor-version":[{"id":2350,"href":"https:\/\/apacame.org.br\/site\/wp-json\/wp\/v2\/pages\/2346\/revisions\/2350"}],"up":[{"embeddable":true,"href":"https:\/\/apacame.org.br\/site\/wp-json\/wp\/v2\/pages\/2305"}],"wp:attachment":[{"href":"https:\/\/apacame.org.br\/site\/wp-json\/wp\/v2\/media?parent=2346"}],"curies":[{"name":"wp","href":"https:\/\/api.w.org\/{rel}","templated":true}]}}