{"id":2340,"date":"2018-04-04T18:48:21","date_gmt":"2018-04-04T18:48:21","guid":{"rendered":"http:\/\/apacame.org.br\/site\/?page_id=2340"},"modified":"2018-04-04T18:48:21","modified_gmt":"2018-04-04T18:48:21","slug":"noticia","status":"publish","type":"page","link":"https:\/\/apacame.org.br\/site\/revista\/mensagem-doce-n-145-marco-de-2018\/noticia\/","title":{"rendered":"Not\u00edcia"},"content":{"rendered":"<h1 style=\"text-align: center;\">Associa\u00e7\u00e3o Terra Ind\u00edgena do Xingu ganha pr\u00eamio da ONU por produ\u00e7\u00e3o de mel certificado<\/h1>\n<blockquote><p>Texto: M\u00f4nica Nunes &#8211; Fotos: Marcelo Martins (destaque) e Fabr\u00edcio Amaral, do Instituto Sociambiental<br \/>\nFonte: ISA \u2013 Instituto Socioambiental<\/p><\/blockquote>\n<figure id=\"attachment_2341\" aria-describedby=\"caption-attachment-2341\" style=\"width: 354px\" class=\"wp-caption alignleft\"><a href=\"https:\/\/apacame.org.br\/site\/wp-content\/uploads\/2018\/04\/Figura-1-associacao.jpg\"><img fetchpriority=\"high\" decoding=\"async\" class=\"wp-image-2341 size-full\" src=\"https:\/\/apacame.org.br\/site\/wp-content\/uploads\/2018\/04\/Figura-1-associacao.jpg\" alt=\"Figura-1-associacao\" width=\"354\" height=\"455\" srcset=\"https:\/\/apacame.org.br\/site\/wp-content\/uploads\/2018\/04\/Figura-1-associacao.jpg 354w, https:\/\/apacame.org.br\/site\/wp-content\/uploads\/2018\/04\/Figura-1-associacao-233x300.jpg 233w, https:\/\/apacame.org.br\/site\/wp-content\/uploads\/2018\/04\/Figura-1-associacao-150x193.jpg 150w\" sizes=\"(max-width: 354px) 100vw, 354px\" \/><\/a><figcaption id=\"caption-attachment-2341\" class=\"wp-caption-text\">Apicultores ind\u00edgenas manejando os enxames na aldeia Ngowere, dos Kis\u00eadj\u00ea|Marcelo Martins-ISA.<\/figcaption><\/figure>\n<p><span style=\"font-size: large;\">O PNUD \u2013 Programa das Na\u00e7\u00f5es Unidas para o Desenvolvimento acaba de premiar o trabalho realizado por 100\u00a0apicultores de 39 aldeias dos\u00a0povos Kawaiwete, Kis\u00eadj\u00ea, Ikpeng e Yydja que participam da\u00a0produ\u00e7\u00e3o de mel certificado e integram a Associa\u00e7\u00e3o Terra Ind\u00edgena do Xingu (Atix). <\/span><\/p>\n<p><span style=\"font-size: large;\">E a concorr\u00eancia foi grande!<\/span><\/p>\n<p><span style=\"font-size: large;\">Cerca de 800 organiza\u00e7\u00f5es de 120 pa\u00edses inscreveram projetos no Pr\u00eamio Equatorial 2017, que destaca iniciativas de desenvolvimento sustent\u00e1vel, que apresentem solu\u00e7\u00f5es inovadoras para as cadeiras produtivas no mundo, com foco no combate \u00e0 pobreza e \u00e0s mudan\u00e7as clim\u00e1ticas. Este ano, foram reconhecidas 15 iniciativas de comunidades ind\u00edgenas e de povos tradicionais da \u00c1frica, Am\u00e9rica e \u00c1sia.<\/span><\/p>\n<p><span style=\"font-size: large;\">De acordo com o ISA (Instituto Socioambiental) \u2013 que apoia este projeto h\u00e1 duas d\u00e9cadas, que ainda conta com a parceria do Imaflora (Instituto de Manejo e Certifica\u00e7\u00e3o Florestal e Agr\u00edcola) -, o mel produzido pelos \u00edndios do Xingu \u00e9 uma das \u201cmaiores refer\u00eancias em alternativa de gera\u00e7\u00e3o de renda compat\u00edvel com os povos da floresta\u201c. E o projeto vai al\u00e9m: garante seguran\u00e7a alimentar para os povos locais, al\u00e9m de direcionar o excedente para comercializa\u00e7\u00e3o em mercados que respeitam crit\u00e9rios sociais e ambientais.<\/span><\/p>\n<p><span style=\"font-size: large;\">Com o selo\u00a0Origens Brasil \u2013 que valoriza os produtos florestais por meio de mecanismo de rastreabilidade -, a cada ano s\u00e3o comercializadas aproximadamente duas toneladas de mel. Paralelamente, outros produtos produzidos no Xingu t\u00eam conquistado espa\u00e7o: a pimenta, o \u00f3leo de pequi e a meliponicultura (abelhas sem ferr\u00e3o).<\/span><\/p>\n<p><span style=\"font-size: large;\"><b>Certifica\u00e7\u00e3o, como foi a implanta\u00e7\u00e3o<\/b><\/span><\/p>\n<p><span style=\"font-size: large;\">Eis aqui um grande desafio para os povos do Xingu j\u00e1 que necessitavam da certifica\u00e7\u00e3o de seus produtos para \u201cconquistar o mundo\u201d, mas n\u00e3o tinham condi\u00e7\u00f5es de contratar empresas especializadas e seus sistemas auditados. Al\u00e9m de muito caros, falta adequa\u00e7\u00e3o \u00e0s particularidades dos povos ind\u00edgenas, o que dificulta o processo todo.<\/span><\/p>\n<p><span style=\"font-size: large;\">Foi assim que, em 2015, a Associa\u00e7\u00e3o se tornou a primeira associa\u00e7\u00e3o ind\u00edgena certificadora de produ\u00e7\u00e3o org\u00e2nica. Credenciada pelo Minist\u00e9rio da Agricultura, Pecu\u00e1ria e Abastecimento (Mapa) \u2013 respons\u00e1vel pela normatiza\u00e7\u00e3o e fiscaliza\u00e7\u00e3o da produ\u00e7\u00e3o org\u00e2nica no Brasil -, inaugurou o primeiro Sistema Participativo de Garantia (SPG) exclusivamente ind\u00edgena\u2026 do mundo! Muito legal! Com ele, as normas garantem que a pr\u00f3pria comunidade organize a estrutura de avalia\u00e7\u00e3o e verifica\u00e7\u00e3o dos produtos e os certifiquem conforme as regras da produ\u00e7\u00e3o org\u00e2nica, o que fortalece o controle social e a transpar\u00eancia.<\/span><\/p>\n<p><span style=\"font-size: large;\">Com um detalhe: mais do que a certifica\u00e7\u00e3o do mel do Xingu, esse sistema \u00e9 uma importante pol\u00edtica p\u00fablica que facilita o acesso de pequenos produtores \u00e0 certifica\u00e7\u00e3o org\u00e2nica. Ou seja, uma enorme conquista que possibilita que este produtores se organizem em grupos e se autocertifiquem, sem intermedia\u00e7\u00f5es.<\/span><\/p>\n","protected":false},"excerpt":{"rendered":"<p>Associa\u00e7\u00e3o Terra Ind\u00edgena do Xingu ganha pr\u00eamio da ONU por produ\u00e7\u00e3o de mel certificado Texto: M\u00f4nica Nunes &#8211; Fotos: Marcelo Martins (destaque) e Fabr\u00edcio Amaral, do Instituto Sociambiental Fonte: ISA [&hellip;]<\/p>\n","protected":false},"author":1,"featured_media":0,"parent":2305,"menu_order":0,"comment_status":"open","ping_status":"open","template":"","meta":{"pmpro_default_level":"","_price":"","_stock":"","_tribe_ticket_header":"","_tribe_default_ticket_provider":"","_tribe_ticket_capacity":"0","_ticket_start_date":"","_ticket_end_date":"","_tribe_ticket_show_description":"","_tribe_ticket_show_not_going":false,"_tribe_ticket_use_global_stock":"","_tribe_ticket_global_stock_level":"","_global_stock_mode":"","_global_stock_cap":"","_tribe_rsvp_for_event":"","_tribe_ticket_going_count":"","_tribe_ticket_not_going_count":"","_tribe_tickets_list":"[]","_tribe_ticket_has_attendee_info_fields":false,"cybocfi_hide_featured_image":"","footnotes":""},"class_list":["post-2340","page","type-page","status-publish","hentry","pmpro-has-access"],"_links":{"self":[{"href":"https:\/\/apacame.org.br\/site\/wp-json\/wp\/v2\/pages\/2340"}],"collection":[{"href":"https:\/\/apacame.org.br\/site\/wp-json\/wp\/v2\/pages"}],"about":[{"href":"https:\/\/apacame.org.br\/site\/wp-json\/wp\/v2\/types\/page"}],"author":[{"embeddable":true,"href":"https:\/\/apacame.org.br\/site\/wp-json\/wp\/v2\/users\/1"}],"replies":[{"embeddable":true,"href":"https:\/\/apacame.org.br\/site\/wp-json\/wp\/v2\/comments?post=2340"}],"version-history":[{"count":1,"href":"https:\/\/apacame.org.br\/site\/wp-json\/wp\/v2\/pages\/2340\/revisions"}],"predecessor-version":[{"id":2342,"href":"https:\/\/apacame.org.br\/site\/wp-json\/wp\/v2\/pages\/2340\/revisions\/2342"}],"up":[{"embeddable":true,"href":"https:\/\/apacame.org.br\/site\/wp-json\/wp\/v2\/pages\/2305"}],"wp:attachment":[{"href":"https:\/\/apacame.org.br\/site\/wp-json\/wp\/v2\/media?parent=2340"}],"curies":[{"name":"wp","href":"https:\/\/api.w.org\/{rel}","templated":true}]}}