{"id":2265,"date":"2017-12-18T20:14:48","date_gmt":"2017-12-18T20:14:48","guid":{"rendered":"http:\/\/apacame.org.br\/site\/?page_id=2265"},"modified":"2017-12-18T20:14:48","modified_gmt":"2017-12-18T20:14:48","slug":"conbrapi","status":"publish","type":"page","link":"https:\/\/apacame.org.br\/site\/revista\/mensagem-doce-n-144-novembro-de-2017\/conbrapi\/","title":{"rendered":"Conbrapi"},"content":{"rendered":"<h1 style=\"text-align: center;\">Santa Catarina se prepara para realizar um grande Conbrapi em 2018<\/h1>\n<p><span style=\"font-size: large;\"><a href=\"https:\/\/apacame.org.br\/site\/wp-content\/uploads\/2017\/12\/Quadro-CONBRAPI.jpg\"><img fetchpriority=\"high\" decoding=\"async\" class=\"alignleft size-medium wp-image-2266\" src=\"https:\/\/apacame.org.br\/site\/wp-content\/uploads\/2017\/12\/Quadro-CONBRAPI-245x300.jpg\" alt=\"Quadro CONBRAPI\" width=\"245\" height=\"300\" srcset=\"https:\/\/apacame.org.br\/site\/wp-content\/uploads\/2017\/12\/Quadro-CONBRAPI-245x300.jpg 245w, https:\/\/apacame.org.br\/site\/wp-content\/uploads\/2017\/12\/Quadro-CONBRAPI-837x1024.jpg 837w, https:\/\/apacame.org.br\/site\/wp-content\/uploads\/2017\/12\/Quadro-CONBRAPI-150x183.jpg 150w, https:\/\/apacame.org.br\/site\/wp-content\/uploads\/2017\/12\/Quadro-CONBRAPI-409x500.jpg 409w, https:\/\/apacame.org.br\/site\/wp-content\/uploads\/2017\/12\/Quadro-CONBRAPI.jpg 1122w\" sizes=\"(max-width: 245px) 100vw, 245px\" \/><\/a>Com o tema \u201cPoliniza\u00e7\u00e3o, tecnologias, oportunidades e desafios para o criador de abelhas no Brasil\u201d, a CBA &#8211; Confedera\u00e7\u00e3o Brasileira de Apicultura e Meliponicultura, a Epagri &#8211; Empresa de Pesquisa Agropecu\u00e1ria e Extens\u00e3o Rural de Santa Catarina e a FAASC est\u00e3o preparando-se para receber, de 16 a 19 de maio de 2018, no Centro de Conven\u00e7\u00f5es Expoville, em Joinville, Santa Catarina, o Conbrapi &#8211; 22\u00ba Congresso Brasileiro de Apicultura e 8\u00ba Congresso Brasileiro de Meliponicultura, com a Expofeira. Nos primeiros 15 dias de vendas para a Expofeira, foram comercializados 70% dos estandes: um ind\u00edcio de grande procura e interesse no evento.<\/span><\/p>\n<p><span style=\"font-size: large;\">A programa\u00e7\u00e3o, que conta com especialistas do Brasil e do exterior, foi desenvolvida a partir de sugest\u00f5es filtradas em consulta p\u00fablica, com temas voltados aos interesses e necessidades dos apicultores e meliponicultores, conforme a demanda. <\/span><\/p>\n<p><span style=\"font-size: large;\">Os pre\u00e7os j\u00e1 est\u00e3o definidos, n\u00e3o sendo superiores aos valores dos \u00faltimos congressos, para que seja vi\u00e1vel aos criadores de abelhas o deslocamento e a perman\u00eancia na Cidade das Flores no per\u00edodo. <\/span><\/p>\n<p><span style=\"font-size: large;\">As inscri\u00e7\u00f5es antecipadas com descontos expressivos visam incentivar a participa\u00e7\u00e3o e facilitar a prepara\u00e7\u00e3o para a equipe organizadora.<\/span><\/p>\n","protected":false},"excerpt":{"rendered":"<p>Santa Catarina se prepara para realizar um grande Conbrapi em 2018 Com o tema \u201cPoliniza\u00e7\u00e3o, tecnologias, oportunidades e desafios para o criador de abelhas no Brasil\u201d, a CBA &#8211; Confedera\u00e7\u00e3o [&hellip;]<\/p>\n","protected":false},"author":1,"featured_media":0,"parent":2188,"menu_order":0,"comment_status":"open","ping_status":"open","template":"","meta":{"pmpro_default_level":"","_price":"","_stock":"","_tribe_ticket_header":"","_tribe_default_ticket_provider":"","_tribe_ticket_capacity":"0","_ticket_start_date":"","_ticket_end_date":"","_tribe_ticket_show_description":"","_tribe_ticket_show_not_going":false,"_tribe_ticket_use_global_stock":"","_tribe_ticket_global_stock_level":"","_global_stock_mode":"","_global_stock_cap":"","_tribe_rsvp_for_event":"","_tribe_ticket_going_count":"","_tribe_ticket_not_going_count":"","_tribe_tickets_list":"[]","_tribe_ticket_has_attendee_info_fields":false,"cybocfi_hide_featured_image":"","footnotes":""},"class_list":["post-2265","page","type-page","status-publish","hentry","pmpro-has-access"],"_links":{"self":[{"href":"https:\/\/apacame.org.br\/site\/wp-json\/wp\/v2\/pages\/2265"}],"collection":[{"href":"https:\/\/apacame.org.br\/site\/wp-json\/wp\/v2\/pages"}],"about":[{"href":"https:\/\/apacame.org.br\/site\/wp-json\/wp\/v2\/types\/page"}],"author":[{"embeddable":true,"href":"https:\/\/apacame.org.br\/site\/wp-json\/wp\/v2\/users\/1"}],"replies":[{"embeddable":true,"href":"https:\/\/apacame.org.br\/site\/wp-json\/wp\/v2\/comments?post=2265"}],"version-history":[{"count":2,"href":"https:\/\/apacame.org.br\/site\/wp-json\/wp\/v2\/pages\/2265\/revisions"}],"predecessor-version":[{"id":2268,"href":"https:\/\/apacame.org.br\/site\/wp-json\/wp\/v2\/pages\/2265\/revisions\/2268"}],"up":[{"embeddable":true,"href":"https:\/\/apacame.org.br\/site\/wp-json\/wp\/v2\/pages\/2188"}],"wp:attachment":[{"href":"https:\/\/apacame.org.br\/site\/wp-json\/wp\/v2\/media?parent=2265"}],"curies":[{"name":"wp","href":"https:\/\/api.w.org\/{rel}","templated":true}]}}