{"id":2256,"date":"2017-12-18T20:04:38","date_gmt":"2017-12-18T20:04:38","guid":{"rendered":"http:\/\/apacame.org.br\/site\/?page_id=2256"},"modified":"2017-12-18T20:04:38","modified_gmt":"2017-12-18T20:04:38","slug":"evento-2","status":"publish","type":"page","link":"https:\/\/apacame.org.br\/site\/revista\/mensagem-doce-n-144-novembro-de-2017\/evento-2\/","title":{"rendered":"Evento"},"content":{"rendered":"<h1 style=\"text-align: center;\">CATI comemora o Dia Nacional da Abelha incentivando a conscientiza\u00e7\u00e3o sobre a import\u00e2ncia desses insetos para a agricultura<\/h1>\n<p><span style=\"font-size: large;\">Celebrado no dia 3 de outubro, o Dia Nacional da Abelha \u00e9 uma oportunidade para a conscientiza\u00e7\u00e3o sobre a import\u00e2ncia desses insetos no processo de poliniza\u00e7\u00e3o de grande parte das culturas agr\u00edcolas e esp\u00e9cies flor\u00edsticas silvestres, o que contribui para a preserva\u00e7\u00e3o da vida.<\/span><\/p>\n<figure id=\"attachment_2257\" aria-describedby=\"caption-attachment-2257\" style=\"width: 300px\" class=\"wp-caption alignright\"><a href=\"https:\/\/apacame.org.br\/site\/wp-content\/uploads\/2017\/12\/Dia-da-Abelha_01.jpg\"><img fetchpriority=\"high\" decoding=\"async\" class=\"size-medium wp-image-2257\" src=\"https:\/\/apacame.org.br\/site\/wp-content\/uploads\/2017\/12\/Dia-da-Abelha_01-300x216.jpg\" alt=\"Fabiano Guedes ministrando sua palestra durante o evento\" width=\"300\" height=\"216\" srcset=\"https:\/\/apacame.org.br\/site\/wp-content\/uploads\/2017\/12\/Dia-da-Abelha_01-300x216.jpg 300w, https:\/\/apacame.org.br\/site\/wp-content\/uploads\/2017\/12\/Dia-da-Abelha_01-150x108.jpg 150w, https:\/\/apacame.org.br\/site\/wp-content\/uploads\/2017\/12\/Dia-da-Abelha_01-500x360.jpg 500w, https:\/\/apacame.org.br\/site\/wp-content\/uploads\/2017\/12\/Dia-da-Abelha_01.jpg 748w\" sizes=\"(max-width: 300px) 100vw, 300px\" \/><\/a><figcaption id=\"caption-attachment-2257\" class=\"wp-caption-text\">Fabiano Guedes ministrando sua palestra durante o evento<\/figcaption><\/figure>\n<p><span style=\"font-size: large;\">Para debater e aprofundar o conhecimento sobre esse tema e, tamb\u00e9m, para conhecer melhor as abelhas nativas sem ferr\u00e3o, a CATI, \u00f3rg\u00e3o da Secretaria de Agricultura e Abastecimento do Estado de S\u00e3o Paulo, realizou no pr\u00f3prio dia 3, um encontro que reuniu mais de 100 pessoas, entre apicultores (criadores de abelhas com ferr\u00e3o), meliponicultores (criadores de abelhas sem ferr\u00e3o), t\u00e9cnicos de sua rede de extens\u00e3o rural, educadores, pesquisadores, estudantes e p\u00fablico em geral interessado no assunto, de diversas regi\u00f5es do Estado. \u201cO p\u00fablico foi bem heterog\u00eaneo, o que contribuiu para a qualidade do debate e da troca de experi\u00eancias. <\/span><\/p>\n<figure id=\"attachment_2258\" aria-describedby=\"caption-attachment-2258\" style=\"width: 213px\" class=\"wp-caption alignleft\"><a href=\"https:\/\/apacame.org.br\/site\/wp-content\/uploads\/2017\/12\/Programa\u00e7\u00e3o_Dia_Nacional_da_Abelha.jpg\"><img decoding=\"async\" class=\"size-medium wp-image-2258\" src=\"https:\/\/apacame.org.br\/site\/wp-content\/uploads\/2017\/12\/Programa\u00e7\u00e3o_Dia_Nacional_da_Abelha-213x300.jpg\" alt=\"Programa divulgado pelas redes sociais nos principais grupos de apicultores e meliponicultores .\" width=\"213\" height=\"300\" srcset=\"https:\/\/apacame.org.br\/site\/wp-content\/uploads\/2017\/12\/Programa\u00e7\u00e3o_Dia_Nacional_da_Abelha-213x300.jpg 213w, https:\/\/apacame.org.br\/site\/wp-content\/uploads\/2017\/12\/Programa\u00e7\u00e3o_Dia_Nacional_da_Abelha-725x1024.jpg 725w, https:\/\/apacame.org.br\/site\/wp-content\/uploads\/2017\/12\/Programa\u00e7\u00e3o_Dia_Nacional_da_Abelha-150x212.jpg 150w, https:\/\/apacame.org.br\/site\/wp-content\/uploads\/2017\/12\/Programa\u00e7\u00e3o_Dia_Nacional_da_Abelha-354x500.jpg 354w, https:\/\/apacame.org.br\/site\/wp-content\/uploads\/2017\/12\/Programa\u00e7\u00e3o_Dia_Nacional_da_Abelha.jpg 748w\" sizes=\"(max-width: 213px) 100vw, 213px\" \/><\/a><figcaption id=\"caption-attachment-2258\" class=\"wp-caption-text\">Programa divulgado pelas redes sociais<br \/>nos principais grupos de apicultores e<br \/>meliponicultores .<\/figcaption><\/figure>\n<p><span style=\"font-size: large;\">A programa\u00e7\u00e3o foi diversificada, com palestras, exposi\u00e7\u00e3o e comercializa\u00e7\u00e3o de mel e derivados. Segundo o engenheiro agr\u00f4nomo Osmar, da Dextru, um dos organizadores do evento, a atividade foi pensada para despertar o interesse sobre abelhas e sua relev\u00e2ncia para a sociedade em geral. \u201cO Dia da Abelha foi institu\u00eddo pelo Minist\u00e9rio do Meio Ambiente para ser celebrado com atividades educativas, de divulga\u00e7\u00e3o e sensibiliza\u00e7\u00e3o a respeito do valor e da import\u00e2ncia grandiosa desses insetos para a sobreviv\u00eancia e equil\u00edbrio dos ecossistemas. Muitas vezes s\u00f3 damos import\u00e2ncia para as abelhas na propor\u00e7\u00e3o direta da sua produ\u00e7\u00e3o de mel, deixando assim de considerar sua import\u00e2ncia na preserva\u00e7\u00e3o de milhares de esp\u00e9cies vegetais que delas dependem, pela poliniza\u00e7\u00e3o, para se manterem nos mais diversos biomas e agroecossistemas. Outro fator importante \u00e9 que, quando estudamos as culturas agr\u00edcolas e o papel das abelhas na poliniza\u00e7\u00e3o de esp\u00e9cies como a ma\u00e7a, o mel\u00e3o, o morango, o caf\u00e9 e toda a cadeia da citricultura, percebemos com maior clareza o quanto essas culturas dependem das abelhas para produzirem com not\u00e1vel qualidade e quantidade de frutos\u201d.<\/span><\/p>\n<p><span style=\"font-size: large;\">Entre os palestrantes estava Fabiano Guedes R. da Silva, Biologo e Apiterapeuta, s\u00f3cio da APACAME que ministrou a palestra: Avan\u00e7os e problemas recentes na produ\u00e7\u00e3o ap\u00edcola no Brasil.<\/span><\/p>\n","protected":false},"excerpt":{"rendered":"<p>CATI comemora o Dia Nacional da Abelha incentivando a conscientiza\u00e7\u00e3o sobre a import\u00e2ncia desses insetos para a agricultura Celebrado no dia 3 de outubro, o Dia Nacional da Abelha \u00e9 [&hellip;]<\/p>\n","protected":false},"author":1,"featured_media":0,"parent":2188,"menu_order":0,"comment_status":"open","ping_status":"open","template":"","meta":{"pmpro_default_level":"","_price":"","_stock":"","_tribe_ticket_header":"","_tribe_default_ticket_provider":"","_tribe_ticket_capacity":"0","_ticket_start_date":"","_ticket_end_date":"","_tribe_ticket_show_description":"","_tribe_ticket_show_not_going":false,"_tribe_ticket_use_global_stock":"","_tribe_ticket_global_stock_level":"","_global_stock_mode":"","_global_stock_cap":"","_tribe_rsvp_for_event":"","_tribe_ticket_going_count":"","_tribe_ticket_not_going_count":"","_tribe_tickets_list":"[]","_tribe_ticket_has_attendee_info_fields":false,"cybocfi_hide_featured_image":"","footnotes":""},"class_list":["post-2256","page","type-page","status-publish","hentry","pmpro-has-access"],"_links":{"self":[{"href":"https:\/\/apacame.org.br\/site\/wp-json\/wp\/v2\/pages\/2256"}],"collection":[{"href":"https:\/\/apacame.org.br\/site\/wp-json\/wp\/v2\/pages"}],"about":[{"href":"https:\/\/apacame.org.br\/site\/wp-json\/wp\/v2\/types\/page"}],"author":[{"embeddable":true,"href":"https:\/\/apacame.org.br\/site\/wp-json\/wp\/v2\/users\/1"}],"replies":[{"embeddable":true,"href":"https:\/\/apacame.org.br\/site\/wp-json\/wp\/v2\/comments?post=2256"}],"version-history":[{"count":2,"href":"https:\/\/apacame.org.br\/site\/wp-json\/wp\/v2\/pages\/2256\/revisions"}],"predecessor-version":[{"id":2260,"href":"https:\/\/apacame.org.br\/site\/wp-json\/wp\/v2\/pages\/2256\/revisions\/2260"}],"up":[{"embeddable":true,"href":"https:\/\/apacame.org.br\/site\/wp-json\/wp\/v2\/pages\/2188"}],"wp:attachment":[{"href":"https:\/\/apacame.org.br\/site\/wp-json\/wp\/v2\/media?parent=2256"}],"curies":[{"name":"wp","href":"https:\/\/api.w.org\/{rel}","templated":true}]}}