{"id":2249,"date":"2017-12-18T19:59:18","date_gmt":"2017-12-18T19:59:18","guid":{"rendered":"http:\/\/apacame.org.br\/site\/?page_id=2249"},"modified":"2017-12-18T19:59:58","modified_gmt":"2017-12-18T19:59:58","slug":"evento","status":"publish","type":"page","link":"https:\/\/apacame.org.br\/site\/revista\/mensagem-doce-n-144-novembro-de-2017\/evento\/","title":{"rendered":"Evento"},"content":{"rendered":"<h1 style=\"text-align: center;\">ABEMEL REALIZA O 1\u00ba WORKSHOP DE CAPACITA\u00c7\u00c3O EM MANEJO PARA AUMENTO DA PRODUTIVIDADE AP\u00cdCOLA E POLINIZA\u00c7\u00c3O<\/h1>\n<p><span style=\"font-size: large;\">O curso ministrado na cidade de Franca, interior de S\u00e3o Paulo, teve o objetivo de capacitar apicultores e promover o desenvolvimento da apicultura brasileira.<\/span><\/p>\n<figure id=\"attachment_2250\" aria-describedby=\"caption-attachment-2250\" style=\"width: 300px\" class=\"wp-caption alignright\"><a href=\"https:\/\/apacame.org.br\/site\/wp-content\/uploads\/2017\/12\/ABEMEL_-01.jpg\"><img fetchpriority=\"high\" decoding=\"async\" class=\"wp-image-2250 size-medium\" src=\"https:\/\/apacame.org.br\/site\/wp-content\/uploads\/2017\/12\/ABEMEL_-01-300x219.jpg\" alt=\"Foto 01 - Dra. Andresa Aparecida Berretta e Silva, Profo David de Jong, Profo Lionel Segui Gon\u00e7alves , Profo Ademilson Egea Espencer Soares, Dra. Aline Patricia Turcatto, Carlos Pamplona Rehder e Profo Arno Wieringa.\" width=\"300\" height=\"219\" srcset=\"https:\/\/apacame.org.br\/site\/wp-content\/uploads\/2017\/12\/ABEMEL_-01-300x219.jpg 300w, https:\/\/apacame.org.br\/site\/wp-content\/uploads\/2017\/12\/ABEMEL_-01-150x110.jpg 150w, https:\/\/apacame.org.br\/site\/wp-content\/uploads\/2017\/12\/ABEMEL_-01-500x366.jpg 500w, https:\/\/apacame.org.br\/site\/wp-content\/uploads\/2017\/12\/ABEMEL_-01.jpg 748w\" sizes=\"(max-width: 300px) 100vw, 300px\" \/><\/a><figcaption id=\"caption-attachment-2250\" class=\"wp-caption-text\">Foto 01 &#8211; Dra. Andresa Aparecida Berretta e Silva, Profo David de Jong, Profo Lionel Segui<br \/> Gon\u00e7alves , Profo Ademilson Egea Espencer Soares, Dra. Aline Patricia Turcatto, Carlos Pamplona<br \/> Rehder e Profo Arno Wieringa.<\/figcaption><\/figure>\n<p><span style=\"font-size: large;\">A Associa\u00e7\u00e3o brasileira dos entrepostos e exportadores de produtos ap\u00edcolas (ABEMEL) realizou no dia 19 de Agosto, na cidade de Franca, interior de S\u00e3o Paulo, o 1\u00ba Workshop de Capacita\u00e7\u00e3o em Manejo para aumento da Produtividade Ap\u00edcola e Poliniza\u00e7\u00e3o.<\/span><\/p>\n<p><span style=\"font-size: large;\">O evento contou com mais de 200 participantes dentre eles profissionais apicultores e estudantes que buscam conhecimento e aperfei\u00e7oamento na \u00e1rea.<\/span><\/p>\n<p><span style=\"font-size: large;\">O evento foi considerado um sucesso pelos participantes j\u00e1 que na ocasi\u00e3o a entidade pode contar com profissionais que puderam ministrar suas palestras demonstrando a todos suas experi\u00eancias e pr\u00e1ticas do dia a dia al\u00e9m de presenciarem o resultado sobre a poliniza\u00e7\u00e3o do caf\u00e9, na regi\u00e3o de Franca, aonde uma pesquisa v\u00eam sendo conduzida pela bi\u00f3loga Aline Patricia Turcatto. Dra. Aline explicou que: &#8220;A regi\u00e3o de Franca tem uma produ\u00e7\u00e3o anual de caf\u00e9 muito significativa no cen\u00e1rio nacional, por\u00e9m a quest\u00e3o sobre a import\u00e2ncia das abelhas para a poliniza\u00e7\u00e3o de caf\u00e9 e o aumento da produ\u00e7\u00e3o dos gr\u00e3os ainda \u00e9 muito recente&#8221;.<\/span><\/p>\n<figure id=\"attachment_2251\" aria-describedby=\"caption-attachment-2251\" style=\"width: 300px\" class=\"wp-caption alignleft\"><a href=\"https:\/\/apacame.org.br\/site\/wp-content\/uploads\/2017\/12\/ABEMEL_-02.jpg\"><img decoding=\"async\" class=\"wp-image-2251 size-medium\" src=\"https:\/\/apacame.org.br\/site\/wp-content\/uploads\/2017\/12\/ABEMEL_-02-300x187.jpg\" alt=\"Foto 02 - P\u00fablico sorteado com os brindes dos patrocinadores\" width=\"300\" height=\"187\" srcset=\"https:\/\/apacame.org.br\/site\/wp-content\/uploads\/2017\/12\/ABEMEL_-02-300x187.jpg 300w, https:\/\/apacame.org.br\/site\/wp-content\/uploads\/2017\/12\/ABEMEL_-02-150x94.jpg 150w, https:\/\/apacame.org.br\/site\/wp-content\/uploads\/2017\/12\/ABEMEL_-02-500x312.jpg 500w, https:\/\/apacame.org.br\/site\/wp-content\/uploads\/2017\/12\/ABEMEL_-02.jpg 748w\" sizes=\"(max-width: 300px) 100vw, 300px\" \/><\/a><figcaption id=\"caption-attachment-2251\" class=\"wp-caption-text\">Foto 02 &#8211; P\u00fablico sorteado com os brindes dos patrocinadores<\/figcaption><\/figure>\n<p><span style=\"font-size: large;\">O trabalho conduzido pela bi\u00f3loga busca mostrar n\u00e3o s\u00f3 a import\u00e2ncia da poliniza\u00e7\u00e3o das abelhas para a produ\u00e7\u00e3o de caf\u00e9, mas principalmente estreitar a rela\u00e7\u00e3o entre cafeicultores e apicultores, melhorando a produ\u00e7\u00e3o de caf\u00e9 e gerando renda extra aos apicultores da regi\u00e3o atrav\u00e9s do aluguel de col\u00f4nias para poliniza\u00e7\u00e3o.<\/span><\/p>\n<p><span style=\"font-size: large;\">A vice-presidente da ABEMEL e idealizadora do workshop, Andresa Berretta, falou sobre o evento e sua realiza\u00e7\u00e3o: &#8220;A presen\u00e7a desses profissionais com expertise na \u00e1rea, que acreditaram nesta a\u00e7\u00e3o da entidade foi de suma import\u00e2ncia para que o p\u00fablico presente tomasse conhecimento de vis\u00f5es no mercado mundial, destacando-se pela diversidade e qualidade, como tamb\u00e9m foi um primeiro passo para que a associa\u00e7\u00e3o possa dar seguimento nesses semin\u00e1rios por todo o Brasil\u201d, disse Andresa.<\/span><\/p>\n<figure id=\"attachment_2252\" aria-describedby=\"caption-attachment-2252\" style=\"width: 748px\" class=\"wp-caption aligncenter\"><a href=\"https:\/\/apacame.org.br\/site\/wp-content\/uploads\/2017\/12\/ABEMEL_-03.jpg\"><img decoding=\"async\" class=\"size-full wp-image-2252\" src=\"https:\/\/apacame.org.br\/site\/wp-content\/uploads\/2017\/12\/ABEMEL_-03.jpg\" alt=\"Foto 03 - P\u00fablico presente\" width=\"748\" height=\"233\" srcset=\"https:\/\/apacame.org.br\/site\/wp-content\/uploads\/2017\/12\/ABEMEL_-03.jpg 748w, https:\/\/apacame.org.br\/site\/wp-content\/uploads\/2017\/12\/ABEMEL_-03-300x93.jpg 300w, https:\/\/apacame.org.br\/site\/wp-content\/uploads\/2017\/12\/ABEMEL_-03-150x47.jpg 150w, https:\/\/apacame.org.br\/site\/wp-content\/uploads\/2017\/12\/ABEMEL_-03-500x156.jpg 500w\" sizes=\"(max-width: 748px) 100vw, 748px\" \/><\/a><figcaption id=\"caption-attachment-2252\" class=\"wp-caption-text\">Foto 03 &#8211; P\u00fablico presente<\/figcaption><\/figure>\n<p><span style=\"font-size: large;\">Para obter mais informa\u00e7\u00f5es, entre em contato com a ABEMEL <a href=\"mailto:abemel@abemel.com.br\">abemel@abemel.com.br<\/a>.<\/span><\/p>\n","protected":false},"excerpt":{"rendered":"<p>ABEMEL REALIZA O 1\u00ba WORKSHOP DE CAPACITA\u00c7\u00c3O EM MANEJO PARA AUMENTO DA PRODUTIVIDADE AP\u00cdCOLA E POLINIZA\u00c7\u00c3O O curso ministrado na cidade de Franca, interior de S\u00e3o Paulo, teve o objetivo [&hellip;]<\/p>\n","protected":false},"author":1,"featured_media":0,"parent":2188,"menu_order":0,"comment_status":"open","ping_status":"open","template":"","meta":{"pmpro_default_level":"","_price":"","_stock":"","_tribe_ticket_header":"","_tribe_default_ticket_provider":"","_tribe_ticket_capacity":"0","_ticket_start_date":"","_ticket_end_date":"","_tribe_ticket_show_description":"","_tribe_ticket_show_not_going":false,"_tribe_ticket_use_global_stock":"","_tribe_ticket_global_stock_level":"","_global_stock_mode":"","_global_stock_cap":"","_tribe_rsvp_for_event":"","_tribe_ticket_going_count":"","_tribe_ticket_not_going_count":"","_tribe_tickets_list":"[]","_tribe_ticket_has_attendee_info_fields":false,"cybocfi_hide_featured_image":"","footnotes":""},"class_list":["post-2249","page","type-page","status-publish","hentry","pmpro-has-access"],"_links":{"self":[{"href":"https:\/\/apacame.org.br\/site\/wp-json\/wp\/v2\/pages\/2249"}],"collection":[{"href":"https:\/\/apacame.org.br\/site\/wp-json\/wp\/v2\/pages"}],"about":[{"href":"https:\/\/apacame.org.br\/site\/wp-json\/wp\/v2\/types\/page"}],"author":[{"embeddable":true,"href":"https:\/\/apacame.org.br\/site\/wp-json\/wp\/v2\/users\/1"}],"replies":[{"embeddable":true,"href":"https:\/\/apacame.org.br\/site\/wp-json\/wp\/v2\/comments?post=2249"}],"version-history":[{"count":3,"href":"https:\/\/apacame.org.br\/site\/wp-json\/wp\/v2\/pages\/2249\/revisions"}],"predecessor-version":[{"id":2254,"href":"https:\/\/apacame.org.br\/site\/wp-json\/wp\/v2\/pages\/2249\/revisions\/2254"}],"up":[{"embeddable":true,"href":"https:\/\/apacame.org.br\/site\/wp-json\/wp\/v2\/pages\/2188"}],"wp:attachment":[{"href":"https:\/\/apacame.org.br\/site\/wp-json\/wp\/v2\/media?parent=2249"}],"curies":[{"name":"wp","href":"https:\/\/api.w.org\/{rel}","templated":true}]}}