{"id":2234,"date":"2017-12-18T19:35:11","date_gmt":"2017-12-18T19:35:11","guid":{"rendered":"http:\/\/apacame.org.br\/site\/?page_id=2234"},"modified":"2017-12-18T19:35:11","modified_gmt":"2017-12-18T19:35:11","slug":"apimondia-4","status":"publish","type":"page","link":"https:\/\/apacame.org.br\/site\/revista\/mensagem-doce-n-144-novembro-de-2017\/apimondia-4\/","title":{"rendered":"APIMONDIA"},"content":{"rendered":"<h1 style=\"text-align: center;\">45\u00ba APIMONDIA CONGRESSO INTERNACIONAL DE APICULTURA ISTAMBUL &#8211; TURQUIA<\/h1>\n<blockquote><p>Eloi Viana da Silva.<\/p><\/blockquote>\n<figure id=\"attachment_2235\" aria-describedby=\"caption-attachment-2235\" style=\"width: 300px\" class=\"wp-caption alignleft\"><a href=\"https:\/\/apacame.org.br\/site\/wp-content\/uploads\/2017\/12\/Eloi_Figura_02.jpg\"><img fetchpriority=\"high\" decoding=\"async\" class=\"size-medium wp-image-2235\" src=\"https:\/\/apacame.org.br\/site\/wp-content\/uploads\/2017\/12\/Eloi_Figura_02-300x224.jpg\" alt=\"Uma visita ao Estande da ABEMEL, junto com o Prof. Dr. Darcet Souza Costa.\" width=\"300\" height=\"224\" srcset=\"https:\/\/apacame.org.br\/site\/wp-content\/uploads\/2017\/12\/Eloi_Figura_02-300x224.jpg 300w, https:\/\/apacame.org.br\/site\/wp-content\/uploads\/2017\/12\/Eloi_Figura_02-150x112.jpg 150w, https:\/\/apacame.org.br\/site\/wp-content\/uploads\/2017\/12\/Eloi_Figura_02-500x374.jpg 500w, https:\/\/apacame.org.br\/site\/wp-content\/uploads\/2017\/12\/Eloi_Figura_02.jpg 745w\" sizes=\"(max-width: 300px) 100vw, 300px\" \/><\/a><figcaption id=\"caption-attachment-2235\" class=\"wp-caption-text\">Uma visita ao Estande da ABEMEL, junto com<br \/>o Prof. Dr. Darcet Souza Costa.<\/figcaption><\/figure>\n<p><span style=\"font-size: large;\">Realizado em Istambul, na Turquia, com a participa\u00e7\u00e3o de mais de 130 pa\u00edses, e n\u00f3s da APACAME, sendo representada por 46 integrantes, entre outros brasileiros que l\u00e1 estavam, uma confraterniza\u00e7\u00e3o \u00fanica de apicultores que acontece a cada dois anos, com uma organiza\u00e7\u00e3o muito boa, salas de palestras enormes, uma feira de equipamentos e produtos das abelhas muito grande no centro de eventos, nota dez.<\/span><\/p>\n<p><span style=\"font-size: large;\">E, outra feira no lado externo principalmente para os Turcos, como deveria ser. Eles estavam em peso no evento.<\/span><\/p>\n<p><span style=\"font-size: large;\">A Turquia atualmente \u00e9 o segundo maior produtor de mel do mundo com uma media de 18 Kg colmeia ano, passando a Argentina, sendo a China em primeiro lugar na produ\u00e7\u00e3o de mel mundial.<\/span><\/p>\n<p><span style=\"font-size: large;\">Tivemos tamb\u00e9m alguns estandes de empresas brasileiras, muito bem representado. Quanto a parte cientifica fomos representado t\u00e3o somente pelo Dr. Lionel Segui Goncalves da USP Ribeir\u00e3o preto; Dr. Cristiano Menezes da Embrapa &#8211; PA., Prof. Dr. Darcet Costa Souza, de Teresina &#8211; PI e Marcela de Matos Barbosa. Estamos precisando de mais pessoas nessa \u00e1rea.<\/span><\/p>\n<figure id=\"attachment_2236\" aria-describedby=\"caption-attachment-2236\" style=\"width: 300px\" class=\"wp-caption alignright\"><a href=\"https:\/\/apacame.org.br\/site\/wp-content\/uploads\/2017\/12\/Eloi_Figura_03.jpg\"><img decoding=\"async\" class=\"size-medium wp-image-2236\" src=\"https:\/\/apacame.org.br\/site\/wp-content\/uploads\/2017\/12\/Eloi_Figura_03-300x225.jpg\" alt=\"Vista ao estande da VITA - APILAB\" width=\"300\" height=\"225\" srcset=\"https:\/\/apacame.org.br\/site\/wp-content\/uploads\/2017\/12\/Eloi_Figura_03-300x225.jpg 300w, https:\/\/apacame.org.br\/site\/wp-content\/uploads\/2017\/12\/Eloi_Figura_03-150x113.jpg 150w, https:\/\/apacame.org.br\/site\/wp-content\/uploads\/2017\/12\/Eloi_Figura_03-500x375.jpg 500w, https:\/\/apacame.org.br\/site\/wp-content\/uploads\/2017\/12\/Eloi_Figura_03.jpg 749w\" sizes=\"(max-width: 300px) 100vw, 300px\" \/><\/a><figcaption id=\"caption-attachment-2236\" class=\"wp-caption-text\">Vista ao estande da VITA &#8211; APILAB<\/figcaption><\/figure>\n<p><span style=\"font-size: large;\">Tamb\u00e9m viajamos para o interior do pais para a visita t\u00e9cnica em um local com muitas abelhas todas mansas com muita facilidade de manejo, um caminh\u00e3o carregado de colmeias prontas para a produ\u00e7\u00e3o com uma tecnologia incr\u00edvel, onde o trabalho \u00e9 feito pela parte interior do mesmo a as colmeias todas virada para fora.<\/span><\/p>\n<p><span style=\"font-size: large;\">Passamos tamb\u00e9m por um entreposto e um laborat\u00f3rio de analises dos produtos das abelhas, coisa de primeiro mundo. Tamb\u00e9m temos que lembrar que uma empresa de Santa Catarina recebeu medalhas de ouro e bronze nos concursos de mel.<\/span><\/p>\n<p><span style=\"font-size: large;\">No encerramento onde foi eleita a cidade de UFA, na R\u00fassia, para o congresso de 2021, e ainda fechando com chave de ouro, no final, a turma da APACAME e a bandeira do Brasil e da APACAME, em um v\u00eddeo feito pela APIMONDIA.<\/span><\/p>\n<p>&nbsp;<\/p>\n<p><span style=\"font-size: large;\">bem amigos, um pouco do que aconteceu em Istambul, e, at\u00e9 Montreal, no Canad\u00e1, em setembro de 2019.<\/span><\/p>\n","protected":false},"excerpt":{"rendered":"<p>45\u00ba APIMONDIA CONGRESSO INTERNACIONAL DE APICULTURA ISTAMBUL &#8211; TURQUIA Eloi Viana da Silva. Realizado em Istambul, na Turquia, com a participa\u00e7\u00e3o de mais de 130 pa\u00edses, e n\u00f3s da APACAME, [&hellip;]<\/p>\n","protected":false},"author":1,"featured_media":0,"parent":2188,"menu_order":0,"comment_status":"open","ping_status":"open","template":"","meta":{"pmpro_default_level":"","_price":"","_stock":"","_tribe_ticket_header":"","_tribe_default_ticket_provider":"","_tribe_ticket_capacity":"0","_ticket_start_date":"","_ticket_end_date":"","_tribe_ticket_show_description":"","_tribe_ticket_show_not_going":false,"_tribe_ticket_use_global_stock":"","_tribe_ticket_global_stock_level":"","_global_stock_mode":"","_global_stock_cap":"","_tribe_rsvp_for_event":"","_tribe_ticket_going_count":"","_tribe_ticket_not_going_count":"","_tribe_tickets_list":"[]","_tribe_ticket_has_attendee_info_fields":false,"cybocfi_hide_featured_image":"","footnotes":""},"class_list":["post-2234","page","type-page","status-publish","hentry","pmpro-has-access"],"_links":{"self":[{"href":"https:\/\/apacame.org.br\/site\/wp-json\/wp\/v2\/pages\/2234"}],"collection":[{"href":"https:\/\/apacame.org.br\/site\/wp-json\/wp\/v2\/pages"}],"about":[{"href":"https:\/\/apacame.org.br\/site\/wp-json\/wp\/v2\/types\/page"}],"author":[{"embeddable":true,"href":"https:\/\/apacame.org.br\/site\/wp-json\/wp\/v2\/users\/1"}],"replies":[{"embeddable":true,"href":"https:\/\/apacame.org.br\/site\/wp-json\/wp\/v2\/comments?post=2234"}],"version-history":[{"count":2,"href":"https:\/\/apacame.org.br\/site\/wp-json\/wp\/v2\/pages\/2234\/revisions"}],"predecessor-version":[{"id":2239,"href":"https:\/\/apacame.org.br\/site\/wp-json\/wp\/v2\/pages\/2234\/revisions\/2239"}],"up":[{"embeddable":true,"href":"https:\/\/apacame.org.br\/site\/wp-json\/wp\/v2\/pages\/2188"}],"wp:attachment":[{"href":"https:\/\/apacame.org.br\/site\/wp-json\/wp\/v2\/media?parent=2234"}],"curies":[{"name":"wp","href":"https:\/\/api.w.org\/{rel}","templated":true}]}}