{"id":2229,"date":"2017-12-18T19:24:16","date_gmt":"2017-12-18T19:24:16","guid":{"rendered":"http:\/\/apacame.org.br\/site\/?page_id=2229"},"modified":"2017-12-18T19:24:16","modified_gmt":"2017-12-18T19:24:16","slug":"apimondia-3","status":"publish","type":"page","link":"https:\/\/apacame.org.br\/site\/revista\/mensagem-doce-n-144-novembro-de-2017\/apimondia-3\/","title":{"rendered":"APIMONDIA"},"content":{"rendered":"<h1 style=\"text-align: center;\">45\u00ba Congresso Mundial da Apimondia<\/h1>\n<blockquote><p>Radam\u00e9s Zovaro &#8211; Empres\u00e1rio ap\u00edcola e Diretor Tecn\u00edco da APACAME<\/p><\/blockquote>\n<p><span style=\"font-size: large;\">Estivemos mais uma vez participando do Congresso Mundial da Apimondia, desta feita o 45\u00ba Congresso Internacional de Apicultura, (45th Apimondia Intenational Apicultural Congress), realizado na cidade de Istanbul, Turquia, ocorrido entre os dias 29 de setembro a 04 de Outubro de 2017.<\/span><\/p>\n<figure id=\"attachment_2230\" aria-describedby=\"caption-attachment-2230\" style=\"width: 300px\" class=\"wp-caption alignright\"><a href=\"https:\/\/apacame.org.br\/site\/wp-content\/uploads\/2017\/12\/Foto_Zovaro_visita_tecnica.jpg\"><img fetchpriority=\"high\" decoding=\"async\" class=\"size-medium wp-image-2230\" src=\"https:\/\/apacame.org.br\/site\/wp-content\/uploads\/2017\/12\/Foto_Zovaro_visita_tecnica-300x225.jpg\" alt=\"Visita t\u00e9cnica a api\u00e1rio na Turquia durante APIMONDIA.\" width=\"300\" height=\"225\" srcset=\"https:\/\/apacame.org.br\/site\/wp-content\/uploads\/2017\/12\/Foto_Zovaro_visita_tecnica-300x225.jpg 300w, https:\/\/apacame.org.br\/site\/wp-content\/uploads\/2017\/12\/Foto_Zovaro_visita_tecnica-150x112.jpg 150w, https:\/\/apacame.org.br\/site\/wp-content\/uploads\/2017\/12\/Foto_Zovaro_visita_tecnica-500x374.jpg 500w, https:\/\/apacame.org.br\/site\/wp-content\/uploads\/2017\/12\/Foto_Zovaro_visita_tecnica.jpg 749w\" sizes=\"(max-width: 300px) 100vw, 300px\" \/><\/a><figcaption id=\"caption-attachment-2230\" class=\"wp-caption-text\">Visita t\u00e9cnica a api\u00e1rio na Turquia durante APIMONDIA.<\/figcaption><\/figure>\n<p><span style=\"font-size: large;\">A Turquia \u00e9 o segundo maior produtor de mel do mundo, atingindo uma produ\u00e7\u00e3o anual de 81.115 ton\/ ano. <\/span><\/p>\n<p><span style=\"font-size: large;\">O Congresso foi um dos melhores que assisti ultimamente, com \u00f3timas palestras, uma feira de materiais muito boa, quantidades enormes de expositores e uma visita t\u00e9cnica que me lembrou um passado de mais de 60 anos, quando no Brasil n\u00f3s t\u00ednhamos uma apicultura no quintal de casa com abelhas mansas, (Apis Mellifera Ligustica \u2013 tamb\u00e9m conhecida como abelhas italianas).<\/span><\/p>\n<p><span style=\"font-size: large;\">O Brasil se fez representar com dois palestrantes &#8211; Prof. Leonel Segui Gon\u00e7alves, apresentando dois temas: \u201cSer ou n\u00e3o ser\u201d de W. Shakespeare foi muito discutido, mas, \u201cAbelhas ou n\u00e3o Abelhas\u201d \u00e9 hoje a maior quest\u00e3o da agricultura mundial. A segunda palestra apresentada foi \u201cEvolu\u00e7\u00e3o da atua\u00e7\u00e3o da ventila\u00e7\u00e3o das Abelhas Africanas em colmeias sob condi\u00e7\u00f5es de sol e sombra no semi\u00e1rido do Nordeste Brasileiro\u201d. <\/span><\/p>\n<p><span style=\"font-size: large;\">O segundo palestrante foi o Prof. Cristiano Menezes, funcion\u00e1rio da Embrapa, comentando os seguintes temas: &#8211; \u201cAs Abelhas sociais brasileiras devem cultivar fungos para sobreviverem\u201d, e a segunda palestra foi: \u201cMultiplica\u00e7\u00e3o de col\u00f4nias e gerenciamento de abelhas sem ferr\u00e3o para uso no servi\u00e7o de poliniza\u00e7\u00e3o no Brasil\u201d.<\/span><\/p>\n<p><span style=\"font-size: large;\"><a href=\"https:\/\/apacame.org.br\/site\/wp-content\/uploads\/2017\/12\/Quadro-visita-tecnica.jpg\"><img decoding=\"async\" class=\"alignleft size-large wp-image-2231\" src=\"https:\/\/apacame.org.br\/site\/wp-content\/uploads\/2017\/12\/Quadro-visita-tecnica-654x1024.jpg\" alt=\"Quadro visita tecnica\" width=\"654\" height=\"1024\" srcset=\"https:\/\/apacame.org.br\/site\/wp-content\/uploads\/2017\/12\/Quadro-visita-tecnica-654x1024.jpg 654w, https:\/\/apacame.org.br\/site\/wp-content\/uploads\/2017\/12\/Quadro-visita-tecnica-192x300.jpg 192w, https:\/\/apacame.org.br\/site\/wp-content\/uploads\/2017\/12\/Quadro-visita-tecnica-150x235.jpg 150w, https:\/\/apacame.org.br\/site\/wp-content\/uploads\/2017\/12\/Quadro-visita-tecnica-319x500.jpg 319w, https:\/\/apacame.org.br\/site\/wp-content\/uploads\/2017\/12\/Quadro-visita-tecnica.jpg 1125w\" sizes=\"(max-width: 654px) 100vw, 654px\" \/><\/a>Na \u00e1rea de exposi\u00e7\u00f5es uma grande quantidade de materiais e equipamentos foram apresentados com expositores da Turquia, China, Coreia, Pol\u00f4nia, Brasil e outros pa\u00edses da \u00c1sia e Europa. O Brasil estava representado por empresas que comercializam mel e pr\u00f3polis para o mercado internacional.<\/span><\/p>\n<p><span style=\"font-size: large;\">Algumas empresas chamaram a aten\u00e7\u00e3o, como a Apimaye Aricilik Ekipmani, instalada na Turquia, apresentou uma linha completa de materiais e equipamentos de alt\u00edssimo n\u00edvel, com um catalogo de 120 paginas contendo todas linhas de mat\u00e9rias necess\u00e1rios para o trabalho na apicultura e no artesanato, como produ\u00e7\u00e3o de velas de cera de abelha por exemplo. Outra empresa de materiais ap\u00edcolas que tamb\u00e9m chamou aten\u00e7\u00e3o foi e Lyson, uma empresa Polonesa, com uma linha fant\u00e1stica de materiais, equipamentos e produtos para o artesanato ap\u00edcola tamb\u00e9m. Para descrever toda a exposi\u00e7\u00e3o daria para ocupar um grande espa\u00e7o, porque todos os expositores apresentavam produtos de grande interesse, porem duas empresas ofereceram algo que at\u00e9 o momento nunca tinha visto em outros Congressos que participamos, foi exatamente o aparelho de Insemina\u00e7\u00e3o Artificial de Rainhas, assunto que normalmente \u00e9 discutido nas Universidades, e pelo que se percebe esta come\u00e7ando a ser usado tamb\u00e9m pelos apicultores, com a finalidade de melhorar as condi\u00e7\u00f5es das abelhas, mantendo Rainhas com altas posturas e uma gen\u00e9tica melhor com rela\u00e7\u00e3o a produtividade e agressividade das abelhas. Notamos evidentemente e deu para perceber que os apicultores est\u00e3o procurando melhorar mais as condi\u00e7\u00f5es das abelhas no tocante a qualidade, mansid\u00e3o e produ\u00e7\u00e3o. <\/span><\/p>\n<p><span style=\"font-size: large;\">Com rela\u00e7\u00e3o aos concursos do Congresso, \u00a0mais uma vez o Brasil foi representado e com muito sucesso pela empresa Prodapys Exportadora, localizada em Santa Catarina. (Quadro 1).<\/span><\/p>\n<p><span style=\"font-size: large;\">Parabenizamos a empresa que tem obtido \u00f3timos\u00a0 pr\u00eamios em Congressos Internacionais, promovendo a apicultura brasileira no que diz respeito a qualidade e sabor dos nossos produtos.<\/span><\/p>\n<p><span style=\"font-size: large;\">No ultimo dia do Congresso fizemos a visita t\u00e9cnica, visitamos o maior entreposto de mel da Turquia, empresa denominada Balparmak. Fomos muito bem recebidos, foi nos fornecido um coquetel. O presidente do Entreposto fez uma pequena explana\u00e7\u00e3o e nos convidou para visitar as instala\u00e7\u00f5es. Seguimos por um corredor todo envidra\u00e7ado, porem s\u00f3 vimos as instala\u00e7\u00f5es do Laborat\u00f3rio da empresa. N\u00e3o vimos nada de mel a n\u00e3o ser no brinde que nos ofereceu. Seguindo a visita t\u00e9cnica, visitamos um api\u00e1rio instalado em uma \u00e1rea verde, onde tinha aproximadamente umas 500 (quinhentas) colmeias, todas sem melgueiras ou sobre caixas, uma vez que j\u00e1 acabou a \u00e9poca da florada. Na Europa j\u00e1 \u00e9 Outono. Acreditamos haver umas 400 pessoas presentes e todas tiveram liberdade para circular nos mais diferentes pontos da \u00e1rea, abrindo as colmeias sem fuma\u00e7a e tamb\u00e9m sem mascaras, fotografando, conversando e mostrando os quadros com abelhas e muito mais. Normalmente na Turquia eles mantem as Apis Mellifera Caucasica e a Apis Mellifera Anatolica, que s\u00e3o abelhas da cor preta e mansas. Me lembrou muito a minha inf\u00e2ncia como citei acima. Tamb\u00e9m estava na \u00e1rea um caminh\u00e3o carregado com 192 (cento e noventa e duas) colmeias com abelhas, preparado para o transporte. Realmente a visita ao api\u00e1rio foi \u00f3tima pela liberdade que tivemos de circular em toda a \u00e1rea. Finalizando a viagem, fomos almo\u00e7ar em um bairro, onde nos foi oferecido almo\u00e7o, servido em uma rua contendo mesas e bancos ao ar livre. Foi um \u00f3timo Congresso e esperamos poder aplicar algumas coisas em nossa apicultura, que infelizmente esta longe da realidade mundial.<\/span><\/p>\n<p><span style=\"font-size: large;\">Uma coisa que achei muito interessante, ligado a apicultura \u00e9 a quantidade de lojas de doces existentes na cidade e todas elas apresentando o mel envasado e mel em favos, favos esses em v\u00e1rios formatos, retangular, quadrado e redondo como um circulo. Nos hot\u00e9is que o grupo da APACAME se hospedou, em todos no caf\u00e9 da manh\u00e3, o mel em favo se fazia presente. Ou seja, na Turquia existe o h\u00e1bito natural de consumir mel, seja liquido ou em favo. <\/span><\/p>\n<p><span style=\"font-size: large;\">Complementando, apresentamos os dados sobre a Produ\u00e7\u00e3o de mel, fornecido pela entidade \u201cBee or not tobee\u201d. Quadro 2.<\/span><\/p>\n<p><span style=\"font-size: large;\">Isso vem demostrar que o Brasil infelizmente esta longe da realidade, com rela\u00e7\u00e3o a produtividade ap\u00edcola. Precisamos melhorar muito, para poder galgar lugares melhores em rela\u00e7\u00e3o a produ\u00e7\u00e3o mundial.<\/span><\/p>\n","protected":false},"excerpt":{"rendered":"<p>45\u00ba Congresso Mundial da Apimondia Radam\u00e9s Zovaro &#8211; Empres\u00e1rio ap\u00edcola e Diretor Tecn\u00edco da APACAME Estivemos mais uma vez participando do Congresso Mundial da Apimondia, desta feita o 45\u00ba Congresso [&hellip;]<\/p>\n","protected":false},"author":1,"featured_media":0,"parent":2188,"menu_order":0,"comment_status":"open","ping_status":"open","template":"","meta":{"pmpro_default_level":"","_price":"","_stock":"","_tribe_ticket_header":"","_tribe_default_ticket_provider":"","_tribe_ticket_capacity":"0","_ticket_start_date":"","_ticket_end_date":"","_tribe_ticket_show_description":"","_tribe_ticket_show_not_going":false,"_tribe_ticket_use_global_stock":"","_tribe_ticket_global_stock_level":"","_global_stock_mode":"","_global_stock_cap":"","_tribe_rsvp_for_event":"","_tribe_ticket_going_count":"","_tribe_ticket_not_going_count":"","_tribe_tickets_list":"[]","_tribe_ticket_has_attendee_info_fields":false,"cybocfi_hide_featured_image":"","footnotes":""},"class_list":["post-2229","page","type-page","status-publish","hentry","pmpro-has-access"],"_links":{"self":[{"href":"https:\/\/apacame.org.br\/site\/wp-json\/wp\/v2\/pages\/2229"}],"collection":[{"href":"https:\/\/apacame.org.br\/site\/wp-json\/wp\/v2\/pages"}],"about":[{"href":"https:\/\/apacame.org.br\/site\/wp-json\/wp\/v2\/types\/page"}],"author":[{"embeddable":true,"href":"https:\/\/apacame.org.br\/site\/wp-json\/wp\/v2\/users\/1"}],"replies":[{"embeddable":true,"href":"https:\/\/apacame.org.br\/site\/wp-json\/wp\/v2\/comments?post=2229"}],"version-history":[{"count":2,"href":"https:\/\/apacame.org.br\/site\/wp-json\/wp\/v2\/pages\/2229\/revisions"}],"predecessor-version":[{"id":2233,"href":"https:\/\/apacame.org.br\/site\/wp-json\/wp\/v2\/pages\/2229\/revisions\/2233"}],"up":[{"embeddable":true,"href":"https:\/\/apacame.org.br\/site\/wp-json\/wp\/v2\/pages\/2188"}],"wp:attachment":[{"href":"https:\/\/apacame.org.br\/site\/wp-json\/wp\/v2\/media?parent=2229"}],"curies":[{"name":"wp","href":"https:\/\/api.w.org\/{rel}","templated":true}]}}