{"id":2135,"date":"2017-11-03T14:20:54","date_gmt":"2017-11-03T14:20:54","guid":{"rendered":"http:\/\/apacame.org.br\/site\/?page_id=2135"},"modified":"2017-11-05T14:39:54","modified_gmt":"2017-11-05T14:39:54","slug":"artigo-4","status":"publish","type":"page","link":"https:\/\/apacame.org.br\/site\/revista\/mensagem-doce-n-143-setembro-de-2017\/artigo-4\/","title":{"rendered":"Artigo"},"content":{"rendered":"<h1 style=\"text-align: center;\">Variabilidade fenot\u00edpica<br \/>\nnas popula\u00e7\u00f5es das abelhas nativas<\/h1>\n<blockquote><p>Harold Brand, Bi\u00f3logo, Meliponicultor, Consultor da APA &#8211; <a href=\"mailto:profharoldbrand@gmail.com\">profharoldbrand@gmail.com<\/a><\/p><\/blockquote>\n<p><span style=\"font-size: large;\"><b>Introdu\u00e7\u00e3o:<\/b><\/span><\/p>\n<figure id=\"attachment_2138\" aria-describedby=\"caption-attachment-2138\" style=\"width: 300px\" class=\"wp-caption alignright\"><a href=\"https:\/\/apacame.org.br\/site\/wp-content\/uploads\/2017\/11\/Foto-1-Melipo-Variabilidade.png\"><img fetchpriority=\"high\" decoding=\"async\" class=\"size-medium wp-image-2138\" src=\"https:\/\/apacame.org.br\/site\/wp-content\/uploads\/2017\/11\/Foto-1-Melipo-Variabilidade-300x170.png\" alt=\"Meliponario Piraquara; situado a 1000 metros de altitude, sua localiza\u00e7\u00e3o \u00e9 um ecoteno, transi\u00e7\u00e3o da mata atl\u00e2ntica com a mata das arauc\u00e1rias.\" width=\"300\" height=\"170\" srcset=\"https:\/\/apacame.org.br\/site\/wp-content\/uploads\/2017\/11\/Foto-1-Melipo-Variabilidade-300x170.png 300w, https:\/\/apacame.org.br\/site\/wp-content\/uploads\/2017\/11\/Foto-1-Melipo-Variabilidade-150x85.png 150w, https:\/\/apacame.org.br\/site\/wp-content\/uploads\/2017\/11\/Foto-1-Melipo-Variabilidade-500x283.png 500w, https:\/\/apacame.org.br\/site\/wp-content\/uploads\/2017\/11\/Foto-1-Melipo-Variabilidade.png 748w\" sizes=\"(max-width: 300px) 100vw, 300px\" \/><\/a><figcaption id=\"caption-attachment-2138\" class=\"wp-caption-text\">Meliponario Piraquara; situado a 1000 metros de altitude, sua localiza\u00e7\u00e3o \u00e9 um ecoteno, transi\u00e7\u00e3o<br \/>da mata atl\u00e2ntica com a mata das arauc\u00e1rias.<\/figcaption><\/figure>\n<p><span style=\"font-size: large;\">A maioria das bibliografias de cada uma das nossas esp\u00e9cies de abelhas nativas nos transfere uma imagem muito uniforme e constante sobre as suas caracter\u00edsticas particulares. Como os exemplos, da ornamenta\u00e7\u00e3o da entrada, agressividade quando manipuladas, distribui\u00e7\u00e3o dos discos de cria, aspectos morfol\u00f3gicos das operarias e zang\u00f5es, etc.<\/span><\/p>\n<p><span style=\"font-size: large;\">Entretanto, a realidade \u00e9 bem outra, fato que ressalta aos nossos olhos, quando trabalhamos com muitas fam\u00edlias da mesma esp\u00e9cie, particularmente quando procedem de regi\u00f5es ecol\u00f3gicas distintas.<\/span><\/p>\n<p><span style=\"font-size: large;\">O aspecto positivo dessa variabilidade s\u00e3o as m\u00faltiplas possibilidades a serem manipuladas no seu melhoramento gen\u00e9tico. A sele\u00e7\u00e3o dessas caracter\u00edsticas mais \u00fateis, visando o aproveitamento dessas abelhas, na agricultura como agentes de poliniza\u00e7\u00e3o, na medicina na produ\u00e7\u00e3o de substancias terap\u00eauticas, na ind\u00fastria de cosm\u00e9ticos como geradoras de mat\u00e9ria prima para produtos de beleza etc.<\/span><\/p>\n<p><span style=\"font-size: large;\">As origens dessas diferen\u00e7as fenot\u00edpicas s\u00e3o o resultado das press\u00f5es evolutivas diferenciadas. Explic\u00e1veis, uma vez que as popula\u00e7\u00f5es da mesma esp\u00e9cie quando inseridas em regi\u00f5es ecol\u00f3gicas diferentes acabam moldadas por caracter\u00edsticas particulares fruto de suas adapta\u00e7\u00f5es. <\/span><\/p>\n<p><span style=\"font-size: large;\"><b><a href=\"https:\/\/apacame.org.br\/site\/wp-content\/uploads\/2017\/11\/Quadro-1.jpg\"><img decoding=\"async\" class=\"alignleft size-medium wp-image-2140\" src=\"https:\/\/apacame.org.br\/site\/wp-content\/uploads\/2017\/11\/Quadro-1-203x300.jpg\" alt=\"Quadro 1\" width=\"203\" height=\"300\" srcset=\"https:\/\/apacame.org.br\/site\/wp-content\/uploads\/2017\/11\/Quadro-1-203x300.jpg 203w, https:\/\/apacame.org.br\/site\/wp-content\/uploads\/2017\/11\/Quadro-1-150x222.jpg 150w, https:\/\/apacame.org.br\/site\/wp-content\/uploads\/2017\/11\/Quadro-1-338x500.jpg 338w, https:\/\/apacame.org.br\/site\/wp-content\/uploads\/2017\/11\/Quadro-1.jpg 616w\" sizes=\"(max-width: 203px) 100vw, 203px\" \/><\/a>Proced\u00eancia das fam\u00edlias estudadas.<\/b><\/span><\/p>\n<p><span style=\"font-size: large;\">As diferen\u00e7as entre as abelhas da mesma esp\u00e9cie relatadas neste trabalho provem de observa\u00e7\u00f5es de fam\u00edlias oriundas de v\u00e1rias regi\u00f5es brasileiras, mantidas e manipuladas por v\u00e1rios anos em melipon\u00e1rios de Curitiba (Xaxim) e Piraquara (Recreio da Serra).<\/span><\/p>\n<p><span style=\"font-size: large;\">As abelhas nativas em quest\u00e3o foram obtidas da seguinte forma:<\/span><\/p>\n<p><span style=\"font-size: large;\">1\u00ba Salvamento das abelhas nas matas antes do represamento de hidroel\u00e9trica e da forma\u00e7\u00e3o de reservat\u00f3rio para abastecimento de \u00e1gua.<\/span><\/p>\n<p><span style=\"font-size: large;\">2\u00ba Permuta de colm\u00e9ias e discos de cria entre criadores de v\u00e1rias estados.<\/span><\/p>\n<p><span style=\"font-size: large;\">3\u00ba Compra de colm\u00e9ias e discos de oriundas de v\u00e1rias regi\u00f5es.<\/span><\/p>\n<p><span style=\"font-size: large;\">4\u00ba Retirada de discos de cria das popula\u00e7\u00f5es nativas (abertura em troncos e restaura\u00e7\u00e3o com barro &#8220;t\u00e9cnica, \u00edndio guarani&#8221; ).<\/span><\/p>\n<p><span style=\"font-size: large;\">5\u00ba Recupera\u00e7\u00e3o de troncos em dep\u00f3sitos de serrarias e fornos secadores de folha de fumo (vide as notas).<\/span><\/p>\n<p><span style=\"font-size: large;\">Comparando esses materiais coletados e manipulados durante v\u00e1rios anos, foi poss\u00edvel anotar algumas diferen\u00e7as, nas popula\u00e7\u00f5es das abelhas nativas, da mesma esp\u00e9cie.<\/span><\/p>\n<p><span style=\"font-size: large;\"><b>variabilidade fenot\u00edpica em manda\u00e7aias.<a href=\"https:\/\/apacame.org.br\/site\/wp-content\/uploads\/2017\/11\/Quadro-2.jpg\"><img decoding=\"async\" class=\"alignright size-medium wp-image-2141\" src=\"https:\/\/apacame.org.br\/site\/wp-content\/uploads\/2017\/11\/Quadro-2-300x197.jpg\" alt=\"Quadro 2\" width=\"300\" height=\"197\" srcset=\"https:\/\/apacame.org.br\/site\/wp-content\/uploads\/2017\/11\/Quadro-2-300x197.jpg 300w, https:\/\/apacame.org.br\/site\/wp-content\/uploads\/2017\/11\/Quadro-2-150x98.jpg 150w, https:\/\/apacame.org.br\/site\/wp-content\/uploads\/2017\/11\/Quadro-2-500x328.jpg 500w, https:\/\/apacame.org.br\/site\/wp-content\/uploads\/2017\/11\/Quadro-2.jpg 619w\" sizes=\"(max-width: 300px) 100vw, 300px\" \/><\/a><\/b><\/span><\/p>\n<p><span style=\"font-size: large;\">As variabilidades dessas esp\u00e9cies, observadas e descritas s\u00e3o de popula\u00e7\u00f5es de abelhas provenientes de 30 munic\u00edpios desde o Rio Grande do Sul at\u00e9 o Esp\u00edrito Santo.<\/span><\/p>\n<p><span style=\"font-size: large;\">As observa\u00e7\u00f5es sobre as caracter\u00edsticas foram feitas em colm\u00e9ias populosas e estabilizadas com mais de um ano de vida, portanto fam\u00edlias em equil\u00edbrio populacional.<\/span><\/p>\n<p><span style=\"font-size: large;\"><b>As diferen\u00e7as morfologicas<\/b><\/span><\/p>\n<p><span style=\"font-size: large;\">Caracter\u00edstica morfol\u00f3gica do abd\u00f4men (padr\u00e3o das bandas tergais). Baseados nesse polimorfismo podem como sugest\u00e3o dividir as Manda\u00e7aias em cinco grupos raciais.<\/span><\/p>\n<p><span style=\"font-size: large;\"><b>Quadriquadri<\/b> &#8211; a menor delas de cor preto-acinzentada &#8211; tradicional da regi\u00e3o Sul.<\/span><\/p>\n<p><span style=\"font-size: large;\"><b>Antidioides<\/b> &#8211; listas tergais com interrup\u00e7\u00e3o n\u00edtidas. Geralmente mais populosas e um pouco mais incorpadas.<\/span><\/p>\n<p><span style=\"font-size: large;\"><b>Hibridas<\/b> &#8211; resultado do cruzamento entre quadriquadri e antidioides, listas tergais parcialmente interrompidas. <\/span><\/p>\n<p><span style=\"font-size: large;\"><b>Yellow<\/b> &#8211; listas tergais bem largas que d\u00e3o aspecto muito amarelado \u00e0s abelhas. As fam\u00edlias muito populosas e boas produtoras de mel.<\/span><\/p>\n<p><span style=\"font-size: large;\"><b>Giga<\/b> &#8211; abd\u00f4men maior e muito brilhante, que lhe d\u00e1 o aspecto avantajado em rela\u00e7\u00e3o \u00e0s outras Manda\u00e7aias. <\/span><\/p>\n<p><span style=\"font-size: large;\"><b><a href=\"https:\/\/apacame.org.br\/site\/wp-content\/uploads\/2017\/11\/Nota-1.jpg\"><img loading=\"lazy\" decoding=\"async\" class=\"alignleft wp-image-2142\" src=\"https:\/\/apacame.org.br\/site\/wp-content\/uploads\/2017\/11\/Nota-1.jpg\" alt=\"Nota 1\" width=\"215\" height=\"605\" srcset=\"https:\/\/apacame.org.br\/site\/wp-content\/uploads\/2017\/11\/Nota-1.jpg 321w, https:\/\/apacame.org.br\/site\/wp-content\/uploads\/2017\/11\/Nota-1-150x423.jpg 150w\" sizes=\"(max-width: 215px) 100vw, 215px\" \/><\/a>Diferen\u00e7as na ornamenta\u00e7\u00e3o de entrada da colm\u00e9ia<\/b><\/span><\/p>\n<p><span style=\"font-size: large;\">Sem nenhuma ornamenta\u00e7\u00e3o &#8211; apenas orif\u00edcio de entrada, quanto muito lambuzado devido ao material excretado do interior da colm\u00e9ia foto A.<\/span><\/p>\n<p><span style=\"font-size: large;\">Toda a frente da caixa pontilhada por pequenos mont\u00edculos de barro ou mesmo de fezes de animais foto B.<\/span><\/p>\n<p><span style=\"font-size: large;\">Pequeno relevo de geopr\u00f3polis ao redor do orif\u00edcio de entrada lembrando um pequeno cone sem o v\u00e9rtice.<\/span><\/p>\n<p><span style=\"font-size: large;\">Tubo prolongado que pode chegar a 15 cm de comprimento<\/span><\/p>\n<p><span style=\"font-size: large;\"><b>Agressividade quando manejada podem ser:<\/b><\/span><\/p>\n<p><span style=\"font-size: large;\">A &#8211; Muito d\u00f3cil nenhuma rea\u00e7\u00e3o de defesa, procuram se esconder no ninho. <\/span><\/p>\n<p><span style=\"font-size: large;\">B &#8211; Muita agressivas, perseguindo as pessoas pr\u00f3ximas a colm\u00e9ia.<\/span><\/p>\n<p><span style=\"font-size: large;\"><b>Produ\u00e7\u00e3o de geopr\u00f3polis.<\/b><\/span><\/p>\n<p><span style=\"font-size: large;\">Muito embora a produ\u00e7\u00e3o de geopr\u00f3polis tenha influ\u00eancia ambiental ela pode ser creditada a uma heran\u00e7a quantitativa ( multifatorial ).<\/span><\/p>\n<p><span style=\"font-size: large;\">Manda\u00e7aia que mistura pr\u00f3polis ao barro, nosso conhecido geopr\u00f3polis.<\/span><\/p>\n<p><span style=\"font-size: large;\">Manda\u00e7aias que produzem apenas a pr\u00f3polis (n\u00e3o misturam com barro). Fator importante para os meliponicultores que desejam produzir pr\u00f3polis para fins medicinais. A manda\u00e7aia chega a produzir cinco vezes mais pr\u00f3polis que abelha domestica (Apis mel\u00edfera).<\/span><\/p>\n<p><span style=\"font-size: large;\">Manda\u00e7aias que praticamente n\u00e3o produzem pr\u00f3polis. O revestimento interno \u00e9 feito de com muita cera.<\/span><\/p>\n<p><span style=\"font-size: large;\"><b>NOTA:<\/b> Ver trabalho publicado pela ACTA Biol\u00f3gica da UFPR.<\/span><\/p>\n<p><span style=\"font-size: large;\"><b>Tamanho dos potes<\/b><\/span><span style=\"font-size: large;\"><b><a href=\"https:\/\/apacame.org.br\/site\/wp-content\/uploads\/2017\/11\/Quadro-3.jpg\"><img loading=\"lazy\" decoding=\"async\" class=\"alignright size-medium wp-image-2143\" src=\"https:\/\/apacame.org.br\/site\/wp-content\/uploads\/2017\/11\/Quadro-3-300x127.jpg\" alt=\"Quadro 3\" width=\"300\" height=\"127\" srcset=\"https:\/\/apacame.org.br\/site\/wp-content\/uploads\/2017\/11\/Quadro-3-300x127.jpg 300w, https:\/\/apacame.org.br\/site\/wp-content\/uploads\/2017\/11\/Quadro-3-150x64.jpg 150w, https:\/\/apacame.org.br\/site\/wp-content\/uploads\/2017\/11\/Quadro-3-500x212.jpg 500w, https:\/\/apacame.org.br\/site\/wp-content\/uploads\/2017\/11\/Quadro-3.jpg 616w\" sizes=\"(max-width: 300px) 100vw, 300px\" \/><\/a><\/b><\/span><\/p>\n<p><span style=\"font-size: large;\">O tamanho dos potes, quantidade de mel, tamanho das popula\u00e7\u00f5es s\u00e3o caracter\u00edsticas gen\u00e9ticos condicionados por fatores pol\u00edmeros muito influenciados por condi\u00e7\u00f5es ambientais, mas que s\u00e3o dados relevantes na sele\u00e7\u00e3o para o melhoramento da esp\u00e9cie.<\/span><\/p>\n<p><span style=\"font-size: large;\"><b>Disposi\u00e7\u00e3o dos discos<\/b><\/span><\/p>\n<p><span style=\"font-size: large;\"><b><a href=\"https:\/\/apacame.org.br\/site\/wp-content\/uploads\/2017\/11\/Nota-2.jpg\"><img loading=\"lazy\" decoding=\"async\" class=\"alignleft wp-image-2144 size-medium\" src=\"https:\/\/apacame.org.br\/site\/wp-content\/uploads\/2017\/11\/Nota-2-222x300.jpg\" alt=\"Nota 2\" width=\"222\" height=\"300\" srcset=\"https:\/\/apacame.org.br\/site\/wp-content\/uploads\/2017\/11\/Nota-2-222x300.jpg 222w, https:\/\/apacame.org.br\/site\/wp-content\/uploads\/2017\/11\/Nota-2-150x203.jpg 150w, https:\/\/apacame.org.br\/site\/wp-content\/uploads\/2017\/11\/Nota-2.jpg 322w\" sizes=\"(max-width: 222px) 100vw, 222px\" \/><\/a><\/b><\/span><span style=\"font-size: large;\">A disposi\u00e7\u00e3o dos discos de cria. As duas formas da distribui\u00e7\u00e3o podem ser verificadas, discos sobrepostos e discos em espiral. As fam\u00edlias filhas sequem essa tend\u00eancia, indicativo de base gen\u00e9tica.<\/span><\/p>\n<p><span style=\"font-size: large;\"><b>varia\u00e7\u00f5es fenot\u00edpicas<\/b><\/span><\/p>\n<p><span style=\"font-size: large;\">A viv\u00eancia com as nossas abelhas nos tem revelado que varia\u00e7\u00f5es fenot\u00edpicas s\u00e3o mais numerosas quando uma mesma esp\u00e9cie pode ser encontrada em varios biomas, fato explic\u00e1vel uma vez que a press\u00e3o seletiva atua de modo diferente.<\/span><\/p>\n<p><span style=\"font-size: large;\">O modo peculiar da enxamea\u00e7\u00e3o em que os exames filhos se fixam nas proximidades do enxame m\u00e3e formando no meio ambiente verdadeiras manchas familiares cuja expans\u00e3o \u00e9 lenta no espa\u00e7o tempo, constituindo uma forma de isolamento geografico.<\/span><\/p>\n<p><span style=\"font-size: large;\"><b>Conclus\u00e3o<\/b><\/span><\/p>\n<figure id=\"attachment_2145\" aria-describedby=\"caption-attachment-2145\" style=\"width: 300px\" class=\"wp-caption alignright\"><a href=\"https:\/\/apacame.org.br\/site\/wp-content\/uploads\/2017\/11\/Foto_1_guaraipo_Variabilidade.jpg\"><img loading=\"lazy\" decoding=\"async\" class=\"size-medium wp-image-2145\" src=\"https:\/\/apacame.org.br\/site\/wp-content\/uploads\/2017\/11\/Foto_1_guaraipo_Variabilidade-300x169.jpg\" alt=\"As guaraipo, conhecidas como pacificas, porem essa fam\u00edlia em particular contradiz a tradi\u00e7\u00e3o ao atacar o meliponicultor.\" width=\"300\" height=\"169\" srcset=\"https:\/\/apacame.org.br\/site\/wp-content\/uploads\/2017\/11\/Foto_1_guaraipo_Variabilidade-300x169.jpg 300w, https:\/\/apacame.org.br\/site\/wp-content\/uploads\/2017\/11\/Foto_1_guaraipo_Variabilidade-150x84.jpg 150w, https:\/\/apacame.org.br\/site\/wp-content\/uploads\/2017\/11\/Foto_1_guaraipo_Variabilidade-500x281.jpg 500w, https:\/\/apacame.org.br\/site\/wp-content\/uploads\/2017\/11\/Foto_1_guaraipo_Variabilidade.jpg 748w\" sizes=\"(max-width: 300px) 100vw, 300px\" \/><\/a><figcaption id=\"caption-attachment-2145\" class=\"wp-caption-text\">As guaraipo, conhecidas como pacificas, porem essa fam\u00edlia em particular contradiz a tradi\u00e7\u00e3o<br \/>ao atacar o meliponicultor.<\/figcaption><\/figure>\n<p><span style=\"font-size: large;\">\u00c9 not\u00e1vel a variabilidade nas popula\u00e7\u00f5es das nossas abelhas nativas quando comparamos os indiv\u00edduos da mesma esp\u00e9cie inserida em sistemas ecol\u00f3gicos diferentes. Estas diferen\u00e7as n\u00e3o se restringem apenas aos aspectos morfol\u00f3gicos, mas tamb\u00e9m aos aspectos comportamentais e at\u00e9 mesmo no manejo das secre\u00e7\u00f5es vegetais extra\u00eddas pelas abelhas no seu pasto floral.<\/span><\/p>\n<p><span style=\"font-size: large;\">Nesse aspecto a Gen\u00e9tica vem ao nosso socorro, ela nos faz lembrar que os clines e ec\u00f3tipos s\u00e3o reflexos da adapta\u00e7\u00e3o ao ambiente f\u00edsico.<\/span><\/p>\n<p><span style=\"font-size: large;\">E aqui fica o alerta aos cuidados que devemos ter com os trabalhos de pesquisa com as nossas abelhas baseados em amostragem pequena, as conclus\u00f5es resultantes nem sempre refletem a realidade.<\/span><\/p>\n<div id='gallery-1' class='gallery galleryid-2135 gallery-columns-2 gallery-size-medium'><figure class='gallery-item'>\n\t\t\t<div class='gallery-icon landscape'>\n\t\t\t\t<a href='https:\/\/apacame.org.br\/site\/wp-content\/uploads\/2017\/11\/Quadro-4.jpg'><img loading=\"lazy\" decoding=\"async\" width=\"300\" height=\"98\" src=\"https:\/\/apacame.org.br\/site\/wp-content\/uploads\/2017\/11\/Quadro-4-300x98.jpg\" class=\"attachment-medium size-medium\" alt=\"\" srcset=\"https:\/\/apacame.org.br\/site\/wp-content\/uploads\/2017\/11\/Quadro-4-300x98.jpg 300w, https:\/\/apacame.org.br\/site\/wp-content\/uploads\/2017\/11\/Quadro-4-150x49.jpg 150w, https:\/\/apacame.org.br\/site\/wp-content\/uploads\/2017\/11\/Quadro-4-500x164.jpg 500w, https:\/\/apacame.org.br\/site\/wp-content\/uploads\/2017\/11\/Quadro-4.jpg 911w\" sizes=\"(max-width: 300px) 100vw, 300px\" \/><\/a>\n\t\t\t<\/div><\/figure><figure class='gallery-item'>\n\t\t\t<div class='gallery-icon landscape'>\n\t\t\t\t<a href='https:\/\/apacame.org.br\/site\/wp-content\/uploads\/2017\/11\/Quadro-5.jpg'><img loading=\"lazy\" decoding=\"async\" width=\"300\" height=\"200\" src=\"https:\/\/apacame.org.br\/site\/wp-content\/uploads\/2017\/11\/Quadro-5-300x200.jpg\" class=\"attachment-medium size-medium\" alt=\"\" srcset=\"https:\/\/apacame.org.br\/site\/wp-content\/uploads\/2017\/11\/Quadro-5-300x200.jpg 300w, https:\/\/apacame.org.br\/site\/wp-content\/uploads\/2017\/11\/Quadro-5-150x100.jpg 150w, https:\/\/apacame.org.br\/site\/wp-content\/uploads\/2017\/11\/Quadro-5-500x333.jpg 500w, https:\/\/apacame.org.br\/site\/wp-content\/uploads\/2017\/11\/Quadro-5.jpg 616w\" sizes=\"(max-width: 300px) 100vw, 300px\" \/><\/a>\n\t\t\t<\/div><\/figure>\n\t\t<\/div>\n\n","protected":false},"excerpt":{"rendered":"<p>Variabilidade fenot\u00edpica nas popula\u00e7\u00f5es das abelhas nativas Harold Brand, Bi\u00f3logo, Meliponicultor, Consultor da APA &#8211; profharoldbrand@gmail.com Introdu\u00e7\u00e3o: A maioria das bibliografias de cada uma das nossas esp\u00e9cies de abelhas nativas [&hellip;]<\/p>\n","protected":false},"author":1,"featured_media":0,"parent":2079,"menu_order":0,"comment_status":"open","ping_status":"open","template":"","meta":{"pmpro_default_level":"","_price":"","_stock":"","_tribe_ticket_header":"","_tribe_default_ticket_provider":"","_tribe_ticket_capacity":"0","_ticket_start_date":"","_ticket_end_date":"","_tribe_ticket_show_description":"","_tribe_ticket_show_not_going":false,"_tribe_ticket_use_global_stock":"","_tribe_ticket_global_stock_level":"","_global_stock_mode":"","_global_stock_cap":"","_tribe_rsvp_for_event":"","_tribe_ticket_going_count":"","_tribe_ticket_not_going_count":"","_tribe_tickets_list":"[]","_tribe_ticket_has_attendee_info_fields":false,"cybocfi_hide_featured_image":"","footnotes":""},"class_list":["post-2135","page","type-page","status-publish","hentry","pmpro-has-access"],"_links":{"self":[{"href":"https:\/\/apacame.org.br\/site\/wp-json\/wp\/v2\/pages\/2135"}],"collection":[{"href":"https:\/\/apacame.org.br\/site\/wp-json\/wp\/v2\/pages"}],"about":[{"href":"https:\/\/apacame.org.br\/site\/wp-json\/wp\/v2\/types\/page"}],"author":[{"embeddable":true,"href":"https:\/\/apacame.org.br\/site\/wp-json\/wp\/v2\/users\/1"}],"replies":[{"embeddable":true,"href":"https:\/\/apacame.org.br\/site\/wp-json\/wp\/v2\/comments?post=2135"}],"version-history":[{"count":4,"href":"https:\/\/apacame.org.br\/site\/wp-json\/wp\/v2\/pages\/2135\/revisions"}],"predecessor-version":[{"id":2137,"href":"https:\/\/apacame.org.br\/site\/wp-json\/wp\/v2\/pages\/2135\/revisions\/2137"}],"up":[{"embeddable":true,"href":"https:\/\/apacame.org.br\/site\/wp-json\/wp\/v2\/pages\/2079"}],"wp:attachment":[{"href":"https:\/\/apacame.org.br\/site\/wp-json\/wp\/v2\/media?parent=2135"}],"curies":[{"name":"wp","href":"https:\/\/api.w.org\/{rel}","templated":true}]}}