{"id":2130,"date":"2017-11-03T13:54:35","date_gmt":"2017-11-03T13:54:35","guid":{"rendered":"http:\/\/apacame.org.br\/site\/?page_id=2130"},"modified":"2017-11-03T13:54:35","modified_gmt":"2017-11-03T13:54:35","slug":"legislacao","status":"publish","type":"page","link":"https:\/\/apacame.org.br\/site\/revista\/mensagem-doce-n-143-setembro-de-2017\/legislacao\/","title":{"rendered":"Legisla\u00e7\u00e3o"},"content":{"rendered":"<h1 style=\"text-align: center;\">Efeitos da Instru\u00e7\u00e3o Normativa n\u00ba5\/2017 no setor ap\u00edcola<\/h1>\n<p><span style=\"font-size: large;\"><a href=\"https:\/\/apacame.org.br\/site\/wp-content\/uploads\/2017\/11\/Figura-1-sebrae.jpg\"><img fetchpriority=\"high\" decoding=\"async\" class=\"alignright size-medium wp-image-2131\" src=\"https:\/\/apacame.org.br\/site\/wp-content\/uploads\/2017\/11\/Figura-1-sebrae-300x201.jpg\" alt=\"Apicultor\" width=\"300\" height=\"201\" srcset=\"https:\/\/apacame.org.br\/site\/wp-content\/uploads\/2017\/11\/Figura-1-sebrae-300x201.jpg 300w, https:\/\/apacame.org.br\/site\/wp-content\/uploads\/2017\/11\/Figura-1-sebrae-150x101.jpg 150w, https:\/\/apacame.org.br\/site\/wp-content\/uploads\/2017\/11\/Figura-1-sebrae-500x336.jpg 500w, https:\/\/apacame.org.br\/site\/wp-content\/uploads\/2017\/11\/Figura-1-sebrae.jpg 748w\" sizes=\"(max-width: 300px) 100vw, 300px\" \/><\/a>O Minist\u00e9rio da Agricultura estabeleceu, por meio da Instru\u00e7\u00e3o Normativa n\u00ba 5\/2017, novos crit\u00e9rios para a avalia\u00e7\u00e3o de equival\u00eancia ao Sistema Unificado de Aten\u00e7\u00e3o \u00e0 Sanidade Agropecu\u00e1ria (Suasa), modificando os requisitos anteriores, estabelecidos pela Instru\u00e7\u00e3o Normativa n\u00ba 16, de 2015, para estabelecimentos agroindustriais de pequeno porte de produtos de origem animal. A IN 5\/2017 regulamenta a inspe\u00e7\u00e3o e a fiscaliza\u00e7\u00e3o da sanidade agropecu\u00e1ria das depend\u00eancias e equipamentos de produtores de pequeno porte de leite, abelhas, ovos de galinha, ovos de codorna e todos os produtos deles derivados. Aqui voc\u00ea encontrar\u00e1 informa\u00e7\u00f5es sobre o que mudou em rela\u00e7\u00e3o \u00e0 IN 16 e as repercuss\u00f5es para o seu neg\u00f3cio.<\/span><\/p>\n<p><span style=\"font-size: large;\"><b>Mudan\u00e7as<\/b><\/span><\/p>\n<p><span style=\"font-size: large;\">\u2022 A IN 16\/2015 n\u00e3o detalhava as normas para as diversas cadeias produtivas, ao passo que a IN 5\/2017 traz disposi\u00e7\u00f5es gerais aplic\u00e1veis a todos os produtos de origem animal, bem como disposi\u00e7\u00f5es espec\u00edficas para a produ\u00e7\u00e3o dos setores de leite e derivados, abelha e derivados, ovos e derivados.<\/span><\/p>\n<p><span style=\"font-size: large;\">\u2022 A IN 5\/2017 estabelece, em suas disposi\u00e7\u00f5es finais, que o propriet\u00e1rio do estabelecimento \u00e9 o respons\u00e1vel legal pela qualidade dos alimentos que produz e somente pode colocar \u00e0 venda produtos que n\u00e3o representem risco \u00e0 sa\u00fade p\u00fablica, n\u00e3o tenham sido fraudados, falsificados ou adulterados. As mercadorias devem ser rastreadas nas fases de recep\u00e7\u00e3o, fabrica\u00e7\u00e3o e expedi\u00e7\u00e3o e estar devidamente rotuladas, conforme legisla\u00e7\u00e3o pertinente e em l\u00edngua portuguesa.<\/span><\/p>\n<p><span style=\"font-size: large;\">\u2022 No Art. 70 da IN 5\/2017 h\u00e1 responsabilidade legal do estabelecimento agroindustrial por infra\u00e7\u00f5es ou danos causados \u00e0 sa\u00fade p\u00fablica ou aos interesses do consumidor.<\/span><\/p>\n<p><span style=\"font-size: large;\">\u2022 Fica permitido o uso de sanit\u00e1rio j\u00e1 existente na propriedade, desde que numa dist\u00e2ncia n\u00e3o superior a 40 (quarenta) metros. (Art. 72 da IN 5, alterando o \u00a7 5 do art. 7 da IN 16).<\/span><\/p>\n<p><span style=\"font-size: large;\">\u2022 Revogada a permiss\u00e3o do uso de vasilhame isot\u00e9rmico em ve\u00edculos sem unidade frigor\u00edfica para transporte de mat\u00e9rias-primas e produtos frigorificados em trajetos inferiores a duas horas. (Par\u00e1grafo \u00fanico do Art. 12 da IN 16).<\/span><\/p>\n<p><span style=\"font-size: large;\">Fonte: Instru\u00e7\u00e3o Normativa MAPA N\u00ba 16\/2015. Companhia Nacional de Abastecimento. 2015. Instru\u00e7\u00e3o Normativa MAPA 05\/2017 &#8211; Sistema Unificado de Aten\u00e7\u00e3o \u00e0 Sanidade Agropecu\u00e1ria. Portal Lei Geral. 2017.<\/span><\/p>\n<p><span style=\"font-size: large;\"><b>Normativa aplicada ao pequeno neg\u00f3cio agr\u00edcola<\/b><\/span><\/p>\n<p><span style=\"font-size: large;\">De acordo com a normativa, s\u00e3o considerados estabelecimentos agroindustriais de pequeno porte de produtos de origem animal, aqueles que: <\/span><\/p>\n<p><span style=\"font-size: large;\">\u2022 pertencem a agricultores familiares ou equivalentes ou a produtores rurais;<\/span><\/p>\n<p><span style=\"font-size: large;\">\u2022 s\u00e3o destinados exclusivamente ao processamento de produtos de origem animal;<\/span><\/p>\n<p><span style=\"font-size: large;\">\u2022 possuem \u00e1rea \u00fatil constru\u00edda n\u00e3o superior a 250 metros quadrados, exclu\u00eddos vesti\u00e1rios, sanit\u00e1rios, escrit\u00f3rios, \u00e1reas externas, sala de m\u00e1quinas etc.<\/span><\/p>\n<p><span style=\"font-size: large;\"><b>Estrutura f\u00edsica e depend\u00eancias<\/b><\/span><\/p>\n<p><span style=\"font-size: large;\"><b>\u00c1reas externas<\/b><\/span><\/p>\n<p><span style=\"font-size: large;\">\u2022 O terreno e a \u00e1rea constru\u00edda devem ser compat\u00edveis com a capacidade, os equipamentos necess\u00e1rios e o processo de produ\u00e7\u00e3o pretendido.<\/span><\/p>\n<p><span style=\"font-size: large;\">\u2022 As \u00e1reas de circula\u00e7\u00e3o de ve\u00edculos devem ser pavimentadas com material que evite a forma\u00e7\u00e3o de poeira e empo\u00e7amentos, tais como britas.<\/span><\/p>\n<p><span style=\"font-size: large;\">\u2022 As \u00e1reas de circula\u00e7\u00e3o de pessoas, recep\u00e7\u00e3o e expedi\u00e7\u00e3o devem ser pavimentadas com material que permita lavagem e higieniza\u00e7\u00e3o.<\/span><\/p>\n<p><span style=\"font-size: large;\">\u2022 Devem ser delimitadas, para impedir a entrada de pessoas n\u00e3o autorizadas e animais.<\/span><\/p>\n<p><span style=\"font-size: large;\"><b>\u00c1reas de produ\u00e7\u00e3o<\/b><\/span><\/p>\n<p><span style=\"font-size: large;\">\u2022 Todos os acessos \u00e0 \u00e1rea de produ\u00e7\u00e3o devem ter barreiras sanit\u00e1rias cobertas, com lavador de botas; torneiras autom\u00e1ticas; sab\u00e3o l\u00edquido inodoro e neutro; toalhas descart\u00e1veis ou dispositivo de secagem autom\u00e1tica de m\u00e3os; cestas coletoras de papel com tampa de acionamento autom\u00e1tico e subst\u00e2ncia sanitizante.<\/span><\/p>\n<p><span style=\"font-size: large;\">\u2022 Devem atender um fluxograma operacional racionalizado, al\u00e9m de:<\/span><\/p>\n<p><span style=\"font-size: large;\">1. Permitir trabalhos de inspe\u00e7\u00e3o sanit\u00e1ria, manipula\u00e7\u00e3o de mat\u00e9rias-primas, elabora\u00e7\u00e3o de produtos e subprodutos, limpeza e desinfec\u00e7\u00e3o.<\/span><\/p>\n<p><span style=\"font-size: large;\">2. O p\u00e9 direito deve ter altura suficiente para disposi\u00e7\u00e3o dos equipamentos, permitindo boas condi\u00e7\u00f5es de temperatura, ventila\u00e7\u00e3o e ilumina\u00e7\u00e3o.<\/span><\/p>\n<p><span style=\"font-size: large;\">3. Os pisos, paredes, forro, portas, janelas, equipamentos e utens\u00edlios devem ser imperme\u00e1veis, constitu\u00eddos de material resistente, de f\u00e1cil limpeza e desinfec\u00e7\u00e3o.<\/span><\/p>\n<p><span style=\"font-size: large;\">4. As paredes da \u00e1rea de processamento devem ser revestidas com material imperme\u00e1vel de cores claras, na altura adequada para a realiza\u00e7\u00e3o das opera\u00e7\u00f5es.<\/span><\/p>\n<p><span style=\"font-size: large;\">5. As aberturas para a \u00e1rea externa devem ser dotadas de telas \u00e0 prova de insetos.<\/span><\/p>\n<p><span style=\"font-size: large;\">\u2022 As opera\u00e7\u00f5es e os equipamentos devem ser organizados de tal forma que evitem contamina\u00e7\u00e3o cruzada e facilitem os trabalhos de manuten\u00e7\u00e3o e higieniza\u00e7\u00e3o.<\/span><\/p>\n<p><span style=\"font-size: large;\">\u2022 Quando a ventila\u00e7\u00e3o natural n\u00e3o for suficiente, devem ser instalados exaustores ou climatizadores para evitar condensa\u00e7\u00f5es, desconforto t\u00e9rmico ou contamina\u00e7\u00f5es. Em \u00e1reas de processamento, ventiladores s\u00e3o proibidos.<\/span><\/p>\n<p><span style=\"font-size: large;\">Fonte: Indica\u00e7\u00e3o Geogr\u00e1fica (IG): Contribui\u00e7\u00e3o para o desenvolvimento do setor ap\u00edcola. Sebrae. 2015. Instru\u00e7\u00e3o Normativa n\u00ba 5, de 14\/02\/2017 \/ MAPA &#8211; Minist\u00e9rio da Agricultura, Pecu\u00e1ria e Abastecimento (D.O.U. 15\/02\/2017).<\/span><\/p>\n<p><span style=\"font-size: large;\"><b>Normativa aplicada ao setor de apicultura<\/b><\/span><\/p>\n<p><span style=\"font-size: large;\"><b>Estrutura f\u00edsica e depend\u00eancias<\/b><\/span><\/p>\n<p><span style=\"font-size: large;\">\u2022 Deve receber, no m\u00e1ximo, 40 toneladas de mel por ano para processamento. <\/span><\/p>\n<p><span style=\"font-size: large;\"><b>Recep\u00e7\u00e3o<\/b><\/span><\/p>\n<p><span style=\"font-size: large;\">\u2022 Deve ter espa\u00e7o suficiente para sele\u00e7\u00e3o e internaliza\u00e7\u00e3o da mat\u00e9ria-prima, e estar separada das demais depend\u00eancias por paredes inteiras.<\/span><\/p>\n<p><span style=\"font-size: large;\">\u2022 Deve ser coberta adequadamente, para prote\u00e7\u00e3o das atividades.<\/span><\/p>\n<p><span style=\"font-size: large;\">\u2022 Deve possuir \u00e1rea para limpeza externa dos recipientes.<\/span><\/p>\n<p><span style=\"font-size: large;\">\u2022 As melgueiras que permanecerem nessa \u00e1rea precisam ser teladas e a extra\u00e7\u00e3o do mel deve ocorrer no mesmo dia da recep\u00e7\u00e3o.<\/span><\/p>\n<p><span style=\"font-size: large;\"><b>Armaz\u00e9m<\/b><\/span><\/p>\n<p><span style=\"font-size: large;\">\u2022 A dimens\u00e3o deve respeitar o volume de produ\u00e7\u00e3o e oferecer mecanismos que mantenham a temperatura adequada aos processos produtivos.<\/span><\/p>\n<p><span style=\"font-size: large;\">\u2022 Deve ser separado das demais depend\u00eancias por paredes inteiras.<\/span><\/p>\n<p><span style=\"font-size: large;\">\u2022 O estabelecimento que recebe pr\u00f3polis, p\u00f3len ap\u00edcola, apitoxina e geleia real deve ter equipamentos de frio, com term\u00f4metro capaz de realizar leitura externa.<\/span><\/p>\n<p><span style=\"font-size: large;\">\u2022 As melgueiras podem ser armazenadas com outras mat\u00e9rias-primas.<\/span><\/p>\n<p><span style=\"font-size: large;\">\u2022 Produtos que requerem refrigera\u00e7\u00e3o devem ser armazenados com afastamento que permita a circula\u00e7\u00e3o do frio. As c\u00e2maras frias podem ser substitu\u00eddas por equipamentos de frio de uso industrial providos de circula\u00e7\u00e3o de ar for\u00e7ada e term\u00f4metro com leitura externa, se mantidas as condi\u00e7\u00f5es de armazenamento.<\/span><\/p>\n<p><span style=\"font-size: large;\">\u2022 Embalagens, r\u00f3tulos, ingredientes e demais insumos podem ser armazenados nas \u00e1reas de produ\u00e7\u00e3o em arm\u00e1rios de material n\u00e3o absorvente e de f\u00e1cil limpeza, isolados uns dos outros. N\u00e3o devem permitir contamina\u00e7\u00f5es de nenhuma natureza.<\/span><\/p>\n<p><span style=\"font-size: large;\"><b>Laborat\u00f3rio<\/b><\/span><\/p>\n<p><span style=\"font-size: large;\">\u2022 Deve conter equipamento adequado para an\u00e1lise e controle da mat\u00e9ria-prima e do produto. Por\u00e9m, caso as an\u00e1lises sejam realizadas em laborat\u00f3rios externos, n\u00e3o \u00e9 necess\u00e1rio possuir a infraestrutura de laborat\u00f3rio.<\/span><\/p>\n<p><span style=\"font-size: large;\"><b>\u00c1rea de beneficiamento<\/b><\/span><\/p>\n<p><span style=\"font-size: large;\">\u2022 Deve ser separada das demais depend\u00eancias por paredes inteiras. <\/span><\/p>\n<p><span style=\"font-size: large;\">\u2022 A descristaliza\u00e7\u00e3o do mel em banho-maria, a higieniza\u00e7\u00e3o dos saches, o beneficiamento de pr\u00f3polis e a fabrica\u00e7\u00e3o do estrato de pr\u00f3polis devem ser realizados em \u00e1reas distintas, separadas de outras depend\u00eancias por paredes inteiras &#8211; quando na mesma depend\u00eancia, em momentos distintos do beneficiamento.<\/span><\/p>\n<p><span style=\"font-size: large;\">\u2022 O beneficiamento de cera de abelha deve ter uma \u00e1rea separada das demais depend\u00eancias por paredes inteiras.<\/span><\/p>\n<p><span style=\"font-size: large;\"><b>\u00c1rea de recep\u00e7\u00e3o de mel a granel<\/b><\/span><\/p>\n<p><span style=\"font-size: large;\">\u2022 Deve contar com \u00e1rea destinada \u00e0 lavagem de recipientes.<\/span><\/p>\n<p><span style=\"font-size: large;\"><b>Condi\u00e7\u00f5es gerais de salubridade:<\/b><\/span><\/p>\n<p><span style=\"font-size: large;\">\u2022 Materiais de limpeza devem ser armazenados em local pr\u00f3prio e isolado.<\/span><\/p>\n<p><span style=\"font-size: large;\">\u2022 A \u00e1rea de expedi\u00e7\u00e3o deve ter proje\u00e7\u00e3o de cobertura com prolongamento suficiente para prote\u00e7\u00e3o das opera\u00e7\u00f5es nela realizadas.<\/span><\/p>\n<p><span style=\"font-size: large;\">\u2022 A ilumina\u00e7\u00e3o artificial deve ser feita com uso de luz fria. L\u00e2mpadas sobre \u00e1reas de manipula\u00e7\u00e3o de mat\u00e9ria-prima, de produtos e de armazenamento de embalagens, r\u00f3tulos e ingredientes devem estar protegidas contra rompimentos.<\/span><\/p>\n<p><span style=\"font-size: large;\">\u2022 \u00c9 proibido o uso de luz colorida que altere a percep\u00e7\u00e3o da colora\u00e7\u00e3o dos produtos ou dificulte a visualiza\u00e7\u00e3o de sujidades.<\/span><\/p>\n<p><span style=\"font-size: large;\">\u2022 A \u00e1gua deve ser pot\u00e1vel, encanada, compat\u00edvel com a demanda e protegida de qualquer tipo de contamina\u00e7\u00e3o. Quando for utilizado cloro para obten\u00e7\u00e3o de \u00e1gua pot\u00e1vel, o controle deve ser realizado por meio do dosador de cloro. O abastecimento de \u00e1gua deve ocorrer em todas as depend\u00eancias que necessitem de \u00e1gua para processamento e higieniza\u00e7\u00e3o.<\/span><\/p>\n<p><span style=\"font-size: large;\">\u2022 A lavagem de uniformes deve ser higi\u00eanica, utilizando lavanderia pr\u00f3pria ou terceirizada.<\/span><\/p>\n<p><span style=\"font-size: large;\">\u2022 Deve existir sanit\u00e1rios e vesti\u00e1rios, de acordo com legisla\u00e7\u00e3o espec\u00edfica.<\/span><\/p>\n<p><span style=\"font-size: large;\">\u2022 As redes de esgoto sanit\u00e1rio e industrial devem ser exclusivas do estabelecimento e conter dispositivos que evitem refluxo de odores e entrada de roedores e outras pragas.<\/span><\/p>\n<p><span style=\"font-size: large;\"><b>Qualidade dos alimentos:<\/b> <\/span><\/p>\n<p><span style=\"font-size: large;\"><b>artigo 69 da normativa n\u00ba5 de 2017<\/b><\/span><\/p>\n<p><span style=\"font-size: large;\">O artigo 69 da normativa estabelece que o produtor \u00e9 respons\u00e1vel pela qualidade dos alimentos que produz e s\u00f3 pode distribuir ou colocar \u00e0 venda produtos que:<\/span><\/p>\n<p><span style=\"font-size: large;\">\u2022 n\u00e3o tenham sido fraudados, adulterados, falsificados e que n\u00e3o representem risco \u00e0 sa\u00fade p\u00fablica;<\/span><\/p>\n<p><span style=\"font-size: large;\">\u2022 possuam rastreabilidade nas fases de recep\u00e7\u00e3o, fabrica\u00e7\u00e3o e expedi\u00e7\u00e3o;<\/span><\/p>\n<p><span style=\"font-size: large;\">\u2022 contenham r\u00f3tulos com informa\u00e7\u00f5es que respeitem a legisla\u00e7\u00e3o pertinente.<\/span><\/p>\n<p><span style=\"font-size: large;\"><b>Equipamentos e utens\u00edlios ap\u00edcolas<\/b><\/span><\/p>\n<p><span style=\"font-size: large;\">A se\u00e7\u00e3o II da normativa sinaliza quais s\u00e3o os equipamentos e utens\u00edlios necess\u00e1rios na atividade ap\u00edcola:<\/span><\/p>\n<p><span style=\"font-size: large;\"><b>Extra\u00e7\u00e3o de mel:<\/b><\/span><\/p>\n<p><span style=\"font-size: large;\">\u2022 Mesa desoperculadora; centr\u00edfuga; baldes.<\/span><\/p>\n<p><span style=\"font-size: large;\"><b>Beneficiamento de mel:<\/b><\/span><\/p>\n<p><span style=\"font-size: large;\">\u2022 Baldes; torneira; filtro ou peneira com malhas nos limites de 40 (quarenta) a 80 (oitenta) mesh (de qualquer material, exceto pano); tanque de decanta\u00e7\u00e3o.<\/span><\/p>\n<p><span style=\"font-size: large;\"><b>Equipamentos espec\u00edficos:<\/b><\/span><\/p>\n<p><span style=\"font-size: large;\">\u2022 Equipamentos ou utens\u00edlios para homogeneiza\u00e7\u00e3o (para mistura de produtos).<\/span><\/p>\n<p><span style=\"font-size: large;\">\u2022 Dosadora de sache, calha, tanque pressurizado, tanque para lavagem e mesa para secagem (para envasamento em saches).<\/span><\/p>\n<p><span style=\"font-size: large;\">\u2022 Tubula\u00e7\u00f5es devem ser de a\u00e7o inoxid\u00e1vel, com exce\u00e7\u00e3o das tubula\u00e7\u00f5es de bomba de suc\u00e7\u00e3o, que podem ser de material pl\u00e1stico at\u00f3xico.<\/span><\/p>\n<p><span style=\"font-size: large;\">\u2022 Estufa, banho-maria ou equipamento de dupla-camisa (para descristaliza\u00e7\u00e3o).<\/span><\/p>\n<p><span style=\"font-size: large;\"><b>Produ\u00e7\u00e3o de p\u00f3len ap\u00edcola:<\/b><\/span><\/p>\n<p><span style=\"font-size: large;\">\u2022 Bandejas e pin\u00e7as; soprador; mesa ou bancada; estufa de secagem (somente para p\u00f3len ap\u00edcola desidratado).<\/span><\/p>\n<p><span style=\"font-size: large;\"><b>Beneficiamento de cera de abelha:<\/b><\/span><\/p>\n<p><span style=\"font-size: large;\">\u2022 Derretedor de cera; filtro; forma; mesa ou bancada; laminadora e cilindro alveolador (somente para cera de abelha alveolada).<\/span><\/p>\n<p><span style=\"font-size: large;\"><b>Produ\u00e7\u00e3o de extrato de pr\u00f3polis:<\/b><\/span><\/p>\n<p><span style=\"font-size: large;\">\u2022 Recipiente de macera\u00e7\u00e3o; filtro; recipiente de transfer\u00eancia; recipiente de estocagem.<br \/>\nBeneficiamento de geleia real:<\/span><\/p>\n<p><span style=\"font-size: large;\">\u2022 Cureta; mesa ou bancada; liofilizador (somente para geleia real liofilizada).<\/span><\/p>\n<p><span style=\"font-size: large;\">Fonte: Instru\u00e7\u00e3o Normativa n\u00ba 5, de 14\/02\/2017 \/ MAPA &#8211; Minist\u00e9rio da Agricultura, Pecu\u00e1ria e Abastecimento (D.O.U. 15\/02\/2017). FAASC. 2017.<\/span><\/p>\n<p><span style=\"font-size: large;\"><b>A\u00e7\u00f5es Recomendadas<a href=\"https:\/\/apacame.org.br\/site\/wp-content\/uploads\/2017\/11\/Quadrofinal.jpg\"><img decoding=\"async\" class=\"alignright wp-image-2132 size-full\" src=\"https:\/\/apacame.org.br\/site\/wp-content\/uploads\/2017\/11\/Quadrofinal.jpg\" alt=\"Cr\u00e9ditos\" width=\"323\" height=\"410\" srcset=\"https:\/\/apacame.org.br\/site\/wp-content\/uploads\/2017\/11\/Quadrofinal.jpg 323w, https:\/\/apacame.org.br\/site\/wp-content\/uploads\/2017\/11\/Quadrofinal-236x300.jpg 236w, https:\/\/apacame.org.br\/site\/wp-content\/uploads\/2017\/11\/Quadrofinal-150x190.jpg 150w\" sizes=\"(max-width: 323px) 100vw, 323px\" \/><\/a><\/b><\/span><\/p>\n<p><span style=\"font-size: large;\">Mantenha-se informado sobre o mercado de apicultura atrav\u00e9s das associa\u00e7\u00f5es e projetos do setor:<\/span><\/p>\n<p><span style=\"font-size: large;\">\u2022 Associac\u0327a\u0303o Brasileira de Estudos das Abelhas.<\/span><\/p>\n<p><span style=\"font-size: large;\">\u2022 Confederac\u0327a\u0303o Brasileira de Apicultura.<\/span><\/p>\n<p><span style=\"font-size: large;\">\u2022 Empresa de Pesquisa Agropecu\u00e1ria e Extens\u00e3o Rural de Santa Catarina (Epagri).<\/span><\/p>\n<p><span style=\"font-size: large;\">\u2022 Sistema de Intelig\u00eancia Setorial (SIS\/SC)<\/span><\/p>\n<p><span style=\"font-size: large;\">Fa\u00e7a cursos para atualizar e aprimorar o seu neg\u00f3cio. Al\u00e9m do setor de apicultura, procure os cursos relacionados a\u0300 gest\u00e3o do neg\u00f3cio, como os oferecidos pelo Sebrae EaD.<\/span><\/p>\n<p><span style=\"font-size: large;\">Participe de eventos para conhecer tend\u00eancias, t\u00e9cnicas, tecnologias e novos estudos que surgem na \u00e1rea da apicultura. Eventos tamb\u00e9m permitem que voc\u00ea entre em contato com potenciaisfornecedores, distribuidores, clientes e parceiros, al\u00e9m de se inteirar sobre a concorr\u00eancia. <\/span><\/p>\n<p><span style=\"font-size: large;\">Confira a agenda a seguir, programe-se e participe:<\/span><\/p>\n<p><span style=\"font-size: large;\">\u2022 22\u00ba Conbrapi \u2013 16 a 19 de maio de 2018, em Joinville\/SC.<\/span><\/p>\n<p><span style=\"font-size: large;\">Conte com o Sebrae para desenvolver o seu neg\u00f3cio.<\/span><\/p>\n","protected":false},"excerpt":{"rendered":"<p>Efeitos da Instru\u00e7\u00e3o Normativa n\u00ba5\/2017 no setor ap\u00edcola O Minist\u00e9rio da Agricultura estabeleceu, por meio da Instru\u00e7\u00e3o Normativa n\u00ba 5\/2017, novos crit\u00e9rios para a avalia\u00e7\u00e3o de equival\u00eancia ao Sistema Unificado [&hellip;]<\/p>\n","protected":false},"author":1,"featured_media":0,"parent":2079,"menu_order":0,"comment_status":"open","ping_status":"open","template":"","meta":{"pmpro_default_level":"","_price":"","_stock":"","_tribe_ticket_header":"","_tribe_default_ticket_provider":"","_tribe_ticket_capacity":"0","_ticket_start_date":"","_ticket_end_date":"","_tribe_ticket_show_description":"","_tribe_ticket_show_not_going":false,"_tribe_ticket_use_global_stock":"","_tribe_ticket_global_stock_level":"","_global_stock_mode":"","_global_stock_cap":"","_tribe_rsvp_for_event":"","_tribe_ticket_going_count":"","_tribe_ticket_not_going_count":"","_tribe_tickets_list":"[]","_tribe_ticket_has_attendee_info_fields":false,"cybocfi_hide_featured_image":"","footnotes":""},"class_list":["post-2130","page","type-page","status-publish","hentry","pmpro-has-access"],"_links":{"self":[{"href":"https:\/\/apacame.org.br\/site\/wp-json\/wp\/v2\/pages\/2130"}],"collection":[{"href":"https:\/\/apacame.org.br\/site\/wp-json\/wp\/v2\/pages"}],"about":[{"href":"https:\/\/apacame.org.br\/site\/wp-json\/wp\/v2\/types\/page"}],"author":[{"embeddable":true,"href":"https:\/\/apacame.org.br\/site\/wp-json\/wp\/v2\/users\/1"}],"replies":[{"embeddable":true,"href":"https:\/\/apacame.org.br\/site\/wp-json\/wp\/v2\/comments?post=2130"}],"version-history":[{"count":2,"href":"https:\/\/apacame.org.br\/site\/wp-json\/wp\/v2\/pages\/2130\/revisions"}],"predecessor-version":[{"id":2134,"href":"https:\/\/apacame.org.br\/site\/wp-json\/wp\/v2\/pages\/2130\/revisions\/2134"}],"up":[{"embeddable":true,"href":"https:\/\/apacame.org.br\/site\/wp-json\/wp\/v2\/pages\/2079"}],"wp:attachment":[{"href":"https:\/\/apacame.org.br\/site\/wp-json\/wp\/v2\/media?parent=2130"}],"curies":[{"name":"wp","href":"https:\/\/api.w.org\/{rel}","templated":true}]}}