{"id":2103,"date":"2017-10-30T21:02:37","date_gmt":"2017-10-30T21:02:37","guid":{"rendered":"http:\/\/apacame.org.br\/site\/?page_id=2103"},"modified":"2017-10-30T21:24:38","modified_gmt":"2017-10-30T21:24:38","slug":"artigo-3","status":"publish","type":"page","link":"https:\/\/apacame.org.br\/site\/revista\/mensagem-doce-n-143-setembro-de-2017\/artigo-3\/","title":{"rendered":"Artigo"},"content":{"rendered":"<h1 style=\"text-align: center;\">A apicultura<br \/>\nvoltando \u00e0s origens<\/h1>\n<blockquote><p>Radam\u00e9s Zovaro \u2013 Diretor t\u00e9cnico da Apacame e Empres\u00e1rio ap\u00edcola.<\/p><\/blockquote>\n<figure id=\"attachment_2106\" aria-describedby=\"caption-attachment-2106\" style=\"width: 300px\" class=\"wp-caption alignright\"><a href=\"https:\/\/apacame.org.br\/site\/wp-content\/uploads\/2017\/10\/4.jpg\"><img fetchpriority=\"high\" decoding=\"async\" class=\"size-medium wp-image-2106\" src=\"https:\/\/apacame.org.br\/site\/wp-content\/uploads\/2017\/10\/4-300x300.jpg\" alt=\"Enxertia de Rainhas feitas por Ant\u00f4nio Zovaro (transfer\u00eancia da larva do quadro original para a copula onde esta a geleira real. Ano de 1946.\" width=\"300\" height=\"300\" srcset=\"https:\/\/apacame.org.br\/site\/wp-content\/uploads\/2017\/10\/4-300x300.jpg 300w, https:\/\/apacame.org.br\/site\/wp-content\/uploads\/2017\/10\/4-150x150.jpg 150w, https:\/\/apacame.org.br\/site\/wp-content\/uploads\/2017\/10\/4-1024x1024.jpg 1024w, https:\/\/apacame.org.br\/site\/wp-content\/uploads\/2017\/10\/4-100x100.jpg 100w, https:\/\/apacame.org.br\/site\/wp-content\/uploads\/2017\/10\/4-500x500.jpg 500w, https:\/\/apacame.org.br\/site\/wp-content\/uploads\/2017\/10\/4.jpg 1900w\" sizes=\"(max-width: 300px) 100vw, 300px\" \/><\/a><figcaption id=\"caption-attachment-2106\" class=\"wp-caption-text\">Enxertia de Rainhas feitas por Ant\u00f4nio Zovaro (transfer\u00eancia da larva do quadro original para a<br \/>copula onde esta a geleira real. Ano de 1946.<\/figcaption><\/figure>\n<p><span style=\"font-size: large;\">No domingo, dia 09\/07\/2017, tivemos a oportunidade de assistir no programa Globo Rural uma demonstra\u00e7\u00e3o de como se produz rainhas artificiais.<\/span><\/p>\n<p><span style=\"font-size: large;\">Esse processo \u00e9 usado em todo mundo. No Brasil antes da implanta\u00e7\u00e3o das abelhas africanas que ocorreu em 1954, havia v\u00e1rios criadores de Rainhas, nos Estados de S\u00e3o Paulo, Rio de Janeiro, Santa Catarina e Rio Grande do Sul, estados esses que tinha uma apicultura forte. Na minha fam\u00edlia, meu av\u00f4 e meu pai eram especialistas no assunto, chegaram a exportar rainhas para v\u00e1rios apicultores do Brasil e tamb\u00e9m para alguns pa\u00edses, como Argentina, Chile e Estados Unidos.<\/span><\/p>\n<p><span style=\"font-size: large;\">Com a introdu\u00e7\u00e3o das abelhas africanas, praticamente a apicultura teve uma parada quase que total justamente em fun\u00e7\u00e3o do grande potencial enxameat\u00f3rio que as abelhas de origem africana apresentavam, al\u00e9m evidentemente da agressividade. Com isso a apicultura praticamente ficou estacionada por alguns anos, retornando sua atividade no Estado de S\u00e3o Paulo, por volta de 1974\/75.<\/span><\/p>\n<p><span style=\"font-size: large;\">Como ficou muito mais f\u00e1cil capturar enxames do que criar rainhas, o processo de amplia\u00e7\u00e3o do api\u00e1rio ficou mais simples e a produ\u00e7\u00e3o de Rainhas passou a ser um fator secund\u00e1rio dentro da atividade.<\/span><\/p>\n<p><span style=\"font-size: large;\">Isso fez com que nossa apicultura ficasse praticamente estagnada na produ\u00e7\u00e3o de mel, em torno de 45 mil toneladas ano.<\/span><\/p>\n<figure id=\"attachment_2107\" aria-describedby=\"caption-attachment-2107\" style=\"width: 300px\" class=\"wp-caption alignleft\"><a href=\"https:\/\/apacame.org.br\/site\/wp-content\/uploads\/2017\/10\/Abelha-rainha-no-bobe-2.jpg\"><img decoding=\"async\" class=\"size-medium wp-image-2107\" src=\"https:\/\/apacame.org.br\/site\/wp-content\/uploads\/2017\/10\/Abelha-rainha-no-bobe-2-300x158.jpg\" alt=\"Observando a abelha rainha\" width=\"300\" height=\"158\" srcset=\"https:\/\/apacame.org.br\/site\/wp-content\/uploads\/2017\/10\/Abelha-rainha-no-bobe-2-300x158.jpg 300w, https:\/\/apacame.org.br\/site\/wp-content\/uploads\/2017\/10\/Abelha-rainha-no-bobe-2-150x79.jpg 150w, https:\/\/apacame.org.br\/site\/wp-content\/uploads\/2017\/10\/Abelha-rainha-no-bobe-2-500x263.jpg 500w, https:\/\/apacame.org.br\/site\/wp-content\/uploads\/2017\/10\/Abelha-rainha-no-bobe-2.jpg 748w\" sizes=\"(max-width: 300px) 100vw, 300px\" \/><\/a><figcaption id=\"caption-attachment-2107\" class=\"wp-caption-text\">Observando a abelha rainha<\/figcaption><\/figure>\n<p><span style=\"font-size: large;\">Hoje, felizmente estamos voltando a falar sobre cria\u00e7\u00e3o de Rainhas com a finalidade de melhorar o nosso plantel ap\u00edcola, com abelhas selecionadas, no que diz respeito a menor agressividade e maior produtividade. <\/span><\/p>\n<p><span style=\"font-size: large;\">No m\u00eas de Julho parece que o assunto come\u00e7ou a voltar \u00e0s origens. N\u00f3s tivemos a reportagem no Globo Rural com o professor Ednei Magalh\u00e3es, dando uma excelente orienta\u00e7\u00e3o no processo de cria\u00e7\u00e3o de Rainhas que \u00e9 feito na CEPLAC, da cidade de Itabuna\/BA.<\/span><\/p>\n<p><span style=\"font-size: large;\">A Revista Zun Zun, da FAASC, (Federa\u00e7\u00e3o das Associa\u00e7\u00f5es de Apicultores e Meliponicultores de Santa Catarina, n\u00ba 362 de Abril\/Junho de 2017, apresentou uma mat\u00e9ria redigida por Luiz Celso Stefaniak, com o titulo \u201cPasso a passo na produ\u00e7\u00e3o de rainhas na propriedade ap\u00edcola\u201d.<\/span><\/p>\n<p><span style=\"font-size: large;\">\u00c9 importante que isso aconte\u00e7a para que aos poucos possamos ter uma apicultura mais desenvolvida, no que diz respeito \u00e0 qualidade dos enxames, com maior produtividade e melhor comportamento ap\u00edcola.<\/span><\/p>\n<figure id=\"attachment_2108\" aria-describedby=\"caption-attachment-2108\" style=\"width: 244px\" class=\"wp-caption alignright\"><a href=\"https:\/\/apacame.org.br\/site\/wp-content\/uploads\/2017\/10\/criacaocientificaderainhas1_Doolittle-63.jpg\"><img decoding=\"async\" class=\"size-medium wp-image-2108\" src=\"https:\/\/apacame.org.br\/site\/wp-content\/uploads\/2017\/10\/criacaocientificaderainhas1_Doolittle-63-244x300.jpg\" alt=\"Doolitle em 1888 apresentou o processo de cria\u00e7\u00e3o de Rainhas.\" width=\"244\" height=\"300\" srcset=\"https:\/\/apacame.org.br\/site\/wp-content\/uploads\/2017\/10\/criacaocientificaderainhas1_Doolittle-63-244x300.jpg 244w, https:\/\/apacame.org.br\/site\/wp-content\/uploads\/2017\/10\/criacaocientificaderainhas1_Doolittle-63-150x184.jpg 150w, https:\/\/apacame.org.br\/site\/wp-content\/uploads\/2017\/10\/criacaocientificaderainhas1_Doolittle-63-407x500.jpg 407w, https:\/\/apacame.org.br\/site\/wp-content\/uploads\/2017\/10\/criacaocientificaderainhas1_Doolittle-63.jpg 768w\" sizes=\"(max-width: 244px) 100vw, 244px\" \/><\/a><figcaption id=\"caption-attachment-2108\" class=\"wp-caption-text\">Doolitle em 1888 apresentou o processo de<br \/>cria\u00e7\u00e3o de Rainhas.<\/figcaption><\/figure>\n<p><span style=\"font-size: large;\">Doolitle em 1888 apresentou o processo de cria\u00e7\u00e3o de Rainhas que tornou publica a t\u00e9cnica que estudava que nada mais era do que a transfer\u00eancia de lavas que nasceriam abelhas oper\u00e1rias para ber\u00e7os artificialmente preparados que se transformavam para nascerem Rainhas. No Brasil, o livro \u201cO apicultor Brasileiro\u201d, em sua 6\u00aa Edi\u00e7\u00e3o, no ano de 1925, escrito por Emilio Schenk, descreveu todo o processo de cria\u00e7\u00e3o de Rainhas. Outros livros editados na \u00e9poca, tamb\u00e9m publicaram informa\u00e7\u00f5es a respeito. <\/span><\/p>\n<p><span style=\"font-size: large;\">Hoje ainda usamos o mesmo m\u00e9todo, por\u00e9m muita coisa foi melhorada, principalmente sobre as t\u00e9cnicas de melhoramentos e sele\u00e7\u00e3o das abelhas para o aumento da produtividade.<\/span><\/p>\n<p><span style=\"font-size: large;\">A cria\u00e7\u00e3o de rainhas de um pa\u00eds \u00e9 o esteio de toda a sua apicultura, porque n\u00e3o pode haver sele\u00e7\u00e3o de ra\u00e7as, aumento de produtividade e amplia\u00e7\u00e3o dos api\u00e1rios, sem rainhas de boa fertilidade.<\/span><\/p>\n<p><span style=\"font-size: large;\">Uma rainha boa significa fam\u00edlia populosa, uniformidade de produ\u00e7\u00e3o, e \u00e9 de suma import\u00e2ncia para a explora\u00e7\u00e3o da apicultura em bases racionais.<\/span><\/p>\n<p><span style=\"font-size: large;\">Espero que estes projetos tenham \u00eaxito, que novos sejam criados e que o apicultor tenha a responsabilidade de melhorar as condi\u00e7\u00f5es de produtividade de seu api\u00e1rio ou api\u00e1rios, procurando encontrar solu\u00e7\u00f5es de manter um plantel de colmeias com qualidade e alta produtividade. Somente dessa forma poderemos sair das 45 mil toneladas, e tentarmos alcan\u00e7ar os dois produtores, Turquia (85 mil ton.) e Argentina (78 mil ton.) colocados em segundo e terceiro lugares respectivamente, uma vez que a China ocupa a lideran\u00e7a com 300 mil toneladas ano.<\/span><\/p>\n<p><span style=\"font-size: large;\">Aguardamos e torcemos para que isso um dia aconte\u00e7a.<\/span><\/p>\n","protected":false},"excerpt":{"rendered":"<p>A apicultura voltando \u00e0s origens Radam\u00e9s Zovaro \u2013 Diretor t\u00e9cnico da Apacame e Empres\u00e1rio ap\u00edcola. No domingo, dia 09\/07\/2017, tivemos a oportunidade de assistir no programa Globo Rural uma demonstra\u00e7\u00e3o [&hellip;]<\/p>\n","protected":false},"author":1,"featured_media":0,"parent":2079,"menu_order":0,"comment_status":"open","ping_status":"open","template":"","meta":{"pmpro_default_level":"","_price":"","_stock":"","_tribe_ticket_header":"","_tribe_default_ticket_provider":"","_tribe_ticket_capacity":"0","_ticket_start_date":"","_ticket_end_date":"","_tribe_ticket_show_description":"","_tribe_ticket_show_not_going":false,"_tribe_ticket_use_global_stock":"","_tribe_ticket_global_stock_level":"","_global_stock_mode":"","_global_stock_cap":"","_tribe_rsvp_for_event":"","_tribe_ticket_going_count":"","_tribe_ticket_not_going_count":"","_tribe_tickets_list":"[]","_tribe_ticket_has_attendee_info_fields":false,"cybocfi_hide_featured_image":"","footnotes":""},"class_list":["post-2103","page","type-page","status-publish","hentry","pmpro-has-access"],"_links":{"self":[{"href":"https:\/\/apacame.org.br\/site\/wp-json\/wp\/v2\/pages\/2103"}],"collection":[{"href":"https:\/\/apacame.org.br\/site\/wp-json\/wp\/v2\/pages"}],"about":[{"href":"https:\/\/apacame.org.br\/site\/wp-json\/wp\/v2\/types\/page"}],"author":[{"embeddable":true,"href":"https:\/\/apacame.org.br\/site\/wp-json\/wp\/v2\/users\/1"}],"replies":[{"embeddable":true,"href":"https:\/\/apacame.org.br\/site\/wp-json\/wp\/v2\/comments?post=2103"}],"version-history":[{"count":3,"href":"https:\/\/apacame.org.br\/site\/wp-json\/wp\/v2\/pages\/2103\/revisions"}],"predecessor-version":[{"id":2105,"href":"https:\/\/apacame.org.br\/site\/wp-json\/wp\/v2\/pages\/2103\/revisions\/2105"}],"up":[{"embeddable":true,"href":"https:\/\/apacame.org.br\/site\/wp-json\/wp\/v2\/pages\/2079"}],"wp:attachment":[{"href":"https:\/\/apacame.org.br\/site\/wp-json\/wp\/v2\/media?parent=2103"}],"curies":[{"name":"wp","href":"https:\/\/api.w.org\/{rel}","templated":true}]}}