{"id":2085,"date":"2017-10-30T20:11:50","date_gmt":"2017-10-30T20:11:50","guid":{"rendered":"http:\/\/apacame.org.br\/site\/?page_id=2085"},"modified":"2017-10-30T20:13:09","modified_gmt":"2017-10-30T20:13:09","slug":"editorial","status":"publish","type":"page","link":"https:\/\/apacame.org.br\/site\/revista\/mensagem-doce-n-143-setembro-de-2017\/editorial\/","title":{"rendered":"Editorial"},"content":{"rendered":"<h1 style=\"text-align: center;\">O MAIOR EVENTO DA APICULTURA MUNDIAL<\/h1>\n<p>\u00a0<br \/>\n<span style=\"font-size: large;\">A partir do dia 29 de setembro de 2017, a Delega\u00e7\u00e3o da APACAME estar\u00e1 participando do 45\u00ba \u00a0Congresso Internacional de Apicultura, realizado pela APIMONDIA e que acontecer\u00e1 na cidade de Istambul, na Turquia.<\/span><\/p>\n<p><span style=\"font-size: large;\">Como ocorre tradicionalmente desde 1984, a APACAME tem participado de todos os congressos brasileiros e internacionais com o objetivo de buscar novos conhecimentos no desenvolvimento da apicultura mundial, em especial nos eventos internacionais, al\u00e9m de ter contato direto com os apicultores e a apicultura praticada no pa\u00eds sede do evento.<\/span><\/p>\n<p><span style=\"font-size: large;\">De um lado ficamos impressionados pela tecnologia dispon\u00edvel aos apicultores e com que facilidade a apicultura \u00e9 praticada atendendo a uma legisla\u00e7\u00e3o que facilita a atividade.<\/span><\/p>\n<p><span style=\"font-size: large;\">De outro lado vemos a dificuldade na pr\u00e1tica da apicultura por raz\u00f5es clim\u00e1ticas obrigando aos apicultores serem extremamente t\u00e9cnicos para sobreviver na atividade ap\u00edcola.<\/span><\/p>\n<p><span style=\"font-size: large;\">Uma coisa \u00e9 certa e, sem ufanismo, a cada congresso internacional em que participamos voltamos entusiasmados pelo potencial ap\u00edcola e melipon\u00edcola brasileiro.<\/span><\/p>\n<p><span style=\"font-size: large;\">Lamentavelmente este entusiasmo logo se apaga quando nos deparamos com a burocracia brasileira que desestimula qualquer atividade para os pequenos produtores, impondo exig\u00eancias impratic\u00e1veis aos apicultores e meliponicultores brasileiros.<\/span><\/p>\n<p><span style=\"font-size: large;\">Mas, uma das caracter\u00edsticas do apicultor e do meliponicultor \u00e9 a perseveran\u00e7a e n\u00f3s da APACAME vamos continuar a nossa luta contra essa legisla\u00e7\u00e3o castradora e contra os agrot\u00f3xicos que est\u00e3o matando as abelhas em todo o mundo e, com recursos particulares de cada participante da Delega\u00e7\u00e3o, vamos continuar participando do maior evento da apicultura mundial.<\/span><\/p>\n<p><span style=\"font-size: large;\">Constantino Zara Filho \u2013 Presidente Executivo<\/span><\/p>\n","protected":false},"excerpt":{"rendered":"<p>O MAIOR EVENTO DA APICULTURA MUNDIAL \u00a0 A partir do dia 29 de setembro de 2017, a Delega\u00e7\u00e3o da APACAME estar\u00e1 participando do 45\u00ba \u00a0Congresso Internacional de Apicultura, realizado pela [&hellip;]<\/p>\n","protected":false},"author":1,"featured_media":0,"parent":2079,"menu_order":0,"comment_status":"open","ping_status":"open","template":"","meta":{"pmpro_default_level":"","_price":"","_stock":"","_tribe_ticket_header":"","_tribe_default_ticket_provider":"","_tribe_ticket_capacity":"0","_ticket_start_date":"","_ticket_end_date":"","_tribe_ticket_show_description":"","_tribe_ticket_show_not_going":false,"_tribe_ticket_use_global_stock":"","_tribe_ticket_global_stock_level":"","_global_stock_mode":"","_global_stock_cap":"","_tribe_rsvp_for_event":"","_tribe_ticket_going_count":"","_tribe_ticket_not_going_count":"","_tribe_tickets_list":"[]","_tribe_ticket_has_attendee_info_fields":false,"cybocfi_hide_featured_image":"","footnotes":""},"class_list":["post-2085","page","type-page","status-publish","hentry","pmpro-has-access"],"_links":{"self":[{"href":"https:\/\/apacame.org.br\/site\/wp-json\/wp\/v2\/pages\/2085"}],"collection":[{"href":"https:\/\/apacame.org.br\/site\/wp-json\/wp\/v2\/pages"}],"about":[{"href":"https:\/\/apacame.org.br\/site\/wp-json\/wp\/v2\/types\/page"}],"author":[{"embeddable":true,"href":"https:\/\/apacame.org.br\/site\/wp-json\/wp\/v2\/users\/1"}],"replies":[{"embeddable":true,"href":"https:\/\/apacame.org.br\/site\/wp-json\/wp\/v2\/comments?post=2085"}],"version-history":[{"count":2,"href":"https:\/\/apacame.org.br\/site\/wp-json\/wp\/v2\/pages\/2085\/revisions"}],"predecessor-version":[{"id":2088,"href":"https:\/\/apacame.org.br\/site\/wp-json\/wp\/v2\/pages\/2085\/revisions\/2088"}],"up":[{"embeddable":true,"href":"https:\/\/apacame.org.br\/site\/wp-json\/wp\/v2\/pages\/2079"}],"wp:attachment":[{"href":"https:\/\/apacame.org.br\/site\/wp-json\/wp\/v2\/media?parent=2085"}],"curies":[{"name":"wp","href":"https:\/\/api.w.org\/{rel}","templated":true}]}}