{"id":2049,"date":"2017-08-11T20:25:49","date_gmt":"2017-08-11T20:25:49","guid":{"rendered":"http:\/\/apacame.org.br\/site\/?page_id=2049"},"modified":"2017-08-11T20:25:49","modified_gmt":"2017-08-11T20:25:49","slug":"noticia","status":"publish","type":"page","link":"https:\/\/apacame.org.br\/site\/revista\/mensagem-doce-n-142-julho-de-2017\/noticia\/","title":{"rendered":"Not\u00edcia"},"content":{"rendered":"<h1 style=\"text-align: center;\">Europa apoia a proibi\u00e7\u00e3o de tr\u00eas inseticidas perigosos para as abelhas<\/h1>\n<blockquote><p>Fonte: <a href=\"http:\/\/www.ecoavant.com\" target=\"_blank\" rel=\"noopener\">http:\/\/www.ecoavant.com<\/a><\/p><\/blockquote>\n<figure id=\"attachment_2050\" aria-describedby=\"caption-attachment-2050\" style=\"width: 300px\" class=\"wp-caption alignleft\"><a href=\"https:\/\/apacame.org.br\/site\/wp-content\/uploads\/2017\/08\/salve-as-abelhas.jpg\"><img fetchpriority=\"high\" decoding=\"async\" class=\"size-medium wp-image-2050\" src=\"https:\/\/apacame.org.br\/site\/wp-content\/uploads\/2017\/08\/salve-as-abelhas-300x187.jpg\" alt=\"Imagem internet google.\" width=\"300\" height=\"187\" srcset=\"https:\/\/apacame.org.br\/site\/wp-content\/uploads\/2017\/08\/salve-as-abelhas-300x187.jpg 300w, https:\/\/apacame.org.br\/site\/wp-content\/uploads\/2017\/08\/salve-as-abelhas-150x93.jpg 150w, https:\/\/apacame.org.br\/site\/wp-content\/uploads\/2017\/08\/salve-as-abelhas-500x311.jpg 500w, https:\/\/apacame.org.br\/site\/wp-content\/uploads\/2017\/08\/salve-as-abelhas.jpg 561w\" sizes=\"(max-width: 300px) 100vw, 300px\" \/><\/a><figcaption id=\"caption-attachment-2050\" class=\"wp-caption-text\">Imagem internet google.<\/figcaption><\/figure>\n<p><span style=\"font-size: large;\">A Comiss\u00e3o do Meio Ambiente do Parlamento Europeu nessa quinta-feira 22\/06\/2017 rejeitou as obje\u00e7\u00f5es levantadas contra a proposta da Comiss\u00e3o Europeia de proibir tr\u00eas inseticidas Neonicotin\u00f3ides perigoso para as abelhas.<\/span><\/p>\n<p><span style=\"font-size: large;\">Especificamente, a Comiss\u00e3o Europarlamentar rejeitou as obje\u00e7\u00f5es contra a proibi\u00e7\u00e3o do Tiamtoxam com 43 votos contra, 8 a favor e 7 absten\u00e7\u00f5es, contra o Imidacloprid (43 contra, 9 a favor e 6 absten\u00e7\u00f5es) e a Clotianidina (43 votos contra, 8 votos a favor e 6 absten\u00e7\u00f5es), conforme relatado pela Comiss\u00e3o em sua conta no Twitter.<\/span><\/p>\n<p><span style=\"font-size: large;\">Respons\u00e1vel pela campanha da agricultura Greenpeace na Espanha, Lu\u00eds Ferreirim, sublinhou que &#8220;cada vez mais provas cient\u00edficas demonstram os danos que esses inseticidas causam as abelhas e outras esp\u00e9cies&#8221;, e pediu a Ministra da Agricultura e Pesca, Alimenta\u00e7\u00e3o e Ambiente, Isabel Garc\u00eda Tejerina, para defender a prote\u00e7\u00e3o das abelhas e bioodiversidad e posicionar-se a favor de uma proibi\u00e7\u00e3o total de neonicotin\u00f3ides&#8221;.<\/span><\/p>\n<p><span style=\"font-size: large;\">Por mais de 20 anos denunciando o perigo de inseticidas Neonicotin\u00f3ides. Quanto mais danos temos que sofrer, antes da proibi\u00e7\u00e3o total dos Neonicotin\u00f3ides?&#8221; Perguntou em um comunicado, Lu\u00eds Ferreirim.<\/span><\/p>\n<p><span style=\"font-size: large;\">O Greenpeace ressaltou que as abelhas e outros polinizadores s\u00e3o &#8220;essenciais&#8221; para o equil\u00edbrio ecol\u00f3gico e do planeta,para a biodiversidade e a seguran\u00e7a alimentar, mas afirmou que as suas popula\u00e7\u00f5es est\u00e3o em decl\u00ednio pelo uso massivo de pesticidas sint\u00e9ticos na agricultura industrial entre outros fatores.<\/span><\/p>\n","protected":false},"excerpt":{"rendered":"<p>Europa apoia a proibi\u00e7\u00e3o de tr\u00eas inseticidas perigosos para as abelhas Fonte: http:\/\/www.ecoavant.com A Comiss\u00e3o do Meio Ambiente do Parlamento Europeu nessa quinta-feira 22\/06\/2017 rejeitou as obje\u00e7\u00f5es levantadas contra a [&hellip;]<\/p>\n","protected":false},"author":1,"featured_media":0,"parent":1976,"menu_order":0,"comment_status":"open","ping_status":"open","template":"","meta":{"pmpro_default_level":"","_price":"","_stock":"","_tribe_ticket_header":"","_tribe_default_ticket_provider":"","_tribe_ticket_capacity":"0","_ticket_start_date":"","_ticket_end_date":"","_tribe_ticket_show_description":"","_tribe_ticket_show_not_going":false,"_tribe_ticket_use_global_stock":"","_tribe_ticket_global_stock_level":"","_global_stock_mode":"","_global_stock_cap":"","_tribe_rsvp_for_event":"","_tribe_ticket_going_count":"","_tribe_ticket_not_going_count":"","_tribe_tickets_list":"[]","_tribe_ticket_has_attendee_info_fields":false,"cybocfi_hide_featured_image":"","footnotes":""},"class_list":["post-2049","page","type-page","status-publish","hentry","pmpro-has-access"],"_links":{"self":[{"href":"https:\/\/apacame.org.br\/site\/wp-json\/wp\/v2\/pages\/2049"}],"collection":[{"href":"https:\/\/apacame.org.br\/site\/wp-json\/wp\/v2\/pages"}],"about":[{"href":"https:\/\/apacame.org.br\/site\/wp-json\/wp\/v2\/types\/page"}],"author":[{"embeddable":true,"href":"https:\/\/apacame.org.br\/site\/wp-json\/wp\/v2\/users\/1"}],"replies":[{"embeddable":true,"href":"https:\/\/apacame.org.br\/site\/wp-json\/wp\/v2\/comments?post=2049"}],"version-history":[{"count":2,"href":"https:\/\/apacame.org.br\/site\/wp-json\/wp\/v2\/pages\/2049\/revisions"}],"predecessor-version":[{"id":2052,"href":"https:\/\/apacame.org.br\/site\/wp-json\/wp\/v2\/pages\/2049\/revisions\/2052"}],"up":[{"embeddable":true,"href":"https:\/\/apacame.org.br\/site\/wp-json\/wp\/v2\/pages\/1976"}],"wp:attachment":[{"href":"https:\/\/apacame.org.br\/site\/wp-json\/wp\/v2\/media?parent=2049"}],"curies":[{"name":"wp","href":"https:\/\/api.w.org\/{rel}","templated":true}]}}