{"id":2032,"date":"2017-08-11T19:33:34","date_gmt":"2017-08-11T19:33:34","guid":{"rendered":"http:\/\/apacame.org.br\/site\/?page_id=2032"},"modified":"2017-08-11T19:33:34","modified_gmt":"2017-08-11T19:33:34","slug":"atividade-2","status":"publish","type":"page","link":"https:\/\/apacame.org.br\/site\/revista\/mensagem-doce-n-142-julho-de-2017\/atividade-2\/","title":{"rendered":"Atividade"},"content":{"rendered":"<h1 style=\"text-align: center;\">REUNI\u00c3O DOS APICULTORES E MELIPONICULTORES<br \/>\nDIA 07 DE JUNHO DE 2017.<\/h1>\n<p><span style=\"font-size: large;\">Na nossa reuni\u00e3o do dia 07 de junho de 2017 tivemos a honra de receber a visita do Dr. MARCELO LUIS DEL HOYO que veio especialmente da Argentina para proferir uma Palestra sobre o tema:<\/span><\/p>\n<figure id=\"attachment_2033\" aria-describedby=\"caption-attachment-2033\" style=\"width: 150px\" class=\"wp-caption alignright\"><a href=\"https:\/\/apacame.org.br\/site\/wp-content\/uploads\/2017\/08\/foto_1_Junho.jpg\"><img decoding=\"async\" class=\"size-thumbnail wp-image-2033\" src=\"https:\/\/apacame.org.br\/site\/wp-content\/uploads\/2017\/08\/foto_1_Junho-150x150.jpg\" alt=\"O palestrante Dr. Marcelo Luiz Del Hoyo\" width=\"150\" height=\"150\" srcset=\"https:\/\/apacame.org.br\/site\/wp-content\/uploads\/2017\/08\/foto_1_Junho-150x150.jpg 150w, https:\/\/apacame.org.br\/site\/wp-content\/uploads\/2017\/08\/foto_1_Junho-100x100.jpg 100w\" sizes=\"(max-width: 150px) 100vw, 150px\" \/><\/a><figcaption id=\"caption-attachment-2033\" class=\"wp-caption-text\">O palestrante Dr. Marcelo Luiz Del Hoyo<\/figcaption><\/figure>\n<p><span style=\"font-size: large;\"><b>\u201cNUTRI\u00c7\u00c3O DE ABELHAS E CONTROLE ORG\u00c2NICO DE \u00a0VARROA, NOVAS TECNOLOGIAS\u201d<\/b><\/span><\/p>\n<p><span style=\"font-size: large;\">Aproveitando a oportunidade o Dr. Marcelo tamb\u00e9m falou sobre o besouro Aethina tumida.<\/span><\/p>\n<p><span style=\"font-size: large;\">O Dr. Marcelo Luis Del Hoyo \u00e9 Licenciado em Ci\u00eancias Biol\u00f3gicas, com orienta\u00e7\u00e3o Zool\u00f3gica pela Universidade Nacional de Mar Del Plata; Doutor em Ci\u00eancia Animal pela Faculdade de Ci\u00eancias Veterin\u00e1rias UNCPBA em Conv\u00eanio com a Faculdade de Filosofia Ci\u00eancia e Letra da Universidade de S\u00e3o Paulo \u2013 USP; S\u00f3cio Gerente da APILAB \u2013 Laborat\u00f3rio de Produtos Veterin\u00e1rios; foi Diretor da APIMAS do M\u00e9xico \u2013 Consultora Ap\u00edcola Mexicana, no per\u00edodo de 2004 \/ 2007; Professor Associado da Faculdade de Ci\u00eancias Veterin\u00e1rias, UNCOBA, nas \u00e1reas de Sociologia e Extens\u00e3o Rural; Doutor em Veterin\u00e1ria com especialidade em Sanidade Ap\u00edcola com ampla e s\u00f3lida experi\u00eancia em enfermidades das abelhas.<\/span><\/p>\n<p><span style=\"font-size: large;\">A palestra o Dr. Del Hoyo despertou a aten\u00e7\u00e3o dos presentes, pois abordou a apicultura como uma atividade profissional do Agroneg\u00f3cio e quanto \u00e9 importante a nutri\u00e7\u00e3o dos enxames no in\u00edcio das floradas com a utiliza\u00e7\u00e3o de Acelerador de Crescimento especialmente desenvolvido para as abelhas. Ficou evidente para os presentes que os apicultores devem se profissionalizar para obter resultados econ\u00f4micos com a apicultura.<\/span><\/p>\n<p><span style=\"font-size: large;\">Foi uma reuni\u00e3o memor\u00e1vel.<\/span><\/p>\n<div id='gallery-1' class='gallery galleryid-2032 gallery-columns-2 gallery-size-medium'><figure class='gallery-item'>\n\t\t\t<div class='gallery-icon landscape'>\n\t\t\t\t<a href='https:\/\/apacame.org.br\/site\/wp-content\/uploads\/2017\/08\/foto_2_Junho.jpg'><img fetchpriority=\"high\" decoding=\"async\" width=\"300\" height=\"225\" src=\"https:\/\/apacame.org.br\/site\/wp-content\/uploads\/2017\/08\/foto_2_Junho-300x225.jpg\" class=\"attachment-medium size-medium\" alt=\"\" aria-describedby=\"gallery-1-2034\" srcset=\"https:\/\/apacame.org.br\/site\/wp-content\/uploads\/2017\/08\/foto_2_Junho-300x225.jpg 300w, https:\/\/apacame.org.br\/site\/wp-content\/uploads\/2017\/08\/foto_2_Junho-150x113.jpg 150w, https:\/\/apacame.org.br\/site\/wp-content\/uploads\/2017\/08\/foto_2_Junho-500x375.jpg 500w, https:\/\/apacame.org.br\/site\/wp-content\/uploads\/2017\/08\/foto_2_Junho.jpg 558w\" sizes=\"(max-width: 300px) 100vw, 300px\" \/><\/a>\n\t\t\t<\/div>\n\t\t\t\t<figcaption class='wp-caption-text gallery-caption' id='gallery-1-2034'>\n\t\t\t\tA palestra foi enriquecida com uma proje\u00e7\u00e3o de DataShow com uma sele\u00e7\u00e3o de slides com informa\u00e7\u00f5es important\u00edssimas e que a todos agradou.\n\t\t\t\t<\/figcaption><\/figure><figure class='gallery-item'>\n\t\t\t<div class='gallery-icon landscape'>\n\t\t\t\t<a href='https:\/\/apacame.org.br\/site\/wp-content\/uploads\/2017\/08\/foto_3_Junho.jpg'><img decoding=\"async\" width=\"300\" height=\"226\" src=\"https:\/\/apacame.org.br\/site\/wp-content\/uploads\/2017\/08\/foto_3_Junho-300x226.jpg\" class=\"attachment-medium size-medium\" alt=\"\" aria-describedby=\"gallery-1-2035\" srcset=\"https:\/\/apacame.org.br\/site\/wp-content\/uploads\/2017\/08\/foto_3_Junho-300x226.jpg 300w, https:\/\/apacame.org.br\/site\/wp-content\/uploads\/2017\/08\/foto_3_Junho-150x113.jpg 150w, https:\/\/apacame.org.br\/site\/wp-content\/uploads\/2017\/08\/foto_3_Junho-500x376.jpg 500w, https:\/\/apacame.org.br\/site\/wp-content\/uploads\/2017\/08\/foto_3_Junho.jpg 558w\" sizes=\"(max-width: 300px) 100vw, 300px\" \/><\/a>\n\t\t\t<\/div>\n\t\t\t\t<figcaption class='wp-caption-text gallery-caption' id='gallery-1-2035'>\n\t\t\t\tNo encerramento da reuni\u00e3o o Dr. Marcelo Luiz Del Hoyo foi agraciado com um Diploma que servir\u00e1 de recorda\u00e7\u00e3o pela sua vinda ao Brasil para proferir esta brilhante palestra.\n\t\t\t\t<\/figcaption><\/figure>\n\t\t<\/div>\n\n<p>&nbsp;<\/p>\n","protected":false},"excerpt":{"rendered":"<p>REUNI\u00c3O DOS APICULTORES E MELIPONICULTORES DIA 07 DE JUNHO DE 2017. Na nossa reuni\u00e3o do dia 07 de junho de 2017 tivemos a honra de receber a visita do Dr. [&hellip;]<\/p>\n","protected":false},"author":1,"featured_media":0,"parent":1976,"menu_order":0,"comment_status":"open","ping_status":"open","template":"","meta":{"pmpro_default_level":"","_price":"","_stock":"","_tribe_ticket_header":"","_tribe_default_ticket_provider":"","_tribe_ticket_capacity":"0","_ticket_start_date":"","_ticket_end_date":"","_tribe_ticket_show_description":"","_tribe_ticket_show_not_going":false,"_tribe_ticket_use_global_stock":"","_tribe_ticket_global_stock_level":"","_global_stock_mode":"","_global_stock_cap":"","_tribe_rsvp_for_event":"","_tribe_ticket_going_count":"","_tribe_ticket_not_going_count":"","_tribe_tickets_list":"[]","_tribe_ticket_has_attendee_info_fields":false,"cybocfi_hide_featured_image":"","footnotes":""},"class_list":["post-2032","page","type-page","status-publish","hentry","pmpro-has-access"],"_links":{"self":[{"href":"https:\/\/apacame.org.br\/site\/wp-json\/wp\/v2\/pages\/2032"}],"collection":[{"href":"https:\/\/apacame.org.br\/site\/wp-json\/wp\/v2\/pages"}],"about":[{"href":"https:\/\/apacame.org.br\/site\/wp-json\/wp\/v2\/types\/page"}],"author":[{"embeddable":true,"href":"https:\/\/apacame.org.br\/site\/wp-json\/wp\/v2\/users\/1"}],"replies":[{"embeddable":true,"href":"https:\/\/apacame.org.br\/site\/wp-json\/wp\/v2\/comments?post=2032"}],"version-history":[{"count":2,"href":"https:\/\/apacame.org.br\/site\/wp-json\/wp\/v2\/pages\/2032\/revisions"}],"predecessor-version":[{"id":2037,"href":"https:\/\/apacame.org.br\/site\/wp-json\/wp\/v2\/pages\/2032\/revisions\/2037"}],"up":[{"embeddable":true,"href":"https:\/\/apacame.org.br\/site\/wp-json\/wp\/v2\/pages\/1976"}],"wp:attachment":[{"href":"https:\/\/apacame.org.br\/site\/wp-json\/wp\/v2\/media?parent=2032"}],"curies":[{"name":"wp","href":"https:\/\/api.w.org\/{rel}","templated":true}]}}