{"id":2026,"date":"2017-08-11T19:23:25","date_gmt":"2017-08-11T19:23:25","guid":{"rendered":"http:\/\/apacame.org.br\/site\/?page_id=2026"},"modified":"2017-08-11T19:23:25","modified_gmt":"2017-08-11T19:23:25","slug":"atividade","status":"publish","type":"page","link":"https:\/\/apacame.org.br\/site\/revista\/mensagem-doce-n-142-julho-de-2017\/atividade\/","title":{"rendered":"Atividade"},"content":{"rendered":"<h1 style=\"text-align: center;\">REUNI\u00c3O DOS APICULTORES E MELIPONICULTORES<br \/>\nDIA 03 DE MAIO DE 2017.<\/h1>\n<p><span style=\"font-size: large;\">Na nossa reuni\u00e3o do dia 03 de maio de 2017 recebemos a visita do Fitoterapeuta (terapias com plantas medicinais), Trofoterapeuta (terapias com alimentos, escritor e jornalista com participa\u00e7\u00e3o na TV Can\u00e7\u00e3o Nova e emissoras de r\u00e1dio Sr. Hilton Claudino que proferiu uma Palestra sobre o tema:<\/span><\/p>\n<figure id=\"attachment_2028\" aria-describedby=\"caption-attachment-2028\" style=\"width: 150px\" class=\"wp-caption alignright\"><a href=\"https:\/\/apacame.org.br\/site\/wp-content\/uploads\/2017\/08\/Foto_2_Maio.jpg\"><img decoding=\"async\" class=\"wp-image-2028 size-thumbnail\" src=\"https:\/\/apacame.org.br\/site\/wp-content\/uploads\/2017\/08\/Foto_2_Maio-150x150.jpg\" alt=\"O Palestrante transmitiu as suas informa\u00e7\u00f5es com grande entusiasmo o que prendeu a aten\u00e7\u00e3o dos presentes.\" width=\"150\" height=\"150\" srcset=\"https:\/\/apacame.org.br\/site\/wp-content\/uploads\/2017\/08\/Foto_2_Maio-150x150.jpg 150w, https:\/\/apacame.org.br\/site\/wp-content\/uploads\/2017\/08\/Foto_2_Maio-100x100.jpg 100w\" sizes=\"(max-width: 150px) 100vw, 150px\" \/><\/a><figcaption id=\"caption-attachment-2028\" class=\"wp-caption-text\">O Palestrante transmitiu as suas informa\u00e7\u00f5es com grande entusiasmo o que prendeu a aten\u00e7\u00e3o<br \/> dos presentes.<\/figcaption><\/figure>\n<p><span style=\"font-size: large;\"><b>\u201cOS BENEF\u00cdCIOS DOS PRODUTOS DAS ABELHAS E PLANTAS PARA A SA\u00daDE E A BELEZA\u201d<\/b><\/span><\/p>\n<p><span style=\"font-size: large;\">Abordando diversos temas entre os quais: depress\u00e3o; mem\u00f3ria; rejuvenescimento.<\/span><\/p>\n<p><span style=\"font-size: large;\">A palestra despertou a aten\u00e7\u00e3o dos presentes.<\/span><\/p>\n<p><span style=\"font-size: large;\">O Palestrante transmitiu as suas informa\u00e7\u00f5es com grande entusiasmo o que prendeu a aten\u00e7\u00e3o dos presentes.<\/span><\/p>\n<p><span style=\"font-size: large;\">O Sr. Hilton Claudino durante a sua apresenta\u00e7\u00e3o, destacando os benef\u00edcios das frutas e do vinagre de Ma\u00e7\u00e3 para a sa\u00fade humana.<\/span><\/p>\n<p><span style=\"font-size: large;\">Ao final da reuni\u00e3o o Sr. Hilton Claudino foi homenageado com a entrega de um Diploma pela Palestra ministrada o qual foi entregue pelo nosso Vice-Tesoureiro Eloi Viana da Silva.<\/span><\/p>\n<div id='gallery-1' class='gallery galleryid-2026 gallery-columns-2 gallery-size-medium'><figure class='gallery-item'>\n\t\t\t<div class='gallery-icon landscape'>\n\t\t\t\t<a href='https:\/\/apacame.org.br\/site\/wp-content\/uploads\/2017\/08\/Foto_1_Maio.jpg'><img fetchpriority=\"high\" decoding=\"async\" width=\"300\" height=\"227\" src=\"https:\/\/apacame.org.br\/site\/wp-content\/uploads\/2017\/08\/Foto_1_Maio-300x227.jpg\" class=\"attachment-medium size-medium\" alt=\"\" aria-describedby=\"gallery-1-2027\" srcset=\"https:\/\/apacame.org.br\/site\/wp-content\/uploads\/2017\/08\/Foto_1_Maio-300x227.jpg 300w, https:\/\/apacame.org.br\/site\/wp-content\/uploads\/2017\/08\/Foto_1_Maio-150x114.jpg 150w, https:\/\/apacame.org.br\/site\/wp-content\/uploads\/2017\/08\/Foto_1_Maio-500x379.jpg 500w, https:\/\/apacame.org.br\/site\/wp-content\/uploads\/2017\/08\/Foto_1_Maio.jpg 561w\" sizes=\"(max-width: 300px) 100vw, 300px\" \/><\/a>\n\t\t\t<\/div>\n\t\t\t\t<figcaption class='wp-caption-text gallery-caption' id='gallery-1-2027'>\n\t\t\t\tO Sr. Hilton Claudino durante a sua apresenta\u00e7\u00e3o, destacando os benef\u00edcios das frutas e do vinagre de Ma\u00e7\u00e3 para a sa\u00fade humana.\n\t\t\t\t<\/figcaption><\/figure><figure class='gallery-item'>\n\t\t\t<div class='gallery-icon landscape'>\n\t\t\t\t<a href='https:\/\/apacame.org.br\/site\/wp-content\/uploads\/2017\/08\/Foto_3_Maio.jpg'><img decoding=\"async\" width=\"300\" height=\"225\" src=\"https:\/\/apacame.org.br\/site\/wp-content\/uploads\/2017\/08\/Foto_3_Maio-300x225.jpg\" class=\"attachment-medium size-medium\" alt=\"\" aria-describedby=\"gallery-1-2029\" srcset=\"https:\/\/apacame.org.br\/site\/wp-content\/uploads\/2017\/08\/Foto_3_Maio-300x225.jpg 300w, https:\/\/apacame.org.br\/site\/wp-content\/uploads\/2017\/08\/Foto_3_Maio-150x113.jpg 150w, https:\/\/apacame.org.br\/site\/wp-content\/uploads\/2017\/08\/Foto_3_Maio-500x375.jpg 500w, https:\/\/apacame.org.br\/site\/wp-content\/uploads\/2017\/08\/Foto_3_Maio.jpg 561w\" sizes=\"(max-width: 300px) 100vw, 300px\" \/><\/a>\n\t\t\t<\/div>\n\t\t\t\t<figcaption class='wp-caption-text gallery-caption' id='gallery-1-2029'>\n\t\t\t\tAo final da reuni\u00e3o o Sr. Hilton Claudino foi homenageado com a entrega de um Diploma pela Palestra ministrada o qual foi entregue pelo nosso Vice-Tesoureiro Eloi Viana da Silva.\n\t\t\t\t<\/figcaption><\/figure>\n\t\t<\/div>\n\n","protected":false},"excerpt":{"rendered":"<p>REUNI\u00c3O DOS APICULTORES E MELIPONICULTORES DIA 03 DE MAIO DE 2017. Na nossa reuni\u00e3o do dia 03 de maio de 2017 recebemos a visita do Fitoterapeuta (terapias com plantas medicinais), [&hellip;]<\/p>\n","protected":false},"author":1,"featured_media":0,"parent":1976,"menu_order":0,"comment_status":"open","ping_status":"open","template":"","meta":{"pmpro_default_level":"","_price":"","_stock":"","_tribe_ticket_header":"","_tribe_default_ticket_provider":"","_tribe_ticket_capacity":"0","_ticket_start_date":"","_ticket_end_date":"","_tribe_ticket_show_description":"","_tribe_ticket_show_not_going":false,"_tribe_ticket_use_global_stock":"","_tribe_ticket_global_stock_level":"","_global_stock_mode":"","_global_stock_cap":"","_tribe_rsvp_for_event":"","_tribe_ticket_going_count":"","_tribe_ticket_not_going_count":"","_tribe_tickets_list":"[]","_tribe_ticket_has_attendee_info_fields":false,"cybocfi_hide_featured_image":"","footnotes":""},"class_list":["post-2026","page","type-page","status-publish","hentry","pmpro-has-access"],"_links":{"self":[{"href":"https:\/\/apacame.org.br\/site\/wp-json\/wp\/v2\/pages\/2026"}],"collection":[{"href":"https:\/\/apacame.org.br\/site\/wp-json\/wp\/v2\/pages"}],"about":[{"href":"https:\/\/apacame.org.br\/site\/wp-json\/wp\/v2\/types\/page"}],"author":[{"embeddable":true,"href":"https:\/\/apacame.org.br\/site\/wp-json\/wp\/v2\/users\/1"}],"replies":[{"embeddable":true,"href":"https:\/\/apacame.org.br\/site\/wp-json\/wp\/v2\/comments?post=2026"}],"version-history":[{"count":2,"href":"https:\/\/apacame.org.br\/site\/wp-json\/wp\/v2\/pages\/2026\/revisions"}],"predecessor-version":[{"id":2031,"href":"https:\/\/apacame.org.br\/site\/wp-json\/wp\/v2\/pages\/2026\/revisions\/2031"}],"up":[{"embeddable":true,"href":"https:\/\/apacame.org.br\/site\/wp-json\/wp\/v2\/pages\/1976"}],"wp:attachment":[{"href":"https:\/\/apacame.org.br\/site\/wp-json\/wp\/v2\/media?parent=2026"}],"curies":[{"name":"wp","href":"https:\/\/api.w.org\/{rel}","templated":true}]}}