{"id":2021,"date":"2017-08-11T00:01:09","date_gmt":"2017-08-11T00:01:09","guid":{"rendered":"http:\/\/apacame.org.br\/site\/?page_id=2021"},"modified":"2017-08-11T00:01:09","modified_gmt":"2017-08-11T00:01:09","slug":"artigo-4","status":"publish","type":"page","link":"https:\/\/apacame.org.br\/site\/revista\/mensagem-doce-n-142-julho-de-2017\/artigo-4\/","title":{"rendered":"Artigo"},"content":{"rendered":"<h1 style=\"text-align: center;\">AUDI\u00caNCIA P\u00daBLICA DISCUTE OS AGROT\u00d3XICOS<\/h1>\n<blockquote><p>Radam\u00e9s Zovaro \u2013 Empres\u00e1rio Ap\u00edcola e Diretor Tecn\u00edco da Apacame<\/p><\/blockquote>\n<p><span style=\"font-size: large;\">No dia 22 de maio de 2017, foi realizada na C\u00e2mara Municipal da cidade de Catanduva, interior de S\u00e3o Paulo, uma reuni\u00e3o, para debater os Projetos de Lei n\u00bas 405 e 406 de 2016 de autoria do Deputado Estadual Padre Afonso Lobato, projetos estes que discute a \u201cPulveriza\u00e7\u00e3o a\u00e9rea de agrot\u00f3xicos na Agricultura\u201d, afetando de forma direta os api\u00e1rios localizados nas imedia\u00e7\u00f5es das planta\u00e7\u00f5es.<\/span><\/p>\n<figure id=\"attachment_2022\" aria-describedby=\"caption-attachment-2022\" style=\"width: 300px\" class=\"wp-caption alignright\"><a href=\"https:\/\/apacame.org.br\/site\/wp-content\/uploads\/2017\/08\/Padre-Lobato-presidindo-audiencia.jpg\"><img decoding=\"async\" class=\"size-medium wp-image-2022\" src=\"https:\/\/apacame.org.br\/site\/wp-content\/uploads\/2017\/08\/Padre-Lobato-presidindo-audiencia-300x158.jpg\" alt=\"Presidiu a audi\u00eancia o Padre Afonso Lobato do PV.\" width=\"300\" height=\"158\" srcset=\"https:\/\/apacame.org.br\/site\/wp-content\/uploads\/2017\/08\/Padre-Lobato-presidindo-audiencia-300x158.jpg 300w, https:\/\/apacame.org.br\/site\/wp-content\/uploads\/2017\/08\/Padre-Lobato-presidindo-audiencia-150x79.jpg 150w, https:\/\/apacame.org.br\/site\/wp-content\/uploads\/2017\/08\/Padre-Lobato-presidindo-audiencia-500x263.jpg 500w, https:\/\/apacame.org.br\/site\/wp-content\/uploads\/2017\/08\/Padre-Lobato-presidindo-audiencia.jpg 561w\" sizes=\"(max-width: 300px) 100vw, 300px\" \/><\/a><figcaption id=\"caption-attachment-2022\" class=\"wp-caption-text\">Presidiu a audi\u00eancia o Padre Afonso Lobato do PV.<\/figcaption><\/figure>\n<p><span style=\"font-size: large;\">Sob o comando do Deputado, foi composta a mesa com a presen\u00e7a da representante da Sindiveg \u2013 Sindicato Nacional da Ind\u00fastria de Produtos para Defesa Vegetal, Dra. Silvia de Toledo Fagnani; representante do sindicato das empresas A\u00e9reas, Doutor Ricardo Vollbrecht; representante da C\u00e2mara Setorial de Produtos Ap\u00edcolas do Estado de S\u00e3o Paulo, Sr. Ricardo Costa Rodrigues Camargo; representante da cidade de Catanduva, apicultor Sr. Wilson Jos\u00e9 Gussoni e, representando a APACAME, o Diretor t\u00e9cnico Sr. Radam\u00e9s Zovaro. <\/span><\/p>\n<p><span style=\"font-size: large;\">Dando inicio aos trabalhos os representantes da Sindiveg e do Sindicato das empresas a\u00e9reas apresentaram seus discursos, evidentemente defendendo os interesses das empresas representadas, informando que tudo estava nos conformes, o que n\u00e3o aconteceu com os outros tr\u00eas palestrantes que usaram da palavra, comentando a realidade dos fatos, ou seja, a mortandade das abelhas provocadas pelas pulveriza\u00e7\u00f5es a\u00e9reas dos produtos qu\u00edmicos, cada um apresentando justificativas relativas a mortandades das abelhas, al\u00e9m de afetar a natureza com a mortandade de outros insetos, tamb\u00e9m importantes \u00e1 manuten\u00e7\u00e3o do meio ambiente e, infelizmente afetando tamb\u00e9m pessoas que residem pr\u00f3ximos aos locais onde \u00e9 feita a pulveriza\u00e7\u00e3o a\u00e9rea, o que tem apresentado v\u00e1rios tipos de doen\u00e7as, incluindo o c\u00e2ncer.<\/span><\/p>\n<figure id=\"attachment_2023\" aria-describedby=\"caption-attachment-2023\" style=\"width: 300px\" class=\"wp-caption alignleft\"><a href=\"https:\/\/apacame.org.br\/site\/wp-content\/uploads\/2017\/08\/Radames-zovaro-compondo-a-mesa.jpg\"><img decoding=\"async\" class=\"size-medium wp-image-2023\" src=\"https:\/\/apacame.org.br\/site\/wp-content\/uploads\/2017\/08\/Radames-zovaro-compondo-a-mesa-300x158.jpg\" alt=\"Em primeiro plano Radam\u00e9s Zovaro diretor T\u00e9cnico da APACAME, compondo a mesa ao lado da Dra. S\u00edlvia de Toledo Fagnani e do Dr. Ricardo Vollbrecht.\" width=\"300\" height=\"158\" srcset=\"https:\/\/apacame.org.br\/site\/wp-content\/uploads\/2017\/08\/Radames-zovaro-compondo-a-mesa-300x158.jpg 300w, https:\/\/apacame.org.br\/site\/wp-content\/uploads\/2017\/08\/Radames-zovaro-compondo-a-mesa-150x79.jpg 150w, https:\/\/apacame.org.br\/site\/wp-content\/uploads\/2017\/08\/Radames-zovaro-compondo-a-mesa-500x264.jpg 500w, https:\/\/apacame.org.br\/site\/wp-content\/uploads\/2017\/08\/Radames-zovaro-compondo-a-mesa.jpg 561w\" sizes=\"(max-width: 300px) 100vw, 300px\" \/><\/a><figcaption id=\"caption-attachment-2023\" class=\"wp-caption-text\">Em primeiro plano Radam\u00e9s Zovaro diretor T\u00e9cnico da APACAME, compondo a mesa ao lado<br \/>da Dra. S\u00edlvia de Toledo Fagnani e do Dr. Ricardo Vollbrecht.<\/figcaption><\/figure>\n<p><span style=\"font-size: large;\">Na sequ\u00eancia o Coordenador abriu a palavra para oito pessoas que se candidataram. Alguns defendendo o trabalho das empresas citadas, principalmente a pulveriza\u00e7\u00f4es a\u00e9reas e outros preocupados com a mortandade das abelhas. Porem, tr\u00eas coment\u00e1rios chamaram mais a aten\u00e7\u00e3o. Um apicultor, que infelizmente eu n\u00e3o guardei o nome, residente na regi\u00e3o, comentou da mortandade de abelhas que sofreu em fun\u00e7\u00e3o da pulveriza\u00e7\u00e3o a\u00e9rea e foi mais al\u00e9m, comentando que esta com c\u00e2ncer provocado segundo os m\u00e9dicos pelas inala\u00e7\u00f5es sofridas em fun\u00e7\u00e3o das pulveriza\u00e7\u00f5es a\u00e9reas que sofreu. Outro palestrante, o apicultor Jo\u00e3o Seabra, muito conhecido no meio ap\u00edcola, informou que perdeu 1.940 (um mil novecentos e quarenta) colmeias com as pulveriza\u00e7\u00f5es a\u00e9reas. Leu tamb\u00e9m uma mat\u00e9ria de um jornal do estado do Mato Grosso do Sul, comentando o p\u00e9ssimo trabalho de uma empresa a\u00e9rea que n\u00e3o tem registro nos departamentos competentes para o uso das aeronaves, o que veio contestar as palavras dadas pelo representante das empresas a\u00e9reas. Finalizando usou da palavra o Prof. Ademilson Espencer Egea Soares, professor do Departamento de Gen\u00e9tica da Faculdade de Medicina de Ribeir\u00e3o Preto &#8211; FMRP, onde fez uma apresenta\u00e7\u00e3o de forma bastante clara e objetiva, criticando veementemente o uso dos produtos agrot\u00f3xicos e das pulveriza\u00e7\u00f5es a\u00e9reas que infelizmente tem provocado in\u00fameros preju\u00edzos ao meio ambiente e a popula\u00e7\u00e3o em geral, n\u00e3o s\u00f3 no Brasil como tamb\u00e9m em outros pa\u00edses do nosso planeta,<\/span><\/p>\n<p><span style=\"font-size: large;\">A situa\u00e7\u00e3o \u00e9 critica. O Brasil tem a segunda maior frota de avi\u00f5es do planeta para uso de pulveriza\u00e7\u00f5es em planta\u00e7\u00f5es agr\u00edcolas, e, o meio ambiente \u00e9 sem duvida o mais prejudicado. Lamentavelmente os fazendeiros tamb\u00e9m n\u00e3o t\u00eam tomado certos cuidados quanto \u00e0 utiliza\u00e7\u00e3o da pulveriza\u00e7\u00e3o a\u00e9rea, com o uso de muitos e variados produtos ao mesmo tempo. A grande pergunta \u00e9: At\u00e9 quando n\u00f3s Seres humanos vamos suportar a gan\u00e2ncia das ind\u00fastrias na produ\u00e7\u00e3o de defensivos agr\u00edcolas e dos fazendeiros no uso das aeronaves em manter planta\u00e7\u00f5es de frutas, hortali\u00e7as e legumes a base desses produtos que esta provado afeta o meio ambiente, e n\u00e3o dos produtos org\u00e2nicos?<\/span><\/p>\n","protected":false},"excerpt":{"rendered":"<p>AUDI\u00caNCIA P\u00daBLICA DISCUTE OS AGROT\u00d3XICOS Radam\u00e9s Zovaro \u2013 Empres\u00e1rio Ap\u00edcola e Diretor Tecn\u00edco da Apacame No dia 22 de maio de 2017, foi realizada na C\u00e2mara Municipal da cidade de [&hellip;]<\/p>\n","protected":false},"author":1,"featured_media":0,"parent":1976,"menu_order":0,"comment_status":"open","ping_status":"open","template":"","meta":{"pmpro_default_level":"","_price":"","_stock":"","_tribe_ticket_header":"","_tribe_default_ticket_provider":"","_tribe_ticket_capacity":"0","_ticket_start_date":"","_ticket_end_date":"","_tribe_ticket_show_description":"","_tribe_ticket_show_not_going":false,"_tribe_ticket_use_global_stock":"","_tribe_ticket_global_stock_level":"","_global_stock_mode":"","_global_stock_cap":"","_tribe_rsvp_for_event":"","_tribe_ticket_going_count":"","_tribe_ticket_not_going_count":"","_tribe_tickets_list":"[]","_tribe_ticket_has_attendee_info_fields":false,"cybocfi_hide_featured_image":"","footnotes":""},"class_list":["post-2021","page","type-page","status-publish","hentry","pmpro-has-access"],"_links":{"self":[{"href":"https:\/\/apacame.org.br\/site\/wp-json\/wp\/v2\/pages\/2021"}],"collection":[{"href":"https:\/\/apacame.org.br\/site\/wp-json\/wp\/v2\/pages"}],"about":[{"href":"https:\/\/apacame.org.br\/site\/wp-json\/wp\/v2\/types\/page"}],"author":[{"embeddable":true,"href":"https:\/\/apacame.org.br\/site\/wp-json\/wp\/v2\/users\/1"}],"replies":[{"embeddable":true,"href":"https:\/\/apacame.org.br\/site\/wp-json\/wp\/v2\/comments?post=2021"}],"version-history":[{"count":2,"href":"https:\/\/apacame.org.br\/site\/wp-json\/wp\/v2\/pages\/2021\/revisions"}],"predecessor-version":[{"id":2025,"href":"https:\/\/apacame.org.br\/site\/wp-json\/wp\/v2\/pages\/2021\/revisions\/2025"}],"up":[{"embeddable":true,"href":"https:\/\/apacame.org.br\/site\/wp-json\/wp\/v2\/pages\/1976"}],"wp:attachment":[{"href":"https:\/\/apacame.org.br\/site\/wp-json\/wp\/v2\/media?parent=2021"}],"curies":[{"name":"wp","href":"https:\/\/api.w.org\/{rel}","templated":true}]}}