{"id":1999,"date":"2017-08-10T19:06:38","date_gmt":"2017-08-10T19:06:38","guid":{"rendered":"http:\/\/apacame.org.br\/site\/?page_id=1999"},"modified":"2017-08-10T19:14:56","modified_gmt":"2017-08-10T19:14:56","slug":"artigo-2","status":"publish","type":"page","link":"https:\/\/apacame.org.br\/site\/revista\/mensagem-doce-n-142-julho-de-2017\/artigo-2\/","title":{"rendered":"Artigo"},"content":{"rendered":"<h1 style=\"text-align: center;\">Manuten\u00e7\u00e3o e multiplica\u00e7\u00e3o das abelhas nativas, algumas quest\u00f5es a ponderar.<\/h1>\n<blockquote><p>Professor Harold Brand, Bi\u00f3logo e Meliponicultor &#8211; <a href=\"mailto:profharoldbrand@gmail.com\">profharoldbrand@gmail.com<\/a><\/p><\/blockquote>\n<p><span style=\"font-size: large;\">A pr\u00e1tica e a difus\u00e3o das novas t\u00e9cnicas de manejo entre os meliponicultores, tais como aquecimento nas colm\u00e9ias, multiplica\u00e7\u00e3o artificial, complemento alimentar, tem se traduzido no aumento do n\u00famero de colm\u00e9ias.<\/span><\/p>\n<figure id=\"attachment_2007\" aria-describedby=\"caption-attachment-2007\" style=\"width: 300px\" class=\"wp-caption alignright\"><a href=\"https:\/\/apacame.org.br\/site\/wp-content\/uploads\/2017\/08\/Foto_2_Manutencao.jpg\"><img fetchpriority=\"high\" decoding=\"async\" class=\"size-medium wp-image-2007\" src=\"https:\/\/apacame.org.br\/site\/wp-content\/uploads\/2017\/08\/Foto_2_Manutencao-300x222.jpg\" alt=\"Zang\u00e3o de uru\u00e7u. Deve enfrentar as adversidades do mundo exterior da colm\u00e9ia, para amadurecer sexualmente\" width=\"300\" height=\"222\" srcset=\"https:\/\/apacame.org.br\/site\/wp-content\/uploads\/2017\/08\/Foto_2_Manutencao-300x222.jpg 300w, https:\/\/apacame.org.br\/site\/wp-content\/uploads\/2017\/08\/Foto_2_Manutencao-150x111.jpg 150w, https:\/\/apacame.org.br\/site\/wp-content\/uploads\/2017\/08\/Foto_2_Manutencao-500x370.jpg 500w, https:\/\/apacame.org.br\/site\/wp-content\/uploads\/2017\/08\/Foto_2_Manutencao.jpg 561w\" sizes=\"(max-width: 300px) 100vw, 300px\" \/><\/a><figcaption id=\"caption-attachment-2007\" class=\"wp-caption-text\">Zang\u00e3o de uru\u00e7u. Deve enfrentar as adversidades do mundo exterior da colm\u00e9ia, para amadurecer<br \/>sexualmente<\/figcaption><\/figure>\n<p><span style=\"font-size: large;\">E esse sucesso dos criadores tem diminu\u00eddo o interesse na dif\u00edcil tarefa de procura e retirada das fam\u00edlias do seu ambiente natural.<\/span><\/p>\n<p><span style=\"font-size: large;\">O efeito ben\u00e9fico do controle da temperatura no ambiente interno da colm\u00e9ia \u00e9 percept\u00edvel na produ\u00e7\u00e3o do mel, bem como o aumento na popula\u00e7\u00e3o. Fato que \u00e9 facilmente explic\u00e1vel, pois a abelha como \u201cm\u00e1quina biol\u00f3gica\u201d tem o seu metabolismo controlado por rea\u00e7\u00f5es enzim\u00e1ticas cuja velocidade \u00e9 diretamente proporcional a temperatura (lei Bioquimica de Wanthoffi ).<\/span><\/p>\n<p><span style=\"font-size: large;\">Nota: O custo material para a implanta\u00e7\u00e3o do aquecimento artificial \u00e9 relativamente baixo e f\u00e1cil de confeccionar. Para 50 caixas o custo aproximado de 750 reais; gastos com o termostato, resistores, fios, tomadas, etc., uma m\u00e9dia de 15 reais por caixa.<\/span><\/p>\n<figure id=\"attachment_2006\" aria-describedby=\"caption-attachment-2006\" style=\"width: 300px\" class=\"wp-caption alignleft\"><a href=\"https:\/\/apacame.org.br\/site\/wp-content\/uploads\/2017\/08\/Foto_1_Manutencao.jpg\"><img decoding=\"async\" class=\"size-medium wp-image-2006\" src=\"https:\/\/apacame.org.br\/site\/wp-content\/uploads\/2017\/08\/Foto_1_Manutencao-300x225.jpg\" alt=\"Nota: Os pesquisadores russos desenvolveram t\u00e9cnicas chamadas de \u201cm\u00e9todo mel expresso \u201cque visa acrescentar ou enriquecer o mel com subst\u00e2ncia de interesse nutricional ou medicinal atrav\u00e9s do metabolismo das abelhas (Apis sp).Na foto o mel expresso obtido pela metaboliza\u00e7\u00e3o com rutina e tript\u00f3fano pelas nossas abelhas manduri e uru\u00e7u. Esse mel enriquecido por esse processo \u00e9 muito interessante para pessoas idosas, pois aumenta a permeabilidade celular.\" width=\"300\" height=\"225\" srcset=\"https:\/\/apacame.org.br\/site\/wp-content\/uploads\/2017\/08\/Foto_1_Manutencao-300x225.jpg 300w, https:\/\/apacame.org.br\/site\/wp-content\/uploads\/2017\/08\/Foto_1_Manutencao-150x112.jpg 150w, https:\/\/apacame.org.br\/site\/wp-content\/uploads\/2017\/08\/Foto_1_Manutencao-500x374.jpg 500w, https:\/\/apacame.org.br\/site\/wp-content\/uploads\/2017\/08\/Foto_1_Manutencao.jpg 561w\" sizes=\"(max-width: 300px) 100vw, 300px\" \/><\/a><figcaption id=\"caption-attachment-2006\" class=\"wp-caption-text\">Nota: Os pesquisadores russos desenvolveram t\u00e9cnicas chamadas de \u201cm\u00e9todo mel expresso<br \/>\u201cque visa acrescentar ou enriquecer o mel com subst\u00e2ncia de interesse nutricional ou medicinal<br \/>atrav\u00e9s do metabolismo das abelhas (Apis sp).Na foto o mel expresso obtido pela metaboliza\u00e7\u00e3o<br \/>com rutina e tript\u00f3fano pelas nossas abelhas manduri e uru\u00e7u. Esse mel enriquecido por esse<br \/>processo \u00e9 muito interessante para pessoas idosas, pois aumenta a permeabilidade celular.<\/figcaption><\/figure>\n<p><span style=\"font-size: large;\">O aperfei\u00e7oamento das t\u00e9cnicas de manejo de divis\u00e3o quando bem aplicadas, imitando parcialmente a enxamea\u00e7\u00e3o natural, que se processa em etapas temporais progressivas, permitem ao meliponicultor boas probabilidades de sucesso no aumento do n\u00famero de fam\u00edlias.<\/span><\/p>\n<p><span style=\"font-size: large;\">No sul do pa\u00eds, o exemplo bem-sucedido \u00e9 o da uru\u00e7u nordestina. Fam\u00edlia f\u00e1cil de manipular, produtora de saboroso mel, abelhas grandes, popula\u00e7\u00e3o numerosa, eficiente polinizadora de cultivares, muita apta no preparo do mel medicinal conhecido na literatura russa como o m\u00e9todo mel expresso. A sua cria\u00e7\u00e3o fora das \u00e1reas end\u00eamicas n\u00e3o gera impacto ambiental, pois apenas sobrevive nos melipon\u00e1rios sob os cuidados dos meliponicultores.<\/span><\/p>\n<p><span style=\"font-size: large;\">As mesmas t\u00e9cnicas podem ser facilmente aplicadas as abelhas nativas no lugar da ( Apis sp), com in\u00fameras vantagens. O processo tamb\u00e9m visa alimentar a abelha entre as safras e adicionar subst\u00e2ncias para melhorar a produtividade e a sanidade da colm\u00e9ia.<\/span><\/p>\n<p><span style=\"font-size: large;\">Entretanto, apesar da melhoria das t\u00e9cnicas de manipula\u00e7\u00e3o, ainda s\u00e3o not\u00f3rias as dificuldades dos Meliponicultores no manejo e multiplica\u00e7\u00e3o de algumas esp\u00e9cies ex\u00f3ticas para a regi\u00e3o e mesmo para algumas esp\u00e9cies end\u00eamicas.<\/span><\/p>\n<figure id=\"attachment_2009\" aria-describedby=\"caption-attachment-2009\" style=\"width: 300px\" class=\"wp-caption alignright\"><a href=\"https:\/\/apacame.org.br\/site\/wp-content\/uploads\/2017\/08\/Foto_4_Manutencao.jpg\"><img decoding=\"async\" class=\"size-medium wp-image-2009\" src=\"https:\/\/apacame.org.br\/site\/wp-content\/uploads\/2017\/08\/Foto_4_Manutencao-300x189.jpg\" alt=\"Foto de disco de cria anormal. Disco pequeno, irregular e coberto de cera escura, os alv\u00e9olos abertos com o alimento larval seco (esbranqui\u00e7ados), como na foto. S\u00e3o indicativos de aus\u00eancia de rainha fisiogastrica.\" width=\"300\" height=\"189\" srcset=\"https:\/\/apacame.org.br\/site\/wp-content\/uploads\/2017\/08\/Foto_4_Manutencao-300x189.jpg 300w, https:\/\/apacame.org.br\/site\/wp-content\/uploads\/2017\/08\/Foto_4_Manutencao-150x94.jpg 150w, https:\/\/apacame.org.br\/site\/wp-content\/uploads\/2017\/08\/Foto_4_Manutencao-500x315.jpg 500w, https:\/\/apacame.org.br\/site\/wp-content\/uploads\/2017\/08\/Foto_4_Manutencao.jpg 567w\" sizes=\"(max-width: 300px) 100vw, 300px\" \/><\/a><figcaption id=\"caption-attachment-2009\" class=\"wp-caption-text\">Foto de disco de cria anormal. Disco pequeno,<br \/>irregular e coberto de cera escura, os<br \/>alv\u00e9olos abertos com o alimento larval<br \/>seco (esbranqui\u00e7ados), como na foto.<br \/>S\u00e3o indicativos de aus\u00eancia de rainha<br \/>fisiogastrica.<\/figcaption><\/figure>\n<p><span style=\"font-size: large;\">Nesses casos, qual seria a causa ou as causas do insucesso? E como estabelecer as condi\u00e7\u00f5es necess\u00e1rias para manter essas popula\u00e7\u00f5es sustent\u00e1veis?<\/span><\/p>\n<p><span style=\"font-size: large;\">Baseado em nossas experi\u00eancias e em trabalhos publicados por pesquisadores, enumeramos algumas quest\u00f5es.<\/span><\/p>\n<p><span style=\"font-size: large;\"><b>A necessidade de 44 colm\u00e9ias da mesma esp\u00e9cie.<\/b><\/span><\/p>\n<p><span style=\"font-size: large;\">Alguns pesquisadores estabelecem a necessidade de 44 colm\u00e9ias de abelhas da mesma esp\u00e9cie no milipon\u00e1rio ou nas suas proximidades, baseado no modelo matem\u00e1tico de combina\u00e7\u00f5es g\u00eanicas dos fatores gen\u00e9ticos determinantes da sexualidade das abelhas.<\/span><\/p>\n<p><span style=\"font-size: large;\">Na pr\u00e1tica do dia a dia o que pesa contra esse modelo:<\/span><\/p>\n<p><span style=\"font-size: large;\">a) pequenas ilhas no litoral paranaense que se formaram h\u00e1 5000 anos pela eleva\u00e7\u00e3o das \u00e1guas, isolando geneticamente pequeno n\u00famero de fam\u00edlias. Seus descendentes persistem at\u00e9 hoje, isolados geograficamente nestas ilhas em n\u00famero reduzido.<\/span><\/p>\n<p><span style=\"font-size: large;\">b) os pesquisadores de campo e mesmo os mateiros com grande viv\u00eancia das nossas matas, tem ci\u00eancia da exist\u00eancia de abelhas nativas raras e muito isoladas mesmo nas suas regi\u00f5es end\u00eamicas. O n\u00famero dessas fam\u00edlias \u00e9 significantemente bem menor na regi\u00e3o que as 44 proposta.<\/span><\/p>\n<p><span style=\"font-size: large;\">c) Alguns meliponicultores t\u00eam no seu melipon\u00e1rio uma ou poucas fam\u00edlias ex\u00f3ticas para observa\u00e7\u00e3o ou curiosidade e muitos delas permanecem ativas durante muitos anos, (o que subentende muitas trocas de rainhas com sucesso no decorrer desse tempo).<\/span><\/p>\n<p><span style=\"font-size: large;\">Dois exemplos, em nosso melipon\u00e1rio uma fam\u00edlia de uru\u00e7u cinzenta permanece ativa por mais de onze anos e uma marmelada por mais de sete anos.<\/span><\/p>\n<p><span style=\"font-size: large;\">Todas essas quest\u00f5es p\u00f5em em discuss\u00e3o a necessidade das 44 fam\u00edlias da mesma esp\u00e9cie no mesmo melipon\u00e1rio. Por\u00e9m, n\u00e3o resta a menor d\u00favida que uma maior quantidade de colm\u00e9ias de abelhas da mesma esp\u00e9cie de proced\u00eancia diferentes, aumenta a variabilidade do estoque g\u00eanico.<\/span><\/p>\n<p><span style=\"font-size: large;\"><b>O amadurecimento da sexualidade do zang\u0101o<\/b><\/span><\/p>\n<p><span style=\"font-size: large;\">O zang\u0101o jovem dentro da colm\u00e9ia exerce uma s\u00e9rie de atividades semelhante \u00e1s operarias, mas o seu amadurecimento sexual tem como pr\u00e9-requisito, atividade externa. O fato \u00e9 que nos meses frios o tempo de sobreviv\u00eancia fora da colm\u00e9ia \u00e9 problem\u00e1tico. \u00c9 uma forma de sele\u00e7\u00e3o natural, que afeta a sua oportunidade de fecunda\u00e7\u00e3o, podendo selar a sorte do enxame na fase da substitui\u00e7\u00e3o da rainha fisiogastrica.<\/span><\/p>\n<p><span style=\"font-size: large;\">Essa etologia do zang\u00e3o sugere que as divis\u00f5es com mais probabilidade de sucesso devem ser realizadas nas esta\u00e7\u00f5es mais quentes. <\/span><\/p>\n<p><span style=\"font-size: large;\"><b>Protoandria e a protogenia<\/b><\/span><\/p>\n<p><span style=\"font-size: large;\">A protoandria e a protogenia s\u00e3o fen\u00f4menos que ocorrem em muitos insetos e mesmo em alguns vegetais. Basicamente consistem na forma\u00e7\u00e3o em tempos diferentes de indiv\u00edduos de sexo masculino as do feminino. Para nossas abelhas nativas essa hip\u00f3tese j\u00e1 foi levantada por alguns pesquisadores baseados na observa\u00e7\u00e3o da n\u00e3o coincid\u00eancia da maturidade sexual das rainhas e zang\u00f5es na mesma colm\u00e9ia.<\/span><\/p>\n<p><span style=\"font-size: large;\">Meliponicultor mais atento j\u00e1 deve ter observado a periodicidade de aparecimento de muitas rainhas rec\u00e9m eclodidas em certas \u00e9pocas e a escassez de zang\u00f5es ou um grande n\u00famero em outras \u00e9pocas.<\/span><\/p>\n<p><span style=\"font-size: large;\">Nota: para explica\u00e7\u00e3o desses mecanismos a Epigen\u00e9tica vem em nosso auxilio, pois, esse novo ramo da gen\u00e9tica trata das influ\u00eancias das condi\u00e7\u00f5es ambientais sobre a manifesta\u00e7\u00e3o dos genes. Ela trata dos di\u00e1logos entre as informa\u00e7\u00f5es gen\u00e9ticas e ambientais. Explica que certos genes podem silenciar ou entrar em atividade induzidos por fatores ambientais. Assim uma f\u00eamea duplamente heterozigota para os genes complementares para a indu\u00e7\u00e3o da fertilidade, s\u00e3o silenciados por fatores como car\u00eancia de alimentos, temperatura baixa, etc. E em lugar de uma rainha desenvolve uma operaria. Neste momento temporal da colm\u00e9ia n\u00e3o eclodir\u00e3o rainhas embora a potencialidade gen\u00e9tica esteja presente.<\/span><\/p>\n<p><span style=\"font-size: large;\">Esses mecanismos explicariam os insucessos na multiplica\u00e7\u00e3o, quando se tem apenas uma colm\u00e9ia ou um pequeno n\u00famero delas. Quanto maior for o n\u00famero de colm\u00e9ias maior a probabilidade da coincid\u00eancia das duas janelas temporais, rainhas e zang\u00f5es no mesmo milipon\u00e1rio.<\/span><\/p>\n<p><span style=\"font-size: large;\">Nas condi\u00e7\u00f5es de aus\u00eancia prolongada de rainha fisiogastrica, uma oper\u00e1ria assume as fun\u00e7\u00f5es. As demais oper\u00e1rias a reconhecem como rainha e impedem o desenvolvimento de uma nova rainha. Com o decorrer do tempo a fal\u00eancia da colm\u00e9ia estar\u00e1 decretada. <\/span><\/p>\n<p><span style=\"font-size: large;\">O Meliponicultor pode identificar essa condi\u00e7\u00e3o ao observar os discos anormais de cria (vide a foto).<\/span><\/p>\n<p><span style=\"font-size: large;\">Como regra geral, o Meliponicultor deve ter em mente que quanto maior o n\u00famero de colm\u00e9ias no melipon\u00e1rio da mesma esp\u00e9cie maior ser\u00e1 a probabilidade de sucesso na multiplica\u00e7\u00e3o das suas colm\u00e9ias. Pois algumas devem se encontrar em fases ou est\u00e1gios diferentes no momento da divis\u00e3o.<\/span><\/p>\n<figure id=\"attachment_2008\" aria-describedby=\"caption-attachment-2008\" style=\"width: 266px\" class=\"wp-caption alignright\"><a href=\"https:\/\/apacame.org.br\/site\/wp-content\/uploads\/2017\/08\/Foto_3_Manutencao.jpg\"><img loading=\"lazy\" decoding=\"async\" class=\"size-full wp-image-2008\" src=\"https:\/\/apacame.org.br\/site\/wp-content\/uploads\/2017\/08\/Foto_3_Manutencao.jpg\" alt=\"Besouros cegos no fundo da caixa sobre o lixo. Eles animais percorrem esses locais realizando a fun\u00e7\u00e3o de faxineiro. S\u00e3o importantes para manuten\u00e7\u00e3o da sanidade da colm\u00e9ia.\" width=\"266\" height=\"198\" srcset=\"https:\/\/apacame.org.br\/site\/wp-content\/uploads\/2017\/08\/Foto_3_Manutencao.jpg 266w, https:\/\/apacame.org.br\/site\/wp-content\/uploads\/2017\/08\/Foto_3_Manutencao-150x112.jpg 150w\" sizes=\"(max-width: 266px) 100vw, 266px\" \/><\/a><figcaption id=\"caption-attachment-2008\" class=\"wp-caption-text\">Besouros cegos no fundo da caixa sobre o<br \/>lixo. Eles animais percorrem esses locais<br \/>realizando a fun\u00e7\u00e3o de faxineiro. S\u00e3o<br \/>importantes para manuten\u00e7\u00e3o da sanidade<br \/>da colm\u00e9ia.<\/figcaption><\/figure>\n<p><span style=\"font-size: large;\"><b>Roubo e saque entre as abelhas<\/b><\/span><\/p>\n<p><span style=\"font-size: large;\">\u00c9 not\u00f3ria a habilidade da abelha lim\u00e3o no saque de colm\u00e9ias muitas vezes com a destrui\u00e7\u00e3o das mesmas.<\/span><\/p>\n<p><span style=\"font-size: large;\">Entretanto existem outros tipos de saque muito sutis, dif\u00edceis de serem observados, \u00e9 o exemplo da Uru\u00e7u roubando o alimento larval da Bugia, decretando a fal\u00eancia da colm\u00e9ia em alguns meses.<\/span><\/p>\n<p><span style=\"font-size: large;\">Nas nossas abelhas sociais ocorrem v\u00e1rios graus de inclina\u00e7\u00e3o para a rapinagem, desde as profissionais do roubo at\u00e9 aquelas com simples oportunismo. Mesmo as abelhas com \u00edndole pacata quando submetidas a condi\u00e7\u00f5es especiais como a redu\u00e7\u00e3o das floradas aumenta a tend\u00eancias para pilhagem.<\/span><\/p>\n<p><span style=\"font-size: large;\">O que nos leva \u00e0quele dito popular \u201ca ocasi\u00e3o faz o ladr\u00e3o\u201d.<\/span><\/p>\n<p><span style=\"font-size: large;\">Na Grande Curitiba os meses de fevereiro e mar\u00e7o s\u00e3o os meses mais suscet\u00edveis aos saques, pois, as colm\u00e9ias est\u00e3o muito populosas e ao mesmo tempo em que ocorre a diminui\u00e7\u00e3o do pasto floral.<\/span><\/p>\n<p><span style=\"font-size: large;\"><b>Fatores ambientais<\/b><\/span><\/p>\n<p><span style=\"font-size: large;\">As abelhas da Tribo Meliponini como as Manda\u00e7aias, as Uru\u00e7us s\u00e3o abelhas grandes, bastantes encorpadas, portanto muito vis\u00edveis pelos predadores. As aves como o pica-pau, anu, bem te vi, mant\u00e9m essas abelhas no seu card\u00e1pio preferencial.<\/span><\/p>\n<p><span style=\"font-size: large;\">Alguma preven\u00e7\u00e3o na constru\u00e7\u00e3o do melipon\u00e1rio pode diminuir a perda das abelhas, como a dura\u00e7\u00e3o da incid\u00eancia direta do sol sobre as caixas no hor\u00e1rio mais quente do dia. <\/span><\/p>\n<p><span style=\"font-size: large;\">Para o meliponicultor urbano \u00e9 importante observar se nas proximidades a exist\u00eancia de ilumina\u00e7\u00e3o artificial, pois essas abelhas partem cedo para o pasto \u201cfloral\u201d, e podem manter essa atividade at\u00e9 anoitecer. A luz artificial na alvorada e no crep\u00fasculo desorienta as abelhas, passando a voar em torno das l\u00e2mpadas, resultando a sua perda.<\/span><\/p>\n<p><span style=\"font-size: large;\"><b>A idade das oper\u00e1rias<\/b><\/span><\/p>\n<p><span style=\"font-size: large;\">As caracter\u00edsticas funcionais das oper\u00e1rias s\u00e3o as \u201cjanelas temporais\u201d. \u00c1 medida que transcorre a sua breve vida assumem voca\u00e7\u00f5es diferentes.<\/span><\/p>\n<p><span style=\"font-size: large;\">As rec\u00e9m eclodidas cuidam da cria e outras atividades limitadas no ber\u00e7\u00e1rio. As mais maduras percorrem todo interior do ninho, trabalham na constru\u00e7\u00e3o, constroem os potes, cuidam da limpeza, manipulam os alimentos e finalmente partem para o mundo exterior como campeira.<\/span><\/p>\n<p><span style=\"font-size: large;\">Essa \u00e9 a raz\u00e3o porque o meliponicultor ao dividir uma fam\u00edlia deve ter cuidado para que ambas as col\u00f4nias resultantes, recebam abelhas de v\u00e1rias faixas et\u00e1rias. Para esperar um bom resultado \u00e9 de bom alvitre acrescentar discos de crias nascentes 15 a 20 dias ap\u00f3s a divis\u00e3o na fam\u00edlia sem a rainha fisiogastrica.Tudo indica que existe uma esp\u00e9cie de controle na colm\u00e9ia sobre as abelhas rec\u00e9m eclodidas. Na falta ou de um numero pequeno de operarias, as abelhas jovens saem do ber\u00e7\u00e1rio, percorrem o interior da colm\u00e9ia e acabam se perdendo no mundo exterior.<\/span><\/p>\n<p><span style=\"font-size: large;\"><b>Agrot\u00f3xicos<\/b><\/span><\/p>\n<p><span style=\"font-size: large;\">Algumas plantas (g\u00eanero Dioscorea sp) desenvolvem sapononinas como an\u00e1logos de horm\u00f4nios ester\u00f3ides de insetos. Subst\u00e2ncias essas denominados de diosgenina, elas interferem no desenvolvimento dos insetos, tornando-os est\u00e9reis.<\/span><\/p>\n<p><span style=\"font-size: large;\">S\u00e3o componentes freq\u00fcentes dos agrot\u00f3xicos usados na pulveriza\u00e7\u00e3o dos cultivares e que tamb\u00e9m podem afetar drasticamente as abelhas durante o desenvolvimento embrion\u00e1rio.<\/span><\/p>\n<p><span style=\"font-size: large;\"><b>Doen\u00e7as causadas por fungos<\/b><\/span><\/p>\n<p><span style=\"font-size: large;\">Um simples exame no interior de uma colm\u00e9ia da Tribo Meliponini nos revela um ambiente notoriamente \u00famido, particularmente no substrato inferior o que proporciona desenvolvimento de fungos e bact\u00e9rias.<\/span><\/p>\n<p><span style=\"font-size: large;\">Para constatar os fungos, basta iluminar a noite, o fundo da colm\u00e9ia, com luz ultravioleta para que os reflexos esbranqui\u00e7ados revelem a sua presen\u00e7a. As amostras colhidas no fundo observadas ao microsc\u00f3pio revelam os fungos e tamb\u00e9m uma variedade de bact\u00e9rias.<\/span><\/p>\n<p><span style=\"font-size: large;\">Ao n\u00edvel macrosc\u00f3pico \u00e9 not\u00f3ria a presen\u00e7a de \u00e1caros e besouros muitas vezes em n\u00famero elevado que percorrem esse local se alimentando desse material. Esse comportamento mant\u00e9m a sanidade da colm\u00e9ia, pois alguns desses fungos e bact\u00e9rias eliminados s\u00e3o patog\u00eanicos.<\/span><\/p>\n<p><span style=\"font-size: large;\">J\u00e1 alguns antigos pesquisadores como, por exemplo, Von Ihering chamaram aten\u00e7\u00e3o para essa atividade saneadoras dos \u00e1caros e relacionaram a sua falta com o desenvolvimento de doen\u00e7as na fase alveolar.<\/span><\/p>\n<p><span style=\"font-size: large;\">Nos nossos melipon\u00e1rios tamb\u00e9m notamos essa coincid\u00eancia. Ao examinarmos ao n\u00edvel microsc\u00f3pico as larvas mortas nos alv\u00e9olos, constatamos a presen\u00e7a de hifas dos fungos patog\u00eanicos.<\/span><\/p>\n<p><span style=\"font-size: large;\">As abelhas ao constatarem as larvas mortas reagem desmontando os alv\u00e9olos e retirando as larvas afetadas. Algumas vezes chegam a desmontar discos inteiros.<\/span><\/p>\n","protected":false},"excerpt":{"rendered":"<p>Manuten\u00e7\u00e3o e multiplica\u00e7\u00e3o das abelhas nativas, algumas quest\u00f5es a ponderar. Professor Harold Brand, Bi\u00f3logo e Meliponicultor &#8211; profharoldbrand@gmail.com A pr\u00e1tica e a difus\u00e3o das novas t\u00e9cnicas de manejo entre os [&hellip;]<\/p>\n","protected":false},"author":1,"featured_media":0,"parent":1976,"menu_order":0,"comment_status":"open","ping_status":"open","template":"","meta":{"pmpro_default_level":"","_price":"","_stock":"","_tribe_ticket_header":"","_tribe_default_ticket_provider":"","_tribe_ticket_capacity":"0","_ticket_start_date":"","_ticket_end_date":"","_tribe_ticket_show_description":"","_tribe_ticket_show_not_going":false,"_tribe_ticket_use_global_stock":"","_tribe_ticket_global_stock_level":"","_global_stock_mode":"","_global_stock_cap":"","_tribe_rsvp_for_event":"","_tribe_ticket_going_count":"","_tribe_ticket_not_going_count":"","_tribe_tickets_list":"[]","_tribe_ticket_has_attendee_info_fields":false,"cybocfi_hide_featured_image":"","footnotes":""},"class_list":["post-1999","page","type-page","status-publish","hentry","pmpro-has-access"],"_links":{"self":[{"href":"https:\/\/apacame.org.br\/site\/wp-json\/wp\/v2\/pages\/1999"}],"collection":[{"href":"https:\/\/apacame.org.br\/site\/wp-json\/wp\/v2\/pages"}],"about":[{"href":"https:\/\/apacame.org.br\/site\/wp-json\/wp\/v2\/types\/page"}],"author":[{"embeddable":true,"href":"https:\/\/apacame.org.br\/site\/wp-json\/wp\/v2\/users\/1"}],"replies":[{"embeddable":true,"href":"https:\/\/apacame.org.br\/site\/wp-json\/wp\/v2\/comments?post=1999"}],"version-history":[{"count":3,"href":"https:\/\/apacame.org.br\/site\/wp-json\/wp\/v2\/pages\/1999\/revisions"}],"predecessor-version":[{"id":2001,"href":"https:\/\/apacame.org.br\/site\/wp-json\/wp\/v2\/pages\/1999\/revisions\/2001"}],"up":[{"embeddable":true,"href":"https:\/\/apacame.org.br\/site\/wp-json\/wp\/v2\/pages\/1976"}],"wp:attachment":[{"href":"https:\/\/apacame.org.br\/site\/wp-json\/wp\/v2\/media?parent=1999"}],"curies":[{"name":"wp","href":"https:\/\/api.w.org\/{rel}","templated":true}]}}