{"id":1938,"date":"2017-06-17T22:37:59","date_gmt":"2017-06-17T22:37:59","guid":{"rendered":"http:\/\/apacame.org.br\/site\/?page_id=1938"},"modified":"2017-06-17T22:42:17","modified_gmt":"2017-06-17T22:42:17","slug":"apiterapia","status":"publish","type":"page","link":"https:\/\/apacame.org.br\/site\/revista\/mensagem-doce-n-141-maio-de-2017\/apiterapia\/","title":{"rendered":"Apiterapia"},"content":{"rendered":"<h1 style=\"text-align: center;\">APITERAPIA PARA APICULTORES<\/h1>\n<blockquote><p>Texto: Alfonso Franky. &#8211; Colmenares de los Andes, Bogot\u00e1 (Colombia) &#8211; <a href=\"mailto:polenyreinas@gmal.com\">polenyreinas@gmal.com<\/a><\/p><\/blockquote>\n<p><span style=\"font-size: large;\">O que \u00e9 a Apiterapia? Apiterapia \u00e9 o m\u00e9todo natural de cura baseado nas propriedades medicinais dos produtos ap\u00edcolas.<\/span><a href=\"https:\/\/apacame.org.br\/site\/wp-content\/uploads\/2017\/06\/Apiterapia-para-apicultores_fig1.jpg\"><img fetchpriority=\"high\" decoding=\"async\" class=\"alignright size-medium wp-image-1939\" src=\"https:\/\/apacame.org.br\/site\/wp-content\/uploads\/2017\/06\/Apiterapia-para-apicultores_fig1-300x200.jpg\" alt=\"Apiterapia para apicultores\" width=\"300\" height=\"200\" srcset=\"https:\/\/apacame.org.br\/site\/wp-content\/uploads\/2017\/06\/Apiterapia-para-apicultores_fig1-300x200.jpg 300w, https:\/\/apacame.org.br\/site\/wp-content\/uploads\/2017\/06\/Apiterapia-para-apicultores_fig1-150x100.jpg 150w, https:\/\/apacame.org.br\/site\/wp-content\/uploads\/2017\/06\/Apiterapia-para-apicultores_fig1-500x334.jpg 500w, https:\/\/apacame.org.br\/site\/wp-content\/uploads\/2017\/06\/Apiterapia-para-apicultores_fig1.jpg 800w\" sizes=\"(max-width: 300px) 100vw, 300px\" \/><\/a><\/p>\n<p><span style=\"font-size: large;\">Apiterapia \u00e9 simplesmente, o uso de produtos ap\u00edcolas, para prevenir curar ou recuperar um paciente de uma ou mais enfermidades. <\/span><\/p>\n<p><span style=\"font-size: large;\">A origem da palavra Apiterapia \u00e9 muito claro. \u201cApi\u201d vem do nome das abelhas em latim: Apis mellifera e \u201cterapia\u201d v\u00eam da palavra em Franc\u00eas \u201cth\u00e9rapie\u201d que significa um m\u00e9todo para tratar seres humanos ou animais contra diversas enfermidades.<\/span><\/p>\n<p><span style=\"font-size: large;\">Adiante detalhamos os usos mais provados de cada produto.<\/span><\/p>\n<p><span style=\"font-size: large;\"><b>MEL<\/b><\/span><\/p>\n<p><span style=\"font-size: large;\">O Mel \u00e9 um excelente alimento energ\u00e9tico que n\u00e3o precisa de uma digest\u00e3o pr\u00e9via. \u00c9 um a\u00e7\u00facar natural ideal para a alimenta\u00e7\u00e3o porque em sua composi\u00e7\u00e3o entram a\u00e7\u00facares simples (glucose ou a\u00e7\u00facar de uva 32% e frutose ou a\u00e7\u00facar de fruta 38%) que n\u00e3o necessitam ser transformados pelos tubos digestivos para que sejam assimilados.<\/span><\/p>\n<p><span style=\"font-size: large;\">Contem somente 1% de a\u00e7\u00facar branco comum de mesa ou sacarose.<\/span><\/p>\n<p><span style=\"font-size: large;\">Os povos primitivos raramente tinham dentes com c\u00e1ries, pois o mel n\u00e3o produz c\u00e1rie, diferente de outros a\u00e7\u00facares<\/span><\/p>\n<p><span style=\"font-size: large;\">Precau\u00e7\u00e3o: N\u00e3o esquentar, evitar a luz, n\u00e3o deve conter mais de 20% de umidade. N\u00e3o dar a menores de 1 ano. Verificar previamente poss\u00edvel alergia. N\u00e3o apto para diab\u00e9ticos.<\/span><\/p>\n<p><span style=\"font-size: large;\"><b>PR\u00d3POLIS<\/b><\/span><\/p>\n<p><span style=\"font-size: large;\">Gripe e resfriados<\/span><\/p>\n<p><span style=\"font-size: large;\">Antibactericida, inibe a multiplica\u00e7\u00e3o viral devido a a\u00e7\u00e3o dos flavonoides. Estimula o sistema imunol\u00f3gico.<\/span><\/p>\n<p><span style=\"font-size: large;\">N\u00e3o permite a imunoresist\u00eancia das bact\u00e9rias.<\/span><\/p>\n<p><span style=\"font-size: large;\">Precau\u00e7\u00f5es: N\u00e3o esquentar a mais de 52 graus. Verificar previamente poss\u00edvel alergia.<\/span><\/p>\n<p><span style=\"font-size: large;\"><b>VENENO<\/b><\/span><\/p>\n<p><span style=\"font-size: large;\">Neuralgias e artrites<\/span><\/p>\n<p><span style=\"font-size: large;\">Aumenta a permeabilidade dos vasos sangu\u00edneos.<\/span><\/p>\n<p><span style=\"font-size: large;\">Diminui a alta press\u00e3o sangu\u00ednea<\/span><\/p>\n<p><span style=\"font-size: large;\">Diminui a dor<\/span><\/p>\n<p><span style=\"font-size: large;\">Melitina, apamina e fosfolipasa tem car\u00e1ter neurotr\u00f3pico.<\/span><\/p>\n<p><span style=\"font-size: large;\">Precau\u00e7\u00f5es: Cuidado com poss\u00edveis rea\u00e7\u00f5es al\u00e9rgicas, pois 1% da popula\u00e7\u00e3o \u00e9 al\u00e9rgica. N\u00e3o administrar a crian\u00e7as menores de 12 anos.<\/span><\/p>\n<p><span style=\"font-size: large;\"><b>GEL\u00c9IA REAL<\/b><\/span><\/p>\n<p><span style=\"font-size: large;\">Enfermos debilitados e esgotados<\/span><\/p>\n<p><span style=\"font-size: large;\">Incrementa os n\u00edveis de tiroxina e cortisol.<\/span><\/p>\n<p><span style=\"font-size: large;\">Estimula as gl\u00e2ndulas adrenais e combate a s\u00edndrome da fadiga cr\u00f4nica.<\/span><\/p>\n<p><span style=\"font-size: large;\">Aumenta o peso.<\/span><\/p>\n<p><span style=\"font-size: large;\">Fecunda\u00e7\u00e3o humana.<\/span><\/p>\n<p><span style=\"font-size: large;\">Estimula as gl\u00e2ndulas sexuais.<\/span><\/p>\n<p><span style=\"font-size: large;\">Aumenta a produ\u00e7\u00e3o do horm\u00f4nio Luteinizing que ajuda a ovula\u00e7\u00e3o.<\/span><\/p>\n<p><span style=\"font-size: large;\">Aumenta o n\u00edvel de progesterona que ajuda a manter a gravidez.<\/span><\/p>\n<p><span style=\"font-size: large;\">Aumenta o n\u00edvel de testosterona para ajudar com problemas sexuais do homem<\/span><\/p>\n<p><span style=\"font-size: large;\">Precau\u00e7\u00f5es: Manter sob refrigera\u00e7\u00e3o protegida da luz. N\u00e3o \u00e9 recomendado para asm\u00e1ticos.<\/span><\/p>\n<p><span style=\"font-size: large;\"><b>POLEN<\/b><\/span><\/p>\n<p><span style=\"font-size: large;\">Crescimento das crian\u00e7as (a melhor comida)<\/span><\/p>\n<p><span style=\"font-size: large;\">Muitas vitaminas e nutrientes.<\/span><\/p>\n<p><span style=\"font-size: large;\">Todos os amino\u00e1cidos essenciais.<\/span><\/p>\n<p><span style=\"font-size: large;\">No corpo humano se encontram 28 minerais: 14 s\u00e3o essenciais e se encontram em pequen\u00edssimas quantidades. O P\u00f3len cont\u00e9m todos os 28 elementos minerais existentes.<\/span><\/p>\n<p><span style=\"font-size: large;\">Oferece todo o ferro para a s\u00edntese da hemoglobina.<\/span><\/p>\n<p><span style=\"font-size: large;\">Entusiasmo e lucidez<\/span><\/p>\n<p><span style=\"font-size: large;\">Tem todos os amino\u00e1cidos que necessita o sistema nervoso para produzir seus antidepressivos naturais como as endorfinas.<\/span><\/p>\n<p><span style=\"font-size: large;\">Nutre o sistema muscular recuperando-o. Melhora as fun\u00e7\u00f5es cerebrais pela grande gama de nutrientes diferentes que alimentam as c\u00e9lulas neurais e indiretamente nutre o f\u00edgado que cria subst\u00e2ncias adequadas para o bom funcionamento do c\u00e9rebro.<\/span><\/p>\n<p><span style=\"font-size: large;\">O triptofano (amino\u00e1cido assencial contido no p\u00f3len) \u00e9 de estrutura qu\u00edmica muito similar a serotonina (mediador qu\u00edmico dos processos cerebrais), ele faz que o c\u00e9rebro funcione em melhores condi\u00e7\u00f5es e que revitalize as fun\u00e7\u00f5es que estavam deprimidas.<\/span><\/p>\n<p><span style=\"font-size: large;\">D\u00e1 uma sensa\u00e7\u00e3o de euforia e for\u00e7a.<\/span><\/p>\n<p><span style=\"font-size: large;\">Precau\u00e7\u00f5es: Alergias. N\u00e3o a Diab\u00e9ticos. N\u00e3o esquentar mais de 40 graus. N\u00e3o ante \u00falceras gastroduodenais<\/span><\/p>\n<p><span style=\"font-size: large;\">Nas planilhas adiante se expressam as composi\u00e7\u00f5es e os usos terap\u00eauticos dos produtos das abelhas.<\/span><\/p>\n<div id='gallery-1' class='gallery galleryid-1938 gallery-columns-1 gallery-size-large'><figure class='gallery-item'>\n\t\t\t<div class='gallery-icon landscape'>\n\t\t\t\t<a href='https:\/\/apacame.org.br\/site\/wp-content\/uploads\/2017\/06\/Quadro-1-Apiterapia.jpg'><img decoding=\"async\" width=\"1024\" height=\"390\" src=\"https:\/\/apacame.org.br\/site\/wp-content\/uploads\/2017\/06\/Quadro-1-Apiterapia-1024x390.jpg\" class=\"attachment-large size-large\" alt=\"\" srcset=\"https:\/\/apacame.org.br\/site\/wp-content\/uploads\/2017\/06\/Quadro-1-Apiterapia-1024x390.jpg 1024w, https:\/\/apacame.org.br\/site\/wp-content\/uploads\/2017\/06\/Quadro-1-Apiterapia-300x114.jpg 300w, https:\/\/apacame.org.br\/site\/wp-content\/uploads\/2017\/06\/Quadro-1-Apiterapia-150x57.jpg 150w, https:\/\/apacame.org.br\/site\/wp-content\/uploads\/2017\/06\/Quadro-1-Apiterapia-500x190.jpg 500w, https:\/\/apacame.org.br\/site\/wp-content\/uploads\/2017\/06\/Quadro-1-Apiterapia.jpg 1713w\" sizes=\"(max-width: 1024px) 100vw, 1024px\" \/><\/a>\n\t\t\t<\/div><\/figure><figure class='gallery-item'>\n\t\t\t<div class='gallery-icon landscape'>\n\t\t\t\t<a href='https:\/\/apacame.org.br\/site\/wp-content\/uploads\/2017\/06\/Quadro-2-Apiterapia.jpg'><img decoding=\"async\" width=\"1024\" height=\"415\" src=\"https:\/\/apacame.org.br\/site\/wp-content\/uploads\/2017\/06\/Quadro-2-Apiterapia-1024x415.jpg\" class=\"attachment-large size-large\" alt=\"\" srcset=\"https:\/\/apacame.org.br\/site\/wp-content\/uploads\/2017\/06\/Quadro-2-Apiterapia-1024x415.jpg 1024w, https:\/\/apacame.org.br\/site\/wp-content\/uploads\/2017\/06\/Quadro-2-Apiterapia-300x122.jpg 300w, https:\/\/apacame.org.br\/site\/wp-content\/uploads\/2017\/06\/Quadro-2-Apiterapia-150x61.jpg 150w, https:\/\/apacame.org.br\/site\/wp-content\/uploads\/2017\/06\/Quadro-2-Apiterapia-500x203.jpg 500w, https:\/\/apacame.org.br\/site\/wp-content\/uploads\/2017\/06\/Quadro-2-Apiterapia.jpg 1713w\" sizes=\"(max-width: 1024px) 100vw, 1024px\" \/><\/a>\n\t\t\t<\/div><\/figure><figure class='gallery-item'>\n\t\t\t<div class='gallery-icon landscape'>\n\t\t\t\t<a href='https:\/\/apacame.org.br\/site\/wp-content\/uploads\/2017\/06\/Quadro-3-Apiterapia.jpg'><img loading=\"lazy\" decoding=\"async\" width=\"1024\" height=\"614\" src=\"https:\/\/apacame.org.br\/site\/wp-content\/uploads\/2017\/06\/Quadro-3-Apiterapia-1024x614.jpg\" class=\"attachment-large size-large\" alt=\"\" srcset=\"https:\/\/apacame.org.br\/site\/wp-content\/uploads\/2017\/06\/Quadro-3-Apiterapia-1024x614.jpg 1024w, https:\/\/apacame.org.br\/site\/wp-content\/uploads\/2017\/06\/Quadro-3-Apiterapia-300x180.jpg 300w, https:\/\/apacame.org.br\/site\/wp-content\/uploads\/2017\/06\/Quadro-3-Apiterapia-150x90.jpg 150w, https:\/\/apacame.org.br\/site\/wp-content\/uploads\/2017\/06\/Quadro-3-Apiterapia-500x300.jpg 500w\" sizes=\"(max-width: 1024px) 100vw, 1024px\" \/><\/a>\n\t\t\t<\/div><\/figure>\n\t\t<\/div>\n\n","protected":false},"excerpt":{"rendered":"<p>APITERAPIA PARA APICULTORES Texto: Alfonso Franky. &#8211; Colmenares de los Andes, Bogot\u00e1 (Colombia) &#8211; polenyreinas@gmal.com O que \u00e9 a Apiterapia? Apiterapia \u00e9 o m\u00e9todo natural de cura baseado nas propriedades [&hellip;]<\/p>\n","protected":false},"author":1,"featured_media":0,"parent":1876,"menu_order":0,"comment_status":"open","ping_status":"open","template":"","meta":{"pmpro_default_level":"","_price":"","_stock":"","_tribe_ticket_header":"","_tribe_default_ticket_provider":"","_tribe_ticket_capacity":"0","_ticket_start_date":"","_ticket_end_date":"","_tribe_ticket_show_description":"","_tribe_ticket_show_not_going":false,"_tribe_ticket_use_global_stock":"","_tribe_ticket_global_stock_level":"","_global_stock_mode":"","_global_stock_cap":"","_tribe_rsvp_for_event":"","_tribe_ticket_going_count":"","_tribe_ticket_not_going_count":"","_tribe_tickets_list":"[]","_tribe_ticket_has_attendee_info_fields":false,"cybocfi_hide_featured_image":"","footnotes":""},"class_list":["post-1938","page","type-page","status-publish","hentry","pmpro-has-access"],"_links":{"self":[{"href":"https:\/\/apacame.org.br\/site\/wp-json\/wp\/v2\/pages\/1938"}],"collection":[{"href":"https:\/\/apacame.org.br\/site\/wp-json\/wp\/v2\/pages"}],"about":[{"href":"https:\/\/apacame.org.br\/site\/wp-json\/wp\/v2\/types\/page"}],"author":[{"embeddable":true,"href":"https:\/\/apacame.org.br\/site\/wp-json\/wp\/v2\/users\/1"}],"replies":[{"embeddable":true,"href":"https:\/\/apacame.org.br\/site\/wp-json\/wp\/v2\/comments?post=1938"}],"version-history":[{"count":4,"href":"https:\/\/apacame.org.br\/site\/wp-json\/wp\/v2\/pages\/1938\/revisions"}],"predecessor-version":[{"id":1941,"href":"https:\/\/apacame.org.br\/site\/wp-json\/wp\/v2\/pages\/1938\/revisions\/1941"}],"up":[{"embeddable":true,"href":"https:\/\/apacame.org.br\/site\/wp-json\/wp\/v2\/pages\/1876"}],"wp:attachment":[{"href":"https:\/\/apacame.org.br\/site\/wp-json\/wp\/v2\/media?parent=1938"}],"curies":[{"name":"wp","href":"https:\/\/api.w.org\/{rel}","templated":true}]}}