{"id":1916,"date":"2017-06-17T18:29:43","date_gmt":"2017-06-17T18:29:43","guid":{"rendered":"http:\/\/apacame.org.br\/site\/?page_id=1916"},"modified":"2017-06-17T18:29:43","modified_gmt":"2017-06-17T18:29:43","slug":"pesquisa","status":"publish","type":"page","link":"https:\/\/apacame.org.br\/site\/revista\/mensagem-doce-n-141-maio-de-2017\/pesquisa\/","title":{"rendered":"Pesquisa"},"content":{"rendered":"<h1 style=\"text-align: center;\">Pesquisa confirma a\u00e7\u00e3o farmacol\u00f3gica da pr\u00f3polis org\u00e2nica brasileira<\/h1>\n<blockquote><p>Por Ivanir Ferreira &#8211; Editorias: Ci\u00eancias Agr\u00e1rias, Ci\u00eancias da Sa\u00fade &#8211; jornal USP<\/p><\/blockquote>\n<p><i><b>Pr\u00f3polis produzida no Sul tem subst\u00e2ncias com a\u00e7\u00e3o anti-inflamat\u00f3ria, antioxidante, antibacteriana e at\u00e9 anticancer\u00edgena<\/b><\/i><\/p>\n<p><span style=\"font-size: large;\">Al\u00e9m do\u00a0seu sabor suave e\u00a0alto valor comercial, a pr\u00f3polis org\u00e2nica produzida no sul do Pa\u00eds possui propriedades qu\u00edmicas com potencial farmacol\u00f3gico para v\u00e1rias doen\u00e7as. As subst\u00e2ncias agem como anti-inflamat\u00f3rio, antioxidante, antibacteriano e at\u00e9 como anticancer\u00edgeno. Estas foram as conclus\u00f5es de um estudo de pesquisadores da Escola Superior de Agricultura Luiz de Queiroz (Esalq) da USP em Piracicaba, feito em api\u00e1rios no sul do Paran\u00e1 e norte de Santa Catarina.<\/span><figure id=\"attachment_1917\" aria-describedby=\"caption-attachment-1917\" style=\"width: 300px\" class=\"wp-caption alignright\"><a href=\"https:\/\/apacame.org.br\/site\/wp-content\/uploads\/2017\/06\/Propolis_01.jpg\"><img decoding=\"async\" src=\"https:\/\/apacame.org.br\/site\/wp-content\/uploads\/2017\/06\/Propolis_01-300x158.jpg\" alt=\"As 78 amostras de pr\u00f3polis utilizadas na pesquisa foram coletadas em api\u00e1rios no sul do Paran\u00e1 e norte de Santa Catarina \u2013 Foto: Wikimedia Commons\" width=\"300\" height=\"158\" class=\"size-medium wp-image-1917\" srcset=\"https:\/\/apacame.org.br\/site\/wp-content\/uploads\/2017\/06\/Propolis_01-300x158.jpg 300w, https:\/\/apacame.org.br\/site\/wp-content\/uploads\/2017\/06\/Propolis_01-150x79.jpg 150w, https:\/\/apacame.org.br\/site\/wp-content\/uploads\/2017\/06\/Propolis_01-500x263.jpg 500w, https:\/\/apacame.org.br\/site\/wp-content\/uploads\/2017\/06\/Propolis_01.jpg 561w\" sizes=\"(max-width: 300px) 100vw, 300px\" \/><\/a><figcaption id=\"caption-attachment-1917\" class=\"wp-caption-text\">As 78 amostras de pr\u00f3polis utilizadas na pesquisa foram<br \/>coletadas em api\u00e1rios no sul do Paran\u00e1 e norte de Santa Catarina<br \/>\u2013 Foto: Wikimedia Commons<\/figcaption><\/figure><\/p>\n<p><span style=\"font-size: large;\">A qualidade da pr\u00f3polis produzida pelas abelhas varia de acordo com a origem bot\u00e2nica. No Brasil, j\u00e1 foram classificadas pelo menos 13 variantes. Para serem consideradas org\u00e2nicas, as flores, brotos e cascas de onde s\u00e3o coletadas as subst\u00e2ncias devem respeitar a ordem natural de produ\u00e7\u00e3o, sem adi\u00e7\u00e3o de agrot\u00f3xicos ou pesticidas. As 78 amostras utilizadas na pesquisa foram obtidas em \u00e1reas de preserva\u00e7\u00e3o permanente e zonas de reflorestamento, o que garantiu que a pr\u00f3polis estivesse livre de agentes poluidores, de pesticidas, fertilizantes e metais pesados, conforme avalia\u00e7\u00e3o de certificadoras nacionais e internacionais.<\/span><\/p>\n<p><span style=\"font-size: large;\">Em laborat\u00f3rio, as amostras foram agrupadas em sete perfis qu\u00edmicos. Segundo o engenheiro agr\u00f4nomo Severino Matias Alencar, professor associado da Esalq e orientador de Ana Paula Tiveron, que coordenou a pesquisa, todas as variantes apresentaram \u201calto poder sequestrante contra esp\u00e9cies reativas de oxig\u00eanio\u201d \u2014 subst\u00e2ncias qu\u00edmicas que, quando presentes em excesso no organismo, causam diversos problemas \u00e0s c\u00e9lulas humanas, resultando no desenvolvimento de v\u00e1rias doen\u00e7as como as neurodegenerativas, c\u00e2nceres, anemia, isquemia, al\u00e9m de oxida\u00e7\u00e3o da LDL (o mau colesterol ).<\/span><\/p>\n<p><figure id=\"attachment_1918\" aria-describedby=\"caption-attachment-1918\" style=\"width: 300px\" class=\"wp-caption alignleft\"><a href=\"https:\/\/apacame.org.br\/site\/wp-content\/uploads\/2017\/06\/Propolis_02.jpg\"><img fetchpriority=\"high\" decoding=\"async\" src=\"https:\/\/apacame.org.br\/site\/wp-content\/uploads\/2017\/06\/Propolis_02-300x236.jpg\" alt=\"Pesquisa investigou a efic\u00e1cia anti-inflamat\u00f3ria e antibacteriana da pr\u00f3polis \u2013 Foto: Epukas via Wikimedia Commons\" width=\"300\" height=\"236\" class=\"size-medium wp-image-1918\" srcset=\"https:\/\/apacame.org.br\/site\/wp-content\/uploads\/2017\/06\/Propolis_02-300x236.jpg 300w, https:\/\/apacame.org.br\/site\/wp-content\/uploads\/2017\/06\/Propolis_02-150x118.jpg 150w, https:\/\/apacame.org.br\/site\/wp-content\/uploads\/2017\/06\/Propolis_02-500x393.jpg 500w, https:\/\/apacame.org.br\/site\/wp-content\/uploads\/2017\/06\/Propolis_02.jpg 561w\" sizes=\"(max-width: 300px) 100vw, 300px\" \/><\/a><figcaption id=\"caption-attachment-1918\" class=\"wp-caption-text\">Pesquisa investigou a efic\u00e1cia anti-inflamat\u00f3ria e antibacteriana<br \/>da pr\u00f3polis \u2013 Foto: Epukas via Wikimedia Commons<\/figcaption><\/figure><span style=\"font-size: large;\">A pesquisa demonstrou tamb\u00e9m a efic\u00e1cia da pr\u00f3polis como anti-inflamat\u00f3ria\u00a0e antibacteriana. O composto apresentou a\u00e7\u00e3o contra diversos tipos de micro-organismos: o\u00a0Streptococcus mutans\u00a0e\u00a0S. sobrinus\u00a0\u2014 agentes associados ao desenvolvimento da c\u00e1rie; o\u00a0Streptococcus oralis\u00a0\u2014 que induz ao surgimento da placa bacteriana e \u00e0 endocardite (doen\u00e7a infecciosa do cora\u00e7\u00e3o); o\u00a0S. aureus\u00a0\u2014 que pode causar acne, fur\u00fanculos, celulite e doen\u00e7as graves como meningite e pneumonias; e o Pseudomonas aeruginosa\u00a0\u2014 patog\u00eanico oportunista associado \u00e0s infec\u00e7\u00f5es hospitalares.<\/span><\/p>\n<p><span style=\"font-size: large;\">De acordo com Alencar, diferentemente da pr\u00f3polis europeia, rica em flavonoides, a pr\u00f3polis brasileira \u00e9 caracterizada pela presen\u00e7a de derivados de \u00e1cido cin\u00e2mico prenilado, que possui atividade sequestrante de radicais livres e significativa a\u00e7\u00e3o anti-inflamat\u00f3ria e antimicrobiana. A novidade deste trabalho foi encontrar propriedades farmacol\u00f3gicas importantes na pr\u00f3polis org\u00e2nica brasileira, que n\u00e3o s\u00f3 se destaca pela suavidade mas tamb\u00e9m por seu alto valor econ\u00f4mico.<\/span><\/p>\n<p><span style=\"font-size: large;\"><b>Exporta\u00e7\u00e3o<\/b><\/span><\/p>\n<p><span style=\"font-size: large;\">O Brasil \u00e9 o segundo maior produtor mundial de pr\u00f3polis, exportando anualmente cerca de 160 toneladas, perdendo apenas para a China. O consumo de produtos org\u00e2nicos, al\u00e9m de fazer bem \u00e0 sa\u00fade, incentiva produtores rurais a manterem boas pr\u00e1ticas agr\u00edcolas para preserva\u00e7\u00e3o ambiental, utilizando de forma respons\u00e1vel o solo, a \u00e1gua, o ar e demais recursos naturais.<\/span><\/p>\n<p><span style=\"font-size: large;\">O estudo tamb\u00e9m traz outros benef\u00edcios, como a garantia de patentes brasileiras com a gera\u00e7\u00e3o de conhecimento em institui\u00e7\u00f5es nacionais\u201d, lembra o engenheiro agr\u00f4nomo. H\u00e1 uma estimativa de que 44% das patentes mundiais com pr\u00f3polis tenham sido depositadas pelos japoneses, que importam cerca de 80% da pr\u00f3polis brasileira para consumo interno. Embora o Brasil seja um dos maiores produtores, possui um reduzido n\u00famero de patentes concedidas em rela\u00e7\u00e3o aos trabalhos publicados. A pesquisa feita na Esalq foi desenvolvida em parceria com pesquisadores da Universidade Estadual de Campinas (Unicamp) e da Universidade Federal de Alfenas (Unifal), MG.<\/span><figure id=\"attachment_1919\" aria-describedby=\"caption-attachment-1919\" style=\"width: 300px\" class=\"wp-caption alignright\"><a href=\"https:\/\/apacame.org.br\/site\/wp-content\/uploads\/2017\/06\/Propolis_04.jpg\"><img decoding=\"async\" src=\"https:\/\/apacame.org.br\/site\/wp-content\/uploads\/2017\/06\/Propolis_04-300x157.jpg\" alt=\"Severino Alencar, orientador da pesquisa. A novidade deste trabalho foi encontrar propriedades farmacol\u00f3gicas importantes tamb\u00e9m na pr\u00f3polis org\u00e2nica brasileira \u2013 Foto: Gerhard Waller\/ Esalq.\" width=\"300\" height=\"157\" class=\"size-medium wp-image-1919\" srcset=\"https:\/\/apacame.org.br\/site\/wp-content\/uploads\/2017\/06\/Propolis_04-300x157.jpg 300w, https:\/\/apacame.org.br\/site\/wp-content\/uploads\/2017\/06\/Propolis_04-1024x538.jpg 1024w, https:\/\/apacame.org.br\/site\/wp-content\/uploads\/2017\/06\/Propolis_04-150x79.jpg 150w, https:\/\/apacame.org.br\/site\/wp-content\/uploads\/2017\/06\/Propolis_04-500x262.jpg 500w, https:\/\/apacame.org.br\/site\/wp-content\/uploads\/2017\/06\/Propolis_04.jpg 1122w\" sizes=\"(max-width: 300px) 100vw, 300px\" \/><\/a><figcaption id=\"caption-attachment-1919\" class=\"wp-caption-text\">Severino Alencar, orientador da pesquisa. A novidade deste<br \/>trabalho foi encontrar propriedades farmacol\u00f3gicas importantes<br \/>tamb\u00e9m na pr\u00f3polis org\u00e2nica brasileira \u2013 Foto: Gerhard Waller\/<br \/>Esalq.<\/figcaption><\/figure><\/p>\n<p><span style=\"font-size: large;\">Em novembro de 2016, o assunto\u00a0Os benef\u00edcios farmacol\u00f3gicos da pr\u00f3polis org\u00e2nica produzida no sul do Brasil\u00a0foi tema de um artigo publicado em revista cient\u00edfica internacional, a\u00a0Plos One, da Public Library of Science, EUA. Assinaram o texto Ana Paula Tiveron, Severino Matias de Alencar e outros pesquisadores. No link: .<\/span><\/p>\n<p><span style=\"font-size: large;\"><b>Mais informa\u00e7\u00f5es:<\/b><\/span><\/p>\n<p><span style=\"font-size: large;\">e-mail: <a href=\"mailto:smalencar@usp.br\">smalencar@usp.br<\/a>, com Severino Matias Alencar.<\/span><\/p>\n","protected":false},"excerpt":{"rendered":"<p>Pesquisa confirma a\u00e7\u00e3o farmacol\u00f3gica da pr\u00f3polis org\u00e2nica brasileira Por Ivanir Ferreira &#8211; Editorias: Ci\u00eancias Agr\u00e1rias, Ci\u00eancias da Sa\u00fade &#8211; jornal USP Pr\u00f3polis produzida no Sul tem subst\u00e2ncias com a\u00e7\u00e3o anti-inflamat\u00f3ria, [&hellip;]<\/p>\n","protected":false},"author":1,"featured_media":0,"parent":1876,"menu_order":0,"comment_status":"open","ping_status":"open","template":"","meta":{"pmpro_default_level":"","_price":"","_stock":"","_tribe_ticket_header":"","_tribe_default_ticket_provider":"","_tribe_ticket_capacity":"0","_ticket_start_date":"","_ticket_end_date":"","_tribe_ticket_show_description":"","_tribe_ticket_show_not_going":false,"_tribe_ticket_use_global_stock":"","_tribe_ticket_global_stock_level":"","_global_stock_mode":"","_global_stock_cap":"","_tribe_rsvp_for_event":"","_tribe_ticket_going_count":"","_tribe_ticket_not_going_count":"","_tribe_tickets_list":"[]","_tribe_ticket_has_attendee_info_fields":false,"cybocfi_hide_featured_image":"","footnotes":""},"class_list":["post-1916","page","type-page","status-publish","hentry","pmpro-has-access"],"_links":{"self":[{"href":"https:\/\/apacame.org.br\/site\/wp-json\/wp\/v2\/pages\/1916"}],"collection":[{"href":"https:\/\/apacame.org.br\/site\/wp-json\/wp\/v2\/pages"}],"about":[{"href":"https:\/\/apacame.org.br\/site\/wp-json\/wp\/v2\/types\/page"}],"author":[{"embeddable":true,"href":"https:\/\/apacame.org.br\/site\/wp-json\/wp\/v2\/users\/1"}],"replies":[{"embeddable":true,"href":"https:\/\/apacame.org.br\/site\/wp-json\/wp\/v2\/comments?post=1916"}],"version-history":[{"count":2,"href":"https:\/\/apacame.org.br\/site\/wp-json\/wp\/v2\/pages\/1916\/revisions"}],"predecessor-version":[{"id":1921,"href":"https:\/\/apacame.org.br\/site\/wp-json\/wp\/v2\/pages\/1916\/revisions\/1921"}],"up":[{"embeddable":true,"href":"https:\/\/apacame.org.br\/site\/wp-json\/wp\/v2\/pages\/1876"}],"wp:attachment":[{"href":"https:\/\/apacame.org.br\/site\/wp-json\/wp\/v2\/media?parent=1916"}],"curies":[{"name":"wp","href":"https:\/\/api.w.org\/{rel}","templated":true}]}}