{"id":1908,"date":"2017-06-17T18:05:41","date_gmt":"2017-06-17T18:05:41","guid":{"rendered":"http:\/\/apacame.org.br\/site\/?page_id=1908"},"modified":"2017-06-17T18:17:00","modified_gmt":"2017-06-17T18:17:00","slug":"memoria-meliponicultura","status":"publish","type":"page","link":"https:\/\/apacame.org.br\/site\/revista\/mensagem-doce-n-141-maio-de-2017\/memoria-meliponicultura\/","title":{"rendered":"Mem\u00f3ria Meliponicultura"},"content":{"rendered":"<h1 style=\"text-align: center;\">Divis\u00e3o de uma col\u00f4nia de japur\u00e1 (Melipona compressipes manaosensis) usando-se uma colm\u00e9ia e o m\u00e9todo de Fernando Oliveira<\/h1>\n<blockquote><p>Fernando Oliveira<\/p><\/blockquote>\n<p><span style=\"font-size: large;\"><b>Antecedentes:<\/b><\/span><\/p>\n<p><span style=\"font-size: large;\">Citado em muitos trabalhos acad\u00eamicos e amplamente aplicado em escala na Meliponicultura brasileira, subitamente o referido trabalho desapareceu dos canais de busca da internet.<br \/>\nConsidero esse trabalho descrito por Oliveira e Kerr, como um divisor de \u00e1guas para a Meliponicultura, basta consultar via internet os indicadores da Meliponicultura antes de 2000 e a partir de 2000.<\/span><\/p>\n<p><span style=\"font-size: large;\">A Meliponicultura estudada por renomadas institui\u00e7\u00f5es de pesquisa, eg,: INPA, USP, UFU, UFV e os seus Preciosos Cientistas, incentivaram a dissemina\u00e7\u00e3o de uma Meliponicultura com conceitos socioambientais.<\/span><\/p>\n<p><span style=\"font-size: large;\">A partir de ent\u00e3o as popula\u00e7\u00f5es tradicionais, principalmente na Amaz\u00f4nia, foram incentivadas e capacitadas para praticar a Meliponicultura, enquanto ferramenta de harmoniza\u00e7\u00e3o ambiental, seguran\u00e7a alimentar e gera\u00e7\u00e3o de renda, segundo a Tecnologia Social apresentada por Oliveira e Kerr.<\/span><\/p>\n<p><span style=\"font-size: large;\"><b>Link para baixar o livro:<\/b> <\/span><\/p>\n<p><span style=\"font-size: large;\">Blog: <a href=\"http:\/\/metodofernandooliveira.blogspot.com.br\/\" target=\"_blank\" rel=\"noopener\">http:\/\/metodofernandooliveira.blogspot.com.br\/<\/a><\/span><\/p>\n<p><span style=\"font-size: large;\"><b>Agradecimentos:<\/b><\/span><\/p>\n<p><span style=\"font-size: large;\">Agrade\u00e7o ao amigo Waldemar Ribas e toda turma bacana da Revista Mensagem Doce por oportunizar a divulga\u00e7\u00e3o desse link e do arquivo com o trabalho de Oliveira e Kerr.<\/span><\/p>\n<p><span style=\"font-size: large;\">Aos Pais da Meliponicultura, Prof. Paulo e Prof. Kerr, eu registro a minha admira\u00e7\u00e3o e prazer de ter compartilhado parte da minha trajet\u00f3ria de abelhudo com as abelhas ind\u00edgenas sem ferr\u00e3o.<\/span><\/p>\n<p><span style=\"font-size: large;\"><b>Os meus contatos para tratar de Meliponicultura s\u00e3o:<\/b> <\/span><\/p>\n<p><span style=\"font-size: large;\">E-mail: <a href=\"mailto:fernando-am@ig.com.br\">fernando-am@ig.com.br<\/a><\/span><\/p>\n<p><span style=\"font-size: large;\">WhatsApp e fone: (21) 98339.7222 (tim)<\/span><\/p>\n<p><span style=\"font-size: large;\">Skp: Fernando-am10<\/span><\/p>\n<p><span style=\"font-size: large;\">Blog: <a href=\"http:\/\/criacaodeabelhassemferrao.blogspot.com.br\/\" target=\"_blank\" rel=\"noopener\">http:\/\/criacaodeabelhassemferrao.blogspot.com.br\/<\/a><\/span><\/p>\n<p><span style=\"font-size: large;\">Blog: <a href=\"http:\/\/metodofernandooliveira.blogspot.com.br\/\" target=\"_blank\" rel=\"noopener\">http:\/\/metodofernandooliveira.blogspot.com.br\/<\/a><\/span><\/p>\n<p><a href=\"https:\/\/apacame.org.br\/site\/wp-content\/uploads\/2017\/06\/Quadro-1-reprodu\u00e7\u00e3o-e1497723178656.jpg\"><img fetchpriority=\"high\" decoding=\"async\" class=\"alignleft size-full wp-image-1909\" src=\"https:\/\/apacame.org.br\/site\/wp-content\/uploads\/2017\/06\/Quadro-1-reprodu\u00e7\u00e3o-e1497723178656.jpg\" alt=\"Quadro 1 reprodu\u00e7\u00e3o\" width=\"900\" height=\"2105\" \/><\/a><a href=\"https:\/\/apacame.org.br\/site\/wp-content\/uploads\/2017\/06\/Quadro-2-reprodu\u00e7\u00e3o-e1497722986613.jpg\"><img decoding=\"async\" class=\"aligncenter size-large wp-image-1910\" src=\"https:\/\/apacame.org.br\/site\/wp-content\/uploads\/2017\/06\/Quadro-2-reprodu\u00e7\u00e3o-1024x595.jpg\" alt=\"Quadro 2 reprodu\u00e7\u00e3o\" width=\"1024\" height=\"595\" \/><\/a><a href=\"https:\/\/apacame.org.br\/site\/wp-content\/uploads\/2017\/06\/Quadro-3-reprodu\u00e7\u00e3o-e1497723338664.jpg\"><img decoding=\"async\" class=\"alignright size-full wp-image-1911\" src=\"https:\/\/apacame.org.br\/site\/wp-content\/uploads\/2017\/06\/Quadro-3-reprodu\u00e7\u00e3o-e1497723338664.jpg\" alt=\"Quadro 3 reprodu\u00e7\u00e3o\" width=\"1600\" height=\"1560\" \/><\/a><\/p>\n","protected":false},"excerpt":{"rendered":"<p>Divis\u00e3o de uma col\u00f4nia de japur\u00e1 (Melipona compressipes manaosensis) usando-se uma colm\u00e9ia e o m\u00e9todo de Fernando Oliveira Fernando Oliveira Antecedentes: Citado em muitos trabalhos acad\u00eamicos e amplamente aplicado em [&hellip;]<\/p>\n","protected":false},"author":1,"featured_media":0,"parent":1876,"menu_order":0,"comment_status":"open","ping_status":"open","template":"","meta":{"pmpro_default_level":"","_price":"","_stock":"","_tribe_ticket_header":"","_tribe_default_ticket_provider":"","_tribe_ticket_capacity":"0","_ticket_start_date":"","_ticket_end_date":"","_tribe_ticket_show_description":"","_tribe_ticket_show_not_going":false,"_tribe_ticket_use_global_stock":"","_tribe_ticket_global_stock_level":"","_global_stock_mode":"","_global_stock_cap":"","_tribe_rsvp_for_event":"","_tribe_ticket_going_count":"","_tribe_ticket_not_going_count":"","_tribe_tickets_list":"[]","_tribe_ticket_has_attendee_info_fields":false,"cybocfi_hide_featured_image":"","footnotes":""},"class_list":["post-1908","page","type-page","status-publish","hentry","pmpro-has-access"],"_links":{"self":[{"href":"https:\/\/apacame.org.br\/site\/wp-json\/wp\/v2\/pages\/1908"}],"collection":[{"href":"https:\/\/apacame.org.br\/site\/wp-json\/wp\/v2\/pages"}],"about":[{"href":"https:\/\/apacame.org.br\/site\/wp-json\/wp\/v2\/types\/page"}],"author":[{"embeddable":true,"href":"https:\/\/apacame.org.br\/site\/wp-json\/wp\/v2\/users\/1"}],"replies":[{"embeddable":true,"href":"https:\/\/apacame.org.br\/site\/wp-json\/wp\/v2\/comments?post=1908"}],"version-history":[{"count":4,"href":"https:\/\/apacame.org.br\/site\/wp-json\/wp\/v2\/pages\/1908\/revisions"}],"predecessor-version":[{"id":1913,"href":"https:\/\/apacame.org.br\/site\/wp-json\/wp\/v2\/pages\/1908\/revisions\/1913"}],"up":[{"embeddable":true,"href":"https:\/\/apacame.org.br\/site\/wp-json\/wp\/v2\/pages\/1876"}],"wp:attachment":[{"href":"https:\/\/apacame.org.br\/site\/wp-json\/wp\/v2\/media?parent=1908"}],"curies":[{"name":"wp","href":"https:\/\/api.w.org\/{rel}","templated":true}]}}