{"id":1904,"date":"2017-06-17T17:54:14","date_gmt":"2017-06-17T17:54:14","guid":{"rendered":"http:\/\/apacame.org.br\/site\/?page_id=1904"},"modified":"2017-06-17T17:54:14","modified_gmt":"2017-06-17T17:54:14","slug":"curiosidade-2","status":"publish","type":"page","link":"https:\/\/apacame.org.br\/site\/revista\/mensagem-doce-n-141-maio-de-2017\/curiosidade-2\/","title":{"rendered":"Curiosidade"},"content":{"rendered":"<h1 style=\"text-align: center;\">FAVOS COM MAIS DE 2 QUILOS!<\/h1>\n<p><span style=\"font-size: large;\">Nosso amigo apicultor Celso Cardoso de Souza nos enviou fotos de favos colhidos na regi\u00e3o de Dracena em uma \u00e1rea de mata silvestre de cerca de 100 alqueires paulista (equivalente a 2.420.000 metros quadrados) com uma florada diversificada inclusive com Cip\u00f3 Uva. <\/span><\/p>\n<p><span style=\"font-size: large;\">Morador de Dracena h\u00e1 mais de 60 anos, onde recebeu o t\u00edtulo de cidad\u00e3o honor\u00e1rio da Cidade Milagre, pela C\u00e2mara Municipal numa iniciativa do vereador Gustavo Rodrigues Piveta. Celso, atualmente, \u00e9 juiz de paz e apicultor. Sempre colabora com as obras sociais do munic\u00edpio doando parte da sua colheita de mel.<\/span><\/p>\n<p><a href=\"https:\/\/apacame.org.br\/site\/wp-content\/uploads\/2017\/06\/Quadro-com-fotos.jpg\"><img fetchpriority=\"high\" decoding=\"async\" src=\"https:\/\/apacame.org.br\/site\/wp-content\/uploads\/2017\/06\/Quadro-com-fotos-1024x898.jpg\" alt=\"Favos\" width=\"1024\" height=\"898\" class=\"aligncenter size-large wp-image-1905\" srcset=\"https:\/\/apacame.org.br\/site\/wp-content\/uploads\/2017\/06\/Quadro-com-fotos-1024x898.jpg 1024w, https:\/\/apacame.org.br\/site\/wp-content\/uploads\/2017\/06\/Quadro-com-fotos-300x263.jpg 300w, https:\/\/apacame.org.br\/site\/wp-content\/uploads\/2017\/06\/Quadro-com-fotos-150x131.jpg 150w, https:\/\/apacame.org.br\/site\/wp-content\/uploads\/2017\/06\/Quadro-com-fotos-500x438.jpg 500w, https:\/\/apacame.org.br\/site\/wp-content\/uploads\/2017\/06\/Quadro-com-fotos.jpg 1232w\" sizes=\"(max-width: 1024px) 100vw, 1024px\" \/><\/a><\/p>\n","protected":false},"excerpt":{"rendered":"<p>FAVOS COM MAIS DE 2 QUILOS! Nosso amigo apicultor Celso Cardoso de Souza nos enviou fotos de favos colhidos na regi\u00e3o de Dracena em uma \u00e1rea de mata silvestre de [&hellip;]<\/p>\n","protected":false},"author":1,"featured_media":0,"parent":1876,"menu_order":0,"comment_status":"open","ping_status":"open","template":"","meta":{"pmpro_default_level":"","_price":"","_stock":"","_tribe_ticket_header":"","_tribe_default_ticket_provider":"","_tribe_ticket_capacity":"0","_ticket_start_date":"","_ticket_end_date":"","_tribe_ticket_show_description":"","_tribe_ticket_show_not_going":false,"_tribe_ticket_use_global_stock":"","_tribe_ticket_global_stock_level":"","_global_stock_mode":"","_global_stock_cap":"","_tribe_rsvp_for_event":"","_tribe_ticket_going_count":"","_tribe_ticket_not_going_count":"","_tribe_tickets_list":"[]","_tribe_ticket_has_attendee_info_fields":false,"cybocfi_hide_featured_image":"","footnotes":""},"class_list":["post-1904","page","type-page","status-publish","hentry","pmpro-has-access"],"_links":{"self":[{"href":"https:\/\/apacame.org.br\/site\/wp-json\/wp\/v2\/pages\/1904"}],"collection":[{"href":"https:\/\/apacame.org.br\/site\/wp-json\/wp\/v2\/pages"}],"about":[{"href":"https:\/\/apacame.org.br\/site\/wp-json\/wp\/v2\/types\/page"}],"author":[{"embeddable":true,"href":"https:\/\/apacame.org.br\/site\/wp-json\/wp\/v2\/users\/1"}],"replies":[{"embeddable":true,"href":"https:\/\/apacame.org.br\/site\/wp-json\/wp\/v2\/comments?post=1904"}],"version-history":[{"count":2,"href":"https:\/\/apacame.org.br\/site\/wp-json\/wp\/v2\/pages\/1904\/revisions"}],"predecessor-version":[{"id":1907,"href":"https:\/\/apacame.org.br\/site\/wp-json\/wp\/v2\/pages\/1904\/revisions\/1907"}],"up":[{"embeddable":true,"href":"https:\/\/apacame.org.br\/site\/wp-json\/wp\/v2\/pages\/1876"}],"wp:attachment":[{"href":"https:\/\/apacame.org.br\/site\/wp-json\/wp\/v2\/media?parent=1904"}],"curies":[{"name":"wp","href":"https:\/\/api.w.org\/{rel}","templated":true}]}}