{"id":1880,"date":"2017-06-16T21:22:33","date_gmt":"2017-06-16T21:22:33","guid":{"rendered":"http:\/\/apacame.org.br\/site\/?page_id=1880"},"modified":"2017-06-16T21:22:33","modified_gmt":"2017-06-16T21:22:33","slug":"editorial","status":"publish","type":"page","link":"https:\/\/apacame.org.br\/site\/revista\/mensagem-doce-n-141-maio-de-2017\/editorial\/","title":{"rendered":"Editorial"},"content":{"rendered":"<h1 style=\"text-align: center;\">UMA NOVA FERRAMENTA EM DEFESA DA APICULTURA E DA MELIPONICULTURA BRASILEIRA.<\/h1>\n<p><span style=\"font-size: large;\">Os \u00faltimos 3 anos foram particularmente importantes no Brasil para que se elevassem as discuss\u00f5es sobre a import\u00e2ncia de nossas abelhas como os maiores polinizadores da natureza, e a necessidade de sua prote\u00e7\u00e3o. Nosso pa\u00eds, apesar de ostentar o t\u00edtulo de maior consumidor de agrot\u00f3xicos do planeta, entrou tardiamente nesta discuss\u00e3o \u2013 haja visto que em 2007 o tema j\u00e1 era debatido na Apimondia, e logo se transformaria numa grande pauta mundial &#8211; e somente depois da reuni\u00e3o de diversas evid\u00eancias incontestes por parte de ONGs, associa\u00e7\u00f5es e criadores privados tornou-se claro que o problema do decl\u00ednio, morte massiva e desaparecimento de abelhas seria tamb\u00e9m um problema s\u00e9rio de nosso pa\u00eds. De l\u00e1 para c\u00e1, assistimos \u00e0 preocupante introdu\u00e7\u00e3o de novos protagonistas a quererem liderar o debate sobre o tema, destacando-se os interesses das ind\u00fastrias agroqu\u00edmicas e de transg\u00eanicos.<\/span><\/p>\n<p><span style=\"font-size: large;\">No cerne desta discuss\u00e3o encontra-se a iniciativa da organiza\u00e7\u00e3o de prote\u00e7\u00e3o \u00e0s abelhas BEE OR NOT TO BE, liderada pelo Prof. Dr. Lionel Segui Gon\u00e7alves, que no final de 2013 lan\u00e7aria a primeira campanha de prote\u00e7\u00e3o \u00e0s abelhas do pa\u00eds, a j\u00e1 conhecida \u201cSem Abelha, Sem Alimento\u201d (<a href=\"http:\/\/www.semabelhasemalimento.com.br\" target=\"_blank\" rel=\"noopener\">www.semabelhasemalimento.com.br<\/a> ). Esta campanha viria acompanhada de diversas a\u00e7\u00f5es, com destaque para o Aplicativo \u201cBee Alert\u201d, o primeiro a geolocalizar e quantificar as ocorr\u00eancias de morte massiva de abelhas no Brasil (hoje s\u00e3o cerca de 250 casos documentados no Brasil, com 18 mil colmeias mortas); a entrega de uma Peti\u00e7\u00e3o P\u00fablica pela prote\u00e7\u00e3o \u00e0s abelhas, com a assinatura f\u00edsica de 23 mil nomes; o lan\u00e7amento do Caderno de Atividades de Educa\u00e7\u00e3o Ambiental \u201cSem Abelha, Sem Alimento\u201d, com conte\u00fado pedag\u00f3gico para o ensino de alunos do ensino fundamental I; e o Projeto Cidade Amiga das Abelhas, que tem o prop\u00f3sito de pautar para a gest\u00e3o p\u00fablica boas pr\u00e1ticas da prote\u00e7\u00e3o aos polinizadores nas cidades. <\/span><\/p>\n<p><span style=\"font-size: large;\">\u00c9 louv\u00e1vel e extremamente importante uma iniciativa como esta, pois preenche uma lacuna importante do debate pela \u00f3tica dos interesses de nossa sociedade e tamb\u00e9m de parte da classe cient\u00edfica independente. No pr\u00f3ximo dia 20\/05\/17 a Organiza\u00e7\u00e3o Bee or Not to Be dar\u00e1 um novo passo importante: nascida com uma iniciativa do CETAPIS\/RN (Centro Tecnol\u00f3gico de Apicultura do RN), realizar\u00e1 agora um ato de constitui\u00e7\u00e3o de sua funda\u00e7\u00e3o como uma associa\u00e7\u00e3o independente e com objetivos espec\u00edficos, em nova sede na cidade de Ribeir\u00e3o Preto- SP. A promo\u00e7\u00e3o da educa\u00e7\u00e3o ambiental, a prote\u00e7\u00e3o das diversas esp\u00e9cies de abelhas e a difus\u00e3o de sua import\u00e2ncia como maior polinizadora da natureza, e o fomento da cria\u00e7\u00e3o t\u00e9cnica e sustent\u00e1vel de abelhas ser\u00e3o o norte das a\u00e7\u00f5es e interesses de seu importante quadro de associados fundadores. Devemos desejar sucesso na sequ\u00eancia desta iniciativa, pois representa legitimamente uma voz ativa importante a debater os desafios da sustentabilidade na apicultura e na meliponicultura.<\/span><\/p>\n<p><span style=\"font-size: large;\"><strong><em>Constantino Zara Filho \u2013 Presidente Executivo<\/em><\/strong><\/span><\/p>\n","protected":false},"excerpt":{"rendered":"<p>UMA NOVA FERRAMENTA EM DEFESA DA APICULTURA E DA MELIPONICULTURA BRASILEIRA. Os \u00faltimos 3 anos foram particularmente importantes no Brasil para que se elevassem as discuss\u00f5es sobre a import\u00e2ncia de [&hellip;]<\/p>\n","protected":false},"author":1,"featured_media":0,"parent":1876,"menu_order":0,"comment_status":"open","ping_status":"open","template":"","meta":{"pmpro_default_level":"","_price":"","_stock":"","_tribe_ticket_header":"","_tribe_default_ticket_provider":"","_tribe_ticket_capacity":"0","_ticket_start_date":"","_ticket_end_date":"","_tribe_ticket_show_description":"","_tribe_ticket_show_not_going":false,"_tribe_ticket_use_global_stock":"","_tribe_ticket_global_stock_level":"","_global_stock_mode":"","_global_stock_cap":"","_tribe_rsvp_for_event":"","_tribe_ticket_going_count":"","_tribe_ticket_not_going_count":"","_tribe_tickets_list":"[]","_tribe_ticket_has_attendee_info_fields":false,"cybocfi_hide_featured_image":"","footnotes":""},"class_list":["post-1880","page","type-page","status-publish","hentry","pmpro-has-access"],"_links":{"self":[{"href":"https:\/\/apacame.org.br\/site\/wp-json\/wp\/v2\/pages\/1880"}],"collection":[{"href":"https:\/\/apacame.org.br\/site\/wp-json\/wp\/v2\/pages"}],"about":[{"href":"https:\/\/apacame.org.br\/site\/wp-json\/wp\/v2\/types\/page"}],"author":[{"embeddable":true,"href":"https:\/\/apacame.org.br\/site\/wp-json\/wp\/v2\/users\/1"}],"replies":[{"embeddable":true,"href":"https:\/\/apacame.org.br\/site\/wp-json\/wp\/v2\/comments?post=1880"}],"version-history":[{"count":1,"href":"https:\/\/apacame.org.br\/site\/wp-json\/wp\/v2\/pages\/1880\/revisions"}],"predecessor-version":[{"id":1881,"href":"https:\/\/apacame.org.br\/site\/wp-json\/wp\/v2\/pages\/1880\/revisions\/1881"}],"up":[{"embeddable":true,"href":"https:\/\/apacame.org.br\/site\/wp-json\/wp\/v2\/pages\/1876"}],"wp:attachment":[{"href":"https:\/\/apacame.org.br\/site\/wp-json\/wp\/v2\/media?parent=1880"}],"curies":[{"name":"wp","href":"https:\/\/api.w.org\/{rel}","templated":true}]}}