{"id":1816,"date":"2017-04-18T00:58:11","date_gmt":"2017-04-18T00:58:11","guid":{"rendered":"http:\/\/apacame.org.br\/site\/?page_id=1816"},"modified":"2017-04-18T01:02:18","modified_gmt":"2017-04-18T01:02:18","slug":"atividade-3","status":"publish","type":"page","link":"https:\/\/apacame.org.br\/site\/revista\/mensagem-doce-n-140-marco-de-2017\/atividade-3\/","title":{"rendered":"Atividade"},"content":{"rendered":"<h1 style=\"text-align: center;\">CURSO DE MELIPONICULTURA<\/h1>\n<p><span style=\"font-size: large;\">Nos dias 26 e 27 de novembro de 2016 foi realizado com grande \u00eaxito o Curso de Meliponicultura promovido pela APACAME e ministrado pelo Meliponicultor Marciel Toquini, no Api\u00e1rio Escola da APACAME, localizado no Munic\u00edpio de Santana de Parna\u00edba \u2013 SP.<\/p>\n<p><span style=\"font-size: large;\">Foram abordados os seguinte assuntos:<\/p>\n<p><span style=\"font-size: large;\">Biologia das abelhas  \u2022 Conhecendo as Abelhas sem Ferr\u00e3o; \u2022 Meliponas x Trigonas  \u2022 Diferencia\u00e7\u00e3o de Castas;  \u2022 Vantagens da cria\u00e7\u00e3o racional  \u2022 Flora melipon\u00edcola  \u2022 Que esp\u00e9cie de abelhas criar  \u2022 Tipos de caixas  \u2022 Caixas iscas \u2022 Doen\u00e7as \u2022 Inimigos Naturais \u2022 Manejo das colmeias  \u2022 Montagem do melipon\u00e1rio  \u2022 Divis\u00e3o de Trigonas  \u2022 Divis\u00e3o de Meliponas  \u2022 Multiplica\u00e7\u00e3o de col\u00f4nias por processo artificial  \u2022 Colheita e conserva\u00e7\u00e3o do mel  \u2022 Legisla\u00e7\u00e3o  \u2022 Formas de alimentar as abelhas.<\/p>\n<p><span style=\"font-size: large;\">O Curso teve uma Apostila impressa ou digital, conforme a escolha do aluno e ao final foi outorgado Certificado comprovando a participa\u00e7\u00e3o no Curso.<\/p>\n<div id='gallery-1' class='gallery galleryid-1816 gallery-columns-3 gallery-size-medium'><figure class='gallery-item'>\n\t\t\t<div class='gallery-icon landscape'>\n\t\t\t\t<a href='https:\/\/apacame.org.br\/site\/wp-content\/uploads\/2017\/04\/Curso_02.jpg'><img fetchpriority=\"high\" decoding=\"async\" width=\"300\" height=\"238\" src=\"https:\/\/apacame.org.br\/site\/wp-content\/uploads\/2017\/04\/Curso_02-300x238.jpg\" class=\"attachment-medium size-medium\" alt=\"\" aria-describedby=\"gallery-1-1820\" srcset=\"https:\/\/apacame.org.br\/site\/wp-content\/uploads\/2017\/04\/Curso_02-300x238.jpg 300w, https:\/\/apacame.org.br\/site\/wp-content\/uploads\/2017\/04\/Curso_02-150x119.jpg 150w, https:\/\/apacame.org.br\/site\/wp-content\/uploads\/2017\/04\/Curso_02-500x397.jpg 500w, https:\/\/apacame.org.br\/site\/wp-content\/uploads\/2017\/04\/Curso_02.jpg 749w\" sizes=\"(max-width: 300px) 100vw, 300px\" \/><\/a>\n\t\t\t<\/div>\n\t\t\t\t<figcaption class='wp-caption-text gallery-caption' id='gallery-1-1820'>\n\t\t\t\tA participa\u00e7\u00e3o ativa dos alunos foi muito importante Quase que o Prof. Marciel Toquini n\u00e3o conseguia trabalhar. Epa!! Tem favos na m\u00e3o da aluna???\n\t\t\t\t<\/figcaption><\/figure><figure class='gallery-item'>\n\t\t\t<div class='gallery-icon landscape'>\n\t\t\t\t<a href='https:\/\/apacame.org.br\/site\/wp-content\/uploads\/2017\/04\/Curso_01.jpg'><img decoding=\"async\" width=\"300\" height=\"200\" src=\"https:\/\/apacame.org.br\/site\/wp-content\/uploads\/2017\/04\/Curso_01-300x200.jpg\" class=\"attachment-medium size-medium\" alt=\"\" aria-describedby=\"gallery-1-1819\" srcset=\"https:\/\/apacame.org.br\/site\/wp-content\/uploads\/2017\/04\/Curso_01-300x200.jpg 300w, https:\/\/apacame.org.br\/site\/wp-content\/uploads\/2017\/04\/Curso_01-150x100.jpg 150w, https:\/\/apacame.org.br\/site\/wp-content\/uploads\/2017\/04\/Curso_01-500x334.jpg 500w, https:\/\/apacame.org.br\/site\/wp-content\/uploads\/2017\/04\/Curso_01.jpg 748w\" sizes=\"(max-width: 300px) 100vw, 300px\" \/><\/a>\n\t\t\t<\/div>\n\t\t\t\t<figcaption class='wp-caption-text gallery-caption' id='gallery-1-1819'>\n\t\t\t\tFoi dada \u00eanfase \u00e0 parte pr\u00e1tica o que agradou aos alunos\n\t\t\t\t<\/figcaption><\/figure><figure class='gallery-item'>\n\t\t\t<div class='gallery-icon landscape'>\n\t\t\t\t<a href='https:\/\/apacame.org.br\/site\/wp-content\/uploads\/2017\/04\/Curso_03.jpg'><img decoding=\"async\" width=\"300\" height=\"200\" src=\"https:\/\/apacame.org.br\/site\/wp-content\/uploads\/2017\/04\/Curso_03-300x200.jpg\" class=\"attachment-medium size-medium\" alt=\"\" aria-describedby=\"gallery-1-1821\" srcset=\"https:\/\/apacame.org.br\/site\/wp-content\/uploads\/2017\/04\/Curso_03-300x200.jpg 300w, https:\/\/apacame.org.br\/site\/wp-content\/uploads\/2017\/04\/Curso_03-150x100.jpg 150w, https:\/\/apacame.org.br\/site\/wp-content\/uploads\/2017\/04\/Curso_03-500x334.jpg 500w, https:\/\/apacame.org.br\/site\/wp-content\/uploads\/2017\/04\/Curso_03.jpg 749w\" sizes=\"(max-width: 300px) 100vw, 300px\" \/><\/a>\n\t\t\t<\/div>\n\t\t\t\t<figcaption class='wp-caption-text gallery-caption' id='gallery-1-1821'>\n\t\t\t\tO dia ensolarado contribuiu para as aulas pr\u00e1ticas.\n\t\t\t\t<\/figcaption><\/figure>\n\t\t<\/div>\n\n","protected":false},"excerpt":{"rendered":"<p>CURSO DE MELIPONICULTURA Nos dias 26 e 27 de novembro de 2016 foi realizado com grande \u00eaxito o Curso de Meliponicultura promovido pela APACAME e ministrado pelo Meliponicultor Marciel Toquini, [&hellip;]<\/p>\n","protected":false},"author":1,"featured_media":0,"parent":1753,"menu_order":0,"comment_status":"open","ping_status":"open","template":"","meta":{"pmpro_default_level":"","_price":"","_stock":"","_tribe_ticket_header":"","_tribe_default_ticket_provider":"","_tribe_ticket_capacity":"0","_ticket_start_date":"","_ticket_end_date":"","_tribe_ticket_show_description":"","_tribe_ticket_show_not_going":false,"_tribe_ticket_use_global_stock":"","_tribe_ticket_global_stock_level":"","_global_stock_mode":"","_global_stock_cap":"","_tribe_rsvp_for_event":"","_tribe_ticket_going_count":"","_tribe_ticket_not_going_count":"","_tribe_tickets_list":"[]","_tribe_ticket_has_attendee_info_fields":false,"cybocfi_hide_featured_image":"","footnotes":""},"class_list":["post-1816","page","type-page","status-publish","hentry","pmpro-has-access"],"_links":{"self":[{"href":"https:\/\/apacame.org.br\/site\/wp-json\/wp\/v2\/pages\/1816"}],"collection":[{"href":"https:\/\/apacame.org.br\/site\/wp-json\/wp\/v2\/pages"}],"about":[{"href":"https:\/\/apacame.org.br\/site\/wp-json\/wp\/v2\/types\/page"}],"author":[{"embeddable":true,"href":"https:\/\/apacame.org.br\/site\/wp-json\/wp\/v2\/users\/1"}],"replies":[{"embeddable":true,"href":"https:\/\/apacame.org.br\/site\/wp-json\/wp\/v2\/comments?post=1816"}],"version-history":[{"count":3,"href":"https:\/\/apacame.org.br\/site\/wp-json\/wp\/v2\/pages\/1816\/revisions"}],"predecessor-version":[{"id":1818,"href":"https:\/\/apacame.org.br\/site\/wp-json\/wp\/v2\/pages\/1816\/revisions\/1818"}],"up":[{"embeddable":true,"href":"https:\/\/apacame.org.br\/site\/wp-json\/wp\/v2\/pages\/1753"}],"wp:attachment":[{"href":"https:\/\/apacame.org.br\/site\/wp-json\/wp\/v2\/media?parent=1816"}],"curies":[{"name":"wp","href":"https:\/\/api.w.org\/{rel}","templated":true}]}}