{"id":1810,"date":"2017-04-18T00:50:05","date_gmt":"2017-04-18T00:50:05","guid":{"rendered":"http:\/\/apacame.org.br\/site\/?page_id=1810"},"modified":"2017-04-18T00:57:01","modified_gmt":"2017-04-18T00:57:01","slug":"atividade-2","status":"publish","type":"page","link":"https:\/\/apacame.org.br\/site\/revista\/mensagem-doce-n-140-marco-de-2017\/atividade-2\/","title":{"rendered":"Atividade"},"content":{"rendered":"<h1 style=\"text-align: center;\">REUNI\u00c3O DOS APICULTORES E MELIPONICULTORES,<br \/>\nDIA 01 DE FEVEREIRO DE 2017<br \/>\nFELIZ E PR\u00d3SPERO 2017<\/h1>\n<figure id=\"attachment_1813\" aria-describedby=\"caption-attachment-1813\" style=\"width: 300px\" class=\"wp-caption alignleft\"><a href=\"https:\/\/apacame.org.br\/site\/wp-content\/uploads\/2017\/04\/Reuni\u00e3o-Fevereiro_03.jpg\"><img fetchpriority=\"high\" decoding=\"async\" class=\"wp-image-1813 size-medium\" src=\"https:\/\/apacame.org.br\/site\/wp-content\/uploads\/2017\/04\/Reuni\u00e3o-Fevereiro_03-300x169.jpg\" alt=\"Na reuni\u00e3o tivemos a participa\u00e7\u00e3o do nosso associado Jos\u00e9 Gomes dos Santos, do Api\u00e1rio Praia Grande que nos relatou o auxilio prestado \u00e0 outro associado da APACAME na cidade de S\u00e3o Vicente.\" width=\"300\" height=\"169\" srcset=\"https:\/\/apacame.org.br\/site\/wp-content\/uploads\/2017\/04\/Reuni\u00e3o-Fevereiro_03-300x169.jpg 300w, https:\/\/apacame.org.br\/site\/wp-content\/uploads\/2017\/04\/Reuni\u00e3o-Fevereiro_03-150x84.jpg 150w, https:\/\/apacame.org.br\/site\/wp-content\/uploads\/2017\/04\/Reuni\u00e3o-Fevereiro_03-500x281.jpg 500w, https:\/\/apacame.org.br\/site\/wp-content\/uploads\/2017\/04\/Reuni\u00e3o-Fevereiro_03.jpg 748w\" sizes=\"(max-width: 300px) 100vw, 300px\" \/><\/a><figcaption id=\"caption-attachment-1813\" class=\"wp-caption-text\">Na reuni\u00e3o tivemos a participa\u00e7\u00e3o do nosso associado Jos\u00e9 Gomes dos Santos, do Api\u00e1rio<br \/> Praia Grande que nos relatou o auxilio prestado \u00e0 outro associado da APACAME na cidade de<br \/> S\u00e3o Vicente.<\/figcaption><\/figure>\n<p><span style=\"font-size: large;\">Na nossa reuni\u00e3o do dia 01 de fevereiro de 2017, primeira reuni\u00e3o de 2017, foi projetado um V\u00eddeo que trata da Dan\u00e7a Das Abelhas o qual, por si s\u00f3, esgota o assunto sobre este fascinante modo de comunica\u00e7\u00e3o das abelhas Apis mel\u00edfera.<\/span><\/p>\n<p><span style=\"font-size: large;\">Dando prosseguimento \u00e0 reuni\u00e3o o nosso Diretor T\u00e9cnico Radam\u00e9s Zovaro apresentou um Data Show sobre Manejo para Cria\u00e7\u00e3o de Rainhas Apis mel\u00edfera.<\/span><\/p>\n<p><span style=\"font-size: large;\">Foi uma reuni\u00e3o t\u00e9cnica e de confraterniza\u00e7\u00e3o entre os associados para a retomada dos trabalhos do ano de 2017.<\/span><\/p>\n","protected":false},"excerpt":{"rendered":"<p>REUNI\u00c3O DOS APICULTORES E MELIPONICULTORES, DIA 01 DE FEVEREIRO DE 2017 FELIZ E PR\u00d3SPERO 2017 Na nossa reuni\u00e3o do dia 01 de fevereiro de 2017, primeira reuni\u00e3o de 2017, foi [&hellip;]<\/p>\n","protected":false},"author":1,"featured_media":0,"parent":1753,"menu_order":0,"comment_status":"open","ping_status":"open","template":"","meta":{"pmpro_default_level":"","_price":"","_stock":"","_tribe_ticket_header":"","_tribe_default_ticket_provider":"","_tribe_ticket_capacity":"0","_ticket_start_date":"","_ticket_end_date":"","_tribe_ticket_show_description":"","_tribe_ticket_show_not_going":false,"_tribe_ticket_use_global_stock":"","_tribe_ticket_global_stock_level":"","_global_stock_mode":"","_global_stock_cap":"","_tribe_rsvp_for_event":"","_tribe_ticket_going_count":"","_tribe_ticket_not_going_count":"","_tribe_tickets_list":"[]","_tribe_ticket_has_attendee_info_fields":false,"cybocfi_hide_featured_image":"","footnotes":""},"class_list":["post-1810","page","type-page","status-publish","hentry","pmpro-has-access"],"_links":{"self":[{"href":"https:\/\/apacame.org.br\/site\/wp-json\/wp\/v2\/pages\/1810"}],"collection":[{"href":"https:\/\/apacame.org.br\/site\/wp-json\/wp\/v2\/pages"}],"about":[{"href":"https:\/\/apacame.org.br\/site\/wp-json\/wp\/v2\/types\/page"}],"author":[{"embeddable":true,"href":"https:\/\/apacame.org.br\/site\/wp-json\/wp\/v2\/users\/1"}],"replies":[{"embeddable":true,"href":"https:\/\/apacame.org.br\/site\/wp-json\/wp\/v2\/comments?post=1810"}],"version-history":[{"count":4,"href":"https:\/\/apacame.org.br\/site\/wp-json\/wp\/v2\/pages\/1810\/revisions"}],"predecessor-version":[{"id":1812,"href":"https:\/\/apacame.org.br\/site\/wp-json\/wp\/v2\/pages\/1810\/revisions\/1812"}],"up":[{"embeddable":true,"href":"https:\/\/apacame.org.br\/site\/wp-json\/wp\/v2\/pages\/1753"}],"wp:attachment":[{"href":"https:\/\/apacame.org.br\/site\/wp-json\/wp\/v2\/media?parent=1810"}],"curies":[{"name":"wp","href":"https:\/\/api.w.org\/{rel}","templated":true}]}}