{"id":1803,"date":"2017-04-18T00:38:27","date_gmt":"2017-04-18T00:38:27","guid":{"rendered":"http:\/\/apacame.org.br\/site\/?page_id=1803"},"modified":"2017-04-18T00:44:39","modified_gmt":"2017-04-18T00:44:39","slug":"atividade","status":"publish","type":"page","link":"https:\/\/apacame.org.br\/site\/revista\/mensagem-doce-n-140-marco-de-2017\/atividade\/","title":{"rendered":"Atividade"},"content":{"rendered":"<h1 style=\"text-align: center;\">REUNI\u00c3O DOS APICULTORES E MELIPONICULTORES, DIA 07 DE DEZEMBRO DE 2016.<\/h1>\n<p><span style=\"font-size: large;\">Na nossa reuni\u00e3o do dia 07 de dezembro de 2016, tivemos a honra de receber a visita do Prof.Dr. Osmar Malaspina, da UNESP \/ Rio Claro que proferiu uma Palestra sobre o tema: Mapeamento de Abelhas Participativo (MAP), que conta com a participa\u00e7\u00e3o da Unesp e UFSCar. <\/span><\/p>\n<p><span style=\"font-size: large;\">O Mapeamento de Abelhas Participativo (MAP) \u00e9 uma iniciativa de pesquisa no Projeto Colmeia Viva, desenvolvido pelo Sindiveg &#8211; Sindicato Nacional da Ind\u00fastria de Produtos para a Defesa Vegetal para entender os fatores que contribuem para a perda de abelhas no Estado de S\u00e3o Paulo<\/span><\/p>\n<p><span style=\"font-size: large;\">O Palestrante \u00e9 Professor Livre Docente do Departamento de Biologia\/Centro de Estudos de Insetos Sociais do Instituto de Bioci\u00eancias de Rio Claro\/UNESP (SP) desde 1984. <\/span><\/p>\n<p><span style=\"font-size: large;\">Professor e orientador junto ao curso de P\u00f3s-Gradua\u00e7\u00e3o em Ci\u00eancias Biol\u00f3gicas, \u00e1reas de Zoologia e de Biologia Celular e Molecular e do Curso de Especializa\u00e7\u00e3o Entomologia Urbana, Instituto de Bioci\u00eancias, UNESP, Rio Claro. <\/span><\/p>\n<p><span style=\"font-size: large;\">Coordenador do Laborat\u00f3rio de Pesquisa sobre Ecotoxicologia de Abelhas Sociais \u2013 UNESP, Rio Claro.<\/span><\/p>\n<p><span style=\"font-size: large;\">Publicou centenas de artigos cient\u00edficos em revistas especializadas nacionais e internacionais, 5 cap\u00edtulos de livros e mais de 300 resumos em congressos e\/ou reuni\u00f5es cient\u00edficas. <\/span><\/p>\n<p><span style=\"font-size: large;\">Orientou\/orienta 42 alunos de inicia\u00e7\u00e3o cient\u00edfica, 15 de mestrado e 05 de doutorado.<\/span><\/p>\n<p><span style=\"font-size: large;\">Assessor\/consultor de diversas revistas cient\u00edficas e de \u00f3rg\u00e3os p\u00fablicos. <\/span><\/p>\n<p><span style=\"font-size: large;\">Supervisor Administrativo do Centro de Estudos de Insetos Sociais e Chefe do Departamento de Biologia do Instituto de Bioci\u00eancias de Rio Claro, UNESP.<\/span><\/p>\n<p><span style=\"font-size: large;\">Membro do Conselho Universit\u00e1rio da UNESP.<\/span><\/p>\n<p><span style=\"font-size: large;\">Um dos autores do desenvolvimento da patente do soro contra veneno de abelhas (2010). <\/span><\/p>\n<p><span style=\"font-size: large;\">Consultor junto ao IBAMA para estabelecimento de legisla\u00e7\u00e3o sobre an\u00e1lise de risco abelhas e defensivos agr\u00edcolas<\/span><\/p>\n<p><span style=\"font-size: large;\">O assunto despertou a aten\u00e7\u00e3o dos apicultores e meliponicultores presentes para tentar dimensionar as consequ\u00eancias da pulveriza\u00e7\u00e3o de Agrot\u00f3xicos nas nossas culturas o que vem causando a mortalidade das nossas abelhas.<\/span><\/p>\n<div id='gallery-1' class='gallery galleryid-1803 gallery-columns-3 gallery-size-medium'><figure class='gallery-item'>\n\t\t\t<div class='gallery-icon landscape'>\n\t\t\t\t<a href='https:\/\/apacame.org.br\/site\/wp-content\/uploads\/2017\/04\/Reuni\u00e3o-Dezembro_01.jpg'><img decoding=\"async\" width=\"300\" height=\"153\" src=\"https:\/\/apacame.org.br\/site\/wp-content\/uploads\/2017\/04\/Reuni\u00e3o-Dezembro_01-300x153.jpg\" class=\"attachment-medium size-medium\" alt=\"\" aria-describedby=\"gallery-1-1806\" srcset=\"https:\/\/apacame.org.br\/site\/wp-content\/uploads\/2017\/04\/Reuni\u00e3o-Dezembro_01-300x153.jpg 300w, https:\/\/apacame.org.br\/site\/wp-content\/uploads\/2017\/04\/Reuni\u00e3o-Dezembro_01-150x77.jpg 150w, https:\/\/apacame.org.br\/site\/wp-content\/uploads\/2017\/04\/Reuni\u00e3o-Dezembro_01-500x256.jpg 500w, https:\/\/apacame.org.br\/site\/wp-content\/uploads\/2017\/04\/Reuni\u00e3o-Dezembro_01.jpg 561w\" sizes=\"(max-width: 300px) 100vw, 300px\" \/><\/a>\n\t\t\t<\/div>\n\t\t\t\t<figcaption class='wp-caption-text gallery-caption' id='gallery-1-1806'>\n\t\t\t\tProf Dr. Osmar Malaspina, durante a sua exposi\u00e7\u00e3o\n\t\t\t\t<\/figcaption><\/figure><figure class='gallery-item'>\n\t\t\t<div class='gallery-icon landscape'>\n\t\t\t\t<a href='https:\/\/apacame.org.br\/site\/wp-content\/uploads\/2017\/04\/Reuni\u00e3o-Dezembro_02.jpg'><img decoding=\"async\" width=\"300\" height=\"138\" src=\"https:\/\/apacame.org.br\/site\/wp-content\/uploads\/2017\/04\/Reuni\u00e3o-Dezembro_02-300x138.jpg\" class=\"attachment-medium size-medium\" alt=\"\" aria-describedby=\"gallery-1-1807\" srcset=\"https:\/\/apacame.org.br\/site\/wp-content\/uploads\/2017\/04\/Reuni\u00e3o-Dezembro_02-300x138.jpg 300w, https:\/\/apacame.org.br\/site\/wp-content\/uploads\/2017\/04\/Reuni\u00e3o-Dezembro_02-150x69.jpg 150w, https:\/\/apacame.org.br\/site\/wp-content\/uploads\/2017\/04\/Reuni\u00e3o-Dezembro_02-500x231.jpg 500w, https:\/\/apacame.org.br\/site\/wp-content\/uploads\/2017\/04\/Reuni\u00e3o-Dezembro_02.jpg 748w\" sizes=\"(max-width: 300px) 100vw, 300px\" \/><\/a>\n\t\t\t<\/div>\n\t\t\t\t<figcaption class='wp-caption-text gallery-caption' id='gallery-1-1807'>\n\t\t\t\tVista parcial dos participantes\n\t\t\t\t<\/figcaption><\/figure><figure class='gallery-item'>\n\t\t\t<div class='gallery-icon landscape'>\n\t\t\t\t<a href='https:\/\/apacame.org.br\/site\/wp-content\/uploads\/2017\/04\/Reuni\u00e3o-Dezembro_03.jpg'><img fetchpriority=\"high\" decoding=\"async\" width=\"300\" height=\"188\" src=\"https:\/\/apacame.org.br\/site\/wp-content\/uploads\/2017\/04\/Reuni\u00e3o-Dezembro_03-300x188.jpg\" class=\"attachment-medium size-medium\" alt=\"\" aria-describedby=\"gallery-1-1808\" srcset=\"https:\/\/apacame.org.br\/site\/wp-content\/uploads\/2017\/04\/Reuni\u00e3o-Dezembro_03-300x188.jpg 300w, https:\/\/apacame.org.br\/site\/wp-content\/uploads\/2017\/04\/Reuni\u00e3o-Dezembro_03-150x94.jpg 150w, https:\/\/apacame.org.br\/site\/wp-content\/uploads\/2017\/04\/Reuni\u00e3o-Dezembro_03-500x313.jpg 500w, https:\/\/apacame.org.br\/site\/wp-content\/uploads\/2017\/04\/Reuni\u00e3o-Dezembro_03.jpg 747w\" sizes=\"(max-width: 300px) 100vw, 300px\" \/><\/a>\n\t\t\t<\/div>\n\t\t\t\t<figcaption class='wp-caption-text gallery-caption' id='gallery-1-1808'>\n\t\t\t\tConstantino Zara Filho, Dr. Osmar Malaspina e Radam\u00e9s Zovaro.\n\t\t\t\t<\/figcaption><\/figure>\n\t\t<\/div>\n\n","protected":false},"excerpt":{"rendered":"<p>REUNI\u00c3O DOS APICULTORES E MELIPONICULTORES, DIA 07 DE DEZEMBRO DE 2016. Na nossa reuni\u00e3o do dia 07 de dezembro de 2016, tivemos a honra de receber a visita do Prof.Dr. [&hellip;]<\/p>\n","protected":false},"author":1,"featured_media":0,"parent":1753,"menu_order":0,"comment_status":"open","ping_status":"open","template":"","meta":{"pmpro_default_level":"","_price":"","_stock":"","_tribe_ticket_header":"","_tribe_default_ticket_provider":"","_tribe_ticket_capacity":"0","_ticket_start_date":"","_ticket_end_date":"","_tribe_ticket_show_description":"","_tribe_ticket_show_not_going":false,"_tribe_ticket_use_global_stock":"","_tribe_ticket_global_stock_level":"","_global_stock_mode":"","_global_stock_cap":"","_tribe_rsvp_for_event":"","_tribe_ticket_going_count":"","_tribe_ticket_not_going_count":"","_tribe_tickets_list":"[]","_tribe_ticket_has_attendee_info_fields":false,"cybocfi_hide_featured_image":"","footnotes":""},"class_list":["post-1803","page","type-page","status-publish","hentry","pmpro-has-access"],"_links":{"self":[{"href":"https:\/\/apacame.org.br\/site\/wp-json\/wp\/v2\/pages\/1803"}],"collection":[{"href":"https:\/\/apacame.org.br\/site\/wp-json\/wp\/v2\/pages"}],"about":[{"href":"https:\/\/apacame.org.br\/site\/wp-json\/wp\/v2\/types\/page"}],"author":[{"embeddable":true,"href":"https:\/\/apacame.org.br\/site\/wp-json\/wp\/v2\/users\/1"}],"replies":[{"embeddable":true,"href":"https:\/\/apacame.org.br\/site\/wp-json\/wp\/v2\/comments?post=1803"}],"version-history":[{"count":3,"href":"https:\/\/apacame.org.br\/site\/wp-json\/wp\/v2\/pages\/1803\/revisions"}],"predecessor-version":[{"id":1805,"href":"https:\/\/apacame.org.br\/site\/wp-json\/wp\/v2\/pages\/1803\/revisions\/1805"}],"up":[{"embeddable":true,"href":"https:\/\/apacame.org.br\/site\/wp-json\/wp\/v2\/pages\/1753"}],"wp:attachment":[{"href":"https:\/\/apacame.org.br\/site\/wp-json\/wp\/v2\/media?parent=1803"}],"curies":[{"name":"wp","href":"https:\/\/api.w.org\/{rel}","templated":true}]}}