{"id":1780,"date":"2017-04-14T19:16:47","date_gmt":"2017-04-14T19:16:47","guid":{"rendered":"http:\/\/apacame.org.br\/site\/?page_id=1780"},"modified":"2017-04-14T19:21:32","modified_gmt":"2017-04-14T19:21:32","slug":"workshop","status":"publish","type":"page","link":"https:\/\/apacame.org.br\/site\/revista\/mensagem-doce-n-140-marco-de-2017\/workshop\/","title":{"rendered":"Workshop"},"content":{"rendered":"<h1 style=\"text-align: center;\">Workshop nos EUA traz resultados para avalia\u00e7\u00e3o do risco de agrot\u00f3xicos no Brasil<\/h1>\n<blockquote><p>\u00daltima atualiza\u00e7\u00e3o em Sexta, 10 de Fevereiro de 2017, 19h58<\/p><\/blockquote>\n<p><figure id=\"attachment_1783\" aria-describedby=\"caption-attachment-1783\" style=\"width: 281px\" class=\"wp-caption alignleft\"><a href=\"https:\/\/apacame.org.br\/site\/wp-content\/uploads\/2017\/04\/Workshop.jpg\"><img decoding=\"async\" src=\"https:\/\/apacame.org.br\/site\/wp-content\/uploads\/2017\/04\/Workshop.jpg\" alt=\"Abelha Arapu\u00e1 (Trigona spinipes), nativa do Brasil -Foto: Cristiano Menezes\" width=\"281\" height=\"148\" class=\"size-full wp-image-1783\" srcset=\"https:\/\/apacame.org.br\/site\/wp-content\/uploads\/2017\/04\/Workshop.jpg 281w, https:\/\/apacame.org.br\/site\/wp-content\/uploads\/2017\/04\/Workshop-150x79.jpg 150w\" sizes=\"(max-width: 281px) 100vw, 281px\" \/><\/a><figcaption id=\"caption-attachment-1783\" class=\"wp-caption-text\">Abelha Arapu\u00e1 (Trigona spinipes), nativa do<br \/>Brasil -Foto: Cristiano Menezes<\/figcaption><\/figure><span style=\"font-size: large;\">Bras\u00edlia (09\/02\/2017) \u2013 A analista do IBAMA Karina Cham e a professora Roberta Corn\u00e9lio Ferreira Nocelli, da Universidade Federal de S\u00e3o Carlos (SP), representaram o Brasil no workshop Pesticide Exposure Assessment Paradigm for non-Apis Bees (Paradigma para avalia\u00e7\u00e3o de exposi\u00e7\u00e3o a agrot\u00f3xicos para abelhas n\u00e3o-Apis), realizado de 10 a 12 de janeiro na Ag\u00eancia de Prote\u00e7\u00e3o Ambiental dos Estados Unidos (EPA), em Washington.<\/span><\/p>\n<p><span style=\"font-size: large;\">A oficina teve como objetivo discutir as particularidades da exposi\u00e7\u00e3o de abelhas n\u00e3o-Apis a agrot\u00f3xicos em ambientes agr\u00edcolas e estudar a necessidade de altera\u00e7\u00e3o da avalia\u00e7\u00e3o de risco do uso desses produtos empregada atualmente por ag\u00eancias reguladoras. Os resultados, que cont\u00eam informa\u00e7\u00f5es importantes para o processo global de regula\u00e7\u00e3o de agrot\u00f3xicos e apontam pesquisas necess\u00e1rias, ser\u00e3o divulgados em uma publica\u00e7\u00e3o que ser\u00e1 lan\u00e7ada em breve pelo comit\u00ea organizador do workshop.<\/span><\/p>\n<p><span style=\"font-size: large;\">A Apis mellifera, tamb\u00e9m conhecida como abelha do mel, \u00e9 considerada a principal polinizadora de culturas agr\u00edcolas no mundo. Por ter biologia conhecida, ser facilmente mantida em laborat\u00f3rio e apresentar ampla distribui\u00e7\u00e3o geogr\u00e1fica, \u00e9 utilizada como organismo-teste padr\u00e3o em estudos voltados para avalia\u00e7\u00f5es de risco do uso de agrot\u00f3xicos. Abelhas nativas de outras esp\u00e9cies (chamadas n\u00e3o-Apis para fins did\u00e1ticos) realizam at\u00e9 90% da poliniza\u00e7\u00e3o em alguns ecossistemas brasileiros. Entre estas, destacam-se as abelhas sem ferr\u00e3o (melipon\u00edneos), cujas caracter\u00edsticas foram apresentadas pelo Brasil no workshop. O grupo \u00e9 caracter\u00edstico de climas tropicais e est\u00e1 presente na maior parte dos pa\u00edses sul-americanos.<\/span><\/p>\n<p><span style=\"font-size: large;\">Os outros pa\u00edses participantes apresentaram informa\u00e7\u00f5es sobre abelhas solit\u00e1rias\u00a0(Osmia spp., Megachile rotundata\u00a0e\u00a0Nomia melanderi)\u00a0e as do g\u00eanero\u00a0Bombus, para as quais j\u00e1 est\u00e3o sendo desenvolvidos protocolos para teste.<\/span><\/p>\n<p><span style=\"font-size: large;\">A bi\u00f3loga Karina Cham, que representou a Diretoria de Qualidade Ambiental do Ibama no workshop, coordena um grupo de trabalho (GT) formado por representantes da academia, de empresas e de \u00f3rg\u00e3os de pesquisa com a finalidade de propor a primeira norma brasileira sobre o risco do uso de agrot\u00f3xico para os polinizadores e elaborar um manual que oriente sua aplica\u00e7\u00e3o. No fim de janeiro, o grupo elaborou uma nota t\u00e9cnica na qual aponta quest\u00f5es que precisam ser estudadas para garantir o avan\u00e7o dos procedimentos de avalia\u00e7\u00e3o de risco do uso de agrot\u00f3xicos.<\/span><\/p>\n<p><span style=\"font-size: large;\">Participaram do evento 37 especialistas do governo, da academia e da ind\u00fastria, al\u00e9m de representantes da EPA, da\u00a0California Department of Pesticide Regulation\u00a0(CDPR) e da\u00a0United States Department of Agriculture\u00a0(USDA), dos Estados Unidos; da\u00a0European Food Safety Authority\u00a0(EFSA), da Europa; da\u00a0Pest Management Regulatory Agency\u00a0(PMRA), do Canad\u00e1; da\u00a0Agence Nationale de S\u00e9curit\u00e9 Sanitaire de l\u203aAlimentation, de l\u203aEnvironnement et du Travail\u00a0(ANSES), da Fran\u00e7a; e do Julius K\u00fchn Institute (JKI), da Alemanha. O Brasil foi o \u00fanico pa\u00eds do hemisf\u00e9rio sul a participar do evento.\u00a0<\/span><\/p>\n<p><span style=\"font-size: large;\"><b>Resultados<\/b><\/span><\/p>\n<p><span style=\"font-size: large;\">Um dos cap\u00edtulos da publica\u00e7\u00e3o que divulgar\u00e1 os resultados do workshop ser\u00e1 baseado no documento sobre melipon\u00edneos apresentado pelo Brasil. Elaborado por especialistas brasileiros em abelhas sem ferr\u00e3o, o material poder\u00e1 servir de base para que diversos pa\u00edses desenvolvam instrumentos de prote\u00e7\u00e3o aos polinizadores.<\/span><\/p>\n<p><span style=\"font-size: large;\">O encontro tamb\u00e9m resultou na elabora\u00e7\u00e3o de uma equa\u00e7\u00e3o que permite calcular a exposi\u00e7\u00e3o \u00e0 agrot\u00f3xicos pelo contato com elementos do solo. A solu\u00e7\u00e3o poder\u00e1 ser incorporada ao sistema de avalia\u00e7\u00e3o de risco aplicado atualmente pelo Ibama.<\/span><\/p>\n<p><span style=\"font-size: large;\">A primeira instru\u00e7\u00e3o normativa sobre o risco do uso de agrot\u00f3xicos para abelhas ser\u00e1 publicada em breve pelo IBAMA, associada a um manual de procedimentos que orientar\u00e1 sua aplica\u00e7\u00e3o.\u00a0<\/span><\/p>\n<p><span style=\"font-size: large;\"><b>Mais informa\u00e7\u00f5es:<\/b><\/span><\/p>\n<p><span style=\"font-size: large;\">Nota t\u00e9cnica \u201cAvalia\u00e7\u00e3o de risco de agrot\u00f3xicos para insetos polinizadores e lacunas de conhecimento\u201d<\/span><\/p>\n","protected":false},"excerpt":{"rendered":"<p>Workshop nos EUA traz resultados para avalia\u00e7\u00e3o do risco de agrot\u00f3xicos no Brasil \u00daltima atualiza\u00e7\u00e3o em Sexta, 10 de Fevereiro de 2017, 19h58 Bras\u00edlia (09\/02\/2017) \u2013 A analista do IBAMA [&hellip;]<\/p>\n","protected":false},"author":1,"featured_media":0,"parent":1753,"menu_order":0,"comment_status":"open","ping_status":"open","template":"","meta":{"pmpro_default_level":"","_price":"","_stock":"","_tribe_ticket_header":"","_tribe_default_ticket_provider":"","_tribe_ticket_capacity":"0","_ticket_start_date":"","_ticket_end_date":"","_tribe_ticket_show_description":"","_tribe_ticket_show_not_going":false,"_tribe_ticket_use_global_stock":"","_tribe_ticket_global_stock_level":"","_global_stock_mode":"","_global_stock_cap":"","_tribe_rsvp_for_event":"","_tribe_ticket_going_count":"","_tribe_ticket_not_going_count":"","_tribe_tickets_list":"[]","_tribe_ticket_has_attendee_info_fields":false,"cybocfi_hide_featured_image":"","footnotes":""},"class_list":["post-1780","page","type-page","status-publish","hentry","pmpro-has-access"],"_links":{"self":[{"href":"https:\/\/apacame.org.br\/site\/wp-json\/wp\/v2\/pages\/1780"}],"collection":[{"href":"https:\/\/apacame.org.br\/site\/wp-json\/wp\/v2\/pages"}],"about":[{"href":"https:\/\/apacame.org.br\/site\/wp-json\/wp\/v2\/types\/page"}],"author":[{"embeddable":true,"href":"https:\/\/apacame.org.br\/site\/wp-json\/wp\/v2\/users\/1"}],"replies":[{"embeddable":true,"href":"https:\/\/apacame.org.br\/site\/wp-json\/wp\/v2\/comments?post=1780"}],"version-history":[{"count":3,"href":"https:\/\/apacame.org.br\/site\/wp-json\/wp\/v2\/pages\/1780\/revisions"}],"predecessor-version":[{"id":1782,"href":"https:\/\/apacame.org.br\/site\/wp-json\/wp\/v2\/pages\/1780\/revisions\/1782"}],"up":[{"embeddable":true,"href":"https:\/\/apacame.org.br\/site\/wp-json\/wp\/v2\/pages\/1753"}],"wp:attachment":[{"href":"https:\/\/apacame.org.br\/site\/wp-json\/wp\/v2\/media?parent=1780"}],"curies":[{"name":"wp","href":"https:\/\/api.w.org\/{rel}","templated":true}]}}