{"id":1776,"date":"2017-04-14T19:09:16","date_gmt":"2017-04-14T19:09:16","guid":{"rendered":"http:\/\/apacame.org.br\/site\/?page_id=1776"},"modified":"2017-04-14T19:14:38","modified_gmt":"2017-04-14T19:14:38","slug":"comunicado","status":"publish","type":"page","link":"https:\/\/apacame.org.br\/site\/revista\/mensagem-doce-n-140-marco-de-2017\/comunicado\/","title":{"rendered":"Comunicado"},"content":{"rendered":"<h1 style=\"text-align: center;\">Prezados colegas do GT Abelhas e demais pesquisadores<\/h1>\n<blockquote><p>Karina Cham &#8211; Bi\u00f3loga &#8211; Analista Ambiental Instituto Brasileiro do Meio Ambiente e dos Recursos Naturais Renov\u00e1veis \u2013 IBAMA &#8211; Diretoria de Qualidade Ambiental \u2013 DIQUA Coordena\u00e7\u00e3o Geral de Avalia\u00e7\u00e3o e Controle de Subst\u00e2ncias Qu\u00edmicas \u2013 CGASQ<br \/>\nSCEN trecho 2 &#8211; Edif\u00edcio Sede &#8211; Bloco C &#8211; 1\u00ba andar &#8211; Bras\u00edlia &#8211; DF &#8211; Fone: (61) 3316-1310<\/p><\/blockquote>\n<p><span style=\"font-size: large;\">Escrevo-lhes para comunicar que na data de 09\/02\/2017 foi publicada no Di\u00e1rio Oficial da Uni\u00e3o a Instru\u00e7\u00e3o Normativa n\u00ba 2, que estabelece diretrizes,requisitos e procedimentos para a avalia\u00e7\u00e3o de risco de agrot\u00f3xicos para abelhas.<\/span><\/p>\n<p><span style=\"font-size: large;\"><a href=\"http:\/\/pesquisa.in.gov.br\/imprensa\/jsp\/visualiza\/index.jsp?jornal=1&amp;pagina=33&amp;data=10\/02\/2017\" target=\"_blank\" rel=\"noopener\">http:\/\/pesquisa.in.gov.br\/imprensa\/jsp\/visualiza\/index.jsp?jornal=1&amp;pagina=33&amp;data=10\/02\/2017<\/a><\/span><\/p>\n<p><span style=\"font-size: large;\">A publica\u00e7\u00e3o dessa <b>IN<\/b> representa uma mudan\u00e7a de paradigma muito grande com rela\u00e7\u00e3o \u00e0 regula\u00e7\u00e3o de agrot\u00f3xicos no Brasil, mas \u00e9 apenas um primeiro passo. Muito ainda precisa ser feito para que possamos aprimorar esse instrumento e conseguir o que de fato n\u00f3s almejamos alcan\u00e7ar: a sustentabilidade na agricultura com efetividade na prote\u00e7\u00e3o dos insetos polinizadores e de outros organismos n\u00e3o-alvo.<\/span><\/p>\n<p><span style=\"font-size: large;\">Em breve ser\u00e1 publicado um manual que orientar\u00e1 a aplica\u00e7\u00e3o dessa norma, bem como ser\u00e1 realizado um treinamento aberto a todos os interessados, onde as bases da avalia\u00e7\u00e3o de risco e todas as mudan\u00e7as envolvidas nesse processo ser\u00e3o melhor detalhadas.<\/span><\/p>\n<p><span style=\"font-size: large;\">Aproveito tamb\u00e9m para divulgar um breve relato sobre a nossa participa\u00e7\u00e3o no Workshop realizado nos USA no in\u00edcio do ano, cujo aux\u00edlio de muitos de voc\u00eas foi essencial para que pud\u00e9ssemos representar as abelhas nativas do Brasil:<a href=\"http:\/\/www.ibama.gov.br\/index.php?option=com_content&amp;view=article&amp;id=990\" target=\"_blank\" rel=\"noopener\">http:\/\/www.ibama.gov.br\/index.php?option=com_content&amp;view=article&amp;id=990<\/a>. (reproduzida aqui na Mensagem Doce)<\/span><\/p>\n<p><span style=\"font-size: large;\">Nesse mesmo link encontra-se uma nota t\u00e9cnica que elenca lacunas de conhecimento que precisam ser sanadas para que possamos avan\u00e7ar nesse trabalho. (reproduzida aqui na Mensagem Doce).<\/span><\/p>\n<p><span style=\"font-size: large;\">Agrade\u00e7o imensamente a colabora\u00e7\u00e3o de todos e pe\u00e7o a gentileza de divulgar entre seus contatos.<\/span><\/p>\n","protected":false},"excerpt":{"rendered":"<p>Prezados colegas do GT Abelhas e demais pesquisadores Karina Cham &#8211; Bi\u00f3loga &#8211; Analista Ambiental Instituto Brasileiro do Meio Ambiente e dos Recursos Naturais Renov\u00e1veis \u2013 IBAMA &#8211; Diretoria de [&hellip;]<\/p>\n","protected":false},"author":1,"featured_media":0,"parent":1753,"menu_order":0,"comment_status":"open","ping_status":"open","template":"","meta":{"pmpro_default_level":"","_price":"","_stock":"","_tribe_ticket_header":"","_tribe_default_ticket_provider":"","_tribe_ticket_capacity":"0","_ticket_start_date":"","_ticket_end_date":"","_tribe_ticket_show_description":"","_tribe_ticket_show_not_going":false,"_tribe_ticket_use_global_stock":"","_tribe_ticket_global_stock_level":"","_global_stock_mode":"","_global_stock_cap":"","_tribe_rsvp_for_event":"","_tribe_ticket_going_count":"","_tribe_ticket_not_going_count":"","_tribe_tickets_list":"[]","_tribe_ticket_has_attendee_info_fields":false,"cybocfi_hide_featured_image":"","footnotes":""},"class_list":["post-1776","page","type-page","status-publish","hentry","pmpro-has-access"],"_links":{"self":[{"href":"https:\/\/apacame.org.br\/site\/wp-json\/wp\/v2\/pages\/1776"}],"collection":[{"href":"https:\/\/apacame.org.br\/site\/wp-json\/wp\/v2\/pages"}],"about":[{"href":"https:\/\/apacame.org.br\/site\/wp-json\/wp\/v2\/types\/page"}],"author":[{"embeddable":true,"href":"https:\/\/apacame.org.br\/site\/wp-json\/wp\/v2\/users\/1"}],"replies":[{"embeddable":true,"href":"https:\/\/apacame.org.br\/site\/wp-json\/wp\/v2\/comments?post=1776"}],"version-history":[{"count":3,"href":"https:\/\/apacame.org.br\/site\/wp-json\/wp\/v2\/pages\/1776\/revisions"}],"predecessor-version":[{"id":1778,"href":"https:\/\/apacame.org.br\/site\/wp-json\/wp\/v2\/pages\/1776\/revisions\/1778"}],"up":[{"embeddable":true,"href":"https:\/\/apacame.org.br\/site\/wp-json\/wp\/v2\/pages\/1753"}],"wp:attachment":[{"href":"https:\/\/apacame.org.br\/site\/wp-json\/wp\/v2\/media?parent=1776"}],"curies":[{"name":"wp","href":"https:\/\/api.w.org\/{rel}","templated":true}]}}