{"id":1772,"date":"2017-04-14T18:54:48","date_gmt":"2017-04-14T18:54:48","guid":{"rendered":"http:\/\/apacame.org.br\/site\/?page_id=1772"},"modified":"2017-04-14T18:54:48","modified_gmt":"2017-04-14T18:54:48","slug":"comentario","status":"publish","type":"page","link":"https:\/\/apacame.org.br\/site\/revista\/mensagem-doce-n-140-marco-de-2017\/comentario\/","title":{"rendered":"Coment\u00e1rio"},"content":{"rendered":"<h1 style=\"text-align: center;\">At\u00e9 quando o Apicultor ter\u00e1 preju\u00edzo com a pulveriza\u00e7\u00e3o da lavoura<\/h1>\n<blockquote><p>Radam\u00e9s Zovaro &#8211; Diretor T\u00e9cnico da APACAME e Empres\u00e1rio na \u00e1rea Ap\u00edcola.<\/p><\/blockquote>\n<p><figure id=\"attachment_1773\" aria-describedby=\"caption-attachment-1773\" style=\"width: 300px\" class=\"wp-caption alignleft\"><a href=\"https:\/\/apacame.org.br\/site\/wp-content\/uploads\/2017\/04\/Ate-quando.jpg\"><img decoding=\"async\" src=\"https:\/\/apacame.org.br\/site\/wp-content\/uploads\/2017\/04\/Ate-quando-300x126.jpg\" alt=\"72% de todas as culturas agr\u00edcolas dependem dos polinizadores.\" width=\"300\" height=\"126\" class=\"size-medium wp-image-1773\" srcset=\"https:\/\/apacame.org.br\/site\/wp-content\/uploads\/2017\/04\/Ate-quando-300x126.jpg 300w, https:\/\/apacame.org.br\/site\/wp-content\/uploads\/2017\/04\/Ate-quando-150x63.jpg 150w, https:\/\/apacame.org.br\/site\/wp-content\/uploads\/2017\/04\/Ate-quando-500x210.jpg 500w, https:\/\/apacame.org.br\/site\/wp-content\/uploads\/2017\/04\/Ate-quando.jpg 561w\" sizes=\"(max-width: 300px) 100vw, 300px\" \/><\/a><figcaption id=\"caption-attachment-1773\" class=\"wp-caption-text\">72% de todas as culturas agr\u00edcolas dependem dos polinizadores.<\/figcaption><\/figure><span style=\"font-size: large;\">Tivemos a oportunidade de assistir na reuni\u00e3o planaria da APACAME, no dia 7 de dezembro ultimo,a palestra proferida pelo Prof. Dr. Osmar Malaspina da UNESP\/Rio Claro comentando um assunto de suma import\u00e2ncia para a \u00e1rea ap\u00edcola que teve como tema Mapeamento de Abelhas Participativo (MAP). <\/span><\/p>\n<p><span style=\"font-size: large;\">O tema abordado conta com o apoioda UNESP e UFSCar. O tema proposto \u00e9 de iniciativa de pesquisa do Projeto Colmeia Viva, desenvolvido pela SINDVEG \u2013 Sindicato Nacional da Ind\u00fastria de Produtos para Defesa Vegetal, cuja finalidade \u00e9 entender os fatores que contribuem para a perda de abelhas no Estado de S\u00e3o Paulo.<\/span><\/p>\n<p><span style=\"font-size: large;\">O tema \u00e9 muito polemico, v\u00e1rios setores est\u00e3o envolvidos, al\u00e9m das ind\u00fastrias fabricantes de produtos conhecidos como \u201cagrot\u00f3xicos\u201d cuja utiliza\u00e7\u00e3o \u00e9 para o combate de insetos na lavoura (a abelha \u00e9 um inseto), assim como os pilotos de aeronaves que efetuam a pulveriza\u00e7\u00e3o, o fazendeiro e em especial o agr\u00f4nomo respons\u00e1vel em solicitar e acompanhar a pulveriza\u00e7\u00e3o, \u00f3rg\u00e3os governamentais que permitem o uso de determinados produtos assim como o pr\u00f3prio apicultor que no momento \u00e9 o grande prejudicado.<\/span><\/p>\n<p><span style=\"font-size: large;\">A abelha \u00e9 um inseto, porem ela n\u00e3o \u00e9 mal\u00e9fica, pelo contrario \u00e9 altamente ben\u00e9fica, pois 72% de todos os vegetais que consumimos s\u00f3 existem porque s\u00e3o as abelhas que fazem a poliniza\u00e7\u00e3o, dai a sua import\u00e2ncia para a preserva\u00e7\u00e3o do meio ambiente. E quando falamos de abelhas, falamos de todas as esp\u00e9cies, abelhas Solit\u00e1rias, Bombus, Meliponas, Trigonas e as Apis mell\u00edferas. Todas as esp\u00e9cies t\u00eam a fun\u00e7\u00e3o de polinizar as flores, ou seja, transferir os gr\u00e3os de p\u00f3len da antera (\u00f3rg\u00e3o masculino da flor) para o estigma (\u00f3rg\u00e3o feminino) de uma mesma flor ou de uma outra flor do mesmo p\u00e9 ou de p\u00e9s diferentes. Por exemplo temos tido um excelente resultado com as abelhas Jata\u00ed (Tetragonisca angustula angustula) na planta\u00e7\u00e3o de morangos e da Apis mel\u00edfera na planta\u00e7\u00e3o de ma\u00e7\u00e3.<\/span><\/p>\n<p><span style=\"font-size: large;\">As ind\u00fastrias fabricantes de produtos para a defesa vegetal, a maioria s\u00e3o multinacionais, com um potencial enorme, criam seus produtos que s\u00e3o aprovados pelos \u00f3rg\u00e3os governamentais (Minist\u00e9rio da Agricultura, ANVISA, etc.) e colocam no mercado, com a finalidade de atender as necessidades do agricultor. <\/span><\/p>\n<p><span style=\"font-size: large;\">O fazendeiro agricultor normalmente contrata um Engenheiro agr\u00f4nomo ou algum elemento conhecedor dos produtos para orienta-lo no plantio e na sustentabilidade do projeto agr\u00edcola. Cabe ao propriet\u00e1rio ou o respons\u00e1vel determinar o produto ou produtos que ser\u00e3o aplicados com a finalidade de combater as pragas que normalmente frequentam a planta\u00e7\u00e3o como forma de sobreviv\u00eancia. Muitas vezes a quantidade aplicada \u00e9 uma variedade muito grande de produtos chegando ao absurdo de uma aplica\u00e7\u00e3o atingir a quantidade de 10 a 15 itens. Cabe ao fazendeiro ou agr\u00f4nomo analisar se a aplica\u00e7\u00e3o de todos esses produtos s\u00e3o realmente necess\u00e1rios na sua planta\u00e7\u00e3o.<\/span><\/p>\n<p><span style=\"font-size: large;\">\u00c9 de suma import\u00e2ncia a preocupa\u00e7\u00e3o com o uso incorreto de substancias que s\u00e3o potencialmente perigosas para o meio ambiente. Devemos ter consci\u00eancia que os agentes polinizadores (em especial as abelhas) podem ser atingidos se os produtos utilizados n\u00e3o forem aplicados corretamente al\u00e9m de serem observadas as normas b\u00e1sicas das boas praticas agr\u00edcolas.<\/span><\/p>\n<p><span style=\"font-size: large;\">Al\u00e9m da escolha do produto ou produtos, a forma a ser aplicada influem tremendamente no meio ambiente, Hoje \u00e9 muito comum o uso de aeronaves para efetuar a aplica\u00e7\u00e3o dos defensivos agr\u00edcolas. Evidentemente fatores outros influem, como velocidade do vento, altitude do voo, aberturas dos bicos injetores (local onde \u00e9 feita a libera\u00e7\u00e3o dos produtos a serem utilizados ou aplicados) etc., etc. \u00c9 importante salientar que esses fatores se n\u00e3o forem seguidos corretamente poder\u00e1 prejudicar outras planta\u00e7\u00f5es, insetos, animais e mesmos pessoas localizadas a uma distancia de 2 a 3 km ou mais da \u00e1rea projetada, isto porque o vento leva esses produtos para fora da \u00e1rea de a\u00e7\u00e3o planejada. <\/span><\/p>\n<p><span style=\"font-size: large;\">O apicultor infelizmente no sistema \u00e9 o mais prejudicado, pois ele coloca as colmeias, pr\u00f3ximo das planta\u00e7\u00f5es. Com a pulveriza\u00e7\u00e3o praticamente as abelhas s\u00e3o dizimadas, consequentemente al\u00e9m de n\u00e3o produzir nada perde tamb\u00e9m as abelhas. \u00c9 importante que o apicultor ao negociar a coloca\u00e7\u00e3o das colmeias com o agricultor fa\u00e7a um contrato constando determinadas clausulas que de garantia de ser ressarcido de determinados preju\u00edzos por mortandade das abelha em fun\u00e7\u00e3o das pulveriza\u00e7\u00f5es.<\/span><\/p>\n<p><span style=\"font-size: large;\">\u00c9 importante o agricultor ter conhecimento da import\u00e2ncia da abelha no meio ambiente, principalmente em determinadas culturas, onde a poliniza\u00e7\u00e3o das abelhas amplia e melhora consideravelmente a qualidade do produto final. Temos observado isso em planta\u00e7\u00f5es de laranjas e morangos, ma\u00e7\u00e3s, mel\u00e3o, etc..<\/span><\/p>\n<p><span style=\"font-size: large;\">Acreditamos que um bom dialogo entre as partes poder\u00e1 melhorar as condi\u00e7\u00f5es que hoje s\u00e3o totalmente adversas ao setor ap\u00edcola, Esperamos que o dialogo e o bom censo de ambas as partes possa ser ben\u00e9fica a natureza e consequentemente a popula\u00e7\u00e3o.<\/span><\/p>\n","protected":false},"excerpt":{"rendered":"<p>At\u00e9 quando o Apicultor ter\u00e1 preju\u00edzo com a pulveriza\u00e7\u00e3o da lavoura Radam\u00e9s Zovaro &#8211; Diretor T\u00e9cnico da APACAME e Empres\u00e1rio na \u00e1rea Ap\u00edcola. Tivemos a oportunidade de assistir na reuni\u00e3o [&hellip;]<\/p>\n","protected":false},"author":1,"featured_media":0,"parent":1753,"menu_order":0,"comment_status":"open","ping_status":"open","template":"","meta":{"pmpro_default_level":"","_price":"","_stock":"","_tribe_ticket_header":"","_tribe_default_ticket_provider":"","_tribe_ticket_capacity":"0","_ticket_start_date":"","_ticket_end_date":"","_tribe_ticket_show_description":"","_tribe_ticket_show_not_going":false,"_tribe_ticket_use_global_stock":"","_tribe_ticket_global_stock_level":"","_global_stock_mode":"","_global_stock_cap":"","_tribe_rsvp_for_event":"","_tribe_ticket_going_count":"","_tribe_ticket_not_going_count":"","_tribe_tickets_list":"[]","_tribe_ticket_has_attendee_info_fields":false,"cybocfi_hide_featured_image":"","footnotes":""},"class_list":["post-1772","page","type-page","status-publish","hentry","pmpro-has-access"],"_links":{"self":[{"href":"https:\/\/apacame.org.br\/site\/wp-json\/wp\/v2\/pages\/1772"}],"collection":[{"href":"https:\/\/apacame.org.br\/site\/wp-json\/wp\/v2\/pages"}],"about":[{"href":"https:\/\/apacame.org.br\/site\/wp-json\/wp\/v2\/types\/page"}],"author":[{"embeddable":true,"href":"https:\/\/apacame.org.br\/site\/wp-json\/wp\/v2\/users\/1"}],"replies":[{"embeddable":true,"href":"https:\/\/apacame.org.br\/site\/wp-json\/wp\/v2\/comments?post=1772"}],"version-history":[{"count":2,"href":"https:\/\/apacame.org.br\/site\/wp-json\/wp\/v2\/pages\/1772\/revisions"}],"predecessor-version":[{"id":1775,"href":"https:\/\/apacame.org.br\/site\/wp-json\/wp\/v2\/pages\/1772\/revisions\/1775"}],"up":[{"embeddable":true,"href":"https:\/\/apacame.org.br\/site\/wp-json\/wp\/v2\/pages\/1753"}],"wp:attachment":[{"href":"https:\/\/apacame.org.br\/site\/wp-json\/wp\/v2\/media?parent=1772"}],"curies":[{"name":"wp","href":"https:\/\/api.w.org\/{rel}","templated":true}]}}