{"id":1758,"date":"2017-04-13T03:02:32","date_gmt":"2017-04-13T03:02:32","guid":{"rendered":"http:\/\/apacame.org.br\/site\/?page_id=1758"},"modified":"2017-04-13T03:03:56","modified_gmt":"2017-04-13T03:03:56","slug":"editorial","status":"publish","type":"page","link":"https:\/\/apacame.org.br\/site\/revista\/mensagem-doce-n-140-marco-de-2017\/editorial\/","title":{"rendered":"Editorial"},"content":{"rendered":"<h1 style=\"text-align: center;\">O QUE???<br \/>\nA REVISTA MENSAGEM DOCE COMPLETOU 20 ANOS????<\/h1>\n<p><span style=\"font-size: large;\">N\u00e3o acreditei quando o nosso colaborador Tomaz Ganzalez, diagramador da revista, me perguntou se eu sabia que com a edi\u00e7\u00e3o de novembro \/ 2016 a revista Mensagem Doce havia completado 20 anos de publica\u00e7\u00f5es ininterruptas, no formato de revista, j\u00e1 que a Mensagem\u00a0 Doce, anteriormente, era no formato de Tabl\u00f3ide, distribu\u00edda gratuitamente aos s\u00f3cios, bibliotecas, entidades formadoras de opini\u00e3o, universidades, pesquisadores em todo o mundo.<\/span><\/p>\n<p><span style=\"font-size: large;\">Eu respondi, n\u00e3o!<\/span><\/p>\n<p><span style=\"font-size: large;\">Na verdade a Diretoria da \u00a0 APACAME nunca se preocupou com o tempo e sim com o trabalho a ser desenvolvido para o crescimento da APACAME. Aprendemos com as abelhas.<\/span><\/p>\n<p><span style=\"font-size: large;\">Lembro que no ano de 1996, numa das reuni\u00f5es semanais da Diretoria surgiu a ideia da revista. Num certo dia, ap\u00f3s uma reuni\u00e3o externa, comentei, novamente, o assunto, com o nosso atual Diretor T\u00e9cnico Radam\u00e9s Zovaro sobre a possibilidade de transformar o Tabl\u00f3ide numa revista e ele argumentou que seria f\u00e1cil criar a revista uma vez que j\u00e1 est\u00e1vamos publicando, havia muito tempo, o tabloide Mensagem Doce.<\/span><\/p>\n<p><span style=\"font-size: large;\">Naquela \u00e9poca a ideia da revista ganhava corpo no sentido de termos um ve\u00edculo que pudesse mostrar que a apicultura havia crescido e se transformado num agroneg\u00f3cio com o surgimento de entrepostos, ind\u00fastrias de colmeias, centrifugas, macac\u00f5es para apicultores, embalagens, muito bem estruturados.<\/span><\/p>\n<p><span style=\"font-size: large;\">Mas, sempre tem um mas, o problema era formatar a revista de modo que ela pudesse ser editada rigorosamente nos meses previstos, sem uma estrutura editorial o que inviabilizaria a publica\u00e7\u00e3o.<\/span><\/p>\n<p><span style=\"font-size: large;\">Foi neste momento que o nosso Diretor de Divulga\u00e7\u00e3o Arcenio Balduino das Chagas se ofereceu para apresenta um estudo para a formata\u00e7\u00e3o da revista, j\u00e1 que ele atuava numa Ag\u00eancia de Publicidade de sua propriedade, o que foi feito gratuitamente.<\/span><\/p>\n<p><span style=\"font-size: large;\">A partir da\u00ed, com a colabora\u00e7\u00e3o de volunt\u00e1rios, o que ocorre at\u00e9 hoje e somente os custos de diagrama\u00e7\u00e3o, gr\u00e1fica e postagem no Correios a revista Mensagem Doce foi criada e se mant\u00e9m, sendo distribu\u00edda gratuitamente.<\/span><\/p>\n<p><span style=\"font-size: large;\">Evidentemente que contamos com a colabora\u00e7\u00e3o dos anunciantes que compreendendo o esp\u00edrito da revista continuam anunciando at\u00e9 hoje colaborando no pagamento das despesas acima mencionadas.<\/span><\/p>\n<p><span style=\"font-size: large;\">Mas, sempre tem um mas, agora faltava o recheio da revista, as mat\u00e9rias e a\u00ed entraram os Pesquisadores, as Universidades, os Apicultores, os Meliponicultores que colaboram, at\u00e9 hoje, com a revista.<\/span><\/p>\n<p><span style=\"font-size: large;\">Lembro ainda que num dado momento o Prof. Dr. Darcet Costa Souza sugeriu que a revista fosse Indexada, cuja ideia foi prontamente aceita e ele deu o caminho das pedras e conseguimos a indexa\u00e7\u00e3o.<\/span><\/p>\n<p><span style=\"font-size: large;\">E assim s\u00e3o passados 20 anos de publica\u00e7\u00e3o da Mensagem Doce no formato revista onde tivemos a oportunidade de publicar mais de 700 Artigos Cient\u00edficos sobre as abelhas, a apicultura, a meliponicultura, a legisla\u00e7\u00e3o para o setor sempre buscando a excel\u00eancia e a qualidade da informa\u00e7\u00e3o. <\/span><\/p>\n<p><span style=\"font-size: large;\">A APACAME agradece fraternalmente a colabora\u00e7\u00e3o recebida durante todos estes anos o que possibilitou continuarmos a publica\u00e7\u00e3o da Mensagem Doce.<\/span><\/p>\n<p><span style=\"font-size: large;\">O que??? A revista Mensagem Doce completou 20 anos????<\/span><\/p>\n<p><span style=\"font-size: large;\">N\u00e3o percebi!!<\/span><\/p>\n<p><span style=\"font-size: large;\"><strong><em>Constantino Zara Filho \u2013 Presidente Executivo<\/em><\/strong><\/span><\/p>\n","protected":false},"excerpt":{"rendered":"<p>O QUE??? A REVISTA MENSAGEM DOCE COMPLETOU 20 ANOS???? N\u00e3o acreditei quando o nosso colaborador Tomaz Ganzalez, diagramador da revista, me perguntou se eu sabia que com a edi\u00e7\u00e3o de [&hellip;]<\/p>\n","protected":false},"author":1,"featured_media":0,"parent":1753,"menu_order":0,"comment_status":"open","ping_status":"open","template":"","meta":{"pmpro_default_level":"","_price":"","_stock":"","_tribe_ticket_header":"","_tribe_default_ticket_provider":"","_tribe_ticket_capacity":"0","_ticket_start_date":"","_ticket_end_date":"","_tribe_ticket_show_description":"","_tribe_ticket_show_not_going":false,"_tribe_ticket_use_global_stock":"","_tribe_ticket_global_stock_level":"","_global_stock_mode":"","_global_stock_cap":"","_tribe_rsvp_for_event":"","_tribe_ticket_going_count":"","_tribe_ticket_not_going_count":"","_tribe_tickets_list":"[]","_tribe_ticket_has_attendee_info_fields":false,"cybocfi_hide_featured_image":"","footnotes":""},"class_list":["post-1758","page","type-page","status-publish","hentry","pmpro-has-access"],"_links":{"self":[{"href":"https:\/\/apacame.org.br\/site\/wp-json\/wp\/v2\/pages\/1758"}],"collection":[{"href":"https:\/\/apacame.org.br\/site\/wp-json\/wp\/v2\/pages"}],"about":[{"href":"https:\/\/apacame.org.br\/site\/wp-json\/wp\/v2\/types\/page"}],"author":[{"embeddable":true,"href":"https:\/\/apacame.org.br\/site\/wp-json\/wp\/v2\/users\/1"}],"replies":[{"embeddable":true,"href":"https:\/\/apacame.org.br\/site\/wp-json\/wp\/v2\/comments?post=1758"}],"version-history":[{"count":2,"href":"https:\/\/apacame.org.br\/site\/wp-json\/wp\/v2\/pages\/1758\/revisions"}],"predecessor-version":[{"id":1761,"href":"https:\/\/apacame.org.br\/site\/wp-json\/wp\/v2\/pages\/1758\/revisions\/1761"}],"up":[{"embeddable":true,"href":"https:\/\/apacame.org.br\/site\/wp-json\/wp\/v2\/pages\/1753"}],"wp:attachment":[{"href":"https:\/\/apacame.org.br\/site\/wp-json\/wp\/v2\/media?parent=1758"}],"curies":[{"name":"wp","href":"https:\/\/api.w.org\/{rel}","templated":true}]}}