{"id":1753,"date":"2017-04-12T20:18:47","date_gmt":"2017-04-12T20:18:47","guid":{"rendered":"http:\/\/apacame.org.br\/site\/?page_id=1753"},"modified":"2024-08-15T11:58:12","modified_gmt":"2024-08-15T14:58:12","slug":"mensagem-doce-n-140-marco-de-2017","status":"publish","type":"page","link":"https:\/\/apacame.org.br\/site\/revista\/mensagem-doce-n-140-marco-de-2017\/","title":{"rendered":"Mensagem Doce  n\u00b0 140 Mar\u00e7o de 2017"},"content":{"rendered":"\n<p class=\"has-text-align-center\">Capa: Foto usada no relat\u00f3rio do Greenpeace<br>sobre agrot\u00f3xico. Apicultor alem\u00e3o com um<br>punhado de abelhas mortas &#8211; Foto de Fred<br>Dott \/ Greenpeace.<\/p>\n","protected":false},"excerpt":{"rendered":"<p>Capa: Foto usada no relat\u00f3rio do Greenpeacesobre agrot\u00f3xico. Apicultor alem\u00e3o com umpunhado de abelhas mortas &#8211; Foto de FredDott \/ Greenpeace.<\/p>\n","protected":false},"author":1,"featured_media":1966,"parent":587,"menu_order":0,"comment_status":"open","ping_status":"open","template":"","meta":{"pmpro_default_level":"","_price":"","_stock":"","_tribe_ticket_header":"","_tribe_default_ticket_provider":"","_tribe_ticket_capacity":"0","_ticket_start_date":"","_ticket_end_date":"","_tribe_ticket_show_description":"","_tribe_ticket_show_not_going":false,"_tribe_ticket_use_global_stock":"","_tribe_ticket_global_stock_level":"","_global_stock_mode":"","_global_stock_cap":"","_tribe_rsvp_for_event":"","_tribe_ticket_going_count":"","_tribe_ticket_not_going_count":"","_tribe_tickets_list":"[]","_tribe_ticket_has_attendee_info_fields":false,"cybocfi_hide_featured_image":"","footnotes":""},"class_list":["post-1753","page","type-page","status-publish","has-post-thumbnail","hentry","pmpro-has-access"],"_links":{"self":[{"href":"https:\/\/apacame.org.br\/site\/wp-json\/wp\/v2\/pages\/1753"}],"collection":[{"href":"https:\/\/apacame.org.br\/site\/wp-json\/wp\/v2\/pages"}],"about":[{"href":"https:\/\/apacame.org.br\/site\/wp-json\/wp\/v2\/types\/page"}],"author":[{"embeddable":true,"href":"https:\/\/apacame.org.br\/site\/wp-json\/wp\/v2\/users\/1"}],"replies":[{"embeddable":true,"href":"https:\/\/apacame.org.br\/site\/wp-json\/wp\/v2\/comments?post=1753"}],"version-history":[{"count":3,"href":"https:\/\/apacame.org.br\/site\/wp-json\/wp\/v2\/pages\/1753\/revisions"}],"predecessor-version":[{"id":6037,"href":"https:\/\/apacame.org.br\/site\/wp-json\/wp\/v2\/pages\/1753\/revisions\/6037"}],"up":[{"embeddable":true,"href":"https:\/\/apacame.org.br\/site\/wp-json\/wp\/v2\/pages\/587"}],"wp:featuredmedia":[{"embeddable":true,"href":"https:\/\/apacame.org.br\/site\/wp-json\/wp\/v2\/media\/1966"}],"wp:attachment":[{"href":"https:\/\/apacame.org.br\/site\/wp-json\/wp\/v2\/media?parent=1753"}],"curies":[{"name":"wp","href":"https:\/\/api.w.org\/{rel}","templated":true}]}}