{"id":1718,"date":"2016-12-15T21:27:22","date_gmt":"2016-12-15T21:27:22","guid":{"rendered":"http:\/\/apacame.org.br\/site\/?page_id=1718"},"modified":"2016-12-15T21:27:22","modified_gmt":"2016-12-15T21:27:22","slug":"mercado","status":"publish","type":"page","link":"https:\/\/apacame.org.br\/site\/revista\/mensagem-doce-n-139-novembro-de-2016\/mercado\/","title":{"rendered":"Mercado"},"content":{"rendered":"<h1 style=\"text-align: center;\">EXPORTA\u00c7\u00c3O BRASILEIRA DE MEL NATURAL COMPARA\u00c7\u00c3O DE AGOSTO DE 2015 A AGOSTO DE 2016<\/h1>\n<blockquote><p>Gustavo Cuba &#8211; icom@abemel.com.br &#8211; Fonte: ALIECEWEB.<\/p><\/blockquote>\n<p><span style=\"font-size: large;\">As exporta\u00e7\u00f5es de mel no m\u00eas de agosto foram 6,22% superiores ao m\u00eas anterior, representando em valor uma diferen\u00e7a de US$ 311.399,00. Em volume, o aumento foi de 3,23% no total de toneladas exportadas frente a agosto, uma diferen\u00e7a de 43.554 kg. Os valores dos \u00faltimos dois meses mostram uma significativa redu\u00e7\u00e3o das exporta\u00e7\u00f5es frente ao segundo trimestre de 2016, ocasionado principalmente pela queda na produ\u00e7\u00e3o de mel no pa\u00eds. <\/span><\/p>\n<p><span style=\"font-size: large;\">Considerando o per\u00edodo de janeiro a agosto do ano anterior, observamos que o comportamento das exporta\u00e7\u00f5es se mant\u00e9m, com um leve aumento nos totais. Em valor, o total foi 1,32% superior referente a este per\u00edodo, e em volume um aumento de 8,93%. <\/span><\/p>\n<p><span style=\"font-size: large;\">Observa-se uma redu\u00e7\u00e3o de 6,86% no valor do pre\u00e7o m\u00e9dio exportado referente ao per\u00edodo de janeiro a agosto de 2016, Se comparado ao mesmo per\u00edodo do ano anterior.<\/span><\/p>\n<div id='gallery-1' class='gallery galleryid-1718 gallery-columns-2 gallery-size-medium'><figure class='gallery-item'>\n\t\t\t<div class='gallery-icon landscape'>\n\t\t\t\t<a href='https:\/\/apacame.org.br\/site\/wp-content\/uploads\/2016\/12\/INTELIG\u00caNCIA_COMERCIAL_ABEMEL_-_AGOSTO2.jpg'><img fetchpriority=\"high\" decoding=\"async\" width=\"300\" height=\"221\" src=\"https:\/\/apacame.org.br\/site\/wp-content\/uploads\/2016\/12\/INTELIG\u00caNCIA_COMERCIAL_ABEMEL_-_AGOSTO2-300x221.jpg\" class=\"attachment-medium size-medium\" alt=\"\" srcset=\"https:\/\/apacame.org.br\/site\/wp-content\/uploads\/2016\/12\/INTELIG\u00caNCIA_COMERCIAL_ABEMEL_-_AGOSTO2-300x221.jpg 300w, https:\/\/apacame.org.br\/site\/wp-content\/uploads\/2016\/12\/INTELIG\u00caNCIA_COMERCIAL_ABEMEL_-_AGOSTO2-150x111.jpg 150w, https:\/\/apacame.org.br\/site\/wp-content\/uploads\/2016\/12\/INTELIG\u00caNCIA_COMERCIAL_ABEMEL_-_AGOSTO2-500x369.jpg 500w, https:\/\/apacame.org.br\/site\/wp-content\/uploads\/2016\/12\/INTELIG\u00caNCIA_COMERCIAL_ABEMEL_-_AGOSTO2.jpg 561w\" sizes=\"(max-width: 300px) 100vw, 300px\" \/><\/a>\n\t\t\t<\/div><\/figure><figure class='gallery-item'>\n\t\t\t<div class='gallery-icon landscape'>\n\t\t\t\t<a href='https:\/\/apacame.org.br\/site\/wp-content\/uploads\/2016\/12\/INTELIG\u00caNCIA_COMERCIAL_ABEMEL_-_AGOSTO.jpg'><img decoding=\"async\" width=\"300\" height=\"207\" src=\"https:\/\/apacame.org.br\/site\/wp-content\/uploads\/2016\/12\/INTELIG\u00caNCIA_COMERCIAL_ABEMEL_-_AGOSTO-300x207.jpg\" class=\"attachment-medium size-medium\" alt=\"\" srcset=\"https:\/\/apacame.org.br\/site\/wp-content\/uploads\/2016\/12\/INTELIG\u00caNCIA_COMERCIAL_ABEMEL_-_AGOSTO-300x207.jpg 300w, https:\/\/apacame.org.br\/site\/wp-content\/uploads\/2016\/12\/INTELIG\u00caNCIA_COMERCIAL_ABEMEL_-_AGOSTO-150x103.jpg 150w, https:\/\/apacame.org.br\/site\/wp-content\/uploads\/2016\/12\/INTELIG\u00caNCIA_COMERCIAL_ABEMEL_-_AGOSTO-500x345.jpg 500w, https:\/\/apacame.org.br\/site\/wp-content\/uploads\/2016\/12\/INTELIG\u00caNCIA_COMERCIAL_ABEMEL_-_AGOSTO.jpg 561w\" sizes=\"(max-width: 300px) 100vw, 300px\" \/><\/a>\n\t\t\t<\/div><\/figure>\n\t\t<\/div>\n\n","protected":false},"excerpt":{"rendered":"<p>EXPORTA\u00c7\u00c3O BRASILEIRA DE MEL NATURAL COMPARA\u00c7\u00c3O DE AGOSTO DE 2015 A AGOSTO DE 2016 Gustavo Cuba &#8211; icom@abemel.com.br &#8211; Fonte: ALIECEWEB. As exporta\u00e7\u00f5es de mel no m\u00eas de agosto foram [&hellip;]<\/p>\n","protected":false},"author":1,"featured_media":0,"parent":1616,"menu_order":0,"comment_status":"open","ping_status":"open","template":"","meta":{"pmpro_default_level":"","_price":"","_stock":"","_tribe_ticket_header":"","_tribe_default_ticket_provider":"","_tribe_ticket_capacity":"0","_ticket_start_date":"","_ticket_end_date":"","_tribe_ticket_show_description":"","_tribe_ticket_show_not_going":false,"_tribe_ticket_use_global_stock":"","_tribe_ticket_global_stock_level":"","_global_stock_mode":"","_global_stock_cap":"","_tribe_rsvp_for_event":"","_tribe_ticket_going_count":"","_tribe_ticket_not_going_count":"","_tribe_tickets_list":"[]","_tribe_ticket_has_attendee_info_fields":false,"cybocfi_hide_featured_image":"","footnotes":""},"class_list":["post-1718","page","type-page","status-publish","hentry","pmpro-has-access"],"_links":{"self":[{"href":"https:\/\/apacame.org.br\/site\/wp-json\/wp\/v2\/pages\/1718"}],"collection":[{"href":"https:\/\/apacame.org.br\/site\/wp-json\/wp\/v2\/pages"}],"about":[{"href":"https:\/\/apacame.org.br\/site\/wp-json\/wp\/v2\/types\/page"}],"author":[{"embeddable":true,"href":"https:\/\/apacame.org.br\/site\/wp-json\/wp\/v2\/users\/1"}],"replies":[{"embeddable":true,"href":"https:\/\/apacame.org.br\/site\/wp-json\/wp\/v2\/comments?post=1718"}],"version-history":[{"count":3,"href":"https:\/\/apacame.org.br\/site\/wp-json\/wp\/v2\/pages\/1718\/revisions"}],"predecessor-version":[{"id":1723,"href":"https:\/\/apacame.org.br\/site\/wp-json\/wp\/v2\/pages\/1718\/revisions\/1723"}],"up":[{"embeddable":true,"href":"https:\/\/apacame.org.br\/site\/wp-json\/wp\/v2\/pages\/1616"}],"wp:attachment":[{"href":"https:\/\/apacame.org.br\/site\/wp-json\/wp\/v2\/media?parent=1718"}],"curies":[{"name":"wp","href":"https:\/\/api.w.org\/{rel}","templated":true}]}}