{"id":1705,"date":"2016-12-15T21:14:34","date_gmt":"2016-12-15T21:14:34","guid":{"rendered":"http:\/\/apacame.org.br\/site\/?page_id=1705"},"modified":"2016-12-15T21:18:18","modified_gmt":"2016-12-15T21:18:18","slug":"atividade-3","status":"publish","type":"page","link":"https:\/\/apacame.org.br\/site\/revista\/mensagem-doce-n-139-novembro-de-2016\/atividade-3\/","title":{"rendered":"Atividade"},"content":{"rendered":"<h1 style=\"text-align: center;\">Equipe de Rob\u00f3tica do SESI Cajamar trata da import\u00e2ncia das Abelhas para o Meio Ambiente em seu Projeto de Pesquisa<\/h1>\n<figure id=\"attachment_1706\" aria-describedby=\"caption-attachment-1706\" style=\"width: 300px\" class=\"wp-caption alignleft\"><a href=\"https:\/\/apacame.org.br\/site\/wp-content\/uploads\/2016\/12\/Robotica_foto1.jpg\"><img fetchpriority=\"high\" decoding=\"async\" class=\"size-medium wp-image-1706\" src=\"https:\/\/apacame.org.br\/site\/wp-content\/uploads\/2016\/12\/Robotica_foto1-300x244.jpg\" alt=\"Equipe Tecnomar durante apresenta\u00e7\u00e3o do Projeto de Pesquisa.\" width=\"300\" height=\"244\" srcset=\"https:\/\/apacame.org.br\/site\/wp-content\/uploads\/2016\/12\/Robotica_foto1-300x244.jpg 300w, https:\/\/apacame.org.br\/site\/wp-content\/uploads\/2016\/12\/Robotica_foto1-150x122.jpg 150w, https:\/\/apacame.org.br\/site\/wp-content\/uploads\/2016\/12\/Robotica_foto1-500x406.jpg 500w, https:\/\/apacame.org.br\/site\/wp-content\/uploads\/2016\/12\/Robotica_foto1.jpg 561w\" sizes=\"(max-width: 300px) 100vw, 300px\" \/><\/a><figcaption id=\"caption-attachment-1706\" class=\"wp-caption-text\">Equipe Tecnomar durante apresenta\u00e7\u00e3o do Projeto de Pesquisa.<\/figcaption><\/figure>\n<p><span style=\"font-size: large;\">O Centro Educacional SESI de Cajamar participa do 8\u00ba Torneio de Rob\u00f3tica da FLL (First Lego League) no m\u00eas de novembro com a Equipe denominada Tecnomar, formada por 6 alunos das turmas do 6\u00ba, 7\u00ba e 8\u00ba ano orientados pela Professora de Matem\u00e1tica Eliana de Oliveira Rosa e pelo Analista de Inform\u00e1tica Everton Augusto Petarnela. Esta nova temporada do Torneio foi chamada de Animal Allies (Animais Aliados) e tem como principal foco a alian\u00e7a entre pessoas e bichos na miss\u00e3o de fazer a vida melhor para todos. Os participantes devem identificar problemas de coopera\u00e7\u00e3o entre seres humanos e animais e desenvolver solu\u00e7\u00f5es inovadoras ou aprimorar as j\u00e1 existentes no mercado. No torneio, os alunos precisam desenvolver um projeto de pesquisa e apresent\u00e1-lo de forma l\u00fadica e criativa para todos os avaliadores.<\/span><\/p>\n<p><span style=\"font-size: large;\">A Equipe Tecnomar, formada pelos alunos Aline, Daniele, Gustavo, Let\u00edcia, Richard e Yamin, escolheu como objeto de pesquisa as Abelhas, pois estas est\u00e3o sumindo e elas desenvolvem um papel insubstitu\u00edvel, sendo as principais respons\u00e1veis pela poliniza\u00e7\u00e3o de 70% das culturas agr\u00edcolas e por 85% de toda a flora existente na natureza, seja em florestas, bosques ou matas. Com isto, al\u00e9m de colaborarem com a renova\u00e7\u00e3o e o desenvolvimento das \u00e1reas verdes (que produzem o nosso oxig\u00eanio) tamb\u00e9m garantem a alta produtividade e a qualidade dos frutos em nossas lavouras. <\/span><\/p>\n<figure id=\"attachment_1707\" aria-describedby=\"caption-attachment-1707\" style=\"width: 300px\" class=\"wp-caption alignright\"><a href=\"https:\/\/apacame.org.br\/site\/wp-content\/uploads\/2016\/12\/Robotica_foto2.jpg\"><img decoding=\"async\" class=\"size-medium wp-image-1707\" src=\"https:\/\/apacame.org.br\/site\/wp-content\/uploads\/2016\/12\/Robotica_foto2-300x205.jpg\" alt=\"Equipe Tecnomar visitando o Api\u00e1rio\" width=\"300\" height=\"205\" srcset=\"https:\/\/apacame.org.br\/site\/wp-content\/uploads\/2016\/12\/Robotica_foto2-300x205.jpg 300w, https:\/\/apacame.org.br\/site\/wp-content\/uploads\/2016\/12\/Robotica_foto2-150x103.jpg 150w, https:\/\/apacame.org.br\/site\/wp-content\/uploads\/2016\/12\/Robotica_foto2-500x342.jpg 500w, https:\/\/apacame.org.br\/site\/wp-content\/uploads\/2016\/12\/Robotica_foto2.jpg 561w\" sizes=\"(max-width: 300px) 100vw, 300px\" \/><\/a><figcaption id=\"caption-attachment-1707\" class=\"wp-caption-text\">Equipe Tecnomar visitando o Api\u00e1rio<\/figcaption><\/figure>\n<p><span style=\"font-size: large;\">O grupo de alunos fez uma visita ao Api\u00e1rio Apis Ville, localizado na cidade de Santana de Parna\u00edba e receberam v\u00e1rias orienta\u00e7\u00f5es dos Apicultores Sr. \u00c1lvaro e Sra. Cacilda, homenageados na Escola pela import\u00e2ncia do trabalho deles para a sociedade. <\/span><\/p>\n<p><span style=\"font-size: large;\">Durante o torneio, a Equipe tem o objetivo de conscientizar todos os participantes e incentivar o cultivo de plantas ap\u00edcolas com foco no apicultor e no meliponicultor, e assim distribuir sementes ap\u00edcolas e um folder explicativo com relatos sobre as causas pelas quais as abelhas est\u00e3o sumindo e orienta\u00e7\u00f5es para o plantio das sementes. <\/span><\/p>\n<p><span style=\"font-size: large;\">Este trabalho envolveu toda a Escola e tamb\u00e9m outros projetos existentes no SESI como o Projeto da Horta Escolar. Os alunos participantes da Equipe Tecnomar realizaram o plantio de plantas que atraem abelhas sem ferr\u00e3o para que possamos contribuir com a preserva\u00e7\u00e3o destas esp\u00e9cies, orientados pelo Bi\u00f3logo Alcides Moraes Neto.<\/span><\/p>\n<figure id=\"attachment_1708\" aria-describedby=\"caption-attachment-1708\" style=\"width: 250px\" class=\"wp-caption alignleft\"><a href=\"https:\/\/apacame.org.br\/site\/wp-content\/uploads\/2016\/12\/Robotica_foto3.jpg\"><img decoding=\"async\" class=\"wp-image-1708\" src=\"https:\/\/apacame.org.br\/site\/wp-content\/uploads\/2016\/12\/Robotica_foto3-300x225.jpg\" alt=\"Equipe Tecnomar durante as homenagens na Escola.\" width=\"250\" height=\"188\" srcset=\"https:\/\/apacame.org.br\/site\/wp-content\/uploads\/2016\/12\/Robotica_foto3-300x225.jpg 300w, https:\/\/apacame.org.br\/site\/wp-content\/uploads\/2016\/12\/Robotica_foto3-150x113.jpg 150w, https:\/\/apacame.org.br\/site\/wp-content\/uploads\/2016\/12\/Robotica_foto3-500x375.jpg 500w, https:\/\/apacame.org.br\/site\/wp-content\/uploads\/2016\/12\/Robotica_foto3.jpg 561w\" sizes=\"(max-width: 250px) 100vw, 250px\" \/><\/a><figcaption id=\"caption-attachment-1708\" class=\"wp-caption-text\">Equipe Tecnomar durante as homenagens na Escola.<\/figcaption><\/figure>\n<p><span style=\"font-size: large;\">O Centro Educacional SESI de Cajamar teve honra de receber no dia 27 de outubro a presen\u00e7a dos Representantes da APACAME, Sr. Constantino Zara Filho, Presidente, Sr. Radam\u00e9s Zovaro, Diretor T\u00e9cnico e Sr. Eloi Viana da Silva, Vice Tesoureiro da Associa\u00e7\u00e3o para conhecer o Projeto de Pesquisa dos alunos com a apresenta\u00e7\u00e3o do trabalho num estilo jornal\u00edstico e ao final os alunos demonstraram o desafio do rob\u00f4 nas miss\u00f5es que mostram como a tecnologia e a inova\u00e7\u00e3o permitiram que seres humanos e animais interajam e cooperem em benef\u00edcio m\u00fatuo. <\/span><\/p>\n<p><span style=\"font-size: large;\">Este encontro e parceria com a APACAME teve muita import\u00e2ncia para os alunos, pois ouvir as opini\u00f5es de pessoas experientes e envolvidas na \u00e1rea fundamentou e enriqueceu todo o Projeto.<\/span><\/p>\n<div id='gallery-1' class='gallery galleryid-1705 gallery-columns-3 gallery-size-thumbnail'><figure class='gallery-item'>\n\t\t\t<div class='gallery-icon landscape'>\n\t\t\t\t<a href='https:\/\/apacame.org.br\/site\/wp-content\/uploads\/2016\/12\/Robotica_foto4.jpg'><img loading=\"lazy\" decoding=\"async\" width=\"150\" height=\"150\" src=\"https:\/\/apacame.org.br\/site\/wp-content\/uploads\/2016\/12\/Robotica_foto4-150x150.jpg\" class=\"attachment-thumbnail size-thumbnail\" alt=\"\" aria-describedby=\"gallery-1-1709\" srcset=\"https:\/\/apacame.org.br\/site\/wp-content\/uploads\/2016\/12\/Robotica_foto4-150x150.jpg 150w, https:\/\/apacame.org.br\/site\/wp-content\/uploads\/2016\/12\/Robotica_foto4-100x100.jpg 100w\" sizes=\"(max-width: 150px) 100vw, 150px\" \/><\/a>\n\t\t\t<\/div>\n\t\t\t\t<figcaption class='wp-caption-text gallery-caption' id='gallery-1-1709'>\n\t\t\t\tEquipe Tecnomar, Profa. Eliana, Bi\u00f3logo Alcides.\n\t\t\t\t<\/figcaption><\/figure><figure class='gallery-item'>\n\t\t\t<div class='gallery-icon landscape'>\n\t\t\t\t<a href='https:\/\/apacame.org.br\/site\/wp-content\/uploads\/2016\/12\/Robotica_foto5.jpg'><img loading=\"lazy\" decoding=\"async\" width=\"150\" height=\"150\" src=\"https:\/\/apacame.org.br\/site\/wp-content\/uploads\/2016\/12\/Robotica_foto5-150x150.jpg\" class=\"attachment-thumbnail size-thumbnail\" alt=\"\" aria-describedby=\"gallery-1-1710\" srcset=\"https:\/\/apacame.org.br\/site\/wp-content\/uploads\/2016\/12\/Robotica_foto5-150x150.jpg 150w, https:\/\/apacame.org.br\/site\/wp-content\/uploads\/2016\/12\/Robotica_foto5-100x100.jpg 100w\" sizes=\"(max-width: 150px) 100vw, 150px\" \/><\/a>\n\t\t\t<\/div>\n\t\t\t\t<figcaption class='wp-caption-text gallery-caption' id='gallery-1-1710'>\n\t\t\t\tEquipe Tecnomar, Profa. Eliana, Bi\u00f3logo Alcides.\n\t\t\t\t<\/figcaption><\/figure><figure class='gallery-item'>\n\t\t\t<div class='gallery-icon landscape'>\n\t\t\t\t<a href='https:\/\/apacame.org.br\/site\/wp-content\/uploads\/2016\/12\/Robotica_foto6.jpg'><img loading=\"lazy\" decoding=\"async\" width=\"150\" height=\"150\" src=\"https:\/\/apacame.org.br\/site\/wp-content\/uploads\/2016\/12\/Robotica_foto6-150x150.jpg\" class=\"attachment-thumbnail size-thumbnail\" alt=\"\" aria-describedby=\"gallery-1-1711\" srcset=\"https:\/\/apacame.org.br\/site\/wp-content\/uploads\/2016\/12\/Robotica_foto6-150x150.jpg 150w, https:\/\/apacame.org.br\/site\/wp-content\/uploads\/2016\/12\/Robotica_foto6-100x100.jpg 100w\" sizes=\"(max-width: 150px) 100vw, 150px\" \/><\/a>\n\t\t\t<\/div>\n\t\t\t\t<figcaption class='wp-caption-text gallery-caption' id='gallery-1-1711'>\n\t\t\t\tApresenta\u00e7\u00e3o das miss\u00f5es do rob\u00f4 da Equipe Tecnomar para os Representantes da APACAME.\n\t\t\t\t<\/figcaption><\/figure><figure class='gallery-item'>\n\t\t\t<div class='gallery-icon landscape'>\n\t\t\t\t<a href='https:\/\/apacame.org.br\/site\/wp-content\/uploads\/2016\/12\/Robotica_foto7.jpg'><img loading=\"lazy\" decoding=\"async\" width=\"150\" height=\"150\" src=\"https:\/\/apacame.org.br\/site\/wp-content\/uploads\/2016\/12\/Robotica_foto7-150x150.jpg\" class=\"attachment-thumbnail size-thumbnail\" alt=\"\" aria-describedby=\"gallery-1-1712\" srcset=\"https:\/\/apacame.org.br\/site\/wp-content\/uploads\/2016\/12\/Robotica_foto7-150x150.jpg 150w, https:\/\/apacame.org.br\/site\/wp-content\/uploads\/2016\/12\/Robotica_foto7-100x100.jpg 100w\" sizes=\"(max-width: 150px) 100vw, 150px\" \/><\/a>\n\t\t\t<\/div>\n\t\t\t\t<figcaption class='wp-caption-text gallery-caption' id='gallery-1-1712'>\n\t\t\t\tApresenta\u00e7\u00e3o de m\u00fasica da Equipe Tecnomar.\n\t\t\t\t<\/figcaption><\/figure><figure class='gallery-item'>\n\t\t\t<div class='gallery-icon landscape'>\n\t\t\t\t<a href='https:\/\/apacame.org.br\/site\/wp-content\/uploads\/2016\/12\/Robotica_foto8.jpg'><img loading=\"lazy\" decoding=\"async\" width=\"150\" height=\"150\" src=\"https:\/\/apacame.org.br\/site\/wp-content\/uploads\/2016\/12\/Robotica_foto8-150x150.jpg\" class=\"attachment-thumbnail size-thumbnail\" alt=\"\" aria-describedby=\"gallery-1-1713\" srcset=\"https:\/\/apacame.org.br\/site\/wp-content\/uploads\/2016\/12\/Robotica_foto8-150x150.jpg 150w, https:\/\/apacame.org.br\/site\/wp-content\/uploads\/2016\/12\/Robotica_foto8-100x100.jpg 100w\" sizes=\"(max-width: 150px) 100vw, 150px\" \/><\/a>\n\t\t\t<\/div>\n\t\t\t\t<figcaption class='wp-caption-text gallery-caption' id='gallery-1-1713'>\n\t\t\t\tEquipe Tecnomar e Representantes da APACAME\n\t\t\t\t<\/figcaption><\/figure><figure class='gallery-item'>\n\t\t\t<div class='gallery-icon landscape'>\n\t\t\t\t<a href='https:\/\/apacame.org.br\/site\/wp-content\/uploads\/2016\/12\/Robotica_foto9.jpg'><img loading=\"lazy\" decoding=\"async\" width=\"150\" height=\"150\" src=\"https:\/\/apacame.org.br\/site\/wp-content\/uploads\/2016\/12\/Robotica_foto9-150x150.jpg\" class=\"attachment-thumbnail size-thumbnail\" alt=\"\" aria-describedby=\"gallery-1-1714\" srcset=\"https:\/\/apacame.org.br\/site\/wp-content\/uploads\/2016\/12\/Robotica_foto9-150x150.jpg 150w, https:\/\/apacame.org.br\/site\/wp-content\/uploads\/2016\/12\/Robotica_foto9-100x100.jpg 100w\" sizes=\"(max-width: 150px) 100vw, 150px\" \/><\/a>\n\t\t\t<\/div>\n\t\t\t\t<figcaption class='wp-caption-text gallery-caption' id='gallery-1-1714'>\n\t\t\t\tDiretora M\u00f4nica, Sr. Constantino, Sr. Eloi, Gustavo, Richard, Daniele, Diretora Carla, Sr. Radam\u00e9s, Aline, Let\u00edcia e Yamin.\n\t\t\t\t<\/figcaption><\/figure>\n\t\t<\/div>\n\n","protected":false},"excerpt":{"rendered":"<p>Equipe de Rob\u00f3tica do SESI Cajamar trata da import\u00e2ncia das Abelhas para o Meio Ambiente em seu Projeto de Pesquisa O Centro Educacional SESI de Cajamar participa do 8\u00ba Torneio [&hellip;]<\/p>\n","protected":false},"author":1,"featured_media":0,"parent":1616,"menu_order":0,"comment_status":"open","ping_status":"open","template":"","meta":{"pmpro_default_level":"","_price":"","_stock":"","_tribe_ticket_header":"","_tribe_default_ticket_provider":"","_tribe_ticket_capacity":"0","_ticket_start_date":"","_ticket_end_date":"","_tribe_ticket_show_description":"","_tribe_ticket_show_not_going":false,"_tribe_ticket_use_global_stock":"","_tribe_ticket_global_stock_level":"","_global_stock_mode":"","_global_stock_cap":"","_tribe_rsvp_for_event":"","_tribe_ticket_going_count":"","_tribe_ticket_not_going_count":"","_tribe_tickets_list":"[]","_tribe_ticket_has_attendee_info_fields":false,"cybocfi_hide_featured_image":"","footnotes":""},"class_list":["post-1705","page","type-page","status-publish","hentry","pmpro-has-access"],"_links":{"self":[{"href":"https:\/\/apacame.org.br\/site\/wp-json\/wp\/v2\/pages\/1705"}],"collection":[{"href":"https:\/\/apacame.org.br\/site\/wp-json\/wp\/v2\/pages"}],"about":[{"href":"https:\/\/apacame.org.br\/site\/wp-json\/wp\/v2\/types\/page"}],"author":[{"embeddable":true,"href":"https:\/\/apacame.org.br\/site\/wp-json\/wp\/v2\/users\/1"}],"replies":[{"embeddable":true,"href":"https:\/\/apacame.org.br\/site\/wp-json\/wp\/v2\/comments?post=1705"}],"version-history":[{"count":3,"href":"https:\/\/apacame.org.br\/site\/wp-json\/wp\/v2\/pages\/1705\/revisions"}],"predecessor-version":[{"id":1716,"href":"https:\/\/apacame.org.br\/site\/wp-json\/wp\/v2\/pages\/1705\/revisions\/1716"}],"up":[{"embeddable":true,"href":"https:\/\/apacame.org.br\/site\/wp-json\/wp\/v2\/pages\/1616"}],"wp:attachment":[{"href":"https:\/\/apacame.org.br\/site\/wp-json\/wp\/v2\/media?parent=1705"}],"curies":[{"name":"wp","href":"https:\/\/api.w.org\/{rel}","templated":true}]}}