{"id":1698,"date":"2016-12-15T19:54:34","date_gmt":"2016-12-15T19:54:34","guid":{"rendered":"http:\/\/apacame.org.br\/site\/?page_id=1698"},"modified":"2016-12-15T19:54:34","modified_gmt":"2016-12-15T19:54:34","slug":"minha-experiencia","status":"publish","type":"page","link":"https:\/\/apacame.org.br\/site\/revista\/mensagem-doce-n-139-novembro-de-2016\/minha-experiencia\/","title":{"rendered":"Minha Experi\u00eancia"},"content":{"rendered":"<h1 style=\"text-align: center;\">MARGARID\u00c3O BRANCO.<br \/>\nMontanoa bipinnatifida (Kunth) K. kooch , origin\u00e1ria do M\u00e9xico, da fam\u00edlia compositae.<\/h1>\n<blockquote><p>Texto: Eloi Viana da Silva<\/p><\/blockquote>\n<figure id=\"attachment_1699\" aria-describedby=\"caption-attachment-1699\" style=\"width: 300px\" class=\"wp-caption alignleft\"><a href=\"https:\/\/apacame.org.br\/site\/wp-content\/uploads\/2016\/12\/Foto_4_Margarid\u00e3o.jpg\"><img fetchpriority=\"high\" decoding=\"async\" class=\"size-medium wp-image-1699\" src=\"https:\/\/apacame.org.br\/site\/wp-content\/uploads\/2016\/12\/Foto_4_Margarid\u00e3o-300x224.jpg\" alt=\"O margarid\u00e3o branco atrai muito as abelhas Apis.\" width=\"300\" height=\"224\" srcset=\"https:\/\/apacame.org.br\/site\/wp-content\/uploads\/2016\/12\/Foto_4_Margarid\u00e3o-300x224.jpg 300w, https:\/\/apacame.org.br\/site\/wp-content\/uploads\/2016\/12\/Foto_4_Margarid\u00e3o-150x112.jpg 150w, https:\/\/apacame.org.br\/site\/wp-content\/uploads\/2016\/12\/Foto_4_Margarid\u00e3o-500x374.jpg 500w, https:\/\/apacame.org.br\/site\/wp-content\/uploads\/2016\/12\/Foto_4_Margarid\u00e3o.jpg 559w\" sizes=\"(max-width: 300px) 100vw, 300px\" \/><\/a><figcaption id=\"caption-attachment-1699\" class=\"wp-caption-text\">O margarid\u00e3o branco atrai muito as abelhas Apis.<\/figcaption><\/figure>\n<p><span style=\"font-size: large;\">Arbusto que atinge at\u00e9 10 metros de altura, mas, normalmente, ficam mais baixos por volta de 4 metros, com galhos bastante ramificados, quando novos s\u00e3o esverdeados e depois v\u00e3o ficando marrons, folhas opostas, muito \u00e1speras parecem lixas, com at\u00e9 75 cm de comprimento e profundamente divididas em 8 a 10 l\u00f3bulos. <\/span><\/p>\n<p><span style=\"font-size: large;\">Flores em cap\u00edtulos, na verdade as flores s\u00e3o bem pequenas no centro da infloresc\u00eancia, que atraem muito as abelhas e borboletas, al\u00e9m dos pequenos p\u00e1ssaros. Pode ser utilizada como planta \u00fanica, em grupos ou formando cercas-vivas. Desenvolve-se bem a sol pleno ou meia sombra, no solo rico em mat\u00e9ria org\u00e2nica, com boa drenagem e irrigada quando a terra estiver seca.<\/span><\/p>\n<p><span style=\"font-size: large;\">Multiplica-se por sementes e estacas. \u00c9 necess\u00e1rio fazer a poda todo ano, pois ela brota com muito mais vigor, e com flores muito bonitas. Essa poda pode ser de uns 60 cm do ch\u00e3o, fa\u00e7o isso sempre na lua nova ap\u00f3s a florada. Na minha regi\u00e3o, Sul de Minas o pasto ap\u00edcola come\u00e7a em meado de junho, com abertura das flores, pela ordem, Margarid\u00e3o, Astrap\u00e9ia, Assa-peixe, c\u00edtricos, aroeiras e outras. <\/span><\/p>\n<p><span style=\"font-size: large;\">\u00c9 necess\u00e1rio alimentar os enxames 60 dias antes para uma \u00f3tima produ\u00e7\u00e3o de mel em setembro. <\/span><\/p>\n<p><span style=\"font-size: large;\">EST\u00c1 A\u00cd NAS FOTOS. Uma pequena amostra das flores no meu api\u00e1rio em Cachoeira de Minas &#8211; MG, com destaque do apicultor e s\u00f3cio da APACAME Celso de Farias, fazendo uma visita \u00e0 florada do margarid\u00e3o branco que o deixou muito impressionado, pois a florada permanece aberta aproximadamente por um m\u00eas, temos tamb\u00e9m nas fotos algumas flores de margarid\u00e3o amarelo, que n\u00e3o s\u00e3o muitos atrativa para as abelhas Apis, e sim para as abelhas nativas que frequentam com bastante intensidade e parecem gostar muito.<\/span><\/p>\n<p><span style=\"font-size: large;\">Quero deixar claro que margarid\u00e3o e astrap\u00e9ia s\u00e3o excelentes para fortalecer os enxames.<\/span><\/p>\n<div id='gallery-1' class='gallery galleryid-1698 gallery-columns-4 gallery-size-thumbnail'><figure class='gallery-item'>\n\t\t\t<div class='gallery-icon landscape'>\n\t\t\t\t<a href='https:\/\/apacame.org.br\/site\/wp-content\/uploads\/2016\/12\/Foto_1_Margarid\u00e3o.jpg'><img decoding=\"async\" width=\"150\" height=\"150\" src=\"https:\/\/apacame.org.br\/site\/wp-content\/uploads\/2016\/12\/Foto_1_Margarid\u00e3o-150x150.jpg\" class=\"attachment-thumbnail size-thumbnail\" alt=\"\" aria-describedby=\"gallery-1-1700\" srcset=\"https:\/\/apacame.org.br\/site\/wp-content\/uploads\/2016\/12\/Foto_1_Margarid\u00e3o-150x150.jpg 150w, https:\/\/apacame.org.br\/site\/wp-content\/uploads\/2016\/12\/Foto_1_Margarid\u00e3o-100x100.jpg 100w\" sizes=\"(max-width: 150px) 100vw, 150px\" \/><\/a>\n\t\t\t<\/div>\n\t\t\t\t<figcaption class='wp-caption-text gallery-caption' id='gallery-1-1700'>\n\t\t\t\tO margarid\u00e3o branco utilizado como cerca viva.\n\t\t\t\t<\/figcaption><\/figure><figure class='gallery-item'>\n\t\t\t<div class='gallery-icon landscape'>\n\t\t\t\t<a href='https:\/\/apacame.org.br\/site\/wp-content\/uploads\/2016\/12\/Foto_2_Margarid\u00e3o.jpg'><img decoding=\"async\" width=\"150\" height=\"150\" src=\"https:\/\/apacame.org.br\/site\/wp-content\/uploads\/2016\/12\/Foto_2_Margarid\u00e3o-150x150.jpg\" class=\"attachment-thumbnail size-thumbnail\" alt=\"\" aria-describedby=\"gallery-1-1701\" srcset=\"https:\/\/apacame.org.br\/site\/wp-content\/uploads\/2016\/12\/Foto_2_Margarid\u00e3o-150x150.jpg 150w, https:\/\/apacame.org.br\/site\/wp-content\/uploads\/2016\/12\/Foto_2_Margarid\u00e3o-100x100.jpg 100w\" sizes=\"(max-width: 150px) 100vw, 150px\" \/><\/a>\n\t\t\t<\/div>\n\t\t\t\t<figcaption class='wp-caption-text gallery-caption' id='gallery-1-1701'>\n\t\t\t\tBel\u00edssima infloresc\u00eancia do margarid\u00e3o branco.\n\t\t\t\t<\/figcaption><\/figure><figure class='gallery-item'>\n\t\t\t<div class='gallery-icon landscape'>\n\t\t\t\t<a href='https:\/\/apacame.org.br\/site\/wp-content\/uploads\/2016\/12\/Foto_3_Margarid\u00e3o.jpg'><img loading=\"lazy\" decoding=\"async\" width=\"150\" height=\"150\" src=\"https:\/\/apacame.org.br\/site\/wp-content\/uploads\/2016\/12\/Foto_3_Margarid\u00e3o-150x150.jpg\" class=\"attachment-thumbnail size-thumbnail\" alt=\"\" aria-describedby=\"gallery-1-1702\" srcset=\"https:\/\/apacame.org.br\/site\/wp-content\/uploads\/2016\/12\/Foto_3_Margarid\u00e3o-150x150.jpg 150w, https:\/\/apacame.org.br\/site\/wp-content\/uploads\/2016\/12\/Foto_3_Margarid\u00e3o-100x100.jpg 100w\" sizes=\"(max-width: 150px) 100vw, 150px\" \/><\/a>\n\t\t\t<\/div>\n\t\t\t\t<figcaption class='wp-caption-text gallery-caption' id='gallery-1-1702'>\n\t\t\t\tInfloresc\u00eancia do margarid\u00e3o branco.\n\t\t\t\t<\/figcaption><\/figure><figure class='gallery-item'>\n\t\t\t<div class='gallery-icon landscape'>\n\t\t\t\t<a href='https:\/\/apacame.org.br\/site\/wp-content\/uploads\/2016\/12\/Foto_5_Margarid\u00e3o.jpg'><img loading=\"lazy\" decoding=\"async\" width=\"150\" height=\"150\" src=\"https:\/\/apacame.org.br\/site\/wp-content\/uploads\/2016\/12\/Foto_5_Margarid\u00e3o-150x150.jpg\" class=\"attachment-thumbnail size-thumbnail\" alt=\"\" aria-describedby=\"gallery-1-1703\" srcset=\"https:\/\/apacame.org.br\/site\/wp-content\/uploads\/2016\/12\/Foto_5_Margarid\u00e3o-150x150.jpg 150w, https:\/\/apacame.org.br\/site\/wp-content\/uploads\/2016\/12\/Foto_5_Margarid\u00e3o-100x100.jpg 100w\" sizes=\"(max-width: 150px) 100vw, 150px\" \/><\/a>\n\t\t\t<\/div>\n\t\t\t\t<figcaption class='wp-caption-text gallery-caption' id='gallery-1-1703'>\n\t\t\t\tApicultor Celso de Faria em visita \u00e0 florada do margarid\u00e3o branco tendo ao fundo infloresc\u00eancia de margarid\u00e3o branco e amarelo\n\t\t\t\t<\/figcaption><\/figure>\n\t\t<\/div>\n\n","protected":false},"excerpt":{"rendered":"<p>MARGARID\u00c3O BRANCO. Montanoa bipinnatifida (Kunth) K. kooch , origin\u00e1ria do M\u00e9xico, da fam\u00edlia compositae. Texto: Eloi Viana da Silva Arbusto que atinge at\u00e9 10 metros de altura, mas, normalmente, ficam [&hellip;]<\/p>\n","protected":false},"author":1,"featured_media":0,"parent":1616,"menu_order":0,"comment_status":"open","ping_status":"open","template":"","meta":{"pmpro_default_level":"","_price":"","_stock":"","_tribe_ticket_header":"","_tribe_default_ticket_provider":"","_tribe_ticket_capacity":"0","_ticket_start_date":"","_ticket_end_date":"","_tribe_ticket_show_description":"","_tribe_ticket_show_not_going":false,"_tribe_ticket_use_global_stock":"","_tribe_ticket_global_stock_level":"","_global_stock_mode":"","_global_stock_cap":"","_tribe_rsvp_for_event":"","_tribe_ticket_going_count":"","_tribe_ticket_not_going_count":"","_tribe_tickets_list":"[]","_tribe_ticket_has_attendee_info_fields":false,"cybocfi_hide_featured_image":"","footnotes":""},"class_list":["post-1698","page","type-page","status-publish","hentry","pmpro-has-access"],"_links":{"self":[{"href":"https:\/\/apacame.org.br\/site\/wp-json\/wp\/v2\/pages\/1698"}],"collection":[{"href":"https:\/\/apacame.org.br\/site\/wp-json\/wp\/v2\/pages"}],"about":[{"href":"https:\/\/apacame.org.br\/site\/wp-json\/wp\/v2\/types\/page"}],"author":[{"embeddable":true,"href":"https:\/\/apacame.org.br\/site\/wp-json\/wp\/v2\/users\/1"}],"replies":[{"embeddable":true,"href":"https:\/\/apacame.org.br\/site\/wp-json\/wp\/v2\/comments?post=1698"}],"version-history":[{"count":1,"href":"https:\/\/apacame.org.br\/site\/wp-json\/wp\/v2\/pages\/1698\/revisions"}],"predecessor-version":[{"id":1704,"href":"https:\/\/apacame.org.br\/site\/wp-json\/wp\/v2\/pages\/1698\/revisions\/1704"}],"up":[{"embeddable":true,"href":"https:\/\/apacame.org.br\/site\/wp-json\/wp\/v2\/pages\/1616"}],"wp:attachment":[{"href":"https:\/\/apacame.org.br\/site\/wp-json\/wp\/v2\/media?parent=1698"}],"curies":[{"name":"wp","href":"https:\/\/api.w.org\/{rel}","templated":true}]}}