{"id":1690,"date":"2016-12-15T19:41:50","date_gmt":"2016-12-15T19:41:50","guid":{"rendered":"http:\/\/apacame.org.br\/site\/?page_id=1690"},"modified":"2016-12-15T19:43:37","modified_gmt":"2016-12-15T19:43:37","slug":"atividade-2","status":"publish","type":"page","link":"https:\/\/apacame.org.br\/site\/revista\/mensagem-doce-n-139-novembro-de-2016\/atividade-2\/","title":{"rendered":"Atividade"},"content":{"rendered":"<h1 style=\"text-align: center;\">REUNI\u00c3O DOS APICULTORES E MELIPONICULTORES,<br \/>\nDIA 05 DE OUTUBRO DE 2016<\/h1>\n<p><span style=\"font-size: large;\">Na nossa reuni\u00e3o de 05 de outubro de 2016, \u00e0s 18h00, no Audit\u00f3rio do Instituto de Pesca, localizado dentro do Parque Fernando Costa, Parque da \u00c1gua Branca, sito \u00e0 Av. Francisco Matarazzo, 455, Bairro da \u00c1gua Branca, S\u00e3o Paulo, Capital, Tel: 11 3864-9284, como acontece todas as primeiras quartas-feiras de cada m\u00eas, nos \u00faltimos 37 anos, tivemos a honra de receber a visita da M\u00e9dica Veterin\u00e1ria, MARIA CAROLINA GUIDO, formada pela Faculdade de Medicina Veterin\u00e1ria e Zootecnia da USP em S\u00e3o Paulo, possui mestrado e doutorado na mesma Universidade na \u00e1rea de Reprodu\u00e7\u00e3o Animal.Foi docente em Universidades no Curso de Medicina Veterin\u00e1ria durante 12 anos e atualmente \u00e9 Assistente de Planejamento do Escrit\u00f3rio de Defesa Agropecu\u00e1ria de SP que pertence \u00e0 Coordenadoria de Defesa Agropecu\u00e1ria de SP &#8211; Secretaria de Agricultura e Abastecimento do Estado de S\u00e3o Paulo. Trabalhou 5 anos na Regi\u00e3o do Escrit\u00f3rio de Defesa Agropecu\u00e1ria de Mogi das Cruzes e est\u00e1 h\u00e1 3 anos no Escrit\u00f3rio de SP., que proferiu uma Palestra sobre o tema:<\/span><\/p>\n<p><span style=\"font-size: large;\">&#8220;Pequeno Besouro das Colm\u00e9ias &#8220;Aethina tumida&#8221;, um Desafio para a Apicultura de S\u00e3o Paulo&#8221;<\/span><\/p>\n<p><span style=\"font-size: large;\">A Palestra mereceu a aten\u00e7\u00e3o de todos os presentes e resultou numa discuss\u00e3o acalorada, ao final, ante a not\u00edcia da possibilidade de virem a serem queimadas as colmeias onde forem localizados referidos besouros.<\/span><\/p>\n<p><span style=\"font-size: large;\">A APACAME colocou a sua posi\u00e7\u00e3o em defesa dos Apicultores que est\u00e3o sendo v\u00edtimas desse besouro com a possibilidade de serem queimadas as suas colmeias.<\/span><\/p>\n<p><span style=\"font-size: large;\">A grande preocupa\u00e7\u00e3o \u00e9 com a situa\u00e7\u00e3o do apicultor que ter\u00e1 uma interrup\u00e7\u00e3o na sua atividade, uma quebra na sua renda sem ter a certeza se ser\u00e1 indenizado pelo material e suas abelhas e se haver\u00e1 uma indeniza\u00e7\u00e3o pelos lucros cessantes <\/span><\/p>\n<p><span style=\"font-size: large;\">Acreditamos que o controlo desses besouros, que n\u00e3o est\u00e3o acarretando nenhum preju\u00edzo \u00e0s colmeias seja o mais prudente a ser feito.<\/span><\/p>\n<p><span style=\"font-size: large;\">Medidas radicais geram uma rea\u00e7\u00e3o negativa o que prejudicar\u00e1 o controle, caso seja necess\u00e1rio.<\/span><\/p>\n<div id='gallery-1' class='gallery galleryid-1690 gallery-columns-4 gallery-size-thumbnail'><figure class='gallery-item'>\n\t\t\t<div class='gallery-icon landscape'>\n\t\t\t\t<a href='https:\/\/apacame.org.br\/site\/wp-content\/uploads\/2016\/12\/Reuniao-outubro_1.jpg'><img decoding=\"async\" width=\"150\" height=\"150\" src=\"https:\/\/apacame.org.br\/site\/wp-content\/uploads\/2016\/12\/Reuniao-outubro_1-150x150.jpg\" class=\"attachment-thumbnail size-thumbnail\" alt=\"\" aria-describedby=\"gallery-1-1692\" srcset=\"https:\/\/apacame.org.br\/site\/wp-content\/uploads\/2016\/12\/Reuniao-outubro_1-150x150.jpg 150w, https:\/\/apacame.org.br\/site\/wp-content\/uploads\/2016\/12\/Reuniao-outubro_1-100x100.jpg 100w\" sizes=\"(max-width: 150px) 100vw, 150px\" \/><\/a>\n\t\t\t<\/div>\n\t\t\t\t<figcaption class='wp-caption-text gallery-caption' id='gallery-1-1692'>\n\t\t\t\tNa abertura da Reuni\u00e3o, da direita para a esquerda Sr. Radam\u00e9s Zovaro, Empres\u00e1rio Ap\u00edcola e Diretor T\u00e9cnico da APACAME, A Dra. Marria Carolina Guido, Palestrante, Dr. Constantino Zara Filho, Presidente da APACAME e Sr. Alcindo Alves, Presidente da FAAMESP\n\t\t\t\t<\/figcaption><\/figure><figure class='gallery-item'>\n\t\t\t<div class='gallery-icon landscape'>\n\t\t\t\t<a href='https:\/\/apacame.org.br\/site\/wp-content\/uploads\/2016\/12\/Reuniao-outubro_2.jpg'><img decoding=\"async\" width=\"150\" height=\"150\" src=\"https:\/\/apacame.org.br\/site\/wp-content\/uploads\/2016\/12\/Reuniao-outubro_2-150x150.jpg\" class=\"attachment-thumbnail size-thumbnail\" alt=\"\" aria-describedby=\"gallery-1-1693\" srcset=\"https:\/\/apacame.org.br\/site\/wp-content\/uploads\/2016\/12\/Reuniao-outubro_2-150x150.jpg 150w, https:\/\/apacame.org.br\/site\/wp-content\/uploads\/2016\/12\/Reuniao-outubro_2-100x100.jpg 100w\" sizes=\"(max-width: 150px) 100vw, 150px\" \/><\/a>\n\t\t\t<\/div>\n\t\t\t\t<figcaption class='wp-caption-text gallery-caption' id='gallery-1-1693'>\n\t\t\t\tVista parcial dos participantes da reuni\u00e3o\n\t\t\t\t<\/figcaption><\/figure><figure class='gallery-item'>\n\t\t\t<div class='gallery-icon landscape'>\n\t\t\t\t<a href='https:\/\/apacame.org.br\/site\/wp-content\/uploads\/2016\/12\/Reuniao-outubro_3.jpg'><img decoding=\"async\" width=\"150\" height=\"150\" src=\"https:\/\/apacame.org.br\/site\/wp-content\/uploads\/2016\/12\/Reuniao-outubro_3-150x150.jpg\" class=\"attachment-thumbnail size-thumbnail\" alt=\"\" srcset=\"https:\/\/apacame.org.br\/site\/wp-content\/uploads\/2016\/12\/Reuniao-outubro_3-150x150.jpg 150w, https:\/\/apacame.org.br\/site\/wp-content\/uploads\/2016\/12\/Reuniao-outubro_3-100x100.jpg 100w\" sizes=\"(max-width: 150px) 100vw, 150px\" \/><\/a>\n\t\t\t<\/div><\/figure><figure class='gallery-item'>\n\t\t\t<div class='gallery-icon landscape'>\n\t\t\t\t<a href='https:\/\/apacame.org.br\/site\/wp-content\/uploads\/2016\/12\/Reuniao-outubro_4.jpg'><img loading=\"lazy\" decoding=\"async\" width=\"150\" height=\"150\" src=\"https:\/\/apacame.org.br\/site\/wp-content\/uploads\/2016\/12\/Reuniao-outubro_4-150x150.jpg\" class=\"attachment-thumbnail size-thumbnail\" alt=\"\" aria-describedby=\"gallery-1-1695\" srcset=\"https:\/\/apacame.org.br\/site\/wp-content\/uploads\/2016\/12\/Reuniao-outubro_4-150x150.jpg 150w, https:\/\/apacame.org.br\/site\/wp-content\/uploads\/2016\/12\/Reuniao-outubro_4-100x100.jpg 100w\" sizes=\"(max-width: 150px) 100vw, 150px\" \/><\/a>\n\t\t\t<\/div>\n\t\t\t\t<figcaption class='wp-caption-text gallery-caption' id='gallery-1-1695'>\n\t\t\t\tAo final da Palestra o Sr. Radam\u00e9s Zovaro, Diretor T\u00e9cnico da APACAME Fez a entraga \u00e0 Palestrante Dra. Maria Carolina Guido de um Diploma registrando a sua presen\u00e7a na nossa Reuni\u00e3o.\n\t\t\t\t<\/figcaption><\/figure>\n\t\t<\/div>\n\n","protected":false},"excerpt":{"rendered":"<p>REUNI\u00c3O DOS APICULTORES E MELIPONICULTORES, DIA 05 DE OUTUBRO DE 2016 Na nossa reuni\u00e3o de 05 de outubro de 2016, \u00e0s 18h00, no Audit\u00f3rio do Instituto de Pesca, localizado dentro [&hellip;]<\/p>\n","protected":false},"author":1,"featured_media":0,"parent":1616,"menu_order":0,"comment_status":"open","ping_status":"open","template":"","meta":{"pmpro_default_level":"","_price":"","_stock":"","_tribe_ticket_header":"","_tribe_default_ticket_provider":"","_tribe_ticket_capacity":"0","_ticket_start_date":"","_ticket_end_date":"","_tribe_ticket_show_description":"","_tribe_ticket_show_not_going":false,"_tribe_ticket_use_global_stock":"","_tribe_ticket_global_stock_level":"","_global_stock_mode":"","_global_stock_cap":"","_tribe_rsvp_for_event":"","_tribe_ticket_going_count":"","_tribe_ticket_not_going_count":"","_tribe_tickets_list":"[]","_tribe_ticket_has_attendee_info_fields":false,"cybocfi_hide_featured_image":"","footnotes":""},"class_list":["post-1690","page","type-page","status-publish","hentry","pmpro-has-access"],"_links":{"self":[{"href":"https:\/\/apacame.org.br\/site\/wp-json\/wp\/v2\/pages\/1690"}],"collection":[{"href":"https:\/\/apacame.org.br\/site\/wp-json\/wp\/v2\/pages"}],"about":[{"href":"https:\/\/apacame.org.br\/site\/wp-json\/wp\/v2\/types\/page"}],"author":[{"embeddable":true,"href":"https:\/\/apacame.org.br\/site\/wp-json\/wp\/v2\/users\/1"}],"replies":[{"embeddable":true,"href":"https:\/\/apacame.org.br\/site\/wp-json\/wp\/v2\/comments?post=1690"}],"version-history":[{"count":3,"href":"https:\/\/apacame.org.br\/site\/wp-json\/wp\/v2\/pages\/1690\/revisions"}],"predecessor-version":[{"id":1697,"href":"https:\/\/apacame.org.br\/site\/wp-json\/wp\/v2\/pages\/1690\/revisions\/1697"}],"up":[{"embeddable":true,"href":"https:\/\/apacame.org.br\/site\/wp-json\/wp\/v2\/pages\/1616"}],"wp:attachment":[{"href":"https:\/\/apacame.org.br\/site\/wp-json\/wp\/v2\/media?parent=1690"}],"curies":[{"name":"wp","href":"https:\/\/api.w.org\/{rel}","templated":true}]}}