{"id":1673,"date":"2016-12-15T02:46:38","date_gmt":"2016-12-15T02:46:38","guid":{"rendered":"http:\/\/apacame.org.br\/site\/?page_id=1673"},"modified":"2016-12-15T02:55:29","modified_gmt":"2016-12-15T02:55:29","slug":"relatorio","status":"publish","type":"page","link":"https:\/\/apacame.org.br\/site\/revista\/mensagem-doce-n-139-novembro-de-2016\/relatorio\/","title":{"rendered":"Relat\u00f3rio"},"content":{"rendered":"<h1 style=\"text-align: center;\">INICIATIVA DE PESQUISA NO PROJETO COLMEIA VIVA<sup>\u00ae<\/sup> REFOR\u00c7A A IMPORT\u00c2NCIA DA RELA\u00c7\u00c3O MAIS PRODUTIVA ENTRE AGRICULTURA E APICULTURA<\/h1>\n<figure id=\"attachment_1674\" aria-describedby=\"caption-attachment-1674\" style=\"width: 300px\" class=\"wp-caption alignleft\"><a href=\"https:\/\/apacame.org.br\/site\/wp-content\/uploads\/2016\/12\/Imagem_1capa.jpg\"><img fetchpriority=\"high\" decoding=\"async\" class=\"size-medium wp-image-1674\" src=\"https:\/\/apacame.org.br\/site\/wp-content\/uploads\/2016\/12\/Imagem_1capa-300x300.jpg\" alt=\"Capa do relat\u00f3rio pr\u00e9vio\" width=\"300\" height=\"300\" srcset=\"https:\/\/apacame.org.br\/site\/wp-content\/uploads\/2016\/12\/Imagem_1capa-300x300.jpg 300w, https:\/\/apacame.org.br\/site\/wp-content\/uploads\/2016\/12\/Imagem_1capa-150x150.jpg 150w, https:\/\/apacame.org.br\/site\/wp-content\/uploads\/2016\/12\/Imagem_1capa-100x100.jpg 100w, https:\/\/apacame.org.br\/site\/wp-content\/uploads\/2016\/12\/Imagem_1capa-500x500.jpg 500w, https:\/\/apacame.org.br\/site\/wp-content\/uploads\/2016\/12\/Imagem_1capa.jpg 561w\" sizes=\"(max-width: 300px) 100vw, 300px\" \/><\/a><figcaption id=\"caption-attachment-1674\" class=\"wp-caption-text\">Capa do relat\u00f3rio pr\u00e9vio<\/figcaption><\/figure>\n<p><span style=\"font-size: large;\">Com a participa\u00e7\u00e3o da Unesp e UFSCar, o Mapeamento de Abelhas Participativo (MAP) \u00e9 uma iniciativa de pesquisa no Projeto Colmeia Viva, desenvolvido pelo Sindiveg &#8211; Sindicato Nacional da Ind\u00fastria de Produtos para a Defesa Vegetal para entender os fatores que contribuem para a perda de abelhas no Estado de S\u00e3o Paulo. A pesquisa conta com um canal exclusivo 0800 771 8000 voltado para agricultores, apicultores e meliponicultores. Recentemente, o grupo de trabalho respons\u00e1vel pelo projeto produziu este relat\u00f3rio pr\u00e9vio que d\u00e1 um breve cen\u00e1rio qualitativo da situa\u00e7\u00e3o no campo e, principalmente, traz elementos para os ajustes necess\u00e1rios no processo de melhoria cont\u00ednua do projeto. O relat\u00f3rio completo pode ser acessado pelo site <a href=\"http:\/\/www.projetocolmeiaviva.org.br\" target=\"_blank\" rel=\"noopener\">www.projetocolmeiaviva.org.br<\/a>.<\/span><\/p>\n<p><span style=\"font-size: large;\">O relat\u00f3rio pr\u00e9vio da pesquisa aponta para a mortalidade de abelhas criadas (manejadas) para fins comerciais, pertencentes ao segmento econ\u00f4mico. Segundo os pesquisadores do projeto, Osmar Malaspina (Unesp-Rio Claro) e Roberta Nocelli (UFSCar-Araras), os dados obtidos tamb\u00e9m podem gerar subs\u00eddios para a conserva\u00e7\u00e3o de abelhas presentes na natureza.<\/span><\/p>\n<p><span style=\"font-size: large;\"><b>O funcionamento da iniciativa de pesquisa<\/b><\/span><\/p>\n<p><a href=\"https:\/\/apacame.org.br\/site\/wp-content\/uploads\/2016\/12\/Fase-Piloto.jpg\"><img decoding=\"async\" class=\"alignleft wp-image-1675\" src=\"https:\/\/apacame.org.br\/site\/wp-content\/uploads\/2016\/12\/Fase-Piloto-317x1024.jpg\" alt=\"Fase Piloto\" width=\"186\" height=\"600\" srcset=\"https:\/\/apacame.org.br\/site\/wp-content\/uploads\/2016\/12\/Fase-Piloto-317x1024.jpg 317w, https:\/\/apacame.org.br\/site\/wp-content\/uploads\/2016\/12\/Fase-Piloto-93x300.jpg 93w, https:\/\/apacame.org.br\/site\/wp-content\/uploads\/2016\/12\/Fase-Piloto-150x485.jpg 150w, https:\/\/apacame.org.br\/site\/wp-content\/uploads\/2016\/12\/Fase-Piloto-155x500.jpg 155w, https:\/\/apacame.org.br\/site\/wp-content\/uploads\/2016\/12\/Fase-Piloto.jpg 355w\" sizes=\"(max-width: 186px) 100vw, 186px\" \/><\/a><span style=\"font-size: large;\">Os agricultores participam quando encontrarem colmeias n\u00e3o identificadas em sua propriedade; em caso de d\u00favida na ocorr\u00eancia de um incidente por aplica\u00e7\u00e3o de defensivo agr\u00edcola e se precisarem de orienta\u00e7\u00e3o sobre boas pr\u00e1ticas de conviv\u00eancias entre as atividades agr\u00edcola e ap\u00edcola. J\u00e1 os apicultores, quando verificarem perdas de colmeias e abelhas em seus api\u00e1rios; se necessitarem de suporte no entendimento das causas de perda de colmeias; sobre o que fazer em caso de poss\u00edvel incidente com abelhas e tamb\u00e9m se necessitarem de orienta\u00e7\u00e3o sobre boas pr\u00e1ticas de conviv\u00eancia entre agricultura e apicultura.<\/span><\/p>\n<p><span style=\"font-size: large;\">Na visita ao campo, profissionais especializados em abelhas na agricultura avaliam a situa\u00e7\u00e3o no local. Essa an\u00e1lise inclui as condi\u00e7\u00f5es das colmeias, o estado das abelhas, o hist\u00f3rico e o manejo do api\u00e1rio, al\u00e9m de identificar as atividades agr\u00edcolas predominantes (cultivos no local e nas redondezas, por exemplo) e a paisagem do entorno. Se as abelhas estiverem ainda em condi\u00e7\u00f5es de an\u00e1lise, s\u00e3o coletadas e enviadas para o laborat\u00f3rio.<\/span><\/p>\n<figure id=\"attachment_1676\" aria-describedby=\"caption-attachment-1676\" style=\"width: 450px\" class=\"wp-caption alignright\"><a href=\"https:\/\/apacame.org.br\/site\/wp-content\/uploads\/2016\/12\/Tabela-Inmetro.jpg\"><img decoding=\"async\" class=\"wp-image-1676\" src=\"https:\/\/apacame.org.br\/site\/wp-content\/uploads\/2016\/12\/Tabela-Inmetro.jpg\" alt=\"Tabela INMETRO\" width=\"450\" height=\"320\" srcset=\"https:\/\/apacame.org.br\/site\/wp-content\/uploads\/2016\/12\/Tabela-Inmetro.jpg 748w, https:\/\/apacame.org.br\/site\/wp-content\/uploads\/2016\/12\/Tabela-Inmetro-300x213.jpg 300w, https:\/\/apacame.org.br\/site\/wp-content\/uploads\/2016\/12\/Tabela-Inmetro-150x107.jpg 150w, https:\/\/apacame.org.br\/site\/wp-content\/uploads\/2016\/12\/Tabela-Inmetro-500x356.jpg 500w\" sizes=\"(max-width: 450px) 100vw, 450px\" \/><\/a><figcaption id=\"caption-attachment-1676\" class=\"wp-caption-text\">Tabela INMETRO<\/figcaption><\/figure>\n<p><span style=\"font-size: large;\">Para coleta e an\u00e1lise \u00e9 necess\u00e1rio que as abelhas estejam morrendo ou tenham morrido dentro das \u00faltimas 24 horas e que mais de 20% das colmeias tenham perdido abelhas. Assim, o levantamento traz uma avalia\u00e7\u00e3o mais direta da aplica\u00e7\u00e3o de defensivos agr\u00edcolas na rela\u00e7\u00e3o da agricultura e apicultura. <\/span><\/p>\n<p><span style=\"font-size: large;\">O laborat\u00f3rio escolhido para as an\u00e1lises das amostras de abelhas \u00e9 independente e especializado em identificar (pesquisa e confirma\u00e7\u00e3o) res\u00edduos de v\u00e1rios tipos de defensivos agr\u00edcolas em uma mesma an\u00e1lise. As abelhas coletadas s\u00e3o enviadas para laborat\u00f3rio reconhecido pelo Inmetro segundo a ISO 17025, que determina os requisitos gerais para compet\u00eancia de laborat\u00f3rios de ensaio e calibra\u00e7\u00e3o em todo o mundo.<\/span><\/p>\n<figure id=\"attachment_1677\" aria-describedby=\"caption-attachment-1677\" style=\"width: 300px\" class=\"wp-caption alignleft\"><a href=\"https:\/\/apacame.org.br\/site\/wp-content\/uploads\/2016\/12\/Imagem-2-Funcionamento.jpg\"><img loading=\"lazy\" decoding=\"async\" class=\"size-medium wp-image-1677\" src=\"https:\/\/apacame.org.br\/site\/wp-content\/uploads\/2016\/12\/Imagem-2-Funcionamento-300x300.jpg\" alt=\"Funcionamento do projeto de pesqusa map\" width=\"300\" height=\"300\" srcset=\"https:\/\/apacame.org.br\/site\/wp-content\/uploads\/2016\/12\/Imagem-2-Funcionamento-300x300.jpg 300w, https:\/\/apacame.org.br\/site\/wp-content\/uploads\/2016\/12\/Imagem-2-Funcionamento-150x150.jpg 150w, https:\/\/apacame.org.br\/site\/wp-content\/uploads\/2016\/12\/Imagem-2-Funcionamento-100x100.jpg 100w, https:\/\/apacame.org.br\/site\/wp-content\/uploads\/2016\/12\/Imagem-2-Funcionamento-500x500.jpg 500w, https:\/\/apacame.org.br\/site\/wp-content\/uploads\/2016\/12\/Imagem-2-Funcionamento.jpg 561w\" sizes=\"(max-width: 300px) 100vw, 300px\" \/><\/a><figcaption id=\"caption-attachment-1677\" class=\"wp-caption-text\">Funcionamento do projeto de pesqusa map<\/figcaption><\/figure>\n<p><span style=\"font-size: large;\">A amostragem feita pela equipe de campo garante a uniformidade das amostras para todos os atendimentos, fator indispens\u00e1vel para o projeto de pesquisa. Al\u00e9m disso, equipamentos adequados para coleta e congelamento r\u00e1pido das amostras garantem a preserva\u00e7\u00e3o e reduzem o risco de contamina\u00e7\u00e3o, aumentando a confiabilidade dos resultados e, por consequ\u00eancia, de todo o projeto. O laborat\u00f3rio utiliza uma lista de ingredientes ativos, distribu\u00eddos em grupos qu\u00edmicos, para an\u00e1lise. Trata-se dos defensivos agr\u00edcolas dispon\u00edveis no m\u00e9todo e mais estudados no mundo na rela\u00e7\u00e3o entre a agricultura e as abelhas.<\/span><\/p>\n<p><span style=\"font-size: large;\">A an\u00e1lise completa \u00e9 feita por uma equipe t\u00e9cnica do projeto, composta por professores da \u00e1rea de toxicologia de abelhas da UNESP e UFSCar e profissionais t\u00e9cnicos das ind\u00fastrias associadas que re\u00fanem as informa\u00e7\u00f5es obtidas no canal de atendimento 0800, na visita ao campo e na an\u00e1lise laboratorial, com o objetivo de identificar os fatores que podem ter levado \u00e0 perda das abelhas.<\/span><\/p>\n<p><span style=\"font-size: large;\">Todas as informa\u00e7\u00f5es ir\u00e3o compor um banco de dados com informa\u00e7\u00f5es s\u00f3lidas e realistas com os fatores que podem contribuir para a perda das abelhas.<\/span><\/p>\n<p><span style=\"font-size: large;\"><b>Resultado pr\u00e9vio da pesquisa<\/b><\/span><\/p>\n<p><span style=\"font-size: large;\"><b>Os primeiros resultados: Junho\/2015 a maio\/2016<\/b><\/span><\/p>\n<p><span style=\"font-size: large;\">A pesquisa considera uma avalia\u00e7\u00e3o mais direta da aplica\u00e7\u00e3o de defensivos agr\u00edcolas, j\u00e1 que as an\u00e1lises das amostras de abelhas s\u00e3o realizadas por laborat\u00f3rio reconhecido pelo Inmetro capaz de identificar res\u00edduos de v\u00e1rios tipos de defensivos agr\u00edcolas em uma mesma an\u00e1lise. <\/span><\/p>\n<figure id=\"attachment_1678\" aria-describedby=\"caption-attachment-1678\" style=\"width: 300px\" class=\"wp-caption alignright\"><a href=\"https:\/\/apacame.org.br\/site\/wp-content\/uploads\/2016\/12\/Tabela-resultados.jpg\"><img loading=\"lazy\" decoding=\"async\" class=\"wp-image-1678 size-medium\" src=\"https:\/\/apacame.org.br\/site\/wp-content\/uploads\/2016\/12\/Tabela-resultados-300x205.jpg\" alt=\"Tabela resultados\" width=\"300\" height=\"205\" srcset=\"https:\/\/apacame.org.br\/site\/wp-content\/uploads\/2016\/12\/Tabela-resultados-300x205.jpg 300w, https:\/\/apacame.org.br\/site\/wp-content\/uploads\/2016\/12\/Tabela-resultados-1024x700.jpg 1024w, https:\/\/apacame.org.br\/site\/wp-content\/uploads\/2016\/12\/Tabela-resultados-150x103.jpg 150w, https:\/\/apacame.org.br\/site\/wp-content\/uploads\/2016\/12\/Tabela-resultados-500x342.jpg 500w, https:\/\/apacame.org.br\/site\/wp-content\/uploads\/2016\/12\/Tabela-resultados.jpg 1141w\" sizes=\"(max-width: 300px) 100vw, 300px\" \/><\/a><figcaption id=\"caption-attachment-1678\" class=\"wp-caption-text\">Tabela resultados<\/figcaption><\/figure>\n<p><span style=\"font-size: large;\">Apenas 26,7% dos atendimentos do 0800 deram origem a uma visita para an\u00e1lise da situa\u00e7\u00e3o no campo, representando 16 visitas no primeiro ano. Deste total, foi poss\u00edvel efetuar coleta de abelhas em 13 casos no primeiro ano do projeto. Os ind\u00edcios at\u00e9 agora apontam para o uso incorreto de defensivos agr\u00edcolas tanto em casos com a rela\u00e7\u00e3o direta com a atividade agr\u00edcola quanto em outros usos fora da atividade agr\u00edcola. O uso incorreto ocorre com dosagens acima das recomenda\u00e7\u00f5es indicadas em r\u00f3tulo e bula, falta do cumprimento das exig\u00eancias legais para a aplica\u00e7\u00e3o de defensivos agr\u00edcolas com vistas \u00e0 prote\u00e7\u00e3o ao cultivo nas modalidades aprovadas (a\u00e9rea ou terrestre), emprego incorreto da modalidade de aplica\u00e7\u00e3o sem a autoriza\u00e7\u00e3o ou registro de produtos para cultura agr\u00edcola. Esse resultado tamb\u00e9m ocorre quando inclui a avalia\u00e7\u00e3o na fase piloto, que gerou 24 visitas (sendo 17 com resultado positivo para a presen\u00e7a de res\u00edduos.) <\/span><\/p>\n<p><span style=\"font-size: large;\">\u00c9 imprescind\u00edvel observar, tamb\u00e9m, as t\u00e9cnicas de manejo utilizadas pelos criadores de abelhas que perderam suas col\u00f4nias para desenvolver propostas de a\u00e7\u00e3o para remedia\u00e7\u00e3o da mortalidade de abelhas. N\u00e3o h\u00e1 relatos de pr\u00e1ticas de prote\u00e7\u00e3o que permitam a mitiga\u00e7\u00e3o dos riscos. O projeto deve ampliar as informa\u00e7\u00f5es coletadas em campo com mais detalhamento dos cultivos de entorno e das floradas, al\u00e9m de buscar informa\u00e7\u00f5es sobre o manejo ap\u00edcola.<\/span><\/p>\n<p><span style=\"font-size: large;\">No relat\u00f3rio completo, \u00e9 poss\u00edvel saber mais sobre os resultados das visitas em campo, tais como frequ\u00eancia de visita do apicultor ao api\u00e1rio, condi\u00e7\u00f5es do api\u00e1rio, alimenta\u00e7\u00e3o das abelhas, sele\u00e7\u00e3o de abelha rainha, colmeias analisadas e situa\u00e7\u00e3o de perda nos api\u00e1rios. Al\u00e9m disso, o relat\u00f3rio traz uma avalia\u00e7\u00e3o das regi\u00f5es mais atendidas, as culturas agr\u00edcolas mais pr\u00f3ximas e as an\u00e1lises laboratoriais com presen\u00e7a ou n\u00e3o de res\u00edduos de defensivos agr\u00edcolas. Importante destacar que o relat\u00f3rio completo est\u00e1 dispon\u00edvel em <a href=\"mailto:http:\/\/projetocolmeiaviva.org.br\/wp-content\/uploads\/2016\/10\/Relatorio_previo_WEB-30set2016.pdf\" target=\"_blank\">http:\/\/projetocolmeiaviva.org.br\/wp-content\/uploads\/2016\/10\/Relatorio_previo_WEB-30set2016.pdf<\/a> <\/span><\/p>\n<p><span style=\"font-size: large;\"><b>Pr\u00f3ximos passos:<\/b><\/span><\/p>\n<p><span style=\"font-size: large;\">Sensibiliza\u00e7\u00e3o de agricultores e criadores de abelhas para participa\u00e7\u00e3o.<\/span><\/p>\n<p><span style=\"font-size: large;\">Fortalecer a abrang\u00eancia e divulga\u00e7\u00e3o do projeto no Estado de S\u00e3o Paulo, uma vez que a iniciativa dar\u00e1 origem a um Plano de A\u00e7\u00e3o Nacional voltado \u00e0s boas pr\u00e1ticas de aplica\u00e7\u00e3o dos defensivos agr\u00edcolas para uma rela\u00e7\u00e3o mais produtiva entre apicultura e agricultura. Para isso, torna-se necess\u00e1rio que o projeto tenha mais tempo de pesquisa para avalia\u00e7\u00e3o e estudos de mais casos.<\/span><\/p>\n<p><span style=\"font-size: large;\">O desafio do projeto \u00e9 sensibilizar a participa\u00e7\u00e3o de agricultores e criadores de abelhas com a busca constante de todas as formas vi\u00e1veis de divulga\u00e7\u00e3o, entre elas o envolvimento das entidades agr\u00edcolas e ap\u00edcolas. Ainda assim, as \u00e1reas de vendas das associadas est\u00e3o numa for\u00e7a tarefa para divulgar o projeto em toda a cadeia produtiva do setor, incluindo revendas e distribuidores.<\/span><\/p>\n<p><span style=\"font-size: large;\"><b>SOBRE O PROJETO COLMEIA VIVA<\/b><\/span><\/p>\n<p><span style=\"font-size: large;\">O Colmeia Viva Mapeamento de Abelhas Participativo (MAP) \u00e9 uma das iniciativas do Projeto Colmeia Viva<sup>\u00ae<\/sup>. Idealizado pelo Sindiveg &#8211; Sindicato Nacional da Ind\u00fastria de Produtos para a Defesa Vegetal, o Projeto Colmeia Viva<sup>\u00ae<\/sup> tem a miss\u00e3o de promover o uso correto de defensivos agr\u00edcolas na agricultura brasileira para proteger os cultivos e contribuir na garantia do direito b\u00e1sico de alimenta\u00e7\u00e3o das pessoas, respeitando a apicultura e protegendo as abelhas e o meio ambiente.<\/span><\/p>\n<p><span style=\"font-size: large;\">O setor de defensivos agr\u00edcolas reconhece seu papel na constru\u00e7\u00e3o de uma rela\u00e7\u00e3o mais produtiva entre agricultura e apicultura e em proteger as abelhas e quer ser reconhecido como incentivador do di\u00e1logo entre agricultores e apicultores, visto que introduz no campo um produto que deve ser usado para proteger as culturas. As bandeiras de prioridades e iniciativas do Projeto est\u00e3o dispon\u00edveis em <a href=\"http:\/\/www.projetocolmeiaviva.org.br\" target=\"_blank\" rel=\"noopener\">www.projetocolmeiaviva.org.br<\/a> H\u00e1 tamb\u00e9m o blog do Projeto Colmeia Viva<sup>\u00ae<\/sup>, com informa\u00e7\u00f5es atualizadas periodicamente sobre o tema <a href=\"http:\/\/projetocolmeiaviva.org.br\/category\/noticias\/\" target=\"_blank\" rel=\"noopener\">http:\/\/projetocolmeiaviva.org.br\/category\/noticias\/<\/a> <\/span><\/p>\n<p><span style=\"font-size: large;\"><b>Sobre o Sindiveg<\/b><\/span><\/p>\n<p><span style=\"font-size: large;\">Formado por 50 empresas do setor de defensivos agr\u00edcolas, o Sindiveg \u2013 Sindicato Nacional da Ind\u00fastria de Produtos para Defesa Vegetal \u2013 foi fundado em 1941. A entidade representa suas associadas junto a \u00f3rg\u00e3os de governo e com\u00e9rcio exterior, poderes p\u00fablicos, entidades de classe, associa\u00e7\u00f5es rurais e \u00e0 sociedade civil. Atualmente, \u00e9 membro-l\u00edder da campanha nacional contra o com\u00e9rcio ilegal de defensivos agr\u00edcolas.<\/span><\/p>\n","protected":false},"excerpt":{"rendered":"<p>INICIATIVA DE PESQUISA NO PROJETO COLMEIA VIVA\u00ae REFOR\u00c7A A IMPORT\u00c2NCIA DA RELA\u00c7\u00c3O MAIS PRODUTIVA ENTRE AGRICULTURA E APICULTURA Com a participa\u00e7\u00e3o da Unesp e UFSCar, o Mapeamento de Abelhas Participativo [&hellip;]<\/p>\n","protected":false},"author":1,"featured_media":0,"parent":1616,"menu_order":0,"comment_status":"open","ping_status":"open","template":"","meta":{"pmpro_default_level":"","_price":"","_stock":"","_tribe_ticket_header":"","_tribe_default_ticket_provider":"","_tribe_ticket_capacity":"0","_ticket_start_date":"","_ticket_end_date":"","_tribe_ticket_show_description":"","_tribe_ticket_show_not_going":false,"_tribe_ticket_use_global_stock":"","_tribe_ticket_global_stock_level":"","_global_stock_mode":"","_global_stock_cap":"","_tribe_rsvp_for_event":"","_tribe_ticket_going_count":"","_tribe_ticket_not_going_count":"","_tribe_tickets_list":"[]","_tribe_ticket_has_attendee_info_fields":false,"cybocfi_hide_featured_image":"","footnotes":""},"class_list":["post-1673","page","type-page","status-publish","hentry","pmpro-has-access"],"_links":{"self":[{"href":"https:\/\/apacame.org.br\/site\/wp-json\/wp\/v2\/pages\/1673"}],"collection":[{"href":"https:\/\/apacame.org.br\/site\/wp-json\/wp\/v2\/pages"}],"about":[{"href":"https:\/\/apacame.org.br\/site\/wp-json\/wp\/v2\/types\/page"}],"author":[{"embeddable":true,"href":"https:\/\/apacame.org.br\/site\/wp-json\/wp\/v2\/users\/1"}],"replies":[{"embeddable":true,"href":"https:\/\/apacame.org.br\/site\/wp-json\/wp\/v2\/comments?post=1673"}],"version-history":[{"count":4,"href":"https:\/\/apacame.org.br\/site\/wp-json\/wp\/v2\/pages\/1673\/revisions"}],"predecessor-version":[{"id":1680,"href":"https:\/\/apacame.org.br\/site\/wp-json\/wp\/v2\/pages\/1673\/revisions\/1680"}],"up":[{"embeddable":true,"href":"https:\/\/apacame.org.br\/site\/wp-json\/wp\/v2\/pages\/1616"}],"wp:attachment":[{"href":"https:\/\/apacame.org.br\/site\/wp-json\/wp\/v2\/media?parent=1673"}],"curies":[{"name":"wp","href":"https:\/\/api.w.org\/{rel}","templated":true}]}}