{"id":1626,"date":"2016-12-12T20:08:33","date_gmt":"2016-12-12T20:08:33","guid":{"rendered":"http:\/\/apacame.org.br\/site\/?page_id=1626"},"modified":"2016-12-12T20:08:33","modified_gmt":"2016-12-12T20:08:33","slug":"atividade","status":"publish","type":"page","link":"https:\/\/apacame.org.br\/site\/revista\/mensagem-doce-n-139-novembro-de-2016\/atividade\/","title":{"rendered":"Atividade"},"content":{"rendered":"<h1 style=\"text-align: center;\">Campanha de Prote\u00e7\u00e3o \u00e0s abelhas \u201cBee Or Not To Be\u201d ganha homenagem especial em evento realizado no IFRN de Currais Novos-RN<\/h1>\n<blockquote><p>Daiana da Silva Sombra<sup>1<\/sup>; Ricardo Gon\u00e7alves Santos<sup>1<\/sup>; Lionel Segui Gon\u00e7alves1,<sup>2<\/sup>*<\/p>\n<p><sup>1<\/sup> Centro Tecnol\u00f3gico de Apicultura e Meliponicultura do Rio Grande do Norte (CETAPIS) e Universidade Federal Rural do Semi-\u00c1rido (UFERSA) &#8211; <a href=\"mailto:lsgoncal@ffclrp.usp.br\">lsgoncal@ffclrp.usp.br<\/a><\/p>\n<p><sup>2<\/sup> Universidade de S\u00e3o Paulo (USP)<\/p><\/blockquote>\n<figure id=\"attachment_1639\" aria-describedby=\"caption-attachment-1639\" style=\"width: 300px\" class=\"wp-caption alignleft\"><a href=\"https:\/\/apacame.org.br\/site\/wp-content\/uploads\/2016\/12\/Lionel_IMAGEM-1.jpg\"><img fetchpriority=\"high\" decoding=\"async\" class=\"size-medium wp-image-1639\" src=\"https:\/\/apacame.org.br\/site\/wp-content\/uploads\/2016\/12\/Lionel_IMAGEM-1-300x225.jpg\" alt=\"Prof. Dr. Lionel Segui Gon\u00e7alves e sua esposa Sra. Neide M. Malus\u00e1 Gon\u00e7alves na entrada da Sala tem\u00e1tica \u201cSalve as Abelhas\u201d.\" width=\"300\" height=\"225\" srcset=\"https:\/\/apacame.org.br\/site\/wp-content\/uploads\/2016\/12\/Lionel_IMAGEM-1-300x225.jpg 300w, https:\/\/apacame.org.br\/site\/wp-content\/uploads\/2016\/12\/Lionel_IMAGEM-1-150x112.jpg 150w, https:\/\/apacame.org.br\/site\/wp-content\/uploads\/2016\/12\/Lionel_IMAGEM-1-500x375.jpg 500w, https:\/\/apacame.org.br\/site\/wp-content\/uploads\/2016\/12\/Lionel_IMAGEM-1.jpg 886w\" sizes=\"(max-width: 300px) 100vw, 300px\" \/><\/a><figcaption id=\"caption-attachment-1639\" class=\"wp-caption-text\">Prof. Dr. Lionel Segui Gon\u00e7alves e sua esposa Sra. Neide M. Malus\u00e1 Gon\u00e7alves na entrada da<br \/>Sala tem\u00e1tica \u201cSalve as Abelhas\u201d.<\/figcaption><\/figure>\n<p><span style=\"font-size: large;\">O Instituto Federal do Rio Grande do Norte \u2013 IFRN (Campus de Currais Novos-RN), realizou no per\u00edodo de 16 a 18 de agosto de 2016, a III Semana do Meio Ambiente e VII Semana de Alimentos, com o tema \u201cCi\u00eancia e a agricultura familiar alimentando o Semi\u00e1rido\u201d. O evento reuniu professores, pesquisadores, estudantes, agricultores e apicultores para discutir um tema bastante pertinente para a humanidade \u2013 A Produ\u00e7\u00e3o de alimentos. Nesse contexto, as abelhas tiveram um destaque especial nas discuss\u00f5es, tendo em vista a import\u00e2ncia inquestion\u00e1vel destes insetos para a poliniza\u00e7\u00e3o dos vegetais e, consequentemente, para a produ\u00e7\u00e3o aliment\u00edcia.<\/span><\/p>\n<p><span style=\"font-size: large;\">Ao longo do evento foram realizadas confer\u00eancias, mesas redondas, minicursos, relatos de viv\u00eancias, palestras, oficinas, feira agroecol\u00f3gica e, em especial, uma linda sala tem\u00e1tica em homenagem a campanha Internacional \u201cBee Or Not To Be\u201d, maior campanha de prote\u00e7\u00e3o \u00e0s abelhas da Am\u00e9rica Latina, conhecida no Brasil como \u201cSem Abelha, Sem Alimento\u201d. A sala tem\u00e1tica do IFRN teve como tema \u201cSalve as abelhas\u201d e foi cuidadosamente ornamentada pelos alunos dos cursos T\u00e9cnico e Tecn\u00f3logo em Alimentos do IFRN, sob a orienta\u00e7\u00e3o e coordena\u00e7\u00e3o do Prof. Dr. Saint Clair Lira, onde foram abordados diversos assuntos, tais como: o hist\u00f3rico da apicultura no Brasil, biologia, comportamento e caracter\u00edsticas das abelhas Apis mellifera, produtos ap\u00edcolas e an\u00e1lises de suas qualidades, t\u00e9cnicas de produ\u00e7\u00e3o, bem como a import\u00e2ncia da preserva\u00e7\u00e3o destes polinizadores para o homem e o meio ambiente. Vale destacar que pelo dom\u00ednio de conte\u00fado e desenvoltura dos alunos durante as explica\u00e7\u00f5es, foi facilmente not\u00e1vel a prepara\u00e7\u00e3o dos mesmos para aquele momento. Podemos dizer que a articula\u00e7\u00e3o e execu\u00e7\u00e3o deste ato foi uma \u00f3tima e muito bem sucedida ideia, considerando-se a enorme demanda de pessoas a procura da sala tem\u00e1tica, que foi visitada por apicultores, estudantes de escolas de n\u00edvel fundamental, m\u00e9dio e superior, al\u00e9m da comunidade local.<\/span><\/p>\n<p><span style=\"font-size: large;\">No evento tamb\u00e9m foram abordados diversos assuntos em contexto com a produ\u00e7\u00e3o de alimentos, como a import\u00e2ncia da agricultura familiar, t\u00e9cnicas de aproveitamento integral de alimentos, socioeconomia do meio ambiente, pol\u00edtica ambiental, biotecnologia dos processos alimentares, constru\u00e7\u00e3o do conhecimento agroecol\u00f3gico na extens\u00e3o rural, impactos ambientais da agricultura, produ\u00e7\u00e3o agroecol\u00f3gica de frutas, relatos de experi\u00eancias bem sucedidas no campo, entre muitas outras.<\/span><\/p>\n<p><span style=\"font-size: large;\">Embora o evento tenha englobado um tema amplo, \u00e9 considerada salutar a import\u00e2ncia que deram para as discuss\u00f5es sobre a import\u00e2ncia das abelhas. Podemos destacar tamb\u00e9m a participa\u00e7\u00e3o do Prof. Dr. Lionel Segui Gon\u00e7alves da UFERSA, que realizou uma palestra sobre o desaparecimento das abelhas e sua relev\u00e2ncia para o meio ambiente, onde tamb\u00e9m refor\u00e7ou pedidos para mobiliza\u00e7\u00f5es pela Campanha de prote\u00e7\u00e3o \u00e0s abelhas \u201cSem Abelha, Sem Alimento\u201d, uma vez que esta \u00e9 uma quest\u00e3o bastante conectada ao tema abordado no evento.<\/span><\/p>\n<p><span style=\"font-size: large;\">Outro momento extraordin\u00e1rio e singular foi uma apresenta\u00e7\u00e3o realizada no encerramento do evento para homenagear o Prof. Lionel Gon\u00e7alves, coordenador da campanha de prote\u00e7\u00e3o \u00e0s abelhas. Nela, crian\u00e7as fizeram\u00a0uma bel\u00edssima coreografia baseada na m\u00fasica \u201cAs Abelhas\u201d, de autoria de Vinicius de Morais, encantando e emocionando os amantes das abelhas, inclusive o homenageado. A apresenta\u00e7\u00e3o foi organizada pela Gestora do Centro Municipal de Educa\u00e7\u00e3o Infantil Professor Evil\u00e1sio Luiz Victor\u00a0 (CMEIPELV) de Lagoa Nova-RN, Sra. M\u00e1rcia Leda e pela Coordenadora Pedag\u00f3gica do munic\u00edpio Sra. Maria Salete Galdino.<\/span><\/p>\n<p><span style=\"font-size: large;\">A programa\u00e7\u00e3o e excelente organiza\u00e7\u00e3o do evento permitiu a todos uma agrad\u00e1vel conviv\u00eancia, aprendizado, discuss\u00f5es sobre os mais variados temas da apicultura, agricultura, agroecologia, entre outros. O IFRN est\u00e1 de parab\u00e9ns, bem como os professores, em especial ao Prof. Saint Clair Lira, estudantes, entidades parceiras como a EMATER-RN, representada pelo T\u00e9cnico em agropecu\u00e1ria, o Sr. Aderban Medeiros e ACAP (Associa\u00e7\u00e3o Cerrocoraense de Apicultores), representada pelo Sr. Jos\u00e9 Luiz Neto, que n\u00e3o mediram esfor\u00e7os para realizar um excelente evento. A educa\u00e7\u00e3o \u00e9 tudo e ser\u00e1 sempre o caminho da transforma\u00e7\u00e3o! Arealiza\u00e7\u00e3o da Sala Tem\u00e1tica \u201cSalve as Abelhas\u201d pelos alunos do IFRN de Currais Novos no Rio Grande do Norte em nossa opini\u00e3o \u00e9 uma das mais importantes homenagens em prol da Campanha de Prote\u00e7\u00e3o \u00e0s Abelhas \u201cBee Or Not to Be\u201d, constituindo-se num lindo exemplo do que pode ser feito nas institui\u00e7\u00f5es de ensino em nosso pa\u00eds para demonstrar a import\u00e2ncia das abelhas para o homem e para o meio ambiente. Esta a\u00e7\u00e3o \u00e9 extremamente importante nesse momento em que ocorre uma massiva morte e desaparecimento de abelhas no Brasil e no mundo devido principalmente ao uso indiscriminado de agrot\u00f3xicos. <\/span><\/p>\n<div id='gallery-1' class='gallery galleryid-1626 gallery-columns-3 gallery-size-medium'><figure class='gallery-item'>\n\t\t\t<div class='gallery-icon landscape'>\n\t\t\t\t<a href='https:\/\/apacame.org.br\/site\/wp-content\/uploads\/2016\/12\/Lionel_IMAGEM-2.jpg'><img decoding=\"async\" width=\"300\" height=\"225\" src=\"https:\/\/apacame.org.br\/site\/wp-content\/uploads\/2016\/12\/Lionel_IMAGEM-2-300x225.jpg\" class=\"attachment-medium size-medium\" alt=\"\" aria-describedby=\"gallery-1-1627\" srcset=\"https:\/\/apacame.org.br\/site\/wp-content\/uploads\/2016\/12\/Lionel_IMAGEM-2-300x225.jpg 300w, https:\/\/apacame.org.br\/site\/wp-content\/uploads\/2016\/12\/Lionel_IMAGEM-2-150x112.jpg 150w, https:\/\/apacame.org.br\/site\/wp-content\/uploads\/2016\/12\/Lionel_IMAGEM-2-500x375.jpg 500w, https:\/\/apacame.org.br\/site\/wp-content\/uploads\/2016\/12\/Lionel_IMAGEM-2.jpg 886w\" sizes=\"(max-width: 300px) 100vw, 300px\" \/><\/a>\n\t\t\t<\/div>\n\t\t\t\t<figcaption class='wp-caption-text gallery-caption' id='gallery-1-1627'>\n\t\t\t\tVista interna de parte da Sala tem\u00e1tica.\n\t\t\t\t<\/figcaption><\/figure><figure class='gallery-item'>\n\t\t\t<div class='gallery-icon landscape'>\n\t\t\t\t<a href='https:\/\/apacame.org.br\/site\/wp-content\/uploads\/2016\/12\/Lionel_IMAGEM-3-A.jpg'><img decoding=\"async\" width=\"300\" height=\"225\" src=\"https:\/\/apacame.org.br\/site\/wp-content\/uploads\/2016\/12\/Lionel_IMAGEM-3-A-300x225.jpg\" class=\"attachment-medium size-medium\" alt=\"\" aria-describedby=\"gallery-1-1628\" srcset=\"https:\/\/apacame.org.br\/site\/wp-content\/uploads\/2016\/12\/Lionel_IMAGEM-3-A-300x225.jpg 300w, https:\/\/apacame.org.br\/site\/wp-content\/uploads\/2016\/12\/Lionel_IMAGEM-3-A-150x112.jpg 150w, https:\/\/apacame.org.br\/site\/wp-content\/uploads\/2016\/12\/Lionel_IMAGEM-3-A-500x375.jpg 500w, https:\/\/apacame.org.br\/site\/wp-content\/uploads\/2016\/12\/Lionel_IMAGEM-3-A.jpg 886w\" sizes=\"(max-width: 300px) 100vw, 300px\" \/><\/a>\n\t\t\t<\/div>\n\t\t\t\t<figcaption class='wp-caption-text gallery-caption' id='gallery-1-1628'>\n\t\t\t\tAlunos expondo aos visitantes, assuntos relacionados \u00e0s abelhas , apicultura e meliponicultura.\n\t\t\t\t<\/figcaption><\/figure><figure class='gallery-item'>\n\t\t\t<div class='gallery-icon landscape'>\n\t\t\t\t<a href='https:\/\/apacame.org.br\/site\/wp-content\/uploads\/2016\/12\/Lionel_IMAGEM-3-C.jpg'><img loading=\"lazy\" decoding=\"async\" width=\"300\" height=\"225\" src=\"https:\/\/apacame.org.br\/site\/wp-content\/uploads\/2016\/12\/Lionel_IMAGEM-3-C-300x225.jpg\" class=\"attachment-medium size-medium\" alt=\"\" aria-describedby=\"gallery-1-1630\" srcset=\"https:\/\/apacame.org.br\/site\/wp-content\/uploads\/2016\/12\/Lionel_IMAGEM-3-C-300x225.jpg 300w, https:\/\/apacame.org.br\/site\/wp-content\/uploads\/2016\/12\/Lionel_IMAGEM-3-C-150x112.jpg 150w, https:\/\/apacame.org.br\/site\/wp-content\/uploads\/2016\/12\/Lionel_IMAGEM-3-C-500x375.jpg 500w, https:\/\/apacame.org.br\/site\/wp-content\/uploads\/2016\/12\/Lionel_IMAGEM-3-C.jpg 886w\" sizes=\"(max-width: 300px) 100vw, 300px\" \/><\/a>\n\t\t\t<\/div>\n\t\t\t\t<figcaption class='wp-caption-text gallery-caption' id='gallery-1-1630'>\n\t\t\t\tAlunos expondo aos visitantes, assuntos relacionados \u00e0s abelhas , apicultura e meliponicultura.\n\t\t\t\t<\/figcaption><\/figure><figure class='gallery-item'>\n\t\t\t<div class='gallery-icon landscape'>\n\t\t\t\t<a href='https:\/\/apacame.org.br\/site\/wp-content\/uploads\/2016\/12\/Lionel_IMAGEM-3-B.jpg'><img loading=\"lazy\" decoding=\"async\" width=\"300\" height=\"225\" src=\"https:\/\/apacame.org.br\/site\/wp-content\/uploads\/2016\/12\/Lionel_IMAGEM-3-B-300x225.jpg\" class=\"attachment-medium size-medium\" alt=\"\" aria-describedby=\"gallery-1-1629\" srcset=\"https:\/\/apacame.org.br\/site\/wp-content\/uploads\/2016\/12\/Lionel_IMAGEM-3-B-300x225.jpg 300w, https:\/\/apacame.org.br\/site\/wp-content\/uploads\/2016\/12\/Lionel_IMAGEM-3-B-150x112.jpg 150w, https:\/\/apacame.org.br\/site\/wp-content\/uploads\/2016\/12\/Lionel_IMAGEM-3-B-500x375.jpg 500w, https:\/\/apacame.org.br\/site\/wp-content\/uploads\/2016\/12\/Lionel_IMAGEM-3-B.jpg 886w\" sizes=\"(max-width: 300px) 100vw, 300px\" \/><\/a>\n\t\t\t<\/div>\n\t\t\t\t<figcaption class='wp-caption-text gallery-caption' id='gallery-1-1629'>\n\t\t\t\tAlunos expondo aos visitantes, assuntos relacionados \u00e0s abelhas , apicultura e meliponicultura.\n\t\t\t\t<\/figcaption><\/figure><figure class='gallery-item'>\n\t\t\t<div class='gallery-icon landscape'>\n\t\t\t\t<a href='https:\/\/apacame.org.br\/site\/wp-content\/uploads\/2016\/12\/Lionel_IMAGEM-3-D.jpg'><img loading=\"lazy\" decoding=\"async\" width=\"300\" height=\"225\" src=\"https:\/\/apacame.org.br\/site\/wp-content\/uploads\/2016\/12\/Lionel_IMAGEM-3-D-300x225.jpg\" class=\"attachment-medium size-medium\" alt=\"\" aria-describedby=\"gallery-1-1631\" srcset=\"https:\/\/apacame.org.br\/site\/wp-content\/uploads\/2016\/12\/Lionel_IMAGEM-3-D-300x225.jpg 300w, https:\/\/apacame.org.br\/site\/wp-content\/uploads\/2016\/12\/Lionel_IMAGEM-3-D-150x112.jpg 150w, https:\/\/apacame.org.br\/site\/wp-content\/uploads\/2016\/12\/Lionel_IMAGEM-3-D-500x375.jpg 500w, https:\/\/apacame.org.br\/site\/wp-content\/uploads\/2016\/12\/Lionel_IMAGEM-3-D.jpg 886w\" sizes=\"(max-width: 300px) 100vw, 300px\" \/><\/a>\n\t\t\t<\/div>\n\t\t\t\t<figcaption class='wp-caption-text gallery-caption' id='gallery-1-1631'>\n\t\t\t\tAlunos expondo aos visitantes, assuntos relacionados \u00e0s abelhas , apicultura e meliponicultura.\n\t\t\t\t<\/figcaption><\/figure><figure class='gallery-item'>\n\t\t\t<div class='gallery-icon landscape'>\n\t\t\t\t<a href='https:\/\/apacame.org.br\/site\/wp-content\/uploads\/2016\/12\/Lionel_IMAGEM-4.jpg'><img loading=\"lazy\" decoding=\"async\" width=\"300\" height=\"225\" src=\"https:\/\/apacame.org.br\/site\/wp-content\/uploads\/2016\/12\/Lionel_IMAGEM-4-300x225.jpg\" class=\"attachment-medium size-medium\" alt=\"\" aria-describedby=\"gallery-1-1632\" srcset=\"https:\/\/apacame.org.br\/site\/wp-content\/uploads\/2016\/12\/Lionel_IMAGEM-4-300x225.jpg 300w, https:\/\/apacame.org.br\/site\/wp-content\/uploads\/2016\/12\/Lionel_IMAGEM-4-150x112.jpg 150w, https:\/\/apacame.org.br\/site\/wp-content\/uploads\/2016\/12\/Lionel_IMAGEM-4-500x375.jpg 500w, https:\/\/apacame.org.br\/site\/wp-content\/uploads\/2016\/12\/Lionel_IMAGEM-4.jpg 886w\" sizes=\"(max-width: 300px) 100vw, 300px\" \/><\/a>\n\t\t\t<\/div>\n\t\t\t\t<figcaption class='wp-caption-text gallery-caption' id='gallery-1-1632'>\n\t\t\t\tAlunos do IFRN respons\u00e1veis pela sala tem\u00e1tica apresentando seus conhecimentos sobre abelhas, produtos das abelhas, apicultura e meliponicultura ao Prof. Lionel, sua esposa e aos alunos de p\u00f3s-gradua\u00e7\u00e3o em Ci\u00eancia Animal da UFERSA\/Mossor\u00f3-RN.\n\t\t\t\t<\/figcaption><\/figure><figure class='gallery-item'>\n\t\t\t<div class='gallery-icon landscape'>\n\t\t\t\t<a href='https:\/\/apacame.org.br\/site\/wp-content\/uploads\/2016\/12\/Lionel_IMAGEM-5.jpg'><img loading=\"lazy\" decoding=\"async\" width=\"300\" height=\"225\" src=\"https:\/\/apacame.org.br\/site\/wp-content\/uploads\/2016\/12\/Lionel_IMAGEM-5-300x225.jpg\" class=\"attachment-medium size-medium\" alt=\"\" aria-describedby=\"gallery-1-1633\" srcset=\"https:\/\/apacame.org.br\/site\/wp-content\/uploads\/2016\/12\/Lionel_IMAGEM-5-300x225.jpg 300w, https:\/\/apacame.org.br\/site\/wp-content\/uploads\/2016\/12\/Lionel_IMAGEM-5-150x112.jpg 150w, https:\/\/apacame.org.br\/site\/wp-content\/uploads\/2016\/12\/Lionel_IMAGEM-5-500x375.jpg 500w, https:\/\/apacame.org.br\/site\/wp-content\/uploads\/2016\/12\/Lionel_IMAGEM-5.jpg 886w\" sizes=\"(max-width: 300px) 100vw, 300px\" \/><\/a>\n\t\t\t<\/div>\n\t\t\t\t<figcaption class='wp-caption-text gallery-caption' id='gallery-1-1633'>\n\t\t\t\tProf. Dr. Lionel Segui Gon\u00e7alves em sua palestra sobre o Desaparecimento das abelhas.\n\t\t\t\t<\/figcaption><\/figure><figure class='gallery-item'>\n\t\t\t<div class='gallery-icon landscape'>\n\t\t\t\t<a href='https:\/\/apacame.org.br\/site\/wp-content\/uploads\/2016\/12\/Lionel_IMAGEM-6.jpg'><img loading=\"lazy\" decoding=\"async\" width=\"300\" height=\"225\" src=\"https:\/\/apacame.org.br\/site\/wp-content\/uploads\/2016\/12\/Lionel_IMAGEM-6-300x225.jpg\" class=\"attachment-medium size-medium\" alt=\"\" aria-describedby=\"gallery-1-1634\" srcset=\"https:\/\/apacame.org.br\/site\/wp-content\/uploads\/2016\/12\/Lionel_IMAGEM-6-300x225.jpg 300w, https:\/\/apacame.org.br\/site\/wp-content\/uploads\/2016\/12\/Lionel_IMAGEM-6-150x112.jpg 150w, https:\/\/apacame.org.br\/site\/wp-content\/uploads\/2016\/12\/Lionel_IMAGEM-6-500x375.jpg 500w, https:\/\/apacame.org.br\/site\/wp-content\/uploads\/2016\/12\/Lionel_IMAGEM-6.jpg 886w\" sizes=\"(max-width: 300px) 100vw, 300px\" \/><\/a>\n\t\t\t<\/div>\n\t\t\t\t<figcaption class='wp-caption-text gallery-caption' id='gallery-1-1634'>\n\t\t\t\tVista geral da sala de confer\u00eancias.\n\t\t\t\t<\/figcaption><\/figure><figure class='gallery-item'>\n\t\t\t<div class='gallery-icon landscape'>\n\t\t\t\t<a href='https:\/\/apacame.org.br\/site\/wp-content\/uploads\/2016\/12\/Lionel_IMAGEM-9.jpg'><img loading=\"lazy\" decoding=\"async\" width=\"300\" height=\"225\" src=\"https:\/\/apacame.org.br\/site\/wp-content\/uploads\/2016\/12\/Lionel_IMAGEM-9-300x225.jpg\" class=\"attachment-medium size-medium\" alt=\"\" aria-describedby=\"gallery-1-1637\" srcset=\"https:\/\/apacame.org.br\/site\/wp-content\/uploads\/2016\/12\/Lionel_IMAGEM-9-300x225.jpg 300w, https:\/\/apacame.org.br\/site\/wp-content\/uploads\/2016\/12\/Lionel_IMAGEM-9-150x112.jpg 150w, https:\/\/apacame.org.br\/site\/wp-content\/uploads\/2016\/12\/Lionel_IMAGEM-9-500x374.jpg 500w, https:\/\/apacame.org.br\/site\/wp-content\/uploads\/2016\/12\/Lionel_IMAGEM-9.jpg 709w\" sizes=\"(max-width: 300px) 100vw, 300px\" \/><\/a>\n\t\t\t<\/div>\n\t\t\t\t<figcaption class='wp-caption-text gallery-caption' id='gallery-1-1637'>\n\t\t\t\tMembros da ACAP (Associa\u00e7ao Cerrocoraense de Apicultores) com o Prof. Lionel Gon\u00e7alves.\n\t\t\t\t<\/figcaption><\/figure><figure class='gallery-item'>\n\t\t\t<div class='gallery-icon landscape'>\n\t\t\t\t<a href='https:\/\/apacame.org.br\/site\/wp-content\/uploads\/2016\/12\/Lionel_IMAGEM-7.jpg'><img loading=\"lazy\" decoding=\"async\" width=\"300\" height=\"169\" src=\"https:\/\/apacame.org.br\/site\/wp-content\/uploads\/2016\/12\/Lionel_IMAGEM-7-300x169.jpg\" class=\"attachment-medium size-medium\" alt=\"\" aria-describedby=\"gallery-1-1635\" srcset=\"https:\/\/apacame.org.br\/site\/wp-content\/uploads\/2016\/12\/Lionel_IMAGEM-7-300x169.jpg 300w, https:\/\/apacame.org.br\/site\/wp-content\/uploads\/2016\/12\/Lionel_IMAGEM-7-150x84.jpg 150w, https:\/\/apacame.org.br\/site\/wp-content\/uploads\/2016\/12\/Lionel_IMAGEM-7-500x281.jpg 500w, https:\/\/apacame.org.br\/site\/wp-content\/uploads\/2016\/12\/Lionel_IMAGEM-7.jpg 886w\" sizes=\"(max-width: 300px) 100vw, 300px\" \/><\/a>\n\t\t\t<\/div>\n\t\t\t\t<figcaption class='wp-caption-text gallery-caption' id='gallery-1-1635'>\n\t\t\t\tCrian\u00e7as vestidas de abelhinhas apresentando coreografia baseada na m\u00fasica \u201cAs Abelhas\u201d de Vinicius de Morais.\n\t\t\t\t<\/figcaption><\/figure><figure class='gallery-item'>\n\t\t\t<div class='gallery-icon landscape'>\n\t\t\t\t<a href='https:\/\/apacame.org.br\/site\/wp-content\/uploads\/2016\/12\/Lionel_IMAGEM-8.jpg'><img loading=\"lazy\" decoding=\"async\" width=\"300\" height=\"169\" src=\"https:\/\/apacame.org.br\/site\/wp-content\/uploads\/2016\/12\/Lionel_IMAGEM-8-300x169.jpg\" class=\"attachment-medium size-medium\" alt=\"\" aria-describedby=\"gallery-1-1636\" srcset=\"https:\/\/apacame.org.br\/site\/wp-content\/uploads\/2016\/12\/Lionel_IMAGEM-8-300x169.jpg 300w, https:\/\/apacame.org.br\/site\/wp-content\/uploads\/2016\/12\/Lionel_IMAGEM-8-150x84.jpg 150w, https:\/\/apacame.org.br\/site\/wp-content\/uploads\/2016\/12\/Lionel_IMAGEM-8-500x281.jpg 500w, https:\/\/apacame.org.br\/site\/wp-content\/uploads\/2016\/12\/Lionel_IMAGEM-8.jpg 709w\" sizes=\"(max-width: 300px) 100vw, 300px\" \/><\/a>\n\t\t\t<\/div>\n\t\t\t\t<figcaption class='wp-caption-text gallery-caption' id='gallery-1-1636'>\n\t\t\t\tAluno do Centro Municipal de Educa\u00e7\u00e3o Infantil Professor Evil\u00e1sio Luiz Victor (Lagoa Nova-RN), recitando poema sobre as abelha.\n\t\t\t\t<\/figcaption><\/figure><figure class='gallery-item'>\n\t\t\t<div class='gallery-icon landscape'>\n\t\t\t\t<a href='https:\/\/apacame.org.br\/site\/wp-content\/uploads\/2016\/12\/Lionel_IMAGEM-11.jpg'><img loading=\"lazy\" decoding=\"async\" width=\"300\" height=\"225\" src=\"https:\/\/apacame.org.br\/site\/wp-content\/uploads\/2016\/12\/Lionel_IMAGEM-11-300x225.jpg\" class=\"attachment-medium size-medium\" alt=\"\" aria-describedby=\"gallery-1-1638\" srcset=\"https:\/\/apacame.org.br\/site\/wp-content\/uploads\/2016\/12\/Lionel_IMAGEM-11-300x225.jpg 300w, https:\/\/apacame.org.br\/site\/wp-content\/uploads\/2016\/12\/Lionel_IMAGEM-11-150x112.jpg 150w, https:\/\/apacame.org.br\/site\/wp-content\/uploads\/2016\/12\/Lionel_IMAGEM-11-500x375.jpg 500w, https:\/\/apacame.org.br\/site\/wp-content\/uploads\/2016\/12\/Lionel_IMAGEM-11.jpg 886w\" sizes=\"(max-width: 300px) 100vw, 300px\" \/><\/a>\n\t\t\t<\/div>\n\t\t\t\t<figcaption class='wp-caption-text gallery-caption' id='gallery-1-1638'>\n\t\t\t\tArtes\u00e3 Francisca Lina (Membra da ACAP) em sua banca presenteando o casal Gon\u00e7alves com seus artesanatos com motivos ap\u00edcolas.\n\t\t\t\t<\/figcaption><\/figure>\n\t\t<\/div>\n\n","protected":false},"excerpt":{"rendered":"<p>Campanha de Prote\u00e7\u00e3o \u00e0s abelhas \u201cBee Or Not To Be\u201d ganha homenagem especial em evento realizado no IFRN de Currais Novos-RN Daiana da Silva Sombra1; Ricardo Gon\u00e7alves Santos1; Lionel Segui [&hellip;]<\/p>\n","protected":false},"author":1,"featured_media":0,"parent":1616,"menu_order":0,"comment_status":"open","ping_status":"open","template":"","meta":{"pmpro_default_level":"","_price":"","_stock":"","_tribe_ticket_header":"","_tribe_default_ticket_provider":"","_tribe_ticket_capacity":"0","_ticket_start_date":"","_ticket_end_date":"","_tribe_ticket_show_description":"","_tribe_ticket_show_not_going":false,"_tribe_ticket_use_global_stock":"","_tribe_ticket_global_stock_level":"","_global_stock_mode":"","_global_stock_cap":"","_tribe_rsvp_for_event":"","_tribe_ticket_going_count":"","_tribe_ticket_not_going_count":"","_tribe_tickets_list":"[]","_tribe_ticket_has_attendee_info_fields":false,"cybocfi_hide_featured_image":"","footnotes":""},"class_list":["post-1626","page","type-page","status-publish","hentry","pmpro-has-access"],"_links":{"self":[{"href":"https:\/\/apacame.org.br\/site\/wp-json\/wp\/v2\/pages\/1626"}],"collection":[{"href":"https:\/\/apacame.org.br\/site\/wp-json\/wp\/v2\/pages"}],"about":[{"href":"https:\/\/apacame.org.br\/site\/wp-json\/wp\/v2\/types\/page"}],"author":[{"embeddable":true,"href":"https:\/\/apacame.org.br\/site\/wp-json\/wp\/v2\/users\/1"}],"replies":[{"embeddable":true,"href":"https:\/\/apacame.org.br\/site\/wp-json\/wp\/v2\/comments?post=1626"}],"version-history":[{"count":2,"href":"https:\/\/apacame.org.br\/site\/wp-json\/wp\/v2\/pages\/1626\/revisions"}],"predecessor-version":[{"id":1641,"href":"https:\/\/apacame.org.br\/site\/wp-json\/wp\/v2\/pages\/1626\/revisions\/1641"}],"up":[{"embeddable":true,"href":"https:\/\/apacame.org.br\/site\/wp-json\/wp\/v2\/pages\/1616"}],"wp:attachment":[{"href":"https:\/\/apacame.org.br\/site\/wp-json\/wp\/v2\/media?parent=1626"}],"curies":[{"name":"wp","href":"https:\/\/api.w.org\/{rel}","templated":true}]}}