{"id":1579,"date":"2016-10-04T19:42:32","date_gmt":"2016-10-04T19:42:32","guid":{"rendered":"http:\/\/apacame.org.br\/site\/?page_id=1579"},"modified":"2016-10-04T19:42:32","modified_gmt":"2016-10-04T19:42:32","slug":"mercado","status":"publish","type":"page","link":"https:\/\/apacame.org.br\/site\/revista\/mensagem-doce-n-138-setembro-de-2016\/mercado\/","title":{"rendered":"Mercado"},"content":{"rendered":"<h1 style=\"text-align: center;\">EXPORTA\u00c7\u00c3O BRASILEIRA DE MEL NATURAL Compara\u00e7\u00e3o de abril 2015 a abril 2016<\/h1>\n<blockquote><p>Gustavo Cuba &#8211; icom@abemel.com.br &#8211; Fonte: ALIECEWEB.<\/p><\/blockquote>\n<p><span style=\"font-size: large;\">As exporta\u00e7\u00f5es de mel no m\u00eas de abril foram 17,43% superiores ao m\u00eas anterior, representando em valor uma diferen\u00e7a de US$ 1.496.470,00. Em volume, o aumento foi de 16,82% no total de toneladas exportadas frente ao m\u00eas anterior, uma diferen\u00e7a de 418.201 kg . <\/span><\/p>\n<p><span style=\"font-size: large;\">Considerando o per\u00edodo de janeiro a abril do ano anterior, observamos uma redu\u00e7\u00e3o de 7,29% sobre o total do valor exportado, representado em n\u00fameros por US$ 2.263.446,00. J\u00e1 em volume houve um aumento no total de toneladas exportadas de 5,75%, ou 454.880 Kg, considerando o mesmo per\u00edodo de 2016 frente ao ano anterior. Observa-se uma redu\u00e7\u00e3o de 12,47% no valor do pre\u00e7o m\u00e9dio exportado referente ao per\u00edodo de janeiro a abril de 2016, se comparado ao mesmo per\u00edodo do ano anterior.<\/span><\/p>\n<div id='gallery-1' class='gallery galleryid-1579 gallery-columns-2 gallery-size-medium'><figure class='gallery-item'>\n\t\t\t<div class='gallery-icon landscape'>\n\t\t\t\t<a href='https:\/\/apacame.org.br\/site\/wp-content\/uploads\/2016\/10\/Grafico_1.jpg'><img fetchpriority=\"high\" decoding=\"async\" width=\"300\" height=\"197\" src=\"https:\/\/apacame.org.br\/site\/wp-content\/uploads\/2016\/10\/Grafico_1-300x197.jpg\" class=\"attachment-medium size-medium\" alt=\"\" srcset=\"https:\/\/apacame.org.br\/site\/wp-content\/uploads\/2016\/10\/Grafico_1-300x197.jpg 300w, https:\/\/apacame.org.br\/site\/wp-content\/uploads\/2016\/10\/Grafico_1-150x99.jpg 150w, https:\/\/apacame.org.br\/site\/wp-content\/uploads\/2016\/10\/Grafico_1-500x329.jpg 500w, https:\/\/apacame.org.br\/site\/wp-content\/uploads\/2016\/10\/Grafico_1.jpg 748w\" sizes=\"(max-width: 300px) 100vw, 300px\" \/><\/a>\n\t\t\t<\/div><\/figure><figure class='gallery-item'>\n\t\t\t<div class='gallery-icon landscape'>\n\t\t\t\t<a href='https:\/\/apacame.org.br\/site\/wp-content\/uploads\/2016\/10\/Grafico_2.jpg'><img decoding=\"async\" width=\"300\" height=\"201\" src=\"https:\/\/apacame.org.br\/site\/wp-content\/uploads\/2016\/10\/Grafico_2-300x201.jpg\" class=\"attachment-medium size-medium\" alt=\"\" srcset=\"https:\/\/apacame.org.br\/site\/wp-content\/uploads\/2016\/10\/Grafico_2-300x201.jpg 300w, https:\/\/apacame.org.br\/site\/wp-content\/uploads\/2016\/10\/Grafico_2-150x101.jpg 150w, https:\/\/apacame.org.br\/site\/wp-content\/uploads\/2016\/10\/Grafico_2-500x336.jpg 500w, https:\/\/apacame.org.br\/site\/wp-content\/uploads\/2016\/10\/Grafico_2.jpg 748w\" sizes=\"(max-width: 300px) 100vw, 300px\" \/><\/a>\n\t\t\t<\/div><\/figure>\n\t\t<\/div>\n\n","protected":false},"excerpt":{"rendered":"<p>EXPORTA\u00c7\u00c3O BRASILEIRA DE MEL NATURAL Compara\u00e7\u00e3o de abril 2015 a abril 2016 Gustavo Cuba &#8211; icom@abemel.com.br &#8211; Fonte: ALIECEWEB. As exporta\u00e7\u00f5es de mel no m\u00eas de abril foram 17,43% superiores [&hellip;]<\/p>\n","protected":false},"author":1,"featured_media":0,"parent":1484,"menu_order":0,"comment_status":"open","ping_status":"open","template":"","meta":{"pmpro_default_level":"","_price":"","_stock":"","_tribe_ticket_header":"","_tribe_default_ticket_provider":"","_tribe_ticket_capacity":"0","_ticket_start_date":"","_ticket_end_date":"","_tribe_ticket_show_description":"","_tribe_ticket_show_not_going":false,"_tribe_ticket_use_global_stock":"","_tribe_ticket_global_stock_level":"","_global_stock_mode":"","_global_stock_cap":"","_tribe_rsvp_for_event":"","_tribe_ticket_going_count":"","_tribe_ticket_not_going_count":"","_tribe_tickets_list":"[]","_tribe_ticket_has_attendee_info_fields":false,"cybocfi_hide_featured_image":"","footnotes":""},"class_list":["post-1579","page","type-page","status-publish","hentry","pmpro-has-access"],"_links":{"self":[{"href":"https:\/\/apacame.org.br\/site\/wp-json\/wp\/v2\/pages\/1579"}],"collection":[{"href":"https:\/\/apacame.org.br\/site\/wp-json\/wp\/v2\/pages"}],"about":[{"href":"https:\/\/apacame.org.br\/site\/wp-json\/wp\/v2\/types\/page"}],"author":[{"embeddable":true,"href":"https:\/\/apacame.org.br\/site\/wp-json\/wp\/v2\/users\/1"}],"replies":[{"embeddable":true,"href":"https:\/\/apacame.org.br\/site\/wp-json\/wp\/v2\/comments?post=1579"}],"version-history":[{"count":1,"href":"https:\/\/apacame.org.br\/site\/wp-json\/wp\/v2\/pages\/1579\/revisions"}],"predecessor-version":[{"id":1582,"href":"https:\/\/apacame.org.br\/site\/wp-json\/wp\/v2\/pages\/1579\/revisions\/1582"}],"up":[{"embeddable":true,"href":"https:\/\/apacame.org.br\/site\/wp-json\/wp\/v2\/pages\/1484"}],"wp:attachment":[{"href":"https:\/\/apacame.org.br\/site\/wp-json\/wp\/v2\/media?parent=1579"}],"curies":[{"name":"wp","href":"https:\/\/api.w.org\/{rel}","templated":true}]}}