{"id":1574,"date":"2016-10-04T19:37:28","date_gmt":"2016-10-04T19:37:28","guid":{"rendered":"http:\/\/apacame.org.br\/site\/?page_id=1574"},"modified":"2016-10-04T19:37:28","modified_gmt":"2016-10-04T19:37:28","slug":"atividade-2","status":"publish","type":"page","link":"https:\/\/apacame.org.br\/site\/revista\/mensagem-doce-n-138-setembro-de-2016\/atividade-2\/","title":{"rendered":"Atividade"},"content":{"rendered":"<h1 style=\"text-align: center;\">REUNI\u00c3O DOS APICULTORES E MELIPONICULTORES.<br \/>\nAGOSTO DE 2016.<\/h1>\n<p><span style=\"font-size: large;\">Na nossa reuni\u00e3o de 03 de agosto de 2016, \u00e0s 18h00, no Audit\u00f3rio do Instituto de Pesca, localizado dentro do Parque Fernando Costa, Parque da \u00c1gua Branca, sito \u00e0 Av. Francisco Matarazzo, 455, Bairro da \u00c1gua Branca, S\u00e3o Paulo, Capital, Tel: 11 3864-9284, como acontece todas as primeiras quartas-feiras de cada m\u00eas, nos \u00faltimos 37 anos, tivemos a honra de receber a visita do Bi\u00f3logo Cristiano Menezes, graduado em Ci\u00eancias Biol\u00f3gicas (Licenciatura e Bacharelado) pela Universidade Federal de Uberl\u00e2ndia (2006). Possui Doutorado em Entomologia pela Universidade de S\u00e3o Paulo (FFCLRP-USP). Tem experi\u00eancia na \u00e1rea de biologia e manejo de abelhas, com \u00eanfase na multiplica\u00e7\u00e3o de col\u00f4nias de abelhas sem ferr\u00e3o. Atualmente atua como pesquisador na Embrapa Amaz\u00f4nia Oriental na \u00e1rea de meliponicultura, que proferiu uma Palestra sobre o tema:<\/span><\/p>\n<p><span style=\"font-size: large;\">\u201cAVAN\u00c7OS RECENTES NA MELIPONICULTURA\u201d<\/span><\/p>\n<p><span style=\"font-size: large;\">Foi uma oportunidade rara para nos atualizarmos com a meliponicultura, cuja atividade vem crescendo em todo o Brasil.<\/span><\/p>\n<p><span style=\"font-size: large;\">A APACAME quer parabenizar o Bi\u00f3logo Cristiano Menezes pela brilhante Palestra proferida que prendeu a aten\u00e7\u00e3o de todos os presentes ao evento.<\/span><\/p>\n<p><span style=\"font-size: large;\">Foi mais uma reuni\u00e3o memor\u00e1vel.<\/span><\/p>\n<div id='gallery-1' class='gallery galleryid-1574 gallery-columns-3 gallery-size-thumbnail'><figure class='gallery-item'>\n\t\t\t<div class='gallery-icon landscape'>\n\t\t\t\t<a href='https:\/\/apacame.org.br\/site\/wp-content\/uploads\/2016\/10\/Atividade_01.jpg'><img decoding=\"async\" width=\"150\" height=\"150\" src=\"https:\/\/apacame.org.br\/site\/wp-content\/uploads\/2016\/10\/Atividade_01-150x150.jpg\" class=\"attachment-thumbnail size-thumbnail\" alt=\"\" aria-describedby=\"gallery-1-1575\" srcset=\"https:\/\/apacame.org.br\/site\/wp-content\/uploads\/2016\/10\/Atividade_01-150x150.jpg 150w, https:\/\/apacame.org.br\/site\/wp-content\/uploads\/2016\/10\/Atividade_01-100x100.jpg 100w\" sizes=\"(max-width: 150px) 100vw, 150px\" \/><\/a>\n\t\t\t<\/div>\n\t\t\t\t<figcaption class='wp-caption-text gallery-caption' id='gallery-1-1575'>\n\t\t\t\tNa abertura dos trabalhos a mesa foi composta, da esquerda para a direita pelo Palestrante Cristiano Menenzes, Constantino Zara Filho, Radam\u00e9s Zovaro, Presidente e Diretor T\u00e9cnico da APACAME, respectivamente e Alcindo Alves, Presidente da FAAMESP.\n\t\t\t\t<\/figcaption><\/figure><figure class='gallery-item'>\n\t\t\t<div class='gallery-icon landscape'>\n\t\t\t\t<a href='https:\/\/apacame.org.br\/site\/wp-content\/uploads\/2016\/10\/Atividade_02.jpg'><img decoding=\"async\" width=\"150\" height=\"150\" src=\"https:\/\/apacame.org.br\/site\/wp-content\/uploads\/2016\/10\/Atividade_02-150x150.jpg\" class=\"attachment-thumbnail size-thumbnail\" alt=\"\" aria-describedby=\"gallery-1-1576\" srcset=\"https:\/\/apacame.org.br\/site\/wp-content\/uploads\/2016\/10\/Atividade_02-150x150.jpg 150w, https:\/\/apacame.org.br\/site\/wp-content\/uploads\/2016\/10\/Atividade_02-100x100.jpg 100w\" sizes=\"(max-width: 150px) 100vw, 150px\" \/><\/a>\n\t\t\t<\/div>\n\t\t\t\t<figcaption class='wp-caption-text gallery-caption' id='gallery-1-1576'>\n\t\t\t\tO audit\u00f3rio ficou totalmente tomado pelos participantes do evento, os quais, ao final, manifestaram a sua satisfa\u00e7\u00e3o com a palestra proferida.\n\t\t\t\t<\/figcaption><\/figure><figure class='gallery-item'>\n\t\t\t<div class='gallery-icon landscape'>\n\t\t\t\t<a href='https:\/\/apacame.org.br\/site\/wp-content\/uploads\/2016\/10\/Atividade_03.jpg'><img decoding=\"async\" width=\"150\" height=\"150\" src=\"https:\/\/apacame.org.br\/site\/wp-content\/uploads\/2016\/10\/Atividade_03-150x150.jpg\" class=\"attachment-thumbnail size-thumbnail\" alt=\"\" aria-describedby=\"gallery-1-1577\" srcset=\"https:\/\/apacame.org.br\/site\/wp-content\/uploads\/2016\/10\/Atividade_03-150x150.jpg 150w, https:\/\/apacame.org.br\/site\/wp-content\/uploads\/2016\/10\/Atividade_03-100x100.jpg 100w\" sizes=\"(max-width: 150px) 100vw, 150px\" \/><\/a>\n\t\t\t<\/div>\n\t\t\t\t<figcaption class='wp-caption-text gallery-caption' id='gallery-1-1577'>\n\t\t\t\tA palestra foi enriquecida com proje\u00e7\u00e3o de slides e o modo did\u00e1tico, somado a desenvoltura do palestrante Cristiano Menezes deram a din\u00e2mica que a todos agradou.\n\t\t\t\t<\/figcaption><\/figure>\n\t\t<\/div>\n\n","protected":false},"excerpt":{"rendered":"<p>REUNI\u00c3O DOS APICULTORES E MELIPONICULTORES. AGOSTO DE 2016. Na nossa reuni\u00e3o de 03 de agosto de 2016, \u00e0s 18h00, no Audit\u00f3rio do Instituto de Pesca, localizado dentro do Parque Fernando [&hellip;]<\/p>\n","protected":false},"author":1,"featured_media":0,"parent":1484,"menu_order":0,"comment_status":"open","ping_status":"open","template":"","meta":{"pmpro_default_level":"","_price":"","_stock":"","_tribe_ticket_header":"","_tribe_default_ticket_provider":"","_tribe_ticket_capacity":"0","_ticket_start_date":"","_ticket_end_date":"","_tribe_ticket_show_description":"","_tribe_ticket_show_not_going":false,"_tribe_ticket_use_global_stock":"","_tribe_ticket_global_stock_level":"","_global_stock_mode":"","_global_stock_cap":"","_tribe_rsvp_for_event":"","_tribe_ticket_going_count":"","_tribe_ticket_not_going_count":"","_tribe_tickets_list":"[]","_tribe_ticket_has_attendee_info_fields":false,"cybocfi_hide_featured_image":"","footnotes":""},"class_list":["post-1574","page","type-page","status-publish","hentry","pmpro-has-access"],"_links":{"self":[{"href":"https:\/\/apacame.org.br\/site\/wp-json\/wp\/v2\/pages\/1574"}],"collection":[{"href":"https:\/\/apacame.org.br\/site\/wp-json\/wp\/v2\/pages"}],"about":[{"href":"https:\/\/apacame.org.br\/site\/wp-json\/wp\/v2\/types\/page"}],"author":[{"embeddable":true,"href":"https:\/\/apacame.org.br\/site\/wp-json\/wp\/v2\/users\/1"}],"replies":[{"embeddable":true,"href":"https:\/\/apacame.org.br\/site\/wp-json\/wp\/v2\/comments?post=1574"}],"version-history":[{"count":2,"href":"https:\/\/apacame.org.br\/site\/wp-json\/wp\/v2\/pages\/1574\/revisions"}],"predecessor-version":[{"id":1583,"href":"https:\/\/apacame.org.br\/site\/wp-json\/wp\/v2\/pages\/1574\/revisions\/1583"}],"up":[{"embeddable":true,"href":"https:\/\/apacame.org.br\/site\/wp-json\/wp\/v2\/pages\/1484"}],"wp:attachment":[{"href":"https:\/\/apacame.org.br\/site\/wp-json\/wp\/v2\/media?parent=1574"}],"curies":[{"name":"wp","href":"https:\/\/api.w.org\/{rel}","templated":true}]}}