{"id":1570,"date":"2016-10-04T01:09:42","date_gmt":"2016-10-04T01:09:42","guid":{"rendered":"http:\/\/apacame.org.br\/site\/?page_id=1570"},"modified":"2016-10-04T01:09:42","modified_gmt":"2016-10-04T01:09:42","slug":"congresso","status":"publish","type":"page","link":"https:\/\/apacame.org.br\/site\/revista\/mensagem-doce-n-138-setembro-de-2016\/congresso\/","title":{"rendered":"Congresso"},"content":{"rendered":"<h1 style=\"text-align: center;\">I Congresso de Meliponicultura e Apicultura do Baixo Amazonas<br \/>\nde 04 a 07 de Outubro de 2016. Santar\u00e9m &#8211; PA<\/h1>\n<p><a href=\"https:\/\/apacame.org.br\/site\/wp-content\/uploads\/2016\/10\/CONGRESSO-FINAL-1.jpg\"><img decoding=\"async\" class=\"alignleft wp-image-1571\" src=\"https:\/\/apacame.org.br\/site\/wp-content\/uploads\/2016\/10\/CONGRESSO-FINAL-1-300x217.jpg\" alt=\"CONGRESSO\" width=\"249\" height=\"180\" srcset=\"https:\/\/apacame.org.br\/site\/wp-content\/uploads\/2016\/10\/CONGRESSO-FINAL-1-300x217.jpg 300w, https:\/\/apacame.org.br\/site\/wp-content\/uploads\/2016\/10\/CONGRESSO-FINAL-1-1024x741.jpg 1024w, https:\/\/apacame.org.br\/site\/wp-content\/uploads\/2016\/10\/CONGRESSO-FINAL-1-150x109.jpg 150w, https:\/\/apacame.org.br\/site\/wp-content\/uploads\/2016\/10\/CONGRESSO-FINAL-1-500x362.jpg 500w, https:\/\/apacame.org.br\/site\/wp-content\/uploads\/2016\/10\/CONGRESSO-FINAL-1.jpg 1670w\" sizes=\"(max-width: 249px) 100vw, 249px\" \/><\/a><span style=\"font-size: large;\">A Associa\u00e7\u00e3o dos Meliponicultores do Munic\u00edpio de Belterra- AMEMBEL t\u00eam a honra de convidar a todos para participar do I Congresso de Meliponicultura e Apicultura do Baixo Amazonas, a ser realizado no per\u00edodo entre 04 a 07 de outubro de 2016, na Universidade Federal do Oeste do Par\u00e1, Campus Tapaj\u00f3s, na cidade de Santar\u00e9m e visitas de campo em Belterra, no Estado do Par\u00e1.<\/span><\/p>\n<p><span style=\"font-size: large;\">O objetivo do evento \u00e9 promover o desenvolvimento sustent\u00e1vel da Cadeia Produtiva da Apicultura e Meliponicultura da Regi\u00e3o, atrav\u00e9s da divulga\u00e7\u00e3o de informa\u00e7\u00f5es, transfer\u00eancia de tecnologias, do interc\u00e2mbio de conhecimentos e da promo\u00e7\u00e3o de neg\u00f3cios, visando \u00e0 sustentabilidade e viabilidade.<\/span><\/p>\n","protected":false},"excerpt":{"rendered":"<p>I Congresso de Meliponicultura e Apicultura do Baixo Amazonas de 04 a 07 de Outubro de 2016. Santar\u00e9m &#8211; PA A Associa\u00e7\u00e3o dos Meliponicultores do Munic\u00edpio de Belterra- AMEMBEL t\u00eam [&hellip;]<\/p>\n","protected":false},"author":1,"featured_media":0,"parent":1484,"menu_order":0,"comment_status":"open","ping_status":"open","template":"","meta":{"pmpro_default_level":"","_price":"","_stock":"","_tribe_ticket_header":"","_tribe_default_ticket_provider":"","_tribe_ticket_capacity":"0","_ticket_start_date":"","_ticket_end_date":"","_tribe_ticket_show_description":"","_tribe_ticket_show_not_going":false,"_tribe_ticket_use_global_stock":"","_tribe_ticket_global_stock_level":"","_global_stock_mode":"","_global_stock_cap":"","_tribe_rsvp_for_event":"","_tribe_ticket_going_count":"","_tribe_ticket_not_going_count":"","_tribe_tickets_list":"[]","_tribe_ticket_has_attendee_info_fields":false,"cybocfi_hide_featured_image":"","footnotes":""},"class_list":["post-1570","page","type-page","status-publish","hentry","pmpro-has-access"],"_links":{"self":[{"href":"https:\/\/apacame.org.br\/site\/wp-json\/wp\/v2\/pages\/1570"}],"collection":[{"href":"https:\/\/apacame.org.br\/site\/wp-json\/wp\/v2\/pages"}],"about":[{"href":"https:\/\/apacame.org.br\/site\/wp-json\/wp\/v2\/types\/page"}],"author":[{"embeddable":true,"href":"https:\/\/apacame.org.br\/site\/wp-json\/wp\/v2\/users\/1"}],"replies":[{"embeddable":true,"href":"https:\/\/apacame.org.br\/site\/wp-json\/wp\/v2\/comments?post=1570"}],"version-history":[{"count":2,"href":"https:\/\/apacame.org.br\/site\/wp-json\/wp\/v2\/pages\/1570\/revisions"}],"predecessor-version":[{"id":1573,"href":"https:\/\/apacame.org.br\/site\/wp-json\/wp\/v2\/pages\/1570\/revisions\/1573"}],"up":[{"embeddable":true,"href":"https:\/\/apacame.org.br\/site\/wp-json\/wp\/v2\/pages\/1484"}],"wp:attachment":[{"href":"https:\/\/apacame.org.br\/site\/wp-json\/wp\/v2\/media?parent=1570"}],"curies":[{"name":"wp","href":"https:\/\/api.w.org\/{rel}","templated":true}]}}